{"id":11616,"date":"2018-09-15T07:10:42","date_gmt":"2018-09-15T05:10:42","guid":{"rendered":"https:\/\/www.topohvar.at\/?page_id=11616"},"modified":"2022-01-30T10:27:37","modified_gmt":"2022-01-30T09:27:37","slug":"su-is-04-1","status":"publish","type":"page","link":"https:\/\/www.topohvar.at\/topo\/orte\/su\/su-is-04-1\/","title":{"rendered":"SU\u0106URAJ &#8211; Spomen plo\u010da \u00bbAugustinaca samostan (biv\u0161i)\u00ab"},"content":{"rendered":"<p><a name=\"seite_oben\"><\/a><br \/>\n<strong><img loading=\"lazy\" decoding=\"async\" class=\"alignnone wp-image-20905 size-large\" src=\"https:\/\/www.topohvar.at\/wp-content\/uploads\/2019\/04\/su-is-04-11-1024x503.jpg\" alt=\"\" width=\"640\" height=\"314\" srcset=\"https:\/\/www.topohvar.at\/wp-content\/uploads\/2019\/04\/su-is-04-11-1024x503.jpg 1024w, https:\/\/www.topohvar.at\/wp-content\/uploads\/2019\/04\/su-is-04-11-300x147.jpg 300w, https:\/\/www.topohvar.at\/wp-content\/uploads\/2019\/04\/su-is-04-11-768x377.jpg 768w, https:\/\/www.topohvar.at\/wp-content\/uploads\/2019\/04\/su-is-04-11.jpg 1080w\" sizes=\"auto, (max-width: 640px) 100vw, 640px\" \/><\/strong><\/p>\n<p><strong>Ime \/ Name<br \/>\n<\/strong>Spomen plo\u010da \u00bbAugustinaca samostan (biv\u0161i)\u00ab \/ Gedenktafel an das ehemalige Augustinerkloster<\/p>\n<p><strong>Code: <\/strong>SU-IS-04\u00a0 \u00a0 \u00a0 \u00a0 \u00a0 \u00a0 \u00a0 \u00a0 \u00a0 \u00a0 \u00a0 \u00a0 \u00a0 \u00a0 \u00a0 <strong><a href=\"https:\/\/www.topohvar.at\/topo\/orte\/su\/su-ip-01-1\/\"><img loading=\"lazy\" decoding=\"async\" class=\"alignnone wp-image-12300 size-full\" src=\"https:\/\/www.topohvar.at\/wp-content\/uploads\/2018\/09\/push-vor-30.jpg\" alt=\"\" width=\"61\" height=\"30\" \/><\/a><\/strong> <strong><a href=\"https:\/\/www.topohvar.at\/orte\/su\/su-is-03-1\/\"><img loading=\"lazy\" decoding=\"async\" class=\"alignnone wp-image-533 size-full\" src=\"https:\/\/www.topohvar.at\/wp-content\/uploads\/2018\/07\/push-l-30.jpg\" alt=\"\" width=\"61\" height=\"30\" \/><\/a> <a href=\"https:\/\/www.topohvar.at\/orte\/su\/\"><img loading=\"lazy\" decoding=\"async\" class=\"alignnone wp-image-535 size-full\" src=\"https:\/\/www.topohvar.at\/wp-content\/uploads\/2018\/07\/push-o-30.jpg\" alt=\"\" width=\"61\" height=\"30\" \/><\/a> <a href=\"https:\/\/www.topohvar.at\/orte\/su\/su-is-10-1\/\"><img loading=\"lazy\" decoding=\"async\" class=\"alignnone wp-image-536 size-full\" src=\"https:\/\/www.topohvar.at\/wp-content\/uploads\/2018\/07\/push-r-30.jpg\" alt=\"\" width=\"61\" height=\"30\" \/><\/a><\/strong><\/p>\n<hr \/>\n<p><strong>Adresa \/ Adresse<br \/>\n<\/strong>Su\u0107uraj,\u00a0Ulica Sv. Jurja, Franjeva\u010dki samostan<\/p>\n<p><strong>Lokacija<\/strong><strong> \/ Position<a href=\"https:\/\/goo.gl\/maps\/zcvXiBeKXNJ1KcXq9\"><img loading=\"lazy\" decoding=\"async\" class=\"alignright wp-image-11661\" src=\"https:\/\/www.topohvar.at\/wp-content\/uploads\/2018\/09\/0763.jpg\" alt=\"\" width=\"133\" height=\"100\" \/><\/a><br \/>\n<\/strong><span style=\"color: #3366ff;\"><a style=\"color: #3366ff;\" href=\"https:\/\/goo.gl\/maps\/zcvXiBeKXNJ1KcXq9\">Latitude: N 43,12645\u00b0\u00a0 \u00a0Longitude: E 17,18772\u00b0<\/a><\/span> <strong><br \/>\n<\/strong>Visina \/ H\u00f6he: 7 m<\/p>\n<p><strong>Katastarska \u010destica <\/strong><strong>\/ Grundst\u00fccke<br \/>\n<\/strong>*148, *149, *150, 178, 182\/1\u00a0<div class='content-column one_half'><div style=\"padding-right:6px;\"><p><strong>Datum snimanja \/ Erfassungsdatum<br \/>\n<\/strong>26.05.2013 16:52:03<\/p>\n<hr \/>\n<p><strong>Informacije<\/strong><\/p>\n<p>Na zidu samostana nalazi se spomen-plo\u010da sa sljede\u0107im natpisom:<\/p><\/div><\/div><div class='content-column one_half last_column'><div style=\"padding-right:0px;padding-left:6px;\"><p><strong>Stupanj za\u0161tite<\/strong><strong> \/ Schutzstellung<br \/>\n<\/strong>&#8211;<\/p>\n<hr \/>\n<p><strong>Info<\/strong><\/p>\n<p>An der Klostermauer befindet sich die Gedenktafel mit folgender Inschrift:<\/p><\/div><\/div><div class='clear_column'><\/div><div class='content-column one_half'><div style=\"padding-right:6px;\"><p>OVAJ SAMOSTAN POTJE\u010cE IZ DEVETNOG STOLJE\u0106A.<br \/>\nDOGRADI\u0160E GA OCI PUSTINJACI SV. AUGUSTINA<br \/>\nU TRINAESTOM STOLJE\u0106U. ZAPALI\u0160E GA OMI\u0160KI<br \/>\nGUSARI 1280. I TURKI 1526, 1539, 1571, 1663. I 1664.<br \/>\nOVDJE JE BORAVILO NEKOLIKO MAKARSKIH<br \/>\nBISKUPA.\u00a0OD 1789. SAMOSTAN SLU\u017dI KAO \u017dUPNI<br \/>\nDVOR. OBNOVI\u0160E GA 1993. FRANJEVCI BOSNE<br \/>\nSREBRENE. ONI GODINE 2008. S PUKOM I<br \/>\nOP\u0106INOM SU\u0106URAJ POSTAVISE OVU PLO\u0106U.<\/p><\/div><\/div><div class='content-column one_half last_column'><div style=\"padding-right:0px;padding-left:6px;\"><p>Dieses Kloster stammt aus dem neunten Jahrhundert. Es wurde von den Einsiedlerv\u00e4tern des hl. Augustinus im dreizehnten Jahrhundert errichtet. In den Jahren 1280 wurde es von Piraten aus Omis und 1526, 1539, 1571, 1663 und 1664 von den T\u00fcrken in Brand gesteckt. Mehrere Bisch\u00f6fe von Makarska hielten sich hier auf. Seit 1789 dient das Kloster als Pfarrgericht. Es wurde 1993 von den Franziskanern von Bosnien Srebrena restauriert. 2008 errichteten sie diese Gedenktafel zusammen mit den Bewohnern und der Gemeinde Sucuraj.<\/p><\/div><\/div><div class='clear_column'><\/div><\/p>\n<p style=\"text-align: right;\"><span style=\"color: #3366ff;\"><a style=\"color: #3366ff;\" href=\"#seite_oben\">natrag na vrh \/ Seitenanfang<\/a><\/span><\/p>\n<hr \/>\n<p><strong>Linkovi \/ Links<\/strong><\/p>\n<p><span style=\"color: #3366ff;\"><a style=\"color: #3366ff;\" href=\"https:\/\/www.topohvar.at\/orte\/su\/su-ca-01-1\/\">Franjeva\u010dki samostan \/ Franziskanerkloster<\/a><br \/>\n<a style=\"color: #3366ff;\" href=\"https:\/\/www.topohvar.at\/orte\/su\/su-is-03-1\/\">Spomen plo\u010da \/ Gedenktafel \u00bbDon Dinko Vrankovi\u0107\u00ab<\/a><br \/>\n<a style=\"color: #3366ff;\" href=\"https:\/\/www.topohvar.at\/orte\/su\/su-in-01-1\/\">Natpis \u00bbNa nadvratnici vrata samostana\u00ab \/ Inschrift am Klosterportal<\/a><br \/>\n<\/span><\/p>\n","protected":false},"excerpt":{"rendered":"<p>Ime \/ Name Spomen plo\u010da \u00bbAugustinaca samostan (biv\u0161i)\u00ab \/ Gedenktafel an das ehemalige Augustinerkloster Code: SU-IS-04\u00a0 \u00a0 \u00a0 \u00a0 \u00a0 \u00a0 \u00a0 \u00a0 \u00a0 \u00a0 \u00a0 \u00a0 \u00a0 \u00a0 \u00a0 Adresa \/ Adresse Su\u0107uraj,\u00a0Ulica Sv. Jurja, Franjeva\u010dki samostan Lokacija \/ &hellip; <a href=\"https:\/\/www.topohvar.at\/topo\/orte\/su\/su-is-04-1\/\">Weiterlesen <span class=\"meta-nav\">&rarr;<\/span><\/a><\/p>\n","protected":false},"author":1,"featured_media":0,"parent":103,"menu_order":0,"comment_status":"closed","ping_status":"closed","template":"","meta":{"footnotes":""},"class_list":["post-11616","page","type-page","status-publish","hentry"],"_links":{"self":[{"href":"https:\/\/www.topohvar.at\/topo\/wp-json\/wp\/v2\/pages\/11616","targetHints":{"allow":["GET"]}}],"collection":[{"href":"https:\/\/www.topohvar.at\/topo\/wp-json\/wp\/v2\/pages"}],"about":[{"href":"https:\/\/www.topohvar.at\/topo\/wp-json\/wp\/v2\/types\/page"}],"author":[{"embeddable":true,"href":"https:\/\/www.topohvar.at\/topo\/wp-json\/wp\/v2\/users\/1"}],"replies":[{"embeddable":true,"href":"https:\/\/www.topohvar.at\/topo\/wp-json\/wp\/v2\/comments?post=11616"}],"version-history":[{"count":14,"href":"https:\/\/www.topohvar.at\/topo\/wp-json\/wp\/v2\/pages\/11616\/revisions"}],"predecessor-version":[{"id":56937,"href":"https:\/\/www.topohvar.at\/topo\/wp-json\/wp\/v2\/pages\/11616\/revisions\/56937"}],"up":[{"embeddable":true,"href":"https:\/\/www.topohvar.at\/topo\/wp-json\/wp\/v2\/pages\/103"}],"wp:attachment":[{"href":"https:\/\/www.topohvar.at\/topo\/wp-json\/wp\/v2\/media?parent=11616"}],"curies":[{"name":"wp","href":"https:\/\/api.w.org\/{rel}","templated":true}]}}