{"id":11636,"date":"2018-09-15T07:27:02","date_gmt":"2018-09-15T05:27:02","guid":{"rendered":"https:\/\/www.topohvar.at\/?page_id=11636"},"modified":"2021-12-03T14:05:48","modified_gmt":"2021-12-03T13:05:48","slug":"su-mo-05-1","status":"publish","type":"page","link":"https:\/\/www.topohvar.at\/topo\/orte\/su\/su-mo-05-1\/","title":{"rendered":"SU\u0106URAJ &#8211; Grafit \u00bbVeliki grafit na pumpureli\u00ab"},"content":{"rendered":"<p><a name=\"seite_oben\"><\/a><br \/>\n<strong><img loading=\"lazy\" decoding=\"async\" class=\"alignnone wp-image-20968 size-large\" src=\"https:\/\/www.topohvar.at\/wp-content\/uploads\/2019\/04\/su-mo-05-11-1024x503.jpg\" alt=\"\" width=\"640\" height=\"314\" srcset=\"https:\/\/www.topohvar.at\/wp-content\/uploads\/2019\/04\/su-mo-05-11-1024x503.jpg 1024w, https:\/\/www.topohvar.at\/wp-content\/uploads\/2019\/04\/su-mo-05-11-300x147.jpg 300w, https:\/\/www.topohvar.at\/wp-content\/uploads\/2019\/04\/su-mo-05-11-768x377.jpg 768w, https:\/\/www.topohvar.at\/wp-content\/uploads\/2019\/04\/su-mo-05-11.jpg 1080w\" sizes=\"auto, (max-width: 640px) 100vw, 640px\" \/><\/strong><\/p>\n<p><strong>Ime \/ Name<br \/>\n<\/strong>Grafit \u00bbVeliki grafit na pumpureli\u00ab \/ Gro\u00dfes Graffiti an der Mole<\/p>\n<p><strong>Code: <\/strong>SU-MO-05\u00a0 \u00a0 \u00a0 \u00a0 \u00a0 \u00a0 \u00a0 \u00a0 \u00a0 \u00a0 \u00a0 \u00a0 \u00a0 \u00a0 \u00a0 \u00a0<strong><a href=\"https:\/\/www.topohvar.at\/orte\/su\/su-mo-04-1\/\"><img loading=\"lazy\" decoding=\"async\" class=\"alignnone wp-image-533 size-full\" src=\"https:\/\/www.topohvar.at\/wp-content\/uploads\/2018\/07\/push-l-30.jpg\" alt=\"\" width=\"61\" height=\"30\" \/><\/a> <a href=\"https:\/\/www.topohvar.at\/orte\/su\/\"><img loading=\"lazy\" decoding=\"async\" class=\"alignnone wp-image-535 size-full\" src=\"https:\/\/www.topohvar.at\/wp-content\/uploads\/2018\/07\/push-o-30.jpg\" alt=\"\" width=\"61\" height=\"30\" \/><\/a> <a href=\"https:\/\/www.topohvar.at\/orte\/su\/su-mo-01-1\/\"><img loading=\"lazy\" decoding=\"async\" class=\"alignnone wp-image-536 size-full\" src=\"https:\/\/www.topohvar.at\/wp-content\/uploads\/2018\/07\/push-r-30.jpg\" alt=\"\" width=\"61\" height=\"30\" \/><\/a><\/strong><\/p>\n<hr \/>\n<p><strong>Adresa \/ Adresse<br \/>\n<\/strong>Su\u0107uraj,\u00a0Luka Su\u0107uraj, lukobran \/ Hafen Su\u0107uraj, Kaimauer<\/p>\n<p><strong>Lokacija \/ Position<a href=\"https:\/\/goo.gl\/maps\/ztLXEkczK2nU8yC66\"><img loading=\"lazy\" decoding=\"async\" class=\"alignright wp-image-11771\" src=\"https:\/\/www.topohvar.at\/wp-content\/uploads\/2018\/09\/0779.jpg\" alt=\"\" width=\"133\" height=\"100\" \/><\/a><br \/>\n<\/strong><span style=\"color: #3366ff;\"><a style=\"color: #3366ff;\" href=\"https:\/\/goo.gl\/maps\/ztLXEkczK2nU8yC66\">Latitude: N 43,12457\u00b0\u00a0 \u00a0Longitude: E 17,18900\u00b0<\/a> <\/span><strong><br \/>\n<\/strong>Visina \/ H\u00f6he: 1 m<\/p>\n<p><strong>Katastarska \u010destica <\/strong><strong>\/ Grundst\u00fccke<br \/>\n<\/strong>&#8211; <div class='content-column one_half'><div style=\"padding-right:6px;\"><p><strong>Datum snimanja \/ Erfassungsdatum<br \/>\n<\/strong>01.01.2000 00:00:00<\/p>\n<hr \/>\n<p><strong>Informacije<\/strong><\/p>\n<p>Veliki grafit na pumpureli<\/p>\n<p>U ljeto 2013., Stjepan Vo\u017eenilek Chipy, veliki zaljubljenik u grafite i Su\u0107uraj, nacrtao je grafit na betonskom zidu novijeg dijela pumpurele (lukobrana). Grafit je dug 45 metara, visok 2,2 metra, a prema autorovim rije\u010dima radi se o najdu\u017eem samostalnom grafitu u Dalmaciji. Tehnika u kojoj je grafit nacrtan je sprej (Montana Black i Montana Gold). Centralni dio grafita sadr\u017eava natpis SU\u0106URAJ, s lijeve strane nacrtan je grb mjesta (sv. Juraj na konju kako ubija zmaja), a s desne grb Mladosti, nogometnog kluba iz Su\u0107urja koji nastupa u Hvarskoj nogometnoj ligi.<\/p><\/div><\/div><div class='content-column one_half last_column'><div style=\"padding-right:0px;padding-left:6px;\"><p><strong>Stupanj za\u0161tite<\/strong><strong> \/ Schutzstellung<br \/>\n<\/strong>&#8211;<\/p>\n<hr \/>\n<p><strong>Info<\/strong><\/p>\n<p>Gro\u00dfes Graffiti auf der Kaimauer<\/p>\n<p>Im Sommer 2013 zeichnete Stjepan Vo\u017eenilek Chipy, ein gro\u00dfer Graffiti- und Su\u0107uraj-Fan, eine Graffiti auf die Betonwand der neueren Kaimauer. Das Graffiti ist 45 Meter lang, 2,2 Meter hoch und nach den Worten des Autors das l\u00e4ngste eigenst\u00e4ndige Graffiti in Dalmatien. Die Graffiti wurde mittels Spray (Montana Black und Montana Gold) gezeichnet. Der mittlere Teil des Graphits enth\u00e4lt die Inschrift SU\u0106URAJ, auf der linken Seite ist das Ortswappen (Heiliger Georg der den Drachen t\u00f6tet auf einem Pferd) und auf der rechten Seite das Wappen von Mladost, dem Fu\u00dfballverein aus Su\u0107uraj, der in der Hvarer Fu\u00dfballliga spielt, zu sehen.<\/p><\/div><\/div><div class='clear_column'><\/div><\/p>\n<p style=\"text-align: right;\"><span style=\"color: #3366ff;\"><a style=\"color: #3366ff;\" href=\"#seite_oben\">natrag na vrh \/ Seitenanfang<\/a><\/span><\/p>\n<hr \/>\n<p><strong>Linkovi \/ Links<\/strong><\/p>\n<p><span style=\"color: #3366ff;\"><a style=\"color: #3366ff;\" href=\"https:\/\/www.topohvar.at\/topo\/orte\/su\/su-pu-02-1\/\">Objekt \u00bbLuka Su\u0107uraj\u00ab \/ Hafen\u00a0Su\u0107uraj<\/a><\/span><\/p>\n","protected":false},"excerpt":{"rendered":"<p>Ime \/ Name Grafit \u00bbVeliki grafit na pumpureli\u00ab \/ Gro\u00dfes Graffiti an der Mole Code: SU-MO-05\u00a0 \u00a0 \u00a0 \u00a0 \u00a0 \u00a0 \u00a0 \u00a0 \u00a0 \u00a0 \u00a0 \u00a0 \u00a0 \u00a0 \u00a0 \u00a0 Adresa \/ Adresse Su\u0107uraj,\u00a0Luka Su\u0107uraj, lukobran \/ Hafen Su\u0107uraj, &hellip; <a href=\"https:\/\/www.topohvar.at\/topo\/orte\/su\/su-mo-05-1\/\">Weiterlesen <span class=\"meta-nav\">&rarr;<\/span><\/a><\/p>\n","protected":false},"author":1,"featured_media":0,"parent":103,"menu_order":0,"comment_status":"closed","ping_status":"closed","template":"","meta":{"footnotes":""},"class_list":["post-11636","page","type-page","status-publish","hentry"],"_links":{"self":[{"href":"https:\/\/www.topohvar.at\/topo\/wp-json\/wp\/v2\/pages\/11636","targetHints":{"allow":["GET"]}}],"collection":[{"href":"https:\/\/www.topohvar.at\/topo\/wp-json\/wp\/v2\/pages"}],"about":[{"href":"https:\/\/www.topohvar.at\/topo\/wp-json\/wp\/v2\/types\/page"}],"author":[{"embeddable":true,"href":"https:\/\/www.topohvar.at\/topo\/wp-json\/wp\/v2\/users\/1"}],"replies":[{"embeddable":true,"href":"https:\/\/www.topohvar.at\/topo\/wp-json\/wp\/v2\/comments?post=11636"}],"version-history":[{"count":8,"href":"https:\/\/www.topohvar.at\/topo\/wp-json\/wp\/v2\/pages\/11636\/revisions"}],"predecessor-version":[{"id":54474,"href":"https:\/\/www.topohvar.at\/topo\/wp-json\/wp\/v2\/pages\/11636\/revisions\/54474"}],"up":[{"embeddable":true,"href":"https:\/\/www.topohvar.at\/topo\/wp-json\/wp\/v2\/pages\/103"}],"wp:attachment":[{"href":"https:\/\/www.topohvar.at\/topo\/wp-json\/wp\/v2\/media?parent=11636"}],"curies":[{"name":"wp","href":"https:\/\/api.w.org\/{rel}","templated":true}]}}