{"id":11644,"date":"2018-09-15T07:33:29","date_gmt":"2018-09-15T05:33:29","guid":{"rendered":"https:\/\/www.topohvar.at\/?page_id=11644"},"modified":"2024-07-13T18:51:18","modified_gmt":"2024-07-13T16:51:18","slug":"su-og-02-1","status":"publish","type":"page","link":"https:\/\/www.topohvar.at\/topo\/orte\/su\/su-og-02-1\/","title":{"rendered":"SU\u0106URAJ &#8211; Objekt \u00bbNovo groblje\u00ab"},"content":{"rendered":"<p><a name=\"seite_oben\"><\/a><strong><img loading=\"lazy\" decoding=\"async\" class=\"alignnone wp-image-20986 size-large\" src=\"https:\/\/www.topohvar.at\/wp-content\/uploads\/2019\/04\/su-og-02-11-1024x503.jpg\" alt=\"\" width=\"640\" height=\"314\" srcset=\"https:\/\/www.topohvar.at\/wp-content\/uploads\/2019\/04\/su-og-02-11-1024x503.jpg 1024w, https:\/\/www.topohvar.at\/wp-content\/uploads\/2019\/04\/su-og-02-11-300x147.jpg 300w, https:\/\/www.topohvar.at\/wp-content\/uploads\/2019\/04\/su-og-02-11-768x377.jpg 768w, https:\/\/www.topohvar.at\/wp-content\/uploads\/2019\/04\/su-og-02-11.jpg 1080w\" sizes=\"auto, (max-width: 640px) 100vw, 640px\" \/><\/strong><\/p>\n<p><strong>Ime \/ Name<br \/>\n<\/strong>Objekt \u00bbNovo groblje\u00ab \/ Neuer Friedhof<\/p>\n<p><strong>Code: <\/strong>SU-OG-02\u00a0 \u00a0 \u00a0 \u00a0 \u00a0 \u00a0 \u00a0 \u00a0 \u00a0 \u00a0 \u00a0 \u00a0 \u00a0 \u00a0 \u00a0 \u00a0<strong><a href=\"https:\/\/www.topohvar.at\/orte\/su\/su-ov-01-1\/\"><img loading=\"lazy\" decoding=\"async\" class=\"alignnone wp-image-12300 size-full\" src=\"https:\/\/www.topohvar.at\/wp-content\/uploads\/2018\/09\/push-vor-30.jpg\" alt=\"\" width=\"61\" height=\"30\" \/><\/a>\u00a0<a href=\"https:\/\/www.topohvar.at\/orte\/su\/su-og-01-1\/\"><img loading=\"lazy\" decoding=\"async\" class=\"alignnone wp-image-533 size-full\" src=\"https:\/\/www.topohvar.at\/wp-content\/uploads\/2018\/07\/push-l-30.jpg\" alt=\"\" width=\"61\" height=\"30\" \/><\/a> <a href=\"https:\/\/www.topohvar.at\/orte\/su\/\"><img loading=\"lazy\" decoding=\"async\" class=\"alignnone wp-image-535 size-full\" src=\"https:\/\/www.topohvar.at\/wp-content\/uploads\/2018\/07\/push-o-30.jpg\" alt=\"\" width=\"61\" height=\"30\" \/><\/a> <a href=\"https:\/\/www.topohvar.at\/orte\/su\/su-og-03-1\/\"><img loading=\"lazy\" decoding=\"async\" class=\"alignnone wp-image-536 size-full\" src=\"https:\/\/www.topohvar.at\/wp-content\/uploads\/2018\/07\/push-r-30.jpg\" alt=\"\" width=\"61\" height=\"30\" \/><\/a> <a href=\"https:\/\/www.topohvar.at\/orte\/su\/su-ob-01-1\/\"><img loading=\"lazy\" decoding=\"async\" class=\"alignnone wp-image-12299 size-full\" src=\"https:\/\/www.topohvar.at\/wp-content\/uploads\/2018\/09\/push-next-30.jpg\" alt=\"\" width=\"61\" height=\"30\" \/><\/a><\/strong><\/p>\n<hr \/>\n<p><strong>Adresa \/ Adresse<br \/>\n<\/strong>Su\u0107uraj,\u00a0Put Lu\u010dice<\/p>\n<p><strong>Lokacija \/ Position<a href=\"https:\/\/goo.gl\/maps\/oNKUDDdXAEvUXydw5\"><img loading=\"lazy\" decoding=\"async\" class=\"alignright wp-image-11704\" src=\"https:\/\/www.topohvar.at\/wp-content\/uploads\/2018\/09\/0766.jpg\" alt=\"\" width=\"134\" height=\"100\" \/><\/a><br \/>\n<\/strong><span style=\"color: #3366ff;\"><a style=\"color: #3366ff;\" href=\"https:\/\/goo.gl\/maps\/oNKUDDdXAEvUXydw5\">Latitude: N 43,12526\u00b0\u00a0 \u00a0Longitude: E 17,19359\u00b0 <\/a><\/span><strong><br \/>\n<\/strong>Visina \/ H\u00f6he: 8 m<\/p>\n<p><strong>Katastarska \u010destica <\/strong><strong>\/ Grundst\u00fccke<br \/>\n<\/strong>336\/6, 336\/23 <div class='content-column one_half'><div style=\"padding-right:6px;\"><p><strong>Datum snimanja \/ Erfassungsdatum<br \/>\n<\/strong>01.01.2000 00:00:00<\/p>\n<hr \/>\n<p><strong>Informacije<\/strong><\/p>\n<p>Glavno groblje (novo)<\/p>\n<p>U Su\u0107urju se nalaze dva groblja &#8211; novo i staro. Glavno groblje (novo) nalazi se na putu prema punti, izme\u0111u mjesta i svjetionika. Sagra\u0111eno je 1923. godine, a pro\u0161ireno u 70-im i 80-im godinama 20-og stolje\u0107a.<\/p><\/div><\/div><div class='content-column one_half last_column'><div style=\"padding-right:0px;padding-left:6px;\"><p><strong>Stupanj za\u0161tite<\/strong><strong> \/ Schutzstellung<br \/>\n<\/strong>&#8211;<\/p>\n<hr \/>\n<p><strong>Info<\/strong><\/p>\n<p>Hauptfriedhof (der neue Friedhof)<\/p>\n<p>Es gibt zwei Friedh\u00f6fe in Su\u0107uraj &#8211; einen neuen und einen alten. Der neue Hauptfriedhof befindet sich am Weg zwischen dem Ort und dem Leuchtturm. Er wurde 1923 erbaut und in den 70er und 80er Jahren des 20. Jahrhunderts erweitert.<\/p><\/div><\/div><div class='clear_column'><\/div><\/p>\n<p><img loading=\"lazy\" decoding=\"async\" class=\"aligncenter size-full wp-image-60887\" src=\"https:\/\/www.topohvar.at\/wp-content\/uploads\/2022\/10\/su-og-02-11.jpg\" alt=\"\" width=\"640\" height=\"315\" srcset=\"https:\/\/www.topohvar.at\/wp-content\/uploads\/2022\/10\/su-og-02-11.jpg 640w, https:\/\/www.topohvar.at\/wp-content\/uploads\/2022\/10\/su-og-02-11-300x148.jpg 300w\" sizes=\"auto, (max-width: 640px) 100vw, 640px\" \/><\/p>\n<p style=\"text-align: right;\"><span style=\"color: #3366ff;\"><a style=\"color: #3366ff;\" href=\"#seite_oben\">natrag na vrh \/ Seitenanfang<\/a><\/span><\/p>\n<hr \/>\n<p><strong>Linkovi \/ Links<\/strong><\/p>\n<p><span style=\"color: #3366ff;\"><a style=\"color: #3366ff;\" href=\"https:\/\/www.topohvar.at\/orte\/su\/su-ck-02-1\/\">Crkvica \u00bbNa novom groblju\u00ab \/Kapelle am neuen Friedhof<\/a><\/span><\/p>\n","protected":false},"excerpt":{"rendered":"<p>Ime \/ Name Objekt \u00bbNovo groblje\u00ab \/ Neuer Friedhof Code: SU-OG-02\u00a0 \u00a0 \u00a0 \u00a0 \u00a0 \u00a0 \u00a0 \u00a0 \u00a0 \u00a0 \u00a0 \u00a0 \u00a0 \u00a0 \u00a0 \u00a0\u00a0 Adresa \/ Adresse Su\u0107uraj,\u00a0Put Lu\u010dice Lokacija \/ Position Latitude: N 43,12526\u00b0\u00a0 \u00a0Longitude: E 17,19359\u00b0 &hellip; <a href=\"https:\/\/www.topohvar.at\/topo\/orte\/su\/su-og-02-1\/\">Weiterlesen <span class=\"meta-nav\">&rarr;<\/span><\/a><\/p>\n","protected":false},"author":1,"featured_media":0,"parent":103,"menu_order":0,"comment_status":"closed","ping_status":"closed","template":"","meta":{"footnotes":""},"class_list":["post-11644","page","type-page","status-publish","hentry"],"_links":{"self":[{"href":"https:\/\/www.topohvar.at\/topo\/wp-json\/wp\/v2\/pages\/11644","targetHints":{"allow":["GET"]}}],"collection":[{"href":"https:\/\/www.topohvar.at\/topo\/wp-json\/wp\/v2\/pages"}],"about":[{"href":"https:\/\/www.topohvar.at\/topo\/wp-json\/wp\/v2\/types\/page"}],"author":[{"embeddable":true,"href":"https:\/\/www.topohvar.at\/topo\/wp-json\/wp\/v2\/users\/1"}],"replies":[{"embeddable":true,"href":"https:\/\/www.topohvar.at\/topo\/wp-json\/wp\/v2\/comments?post=11644"}],"version-history":[{"count":15,"href":"https:\/\/www.topohvar.at\/topo\/wp-json\/wp\/v2\/pages\/11644\/revisions"}],"predecessor-version":[{"id":69177,"href":"https:\/\/www.topohvar.at\/topo\/wp-json\/wp\/v2\/pages\/11644\/revisions\/69177"}],"up":[{"embeddable":true,"href":"https:\/\/www.topohvar.at\/topo\/wp-json\/wp\/v2\/pages\/103"}],"wp:attachment":[{"href":"https:\/\/www.topohvar.at\/topo\/wp-json\/wp\/v2\/media?parent=11644"}],"curies":[{"name":"wp","href":"https:\/\/api.w.org\/{rel}","templated":true}]}}