{"id":11646,"date":"2018-09-15T07:34:59","date_gmt":"2018-09-15T05:34:59","guid":{"rendered":"https:\/\/www.topohvar.at\/?page_id=11646"},"modified":"2021-12-03T14:27:05","modified_gmt":"2021-12-03T13:27:05","slug":"su-po-01-1","status":"publish","type":"page","link":"https:\/\/www.topohvar.at\/topo\/orte\/su\/su-po-01-1\/","title":{"rendered":"SU\u0106URAJ &#8211; Anti\u010dko nazali\u0161te \u00bbOstatke rimske cisterne\u00ab"},"content":{"rendered":"<p><a name=\"seite_oben\"><\/a><br \/>\n<strong><img loading=\"lazy\" decoding=\"async\" class=\"alignnone wp-image-11549 size-large\" src=\"https:\/\/www.topohvar.at\/wp-content\/uploads\/2018\/09\/su-po-01-0-1024x503.jpg\" alt=\"\" width=\"640\" height=\"314\" srcset=\"https:\/\/www.topohvar.at\/wp-content\/uploads\/2018\/09\/su-po-01-0-1024x503.jpg 1024w, https:\/\/www.topohvar.at\/wp-content\/uploads\/2018\/09\/su-po-01-0-300x147.jpg 300w, https:\/\/www.topohvar.at\/wp-content\/uploads\/2018\/09\/su-po-01-0-768x377.jpg 768w, https:\/\/www.topohvar.at\/wp-content\/uploads\/2018\/09\/su-po-01-0.jpg 1080w\" sizes=\"auto, (max-width: 640px) 100vw, 640px\" \/><\/strong><\/p>\n<p><strong>Ime \/ Name<br \/>\n<\/strong>Anti\u010dko nazali\u0161te \u00bbOstatke rimske cisterne\u00ab Antike St\u00e4tte <em>Reste einer r\u00f6mischen Zisterne<\/em><\/p>\n<p><strong>Code: <\/strong>SU-PO-01\u00a0 \u00a0 \u00a0 \u00a0 \u00a0 \u00a0 \u00a0 \u00a0 \u00a0 \u00a0 \u00a0 \u00a0 \u00a0 \u00a0 \u00a0 \u00a0<strong><a href=\"https:\/\/www.topohvar.at\/orte\/su\/su-pv-03-1\/\"><img loading=\"lazy\" decoding=\"async\" class=\"alignnone wp-image-533 size-full\" src=\"https:\/\/www.topohvar.at\/wp-content\/uploads\/2018\/07\/push-l-30.jpg\" alt=\"\" width=\"61\" height=\"30\" \/><\/a> <a href=\"https:\/\/www.topohvar.at\/orte\/su\/\"><img loading=\"lazy\" decoding=\"async\" class=\"alignnone wp-image-535 size-full\" src=\"https:\/\/www.topohvar.at\/wp-content\/uploads\/2018\/07\/push-o-30.jpg\" alt=\"\" width=\"61\" height=\"30\" \/><\/a> <a href=\"https:\/\/www.topohvar.at\/orte\/su\/su-po-03-1\/\"><img loading=\"lazy\" decoding=\"async\" class=\"alignnone wp-image-536 size-full\" src=\"https:\/\/www.topohvar.at\/wp-content\/uploads\/2018\/07\/push-r-30.jpg\" alt=\"\" width=\"61\" height=\"30\" \/><\/a><\/strong><\/p>\n<hr \/>\n<p><strong>Adresa \/ Adresse<br \/>\n<\/strong>Su\u0107uraj,\u00a0Brigove, (Ma\u010dini bad) kod \/ bei <em>Mlaska<\/em>.<\/p>\n<p><strong>Lokacija<\/strong><strong> \/ Position<a href=\"https:\/\/goo.gl\/maps\/wekqvtxB6tkvrDHK8\"><img loading=\"lazy\" decoding=\"async\" class=\"alignright wp-image-11820\" src=\"https:\/\/www.topohvar.at\/wp-content\/uploads\/2018\/09\/1419.jpg\" alt=\"\" width=\"134\" height=\"100\" \/><\/a><br \/>\n<\/strong><span style=\"color: #3366ff;\"><a style=\"color: #3366ff;\" href=\"https:\/\/goo.gl\/maps\/wekqvtxB6tkvrDHK8\">Latitude: N 43,13653\u00b0\u00a0 \u00a0Longitude: E 17,14712\u00b0<\/a> <\/span><strong><br \/>\n<\/strong>Visina \/ H\u00f6he: 30 m<\/p>\n<p><strong>Katastarska \u010destica <\/strong><strong>\/ Grundst\u00fccke<br \/>\n<\/strong>1135\/2\u00a0<div class='content-column one_half'><div style=\"padding-right:6px;\"><p><strong>Datum snimanja \/ Erfassungsdatum<br \/>\n<\/strong>01.01.2000 00:00:00<\/p>\n<hr \/>\n<p><strong>Informacije<\/strong><\/p>\n<p>Smje\u0161ten je na zapadnom rubu manjeg polja. Na tom mjestu je po\u010detkom pedesetih godina Nikola Ani\u0107 otkrio ostatke rimske cisterne, a 1967. godine zajedno s N . Dubokovi\u0107em i I. Marovi\u0107em dva rimska zida (villa rustica?).<\/p><\/div><\/div><div class='content-column one_half last_column'><div style=\"padding-right:0px;padding-left:6px;\"><p><strong>Stupanj za\u0161tite<\/strong><strong> \/ Schutzstellung<br \/>\n<\/strong>&#8211;<\/p>\n<hr \/>\n<p><strong>Info<\/strong><\/p>\n<p>Am westlichen Rand eines kleinen Feldes entdeckte Nikola Ani\u0107 im Jahr 1950 die \u00dcberreste einer r\u00f6mischen Zisterne und im Jahr 1967 zusammen mit N. Dubokovi\u0107 und I. Marovic zwei r\u00f6mische Mauern (villa rustica?).<\/p><\/div><\/div><div class='clear_column'><\/div><\/p>\n<p style=\"text-align: center;\"><em>(Izvor \/ Quelle: Nik\u0161a Vujnovi\u0107)<\/em><\/p>\n<p style=\"text-align: right;\"><span style=\"color: #3366ff;\"><a style=\"color: #3366ff;\" href=\"#seite_oben\">natrag na vrh \/ Seitenanfang<\/a><\/span><\/p>\n<hr \/>\n<p><strong>Linkovi \/ Links<\/strong><\/p>\n<p>&#8211;<\/p>\n","protected":false},"excerpt":{"rendered":"<p>Ime \/ Name Anti\u010dko nazali\u0161te \u00bbOstatke rimske cisterne\u00ab Antike St\u00e4tte Reste einer r\u00f6mischen Zisterne Code: SU-PO-01\u00a0 \u00a0 \u00a0 \u00a0 \u00a0 \u00a0 \u00a0 \u00a0 \u00a0 \u00a0 \u00a0 \u00a0 \u00a0 \u00a0 \u00a0 \u00a0 Adresa \/ Adresse Su\u0107uraj,\u00a0Brigove, (Ma\u010dini bad) kod \/ bei &hellip; <a href=\"https:\/\/www.topohvar.at\/topo\/orte\/su\/su-po-01-1\/\">Weiterlesen <span class=\"meta-nav\">&rarr;<\/span><\/a><\/p>\n","protected":false},"author":1,"featured_media":0,"parent":103,"menu_order":0,"comment_status":"closed","ping_status":"closed","template":"","meta":{"footnotes":""},"class_list":["post-11646","page","type-page","status-publish","hentry"],"_links":{"self":[{"href":"https:\/\/www.topohvar.at\/topo\/wp-json\/wp\/v2\/pages\/11646","targetHints":{"allow":["GET"]}}],"collection":[{"href":"https:\/\/www.topohvar.at\/topo\/wp-json\/wp\/v2\/pages"}],"about":[{"href":"https:\/\/www.topohvar.at\/topo\/wp-json\/wp\/v2\/types\/page"}],"author":[{"embeddable":true,"href":"https:\/\/www.topohvar.at\/topo\/wp-json\/wp\/v2\/users\/1"}],"replies":[{"embeddable":true,"href":"https:\/\/www.topohvar.at\/topo\/wp-json\/wp\/v2\/comments?post=11646"}],"version-history":[{"count":9,"href":"https:\/\/www.topohvar.at\/topo\/wp-json\/wp\/v2\/pages\/11646\/revisions"}],"predecessor-version":[{"id":54503,"href":"https:\/\/www.topohvar.at\/topo\/wp-json\/wp\/v2\/pages\/11646\/revisions\/54503"}],"up":[{"embeddable":true,"href":"https:\/\/www.topohvar.at\/topo\/wp-json\/wp\/v2\/pages\/103"}],"wp:attachment":[{"href":"https:\/\/www.topohvar.at\/topo\/wp-json\/wp\/v2\/media?parent=11646"}],"curies":[{"name":"wp","href":"https:\/\/api.w.org\/{rel}","templated":true}]}}