{"id":11652,"date":"2018-09-15T07:40:39","date_gmt":"2018-09-15T05:40:39","guid":{"rendered":"https:\/\/www.topohvar.at\/?page_id=11652"},"modified":"2022-02-08T12:24:04","modified_gmt":"2022-02-08T11:24:04","slug":"bo-pv-01-1","status":"publish","type":"page","link":"https:\/\/www.topohvar.at\/topo\/orte\/bo\/bo-pv-01-1\/","title":{"rendered":"BOGOMOLJE &#8211; Podvodna nalazi\u0161te \u00bbAmeri\u010dki avion B-24 Liberator iz II. sv. rata\u00ab"},"content":{"rendered":"<p><a name=\"seite_oben\"><\/a><br \/>\n<strong><img loading=\"lazy\" decoding=\"async\" class=\"aligncenter size-full wp-image-31649\" src=\"https:\/\/www.topohvar.at\/wp-content\/uploads\/2020\/02\/su-pv-01-2.jpg\" alt=\"\" width=\"640\" height=\"315\" srcset=\"https:\/\/www.topohvar.at\/wp-content\/uploads\/2020\/02\/su-pv-01-2.jpg 640w, https:\/\/www.topohvar.at\/wp-content\/uploads\/2020\/02\/su-pv-01-2-300x148.jpg 300w\" sizes=\"auto, (max-width: 640px) 100vw, 640px\" \/><\/strong><\/p>\n<p><strong>Ime \/ Name<br \/>\n<\/strong>Podvodna nalazi\u0161te \u00bbAmeri\u010dki avion B-24 Liberator iz II. sv. rata\u00ab \/ versunkener Bomber B-24 Liberator aus dem II. Weltkrieg<\/p>\n<p><strong>Code: <\/strong>BO-PV-01\u00a0 \u00a0 \u00a0 \u00a0 \u00a0 \u00a0 \u00a0 \u00a0 \u00a0 \u00a0 \u00a0 \u00a0 \u00a0 \u00a0 \u00a0 \u00a0<strong><a href=\"https:\/\/www.topohvar.at\/orte\/bo\/bo-pg-00-1\/\"><img loading=\"lazy\" decoding=\"async\" class=\"alignnone wp-image-533 size-full\" src=\"https:\/\/www.topohvar.at\/wp-content\/uploads\/2018\/07\/push-l-30.jpg\" alt=\"\" width=\"61\" height=\"30\" \/><\/a> <a href=\"https:\/\/www.topohvar.at\/orte\/bo\/\"><img loading=\"lazy\" decoding=\"async\" class=\"alignnone wp-image-535 size-full\" src=\"https:\/\/www.topohvar.at\/wp-content\/uploads\/2018\/07\/push-o-30.jpg\" alt=\"\" width=\"61\" height=\"30\" \/><\/a> <\/strong><\/p>\n<hr \/>\n<p><strong>Adresa \/ Adresse<br \/>\n<\/strong>Bogomolje<\/p>\n<p><strong>Lokacija<\/strong><strong> \/ Position<a href=\"https:\/\/goo.gl\/maps\/iHMXsNo2QTiyfguD9\"><img loading=\"lazy\" decoding=\"async\" class=\"alignright wp-image-33514\" src=\"https:\/\/www.topohvar.at\/wp-content\/uploads\/2020\/03\/2127.jpg\" alt=\"\" width=\"134\" height=\"100\" \/><\/a><br \/>\n<\/strong><a href=\"https:\/\/goo.gl\/maps\/iHMXsNo2QTiyfguD9\"><span style=\"color: #3366ff;\">Latitude: N 43,10727\u00b0\u00a0 \u00a0Longitude: E 16,99447\u00b0 <\/span><\/a><strong><br \/>\n<\/strong>Visina \/ H\u00f6he: -45 m<\/p>\n<p><strong>Katastarska \u010destica<\/strong><strong> \/ Grundst\u00fccke<br \/>\n<\/strong>more <div class='content-column one_half'><div style=\"padding-right:6px;\"><p><strong>Datum snimanja \/ Erfassungsdatum<br \/>\n<\/strong>20.03.2019 16:50:00<\/p>\n<hr \/>\n<p><strong>Informacije<\/strong><\/p>\n<p>Ostatci potonulog ameri\u010dkog aviona B-24 Liberator iz Drugoga svjetskog rata, koji se nalaze se u kanalu izme\u0111u Hvara i Pelje\u0161ca.<\/p>\n<p>Ostatci potonulog ameri\u010dkog aviona B-24 Liberator iz Drugoga svjetskog rata nalaze se 3(?) nauti\u010dke milje zapadno od Su\u0107urja, izme\u0111u otoka Hvara i Pelje\u0161ca. Ostatke su otkrili ronioci PIK Mornar iz Splita. Ustanovljeno je da se radi o ameri\u010dkom bombarderu, tipa B-24 Liberator slijede\u0107ih karakteristika: Du\u017eina 20.5 m, raspon krila 33.5. m, te\u017eina 25.5 tona, s 4 motora Whittney &amp; Pratt. Prema dostupnim podacima vjerojatno se radi o aparatu broj 4-251874 USAAF-a- Avion se pri udaru u morsku povr\u0161inu raspao na dva dijela i njegovi ostaci nalaze se na dubini od cca 45 metara. Predmetni avion jedan je od rijetkih do sada prona\u0111enih ostataka zrakoplova iz Drugoga svjetskog rata na podru\u010dju Jadrana.<\/p><\/div><\/div><div class='content-column one_half last_column'><div style=\"padding-right:0px;padding-left:6px;\"><p><strong>Stupanj za\u0161tite<\/strong><strong> \/ Schutzstellung<br \/>\n<\/strong>Z-6527<\/p>\n<hr \/>\n<p><strong>Info<\/strong><\/p>\n<p>\u00dcberreste eines versunkenen amerikanischen Flugzeuges B-24 Liberator aus dem Zweiten Weltkrieg im Kanal zwischen Hvar und Peljesac.<\/p>\n<p>Die \u00dcberreste des Flugzeugs liegen 3(?) Meilen westlich von Su\u0107uraj und wurden von Tauchern des PIK Mornar aus Split gefunden. Es wurde ein US-Bomber des Typs B-24 Liberator mit folgenden Eigenschaften gefunden: L\u00e4nge 20,5 m, Spannweite 33,5. m, Gewicht von 25,5 Tonnen, mit vier Motoren von Pratt &amp; Whittney. Nach den vorliegenden Daten hat er die Seriennummer 4-251874 der US-Airforce und liegt, beim Aufprall in zwei Teile zerbrochen, etwa 45 Meter unter der Meeresoberfl\u00e4che. Das Objekt ist eines der wenigen bisher in der Adria gefundenen \u00dcberreste eines Flugzeugs aus dem Zweiten Weltkrieg.<\/p><\/div><\/div><div class='clear_column'><\/div><div class='content-column one_third'><div style=\"padding-right:6px;\"><p>\u201eLe Petite Fleur&#8220; je B-24 bombarder ameri\u010dkog ratnog zrakoplovstva iz 2. svjetskog rata.<br \/>\nPoru\u010dnik Eddie Doherty \u010det letio svaki dan sa svojom posadom iz njegova talijanskog bazne bombardiranja protiv njema\u010dkih, austrijskih i ma\u0111arskih gradova.<\/p><\/div><\/div><div class='content-column one_third'><div style=\"padding-right:6px;\"><p><img loading=\"lazy\" decoding=\"async\" class=\"aligncenter size-full wp-image-31650\" src=\"https:\/\/www.topohvar.at\/wp-content\/uploads\/2020\/02\/su-pv-01-7.jpg\" alt=\"\" width=\"200\" height=\"142\" \/><\/p><\/div><\/div><div class='content-column one_third last_column'><div style=\"padding-right:0px;padding-left:6px;\"><p>\u201eLe Petite Fleur\u201d ist ein B-24 Bomber der amerikanischen Luftstreitkr\u00e4fte aus dem 2. Weltkrieg. Leutnant Eddie Doherty flog t\u00e4glich mit seiner Besatzung von der italienischen Basis Luftangriffe gegen deutsche, \u00f6sterreichische und ungarische St\u00e4dte.<\/p><\/div><\/div><div class='clear_column'><\/div><\/p>\n<div class='content-column one_half'><div style=\"padding-right:6px;\"><p>Dana 20. studenog 1944., B-24 bombarder tijekom zra\u010dnog napada na Blechhammer u Njema\u010dkoj, tako je te\u0161ko o\u0161te\u0107en da je poru\u010dnik Eddie Doherty je bio prisiljen sletjeti na vodu u blizini otoka Hvara ne. Cijela posada pre\u017eivjela pad.<\/p><\/div><\/div><div class='content-column one_half last_column'><div style=\"padding-right:0px;padding-left:6px;\"><p>Am 20.November 1944 wurde der B-24 Bomber bei einem Luftangriff auf Blechhammer in Deutschland so schwer besch\u00e4digt das Lt. Eddie Doherty gezwungen war in der N\u00e4he der Insel Hvar notzuwassern. Die gesamte Crew \u00fcberlebte den Absturz.<\/p><\/div><\/div><div class='clear_column'><\/div><div class='content-column one_half'><div style=\"padding-right:6px;\"><p>Zrakoplov je na 45 m, trup i strojevi s propelerima su vrlo dobro o\u010duvani.<\/p><\/div><\/div><div class='content-column one_half last_column'><div style=\"padding-right:0px;padding-left:6px;\"><p>Das Flugzeug liegt in 45 m Tiefe, der Rumpf und die Maschinen mit den Propellern sind sehr gut erhalten..<\/p><\/div><\/div><div class='clear_column'><\/div><div class='content-column one_half'><div style=\"padding-right:6px;\"><p>Registar kulturnih dobara Republike Hrvatske br. 03\/2015<br \/>\nDatum tiskanog izdanja: 5.5.2015.<br \/>\nBroj registra: Z-6527<\/p><\/div><\/div><div class='content-column one_half last_column'><div style=\"padding-right:0px;padding-left:6px;\"><p>Register der Kulturg\u00fcter der Republik Kroatien Nr. 03\/2015<br \/>\nVer\u00f6ffentlichungsdatum: 5.5.2015<br \/>\nRegistriernummer: Z-6527<\/p><\/div><\/div><div class='clear_column'><\/div><\/p>\n<hr \/>\n<div class='content-column one_half'><div style=\"padding-right:6px;\"><p><strong>U trajektnoj luci Drvenik<\/strong> postavljena je propeler bombardera B-24. Prilo\u017eena spomen-plo\u010da ozna\u010dava:<\/p><\/div><\/div><div class='content-column one_half last_column'><div style=\"padding-right:0px;padding-left:6px;\"><p><strong>Im F\u00e4hrhafen Drvenik<\/strong> ist ein Propellerblatt eines B-24 Bombers aufgestellt. Auf der beigef\u00fcgten Erinnerungstafel ist vermerkt:<\/p><\/div><\/div><div class='clear_column'><\/div><\/p>\n<p><img loading=\"lazy\" decoding=\"async\" class=\"alignnone size-large wp-image-21036\" src=\"https:\/\/www.topohvar.at\/wp-content\/uploads\/2019\/04\/su-pv-01-12-1024x503.jpg\" alt=\"\" width=\"640\" height=\"314\" srcset=\"https:\/\/www.topohvar.at\/wp-content\/uploads\/2019\/04\/su-pv-01-12-1024x503.jpg 1024w, https:\/\/www.topohvar.at\/wp-content\/uploads\/2019\/04\/su-pv-01-12-300x147.jpg 300w, https:\/\/www.topohvar.at\/wp-content\/uploads\/2019\/04\/su-pv-01-12-768x377.jpg 768w, https:\/\/www.topohvar.at\/wp-content\/uploads\/2019\/04\/su-pv-01-12.jpg 1080w\" sizes=\"auto, (max-width: 640px) 100vw, 640px\" \/><\/p>\n<p>&nbsp;<\/p>\n<p style=\"text-align: center;\">THE PROPELLER OF A B24<br \/>\nAMERICAN BOMBER SHOT DOWN<br \/>\nDURING THE WWII. THE PROPELLER<br \/>\nWAS PULED OUT OF SEA IN THE<br \/>\n1980\u00b4S BY A FISHING BOAT WHILE<br \/>\nTAKING OUT THEIR NET. MAY IT<br \/>\nSERVE AS A SYMBOLIC REMINDER<br \/>\nOF THE HORRORS OF WARS, AND<br \/>\nMAY IT ALSO CONVEY A MESSAGE<br \/>\nAGAINST WAR REACHING OUT FROM<br \/>\nTHE DEPHS OF THE SEA.<br \/>\nTB DRVENIK, 2017<\/p>\n<div class='content-column one_half'><div style=\"padding-right:6px;\"><p>(= Propeler ameri\u010dkog bombardera B24 oboren tijekom Drugog svjetskog rata. Propeler je iz mora izvu\u010den 1980-ih godina ribarskim brodom, gdje je uhvatio svoju mre\u017eu. Neka on slu\u017ei kao simboli\u010dki podsjetnik na ratne strahote, a mo\u017ee i prenijeti poruku protiv rata koji izranja iz morskih dubina.<br \/>\nTB Drvenik, 2017)<\/p><\/div><\/div><div class='content-column one_half last_column'><div style=\"padding-right:0px;padding-left:6px;\"><p>(= Der Propeller eines amerikanischen B24-Bombers der w\u00e4hrend des 2. Weltkriegs abgeschossen wurde. Der Propeller wurde in den 1980er Jahren von einem Fischerboot aus dem Meer geholt, wo er sich in seinem Netz verfing. M\u00f6ge er als symbolische Erinnerung an die Schrecken der Kriege dienen, und m\u00f6ge er auch eine Botschaft gegen den Krieg vermitteln, der von den Tiefen des Meeres ausgeht.<br \/>\nTB Drvenik, 2017)<\/p><\/div><\/div><div class='clear_column'><\/div><\/p>\n<p style=\"text-align: right;\"><a href=\"#seite_oben\">natrag na vrh \/ Seitenanfang<\/a><\/p>\n<hr \/>\n<p><strong>Linkovi \/ Links<\/strong><\/p>\n<p>&#8211;<\/p>\n","protected":false},"excerpt":{"rendered":"<p>Ime \/ Name Podvodna nalazi\u0161te \u00bbAmeri\u010dki avion B-24 Liberator iz II. sv. rata\u00ab \/ versunkener Bomber B-24 Liberator aus dem II. Weltkrieg Code: BO-PV-01\u00a0 \u00a0 \u00a0 \u00a0 \u00a0 \u00a0 \u00a0 \u00a0 \u00a0 \u00a0 \u00a0 \u00a0 \u00a0 \u00a0 \u00a0 \u00a0 Adresa &hellip; <a href=\"https:\/\/www.topohvar.at\/topo\/orte\/bo\/bo-pv-01-1\/\">Weiterlesen <span class=\"meta-nav\">&rarr;<\/span><\/a><\/p>\n","protected":false},"author":1,"featured_media":0,"parent":63,"menu_order":0,"comment_status":"closed","ping_status":"closed","template":"","meta":{"footnotes":""},"class_list":["post-11652","page","type-page","status-publish","hentry"],"_links":{"self":[{"href":"https:\/\/www.topohvar.at\/topo\/wp-json\/wp\/v2\/pages\/11652","targetHints":{"allow":["GET"]}}],"collection":[{"href":"https:\/\/www.topohvar.at\/topo\/wp-json\/wp\/v2\/pages"}],"about":[{"href":"https:\/\/www.topohvar.at\/topo\/wp-json\/wp\/v2\/types\/page"}],"author":[{"embeddable":true,"href":"https:\/\/www.topohvar.at\/topo\/wp-json\/wp\/v2\/users\/1"}],"replies":[{"embeddable":true,"href":"https:\/\/www.topohvar.at\/topo\/wp-json\/wp\/v2\/comments?post=11652"}],"version-history":[{"count":18,"href":"https:\/\/www.topohvar.at\/topo\/wp-json\/wp\/v2\/pages\/11652\/revisions"}],"predecessor-version":[{"id":57128,"href":"https:\/\/www.topohvar.at\/topo\/wp-json\/wp\/v2\/pages\/11652\/revisions\/57128"}],"up":[{"embeddable":true,"href":"https:\/\/www.topohvar.at\/topo\/wp-json\/wp\/v2\/pages\/63"}],"wp:attachment":[{"href":"https:\/\/www.topohvar.at\/topo\/wp-json\/wp\/v2\/media?parent=11652"}],"curies":[{"name":"wp","href":"https:\/\/api.w.org\/{rel}","templated":true}]}}