{"id":11863,"date":"2018-09-16T15:30:53","date_gmt":"2018-09-16T13:30:53","guid":{"rendered":"https:\/\/www.topohvar.at\/?page_id=11863"},"modified":"2022-01-18T07:52:00","modified_gmt":"2022-01-18T06:52:00","slug":"zv-aa-01-1","status":"publish","type":"page","link":"https:\/\/www.topohvar.at\/topo\/orte\/zv\/zv-aa-01-1\/","title":{"rendered":"ZAVALA &#8211; Selo \u00bbZavala\u00ab"},"content":{"rendered":"<p><strong><img loading=\"lazy\" decoding=\"async\" class=\"aligncenter wp-image-37876 size-full\" src=\"https:\/\/www.topohvar.at\/wp-content\/uploads\/2020\/05\/zv-aa-01-10.jpg\" alt=\"\" width=\"1080\" height=\"530\" srcset=\"https:\/\/www.topohvar.at\/wp-content\/uploads\/2020\/05\/zv-aa-01-10.jpg 1080w, https:\/\/www.topohvar.at\/wp-content\/uploads\/2020\/05\/zv-aa-01-10-300x147.jpg 300w, https:\/\/www.topohvar.at\/wp-content\/uploads\/2020\/05\/zv-aa-01-10-1024x503.jpg 1024w, https:\/\/www.topohvar.at\/wp-content\/uploads\/2020\/05\/zv-aa-01-10-768x377.jpg 768w\" sizes=\"auto, (max-width: 1080px) 100vw, 1080px\" \/><\/strong><\/p>\n<p><strong>Ime \/ Name<br \/>\n<\/strong>Selo \u00bbZavala\u00ab<\/p>\n<p><strong>Code: <\/strong>ZV-AA-01\u00a0 \u00a0 \u00a0 \u00a0 \u00a0 \u00a0 \u00a0 \u00a0<strong>\u00a0 \u00a0 \u00a0 \u00a0 \u00a0 \u00a0 \u00a0 \u00a0 \u00a0 \u00a0 \u00a0 \u00a0 \u00a0 \u00a0 \u00a0\u00a0 \u00a0 \u00a0 \u00a0<a href=\"https:\/\/www.topohvar.at\/orte\/zv\/\"><img loading=\"lazy\" decoding=\"async\" class=\"alignnone wp-image-535 size-full\" src=\"https:\/\/www.topohvar.at\/wp-content\/uploads\/2018\/07\/push-o-30.jpg\" alt=\"\" width=\"61\" height=\"30\" \/><\/a> <a href=\"https:\/\/www.topohvar.at\/orte\/zv\/zv-ai-01-1\/\"><img loading=\"lazy\" decoding=\"async\" class=\"alignnone wp-image-536 size-full\" src=\"https:\/\/www.topohvar.at\/wp-content\/uploads\/2018\/07\/push-r-30.jpg\" alt=\"\" width=\"61\" height=\"30\" \/><\/a> <a href=\"https:\/\/www.topohvar.at\/orte\/zv\/zv-au-10-1\/\"><img loading=\"lazy\" decoding=\"async\" class=\"alignnone wp-image-12299 size-full\" src=\"https:\/\/www.topohvar.at\/wp-content\/uploads\/2018\/09\/push-next-30.jpg\" alt=\"\" width=\"61\" height=\"30\" \/><\/a><\/strong><\/p>\n<hr \/>\n<p><strong>Adresa \/ Adresse<br \/>\n<\/strong>Zavala<\/p>\n<p><strong>Lokalna polo\u017eaj \/ Position<a href=\"https:\/\/goo.gl\/maps\/EfzSPDgoUaGrbjGs5\"><img loading=\"lazy\" decoding=\"async\" class=\"alignright wp-image-11913\" src=\"https:\/\/www.topohvar.at\/wp-content\/uploads\/2018\/09\/1589.jpg\" alt=\"\" width=\"134\" height=\"100\" \/><\/a><br \/>\n<\/strong><span style=\"color: #3366ff;\"><a style=\"color: #3366ff;\" href=\"https:\/\/goo.gl\/maps\/EfzSPDgoUaGrbjGs5\">Latitude: N 43,12500\u00b0\u00a0 \u00a0 Longitude: E 16,68800\u00b0\u00a0<\/a><\/span><strong><br \/>\n<\/strong>Visina \/ H\u00f6he: 80 m<\/p>\n<p><strong>Zemlji\u0161te \/ Grundst\u00fccke<br \/>\n<\/strong>&#8211; <div class='content-column one_half'><div style=\"padding-right:6px;\"><p><strong>Datum snimanja \/ Erfassungsdatum<br \/>\n<\/strong>01.01.2000 00:00:00<\/p>\n<hr \/>\n<p><strong>Informacije<\/strong><\/p>\n<p>Selo Zavala i mala luka na ju\u017enoj strani Otoka Hvara, u predjelu zvanom Pla\u017ee.\u00a0Zavala je dobila ime po Rtu Za\u010di (\u017ealac) koji se spominje jo\u0161 od 15 veka. Nastaje kao pastirski stan &#8211; stanovnika Pitava jo\u0161 u srednjem vijeku. Sa\u010duvane su ku\u0107e gra\u00f1ene u suhozidu s krovom na jednu vodu.<\/p><\/div><\/div><div class='content-column one_half last_column'><div style=\"padding-right:0px;padding-left:6px;\"><p><strong>Za\u0161titni polo\u017eaj \/ Schutzstellung<br \/>\n<\/strong>&#8211;<\/p>\n<hr \/>\n<p><strong>Info<\/strong><\/p>\n<p>Das Dorf Zavala und der kleine Hafen liegen auf der S\u00fcdseite von Insel Hvar, in einer Gegend namens Pla\u017e (=Strand).\u00a0Zavala ist nach dem Kap Za\u010da benannt, das seit dem 15. Jahrhundert erw\u00e4hnt wird. Es wurde im Mittelalter als Wohnst\u00e4tte f\u00fcr Sch\u00e4fer von Pitve errichtet. Erhalten sind noch H\u00e4user in Trockenbauweise mit einem Dach f\u00fcr Regenwasser.<\/p><\/div><\/div><div class='clear_column'><\/div><div class='content-column one_half'><div style=\"padding-right:6px;\"><p>Na polo\u017eaju Mirke je postojala rimska villa rustica, a u pretpovijesti naselje, kako je suditi prema nalazima keramike.<\/p><\/div><\/div><div class='content-column one_half last_column'><div style=\"padding-right:0px;padding-left:6px;\"><p>In der Gegend von Mirka gab es eine r\u00f6mische Villa rustika, und eine pr\u00e4historische Siedlung, wie durch Keramikfunde belegt wurde.<\/p><\/div><\/div><div class='clear_column'><\/div><div class='content-column one_half'><div style=\"padding-right:6px;\"><p>Hvarski Statut je 1331. g. ovo podru\u010dje predvidio samo za ispa\u0161u, \u0161to je prekr\u0161eno u 15. st. kada se pojavljuju prve privatne gratie (davanje zemlje na kori\u0161tenje) za ovo podru\u010dje. Knez Tadija Ka\u010di\u0107 je 1606. g. dobio 1800 h na podru\u010dju Zavale i Ivandolca, Zaca i Taja u dokumentima, za preseljenje pred Turcima.<\/p><\/div><\/div><div class='content-column one_half last_column'><div style=\"padding-right:0px;padding-left:6px;\"><p>Das Statut von Hvar im Jahr 1331 erw\u00e4hnte dieses Gebiet nur f\u00fcr die Beweidung, die im 15. Jh. gest\u00f6rt wurde, als die erste private Landnutzung in diesem Gebiet geschah. Der Ritter Tadija Ka\u010di\u0107 erhielt 1606 im Gebiet von Zavala Ivandolac, Zaca und Taja 1800 ha. Land zur Umsiedlung wegen der T\u00fcrkengefahr.<\/p><\/div><\/div><div class='clear_column'><\/div><div class='content-column one_half'><div style=\"padding-right:6px;\"><p>U Zavali je kuc\u0301a familije Dubokovi\u0107 Nadalini u bidermajerskom stilu od 1830. godine. Pored toga nalazi se kapela Sv. Jurja. U selu dominira veliki kompleks vinograda Konteja, oblo\u017een 1820. Iznad Zavale nalazi se kapela posvec\u0301ena sv. Ante. Lokalna crkva je Sv. Petra Veronskog iz 14. st.<\/p><\/div><\/div><div class='content-column one_half last_column'><div style=\"padding-right:0px;padding-left:6px;\"><p>in Zavala steht das Haus der Familie Nadalini Dubokovi\u0107 im Biedermeier-Stil aus dem Jahr 1830. Hinzu kommt die Kapelle des hl. Georg. Das Dorf wird von einem gro\u00dfen Weinbergkomplex, Konteja, dominiert, der 1820 angelegt wurde. Oberhalb von Zavala befindet sich eine Kapelle, die dem hl. Antonius geweiht ist. Die alte Ortskirche ist dem hl. Peter Veronsky geweiht und stammt aus dem 14. Jahrhundert.<\/p><\/div><\/div><div class='clear_column'><\/div><\/p>\n<hr \/>\n<p><strong>Linkovi \/ Links<\/strong><\/p>\n<p><span style=\"color: #3366ff;\"><a style=\"color: #3366ff;\" href=\"https:\/\/www.whatsupcams.com\/en\/webcams\/croatia\/split-dalmatia\/jelsa-hvar\/livecam-zavala-jelsa-hvar\/\">Webcam Zavala<\/a><\/span><\/p>\n","protected":false},"excerpt":{"rendered":"<p>Ime \/ Name Selo \u00bbZavala\u00ab Code: ZV-AA-01\u00a0 \u00a0 \u00a0 \u00a0 \u00a0 \u00a0 \u00a0 \u00a0\u00a0 \u00a0 \u00a0 \u00a0 \u00a0 \u00a0 \u00a0 \u00a0 \u00a0 \u00a0 \u00a0 \u00a0 \u00a0 \u00a0 \u00a0\u00a0 \u00a0 \u00a0 \u00a0 Adresa \/ Adresse Zavala Lokalna polo\u017eaj \/ Position Latitude: &hellip; <a href=\"https:\/\/www.topohvar.at\/topo\/orte\/zv\/zv-aa-01-1\/\">Weiterlesen <span class=\"meta-nav\">&rarr;<\/span><\/a><\/p>\n","protected":false},"author":1,"featured_media":0,"parent":119,"menu_order":0,"comment_status":"closed","ping_status":"closed","template":"","meta":{"footnotes":""},"class_list":["post-11863","page","type-page","status-publish","hentry"],"_links":{"self":[{"href":"https:\/\/www.topohvar.at\/topo\/wp-json\/wp\/v2\/pages\/11863","targetHints":{"allow":["GET"]}}],"collection":[{"href":"https:\/\/www.topohvar.at\/topo\/wp-json\/wp\/v2\/pages"}],"about":[{"href":"https:\/\/www.topohvar.at\/topo\/wp-json\/wp\/v2\/types\/page"}],"author":[{"embeddable":true,"href":"https:\/\/www.topohvar.at\/topo\/wp-json\/wp\/v2\/users\/1"}],"replies":[{"embeddable":true,"href":"https:\/\/www.topohvar.at\/topo\/wp-json\/wp\/v2\/comments?post=11863"}],"version-history":[{"count":13,"href":"https:\/\/www.topohvar.at\/topo\/wp-json\/wp\/v2\/pages\/11863\/revisions"}],"predecessor-version":[{"id":56268,"href":"https:\/\/www.topohvar.at\/topo\/wp-json\/wp\/v2\/pages\/11863\/revisions\/56268"}],"up":[{"embeddable":true,"href":"https:\/\/www.topohvar.at\/topo\/wp-json\/wp\/v2\/pages\/119"}],"wp:attachment":[{"href":"https:\/\/www.topohvar.at\/topo\/wp-json\/wp\/v2\/media?parent=11863"}],"curies":[{"name":"wp","href":"https:\/\/api.w.org\/{rel}","templated":true}]}}