{"id":11879,"date":"2018-09-16T15:46:24","date_gmt":"2018-09-16T13:46:24","guid":{"rendered":"https:\/\/www.topohvar.at\/?page_id=11879"},"modified":"2024-07-13T15:32:58","modified_gmt":"2024-07-13T13:32:58","slug":"zv-cp-03-1","status":"publish","type":"page","link":"https:\/\/www.topohvar.at\/topo\/orte\/zv\/zv-cp-03-1\/","title":{"rendered":"ZAVALA &#8211; Kapela \u00bbSv. Ante\u00ab"},"content":{"rendered":"<p><a name=\"seite_oben\"><\/a><strong><img loading=\"lazy\" decoding=\"async\" class=\"alignnone wp-image-11847 size-large\" src=\"https:\/\/www.topohvar.at\/wp-content\/uploads\/2018\/09\/zv-cp-03-0-1024x503.jpg\" alt=\"\" width=\"640\" height=\"314\" srcset=\"https:\/\/www.topohvar.at\/wp-content\/uploads\/2018\/09\/zv-cp-03-0-1024x503.jpg 1024w, https:\/\/www.topohvar.at\/wp-content\/uploads\/2018\/09\/zv-cp-03-0-300x147.jpg 300w, https:\/\/www.topohvar.at\/wp-content\/uploads\/2018\/09\/zv-cp-03-0-768x377.jpg 768w, https:\/\/www.topohvar.at\/wp-content\/uploads\/2018\/09\/zv-cp-03-0.jpg 1080w\" sizes=\"auto, (max-width: 640px) 100vw, 640px\" \/><\/strong><\/p>\n<p><strong>Ime \/ Name<br \/>\n<\/strong>Kapela \u00bbSv. Ante\u00ab \/ Antoniuskapelle<\/p>\n<p><strong>Code: <\/strong>ZV-CP-03\u00a0 \u00a0 \u00a0 \u00a0 \u00a0 \u00a0 \u00a0 \u00a0 \u00a0 \u00a0 \u00a0 \u00a0 \u00a0 \u00a0 \u00a0\u00a0<strong>\u00a0 \u00a0 \u00a0 \u00a0 \u00a0<a href=\"https:\/\/www.topohvar.at\/orte\/zv\/zv-cp-04-1\/\"><img loading=\"lazy\" decoding=\"async\" class=\"alignnone wp-image-533 size-full\" src=\"https:\/\/www.topohvar.at\/wp-content\/uploads\/2018\/07\/push-l-30.jpg\" alt=\"\" width=\"61\" height=\"30\" \/><\/a>\u00a0<a href=\"https:\/\/www.topohvar.at\/orte\/zv\/\"><img loading=\"lazy\" decoding=\"async\" class=\"alignnone wp-image-535 size-full\" src=\"https:\/\/www.topohvar.at\/wp-content\/uploads\/2018\/07\/push-o-30.jpg\" alt=\"\" width=\"61\" height=\"30\" \/><\/a>\u00a0<a href=\"https:\/\/www.topohvar.at\/orte\/zv\/zv-cp-01-1\/\"><img loading=\"lazy\" decoding=\"async\" class=\"alignnone wp-image-536 size-full\" src=\"https:\/\/www.topohvar.at\/wp-content\/uploads\/2018\/07\/push-r-30.jpg\" alt=\"\" width=\"61\" height=\"30\" \/><\/a><\/strong><\/p>\n<hr \/>\n<p><strong>Adresa \/ Adresse<br \/>\n<\/strong>Zavala,\u00a0put za Pitve<\/p>\n<p><strong>Lokacija \/ Position<a href=\"https:\/\/goo.gl\/maps\/z6tmJiRPt4BGD3r69\"><img loading=\"lazy\" decoding=\"async\" class=\"alignright wp-image-11931\" src=\"https:\/\/www.topohvar.at\/wp-content\/uploads\/2018\/09\/0468.jpg\" alt=\"\" width=\"134\" height=\"100\" \/><\/a><br \/>\n<\/strong><span style=\"color: #3366ff;\"><a style=\"color: #3366ff;\" href=\"https:\/\/goo.gl\/maps\/z6tmJiRPt4BGD3r69\">Latitude: N 43,13286\u00b0\u00a0 \u00a0 Longitude: E 16,68053\u00b0\u00a0<\/a><\/span><strong><br \/>\n<\/strong>Visina \/ H\u00f6he: 427 m<\/p>\n<p><strong>Katastarska \u010destica \/ Grundst\u00fccke<br \/>\n<\/strong>3639\/2 <div class='content-column one_half'><div style=\"padding-right:6px;\"><p><strong>Datum snimanja \/ Erfassungsdatum<br \/>\n<\/strong>31.05.2012 10:55:33<\/p>\n<hr \/>\n<p><strong>Informacije<\/strong><\/p>\n<p>Na vrhu povi\u0161e Zavale je kapelica posve\u0107ena Sv. Anti, koju je podigao kap. Niko vitez Dubokovi\u0107 u spomen na rano preminulog sina Tona i na brata kap. Antu.<\/p><\/div><\/div><div class='content-column one_half last_column'><div style=\"padding-right:0px;padding-left:6px;\"><p><strong>Stupanj za\u0161tite \/ Schutzstellung<br \/>\n<\/strong>&#8211;<\/p>\n<hr \/>\n<p><strong>Info<\/strong><\/p>\n<p>Am Berg, oberhalb von Zavala steht eine Kapelle, die dem hl. Antonius geweiht ist. Errichtet wurde sie von Kapit\u00e4n Niko Ritter Dubokovi\u0107 in Erinnerung an den seinen fr\u00fch verstorbenen Sohn Toni und seinen Bruder Kapit\u00e4n Ante.<\/p><\/div><\/div><div class='clear_column'><\/div><\/p>\n<p><img loading=\"lazy\" decoding=\"async\" class=\"size-full wp-image-69166 alignnone\" src=\"https:\/\/www.topohvar.at\/wp-content\/uploads\/2024\/07\/zv-cp-03-11.jpg\" alt=\"\" width=\"300\" height=\"300\" srcset=\"https:\/\/www.topohvar.at\/wp-content\/uploads\/2024\/07\/zv-cp-03-11.jpg 300w, https:\/\/www.topohvar.at\/wp-content\/uploads\/2024\/07\/zv-cp-03-11-150x150.jpg 150w\" sizes=\"auto, (max-width: 300px) 100vw, 300px\" \/>\u00a0 \u00a0 \u00a0 \u00a0 \u00a0 <img loading=\"lazy\" decoding=\"async\" class=\"alignnone size-medium wp-image-34154\" src=\"https:\/\/www.topohvar.at\/wp-content\/uploads\/2020\/03\/zv-cp-03-7-300x300.jpg\" alt=\"\" width=\"300\" height=\"300\" srcset=\"https:\/\/www.topohvar.at\/wp-content\/uploads\/2020\/03\/zv-cp-03-7-300x300.jpg 300w, https:\/\/www.topohvar.at\/wp-content\/uploads\/2020\/03\/zv-cp-03-7-150x150.jpg 150w, https:\/\/www.topohvar.at\/wp-content\/uploads\/2020\/03\/zv-cp-03-7.jpg 390w\" sizes=\"auto, (max-width: 300px) 100vw, 300px\" \/><\/p>\n<div class='content-column one_half'><div style=\"padding-right:6px;\"><p>Do kapelice kre\u0107e uski zavojiti magare\u0107i put iza du\u0107ana u Zavali. To je nekad, do probijanja tunela, bio glavni put za Pitve i dalje za Jelsu.<\/p><\/div><\/div><div class='content-column one_half last_column'><div style=\"padding-right:0px;padding-left:6px;\"><p>Zur Kapelle f\u00fchrt ein enger, gewundener, anstrengender Weg, der hinter dem Gesch\u00e4ft in Zavala beginnt. Bis der Tunnel geschaffen wurde, war das der Hauptweg nach Pitve und weiter nach Jelsa.<\/p><\/div><\/div><div class='clear_column'><\/div><\/p>\n<p style=\"text-align: right;\"><span style=\"color: #3366ff;\"><a style=\"color: #3366ff;\" href=\"#seite_oben\">natrag na vrh \/ Seitenanfang<\/a><\/span><\/p>\n<hr \/>\n<p><strong>Linkovi \/ Links<\/strong><\/p>\n<p>&#8211;<\/p>\n","protected":false},"excerpt":{"rendered":"<p>Ime \/ Name Kapela \u00bbSv. Ante\u00ab \/ Antoniuskapelle Code: ZV-CP-03\u00a0 \u00a0 \u00a0 \u00a0 \u00a0 \u00a0 \u00a0 \u00a0 \u00a0 \u00a0 \u00a0 \u00a0 \u00a0 \u00a0 \u00a0\u00a0\u00a0 \u00a0 \u00a0 \u00a0 \u00a0\u00a0\u00a0 Adresa \/ Adresse Zavala,\u00a0put za Pitve Lokacija \/ Position Latitude: N 43,13286\u00b0\u00a0 &hellip; <a href=\"https:\/\/www.topohvar.at\/topo\/orte\/zv\/zv-cp-03-1\/\">Weiterlesen <span class=\"meta-nav\">&rarr;<\/span><\/a><\/p>\n","protected":false},"author":1,"featured_media":0,"parent":119,"menu_order":0,"comment_status":"closed","ping_status":"closed","template":"","meta":{"footnotes":""},"class_list":["post-11879","page","type-page","status-publish","hentry"],"_links":{"self":[{"href":"https:\/\/www.topohvar.at\/topo\/wp-json\/wp\/v2\/pages\/11879","targetHints":{"allow":["GET"]}}],"collection":[{"href":"https:\/\/www.topohvar.at\/topo\/wp-json\/wp\/v2\/pages"}],"about":[{"href":"https:\/\/www.topohvar.at\/topo\/wp-json\/wp\/v2\/types\/page"}],"author":[{"embeddable":true,"href":"https:\/\/www.topohvar.at\/topo\/wp-json\/wp\/v2\/users\/1"}],"replies":[{"embeddable":true,"href":"https:\/\/www.topohvar.at\/topo\/wp-json\/wp\/v2\/comments?post=11879"}],"version-history":[{"count":12,"href":"https:\/\/www.topohvar.at\/topo\/wp-json\/wp\/v2\/pages\/11879\/revisions"}],"predecessor-version":[{"id":69168,"href":"https:\/\/www.topohvar.at\/topo\/wp-json\/wp\/v2\/pages\/11879\/revisions\/69168"}],"up":[{"embeddable":true,"href":"https:\/\/www.topohvar.at\/topo\/wp-json\/wp\/v2\/pages\/119"}],"wp:attachment":[{"href":"https:\/\/www.topohvar.at\/topo\/wp-json\/wp\/v2\/media?parent=11879"}],"curies":[{"name":"wp","href":"https:\/\/api.w.org\/{rel}","templated":true}]}}