{"id":11891,"date":"2018-09-16T15:57:12","date_gmt":"2018-09-16T13:57:12","guid":{"rendered":"https:\/\/www.topohvar.at\/?page_id=11891"},"modified":"2022-01-17T08:46:52","modified_gmt":"2022-01-17T07:46:52","slug":"zv-pu-01-1","status":"publish","type":"page","link":"https:\/\/www.topohvar.at\/topo\/orte\/zv\/zv-pu-01-1\/","title":{"rendered":"ZAVALA &#8211; Objekt \u00bbTunel Pitve &#8211; Zavala (ju\u017eni portal)\u00ab"},"content":{"rendered":"<p><a name=\"seite_oben\"><\/a><br \/>\n<strong><img loading=\"lazy\" decoding=\"async\" class=\"alignnone wp-image-11853 size-large\" src=\"https:\/\/www.topohvar.at\/wp-content\/uploads\/2018\/09\/zv-ob-01-0-1024x503.jpg\" alt=\"\" width=\"640\" height=\"314\" srcset=\"https:\/\/www.topohvar.at\/wp-content\/uploads\/2018\/09\/zv-ob-01-0-1024x503.jpg 1024w, https:\/\/www.topohvar.at\/wp-content\/uploads\/2018\/09\/zv-ob-01-0-300x147.jpg 300w, https:\/\/www.topohvar.at\/wp-content\/uploads\/2018\/09\/zv-ob-01-0-768x377.jpg 768w, https:\/\/www.topohvar.at\/wp-content\/uploads\/2018\/09\/zv-ob-01-0.jpg 1080w\" sizes=\"auto, (max-width: 640px) 100vw, 640px\" \/><\/strong><\/p>\n<p><strong>Ime \/ Name<br \/>\n<\/strong>Objekt \u00bbTunel \/ Tunnel Pitve &#8211; Zavala (ju\u017eni portal \/ S\u00fcdportal)\u00ab<\/p>\n<p><strong>Code: <\/strong>ZV-PU-01\u00a0 \u00a0 \u00a0 \u00a0 \u00a0 \u00a0 \u00a0 \u00a0<strong>\u00a0 \u00a0 \u00a0 \u00a0 \u00a0 \u00a0 \u00a0 \u00a0 \u00a0 \u00a0 <a href=\"https:\/\/www.topohvar.at\/orte\/zv\/zv-ob-01-1\/\"><img loading=\"lazy\" decoding=\"async\" class=\"alignnone wp-image-533 size-full\" src=\"https:\/\/www.topohvar.at\/wp-content\/uploads\/2018\/07\/push-l-30.jpg\" alt=\"\" width=\"61\" height=\"30\" \/><\/a> <a href=\"https:\/\/www.topohvar.at\/orte\/zv\/\"><img loading=\"lazy\" decoding=\"async\" class=\"alignnone wp-image-535 size-full\" src=\"https:\/\/www.topohvar.at\/wp-content\/uploads\/2018\/07\/push-o-30.jpg\" alt=\"\" width=\"61\" height=\"30\" \/><\/a>\u00a0<a href=\"https:\/\/www.topohvar.at\/orte\/zv\/zv-pu-02-1\/\"><img loading=\"lazy\" decoding=\"async\" class=\"alignnone wp-image-536 size-full\" src=\"https:\/\/www.topohvar.at\/wp-content\/uploads\/2018\/07\/push-r-30.jpg\" alt=\"\" width=\"61\" height=\"30\" \/><\/a> <\/strong><\/p>\n<hr \/>\n<p><strong>Adresa \/ Adresse<br \/>\n<\/strong>Zavala<\/p>\n<p><strong>Lokacija \/ Position<a href=\"https:\/\/goo.gl\/maps\/oL2JwWsw2cKckCA46\"><img loading=\"lazy\" decoding=\"async\" class=\"alignright wp-image-11905\" src=\"https:\/\/www.topohvar.at\/wp-content\/uploads\/2018\/09\/1683.jpg\" alt=\"\" width=\"134\" height=\"100\" \/><\/a><br \/>\n<\/strong><span style=\"color: #3366ff;\"><a style=\"color: #3366ff;\" href=\"https:\/\/goo.gl\/maps\/oL2JwWsw2cKckCA46\">Latitude: N 43,12890\u00b0\u00a0 \u00a0 Longitude: E 16,68014\u00b0\u00a0<\/a><\/span><strong><br \/>\n<\/strong>Visina \/ H\u00f6he: 203 m<\/p>\n<p><strong>Katastarska \u010destica \/ Grundst\u00fccke<br \/>\n<\/strong>3695\/1<div class='content-column one_half'><div style=\"padding-right:6px;\"><p><strong>Datum snimanja \/ Erfassungsdatum<br \/>\n<\/strong>21.05.2017 15:00:00<\/p>\n<hr \/>\n<p><strong>Informacije<\/strong><\/p>\n<p>Pitve tunel od 1,4 km povezuje Zavalu, Ivan Dolac i Sveta Nedjelja, a izgra\u0111en je samo funkcionalno i bez udobnosti. Nije asfaltiran i nema svjetla, a \u0161irok je dovoljno tek za jednosmjerni promet, pa se smjer prometovanja regulira semaforima na ulazima u tunel.<\/p><\/div><\/div><div class='content-column one_half last_column'><div style=\"padding-right:0px;padding-left:6px;\"><p><strong>Stupanj za\u0161tite \/ Schutzstellung<br \/>\n<\/strong>&#8211;<\/p>\n<hr \/>\n<p><strong>Info<\/strong><\/p>\n<p>Der 1,4 km lange Tunnel der Pitve mit den Orten Zavala, Ivan Dolac und Sveta Nedjelja verbindet, wurde nur funktionell und ohne Komfort gebaut. Er ist nicht asphaltiert, es gibt keine Beleuchtung, und die Breite reicht nur f\u00fcr einen Einbahnverkehr mittels Ampelregelung an den Tunneleing\u00e4ngen.<\/p><\/div><\/div><div class='clear_column'><\/div><div class='content-column one_half'><div style=\"padding-right:6px;\"><p>O\u0161tro izrezbarena vojskom po\u010detkom \u0161ezdesetih, za potrebe vodoopskrbe, koji se za tu namjenu nije koristio, ve\u0107 je zbog prometne izoliranosti ju\u017enoga dijela otoka, iako neprikladne \u0161irine, prenamijenjen u cestovni tunel.<\/p><\/div><\/div><div class='content-column one_half last_column'><div style=\"padding-right:0px;padding-left:6px;\"><p>Vom Milit\u00e4r Anfang der 1960er Jahre zum Zwecke der Wasserversorgung grob ausgehauen, wurde er jedoch nicht f\u00fcr diesen Zweck verwendet, sondern wegen der Isolierung des s\u00fcdlichen Teils der Insel, obwohl ungeeignet in seiner Gr\u00f6\u00dfe, in einen Stra\u00dfentunnel umfunktioniert.<\/p><\/div><\/div><div class='clear_column'><\/div><div class='content-column one_half'><div style=\"padding-right:6px;\"><p>U sredini tunela nalaze se dva mjesta za izbjegavanje, ina\u010de je tunel samo oko 2,5 m \u0161irok i oko 2,8 m visok. Otvoren je 24.11.1963. godine.<\/p><\/div><\/div><div class='content-column one_half last_column'><div style=\"padding-right:0px;padding-left:6px;\"><p>In der Tunnelmitte befinden sich zwei Ausweichstellen, ansonsten ist der Tunnel nur etwa 2,5 m breit und etwa 2,8 m hoch. Er wurde am 24.11.1963 er\u00f6ffnet.<\/p><\/div><\/div><div class='clear_column'><\/div><\/p>\n<p style=\"text-align: right;\"><span style=\"color: #3366ff;\"><a style=\"color: #3366ff;\" href=\"#seite_oben\">natrag na vrh \/ Seitenanfang<\/a><\/span><\/p>\n<hr \/>\n<p><strong>Linkovi \/ Links<\/strong><\/p>\n<p><span style=\"color: #3366ff;\"><a style=\"color: #3366ff;\" href=\"https:\/\/www.topohvar.at\/orte\/pi\/pi-pu-01-1\/\">Objekt \u00bbTunel \/ Tunnel Pitve &#8211; Zavala (sjeverni portal \/ Nordportal)\u00ab<\/a><\/span><\/p>\n","protected":false},"excerpt":{"rendered":"<p>Ime \/ Name Objekt \u00bbTunel \/ Tunnel Pitve &#8211; Zavala (ju\u017eni portal \/ S\u00fcdportal)\u00ab Code: ZV-PU-01\u00a0 \u00a0 \u00a0 \u00a0 \u00a0 \u00a0 \u00a0 \u00a0\u00a0 \u00a0 \u00a0 \u00a0 \u00a0 \u00a0 \u00a0 \u00a0 \u00a0 \u00a0 \u00a0 Adresa \/ Adresse Zavala Lokacija \/ Position &hellip; <a href=\"https:\/\/www.topohvar.at\/topo\/orte\/zv\/zv-pu-01-1\/\">Weiterlesen <span class=\"meta-nav\">&rarr;<\/span><\/a><\/p>\n","protected":false},"author":1,"featured_media":0,"parent":119,"menu_order":0,"comment_status":"closed","ping_status":"closed","template":"","meta":{"footnotes":""},"class_list":["post-11891","page","type-page","status-publish","hentry"],"_links":{"self":[{"href":"https:\/\/www.topohvar.at\/topo\/wp-json\/wp\/v2\/pages\/11891","targetHints":{"allow":["GET"]}}],"collection":[{"href":"https:\/\/www.topohvar.at\/topo\/wp-json\/wp\/v2\/pages"}],"about":[{"href":"https:\/\/www.topohvar.at\/topo\/wp-json\/wp\/v2\/types\/page"}],"author":[{"embeddable":true,"href":"https:\/\/www.topohvar.at\/topo\/wp-json\/wp\/v2\/users\/1"}],"replies":[{"embeddable":true,"href":"https:\/\/www.topohvar.at\/topo\/wp-json\/wp\/v2\/comments?post=11891"}],"version-history":[{"count":14,"href":"https:\/\/www.topohvar.at\/topo\/wp-json\/wp\/v2\/pages\/11891\/revisions"}],"predecessor-version":[{"id":56133,"href":"https:\/\/www.topohvar.at\/topo\/wp-json\/wp\/v2\/pages\/11891\/revisions\/56133"}],"up":[{"embeddable":true,"href":"https:\/\/www.topohvar.at\/topo\/wp-json\/wp\/v2\/pages\/119"}],"wp:attachment":[{"href":"https:\/\/www.topohvar.at\/topo\/wp-json\/wp\/v2\/media?parent=11891"}],"curies":[{"name":"wp","href":"https:\/\/api.w.org\/{rel}","templated":true}]}}