{"id":11965,"date":"2018-09-17T09:21:46","date_gmt":"2018-09-17T07:21:46","guid":{"rendered":"https:\/\/www.topohvar.at\/?page_id=11965"},"modified":"2021-04-16T07:40:52","modified_gmt":"2021-04-16T05:40:52","slug":"id-ck-01-1","status":"publish","type":"page","link":"https:\/\/www.topohvar.at\/topo\/orte\/id\/id-ck-01-1\/","title":{"rendered":"IVAN DOLAC &#8211; Crkvica \u00bbSv. Marije (Gospa Pompejanska, Gospa od Ru\u017earia)\u00ab"},"content":{"rendered":"<p><a name=\"seite_oben\"><\/a><br \/>\n<strong><img loading=\"lazy\" decoding=\"async\" class=\"alignnone wp-image-11958 size-large\" src=\"https:\/\/www.topohvar.at\/wp-content\/uploads\/2018\/09\/id-ck-01-0-1024x503.jpg\" alt=\"\" width=\"640\" height=\"314\" srcset=\"https:\/\/www.topohvar.at\/wp-content\/uploads\/2018\/09\/id-ck-01-0-1024x503.jpg 1024w, https:\/\/www.topohvar.at\/wp-content\/uploads\/2018\/09\/id-ck-01-0-300x147.jpg 300w, https:\/\/www.topohvar.at\/wp-content\/uploads\/2018\/09\/id-ck-01-0-768x377.jpg 768w, https:\/\/www.topohvar.at\/wp-content\/uploads\/2018\/09\/id-ck-01-0.jpg 1080w\" sizes=\"auto, (max-width: 640px) 100vw, 640px\" \/><\/strong><\/p>\n<p><strong>Ime \/ Name<br \/>\n<\/strong>Crkvica \u00bbSv. Marije (Gospa Pompejanska, Gospa od Ru\u017earia)\u00ab \/ Kleine Kirche der hl. Maria ( Muttergottes von Pompej, Muttergottes vom Rosenkranz)<\/p>\n<p><strong>Code: <\/strong>ID-CK-01\u00a0 \u00a0 \u00a0 \u00a0 \u00a0 \u00a0 \u00a0 \u00a0 \u00a0 \u00a0 \u00a0 \u00a0 \u00a0 \u00a0 \u00a0 \u00a0 \u00a0 \u00a0 \u00a0 \u00a0 \u00a0<strong> <a href=\"https:\/\/www.topohvar.at\/orte\/id\/\"><img loading=\"lazy\" decoding=\"async\" class=\"alignnone wp-image-535 size-full\" src=\"https:\/\/www.topohvar.at\/wp-content\/uploads\/2018\/07\/push-o-30.jpg\" alt=\"\" width=\"61\" height=\"30\" \/><\/a> <\/strong><\/p>\n<hr \/>\n<p><strong>Adresa \/ Adresse<br \/>\n<\/strong>Ivan Dolac<\/p>\n<p><strong>Lokacija \/ Position<a href=\"https:\/\/goo.gl\/maps\/GdXiYSPUctdN5b9F8\"><img loading=\"lazy\" decoding=\"async\" class=\"alignright wp-image-11978\" src=\"https:\/\/www.topohvar.at\/wp-content\/uploads\/2018\/09\/0387.jpg\" alt=\"\" width=\"134\" height=\"100\" \/><\/a><br \/>\n<\/strong><span style=\"color: #3366ff;\"><a style=\"color: #3366ff;\" href=\"https:\/\/goo.gl\/maps\/GdXiYSPUctdN5b9F8\">Latitude: N 43,13021\u00b0\u00a0 \u00a0Longitude: E 16,64115\u00b0<\/a> <\/span><strong><br \/>\n<\/strong>Visina \/ H\u00f6he: 51 m<\/p>\n<p><strong>Katastarska \u010destica \/ Grundst\u00fccke<br \/>\n<\/strong>*263\u00a0<div class='content-column one_half'><div style=\"padding-right:6px;\"><p><strong>Datum snimanja \/ Erfassungsdatum<br \/>\n<\/strong>14.10.2014 09:49:22<\/p>\n<hr \/>\n<p><strong>Informacije<\/strong><\/p>\n<p>Ranogoti\u010dka crkvica sv. Marije (Gospa Pompejanska, Gospa od Ru\u017earia) koja je 1535.g. pro\u0161irena i fortificirana (spomen plo\u010da iznad ulaza).<\/p><\/div><\/div><div class='content-column one_half last_column'><div style=\"padding-right:0px;padding-left:6px;\"><p><strong>Stupanj za\u0161tite \/ Schutzstellung<br \/>\n<\/strong>&#8211;<\/p>\n<hr \/>\n<p><strong>Info<\/strong><\/p>\n<p>Die Fr\u00fchgotische Kirche der hl. Maria (Unsere Liebe Frau von Pompei, Unsere Liebe Frau vom Rosenkranz) wurde\u00a0im Jahr 1535 erweitert und befestigt (Gedenktafel \u00fcber dem Eingang).<\/p><\/div><\/div><div class='clear_column'><\/div><div class='content-column one_half'><div style=\"padding-right:6px;\"><p>Blagdan Kraljice svete krunice Gospa Ru\u017earica slavi se od 1572. godine.\u00a0Blagdan\u00a0je 7. listopada.<\/p><\/div><\/div><div class='content-column one_half last_column'><div style=\"padding-right:0px;padding-left:6px;\"><p>Das Fest der Rosenkranzk\u00f6nigin Unserer Lieben Frau vom Rosenkranz wird seit 1572 gefeiert. Feiertag ist der 07. Oktober.<\/p><\/div><\/div><div class='clear_column'><\/div><\/p>\n<hr \/>\n<div class='content-column one_half'><div style=\"padding-right:6px;\"><p><strong>Krunica<\/strong> \u2013 je kr\u0161\u0107anska tradicionalna molitva. Ona bi se u vrijeme kad je nastajala mogla nazvati molitvom jednostavnih ljudi. Nisu svim ljudima bile dostupne knjige u srednjem vijeku, niti su svi ljudi znali \u010ditati. A uhodani molitvenik ljudi Crkve bio je Psaltir, biblijska knjiga, koja se sastoji od 150 psalama, tj. molitava. Oni su raspore\u0111eni po danima i tjednima i ljudi koji su imali Bibliju ili \u010casoslov mogli su to koristiti.<\/p><\/div><\/div><div class='content-column one_half last_column'><div style=\"padding-right:0px;padding-left:6px;\"><p><strong>Der Rosenkranz<\/strong> &#8211; ist ein christliches traditionelles Gebet. Zu der Zeit, als es ersonnen wurde, wurde dieses Gebet f\u00fcr einfache Menschen geschaffen. Nicht alle Menschen hatten im Mittelalter B\u00fccher, und die meisten konnten nicht lesen. Ein bekanntes Gebetsbuch f\u00fcr das Kirchenvolk war der Psalter, ein liturgisches Buch, das aus 150 biblischen Psalmen (Gebeten) besteht. Psalmen wurden t\u00e4glich gebetet, aber nur Leute die eine Bibel oder ein Brevier (Gebetsbuch) hatten, konnten sie nutzen.<\/p><\/div><\/div><div class='clear_column'><\/div><div class='content-column one_half'><div style=\"padding-right:6px;\"><p>Me\u0111utim, i jednostavni ljudi \u017eeljeli su moliti u stilu molitve Crkve i tako je vrlo brzo nastala molitva od 150 Zdravomarija, \u0161to je trebalo imitirati 150 biblijskih psalama. U 15. stolje\u0107u su tom nizu dodana biblijska razmatranja u tri otajstva po 50 Zdravomarija i tako se uhodala molitva krunice koja je postala popularnom molitvom obi\u010dnih ljudi. U na\u0161e vrijeme papa Ivan Pavao Drugi ju je dopunio i obogatio otajstvima svjetla.<\/p><\/div><\/div><div class='content-column one_half last_column'><div style=\"padding-right:0px;padding-left:6px;\"><p>Jedoch einfache Menschen beteten gerne im Stil des Kirchengebets, und so gab es ein Gebet aus 150 Avemaria, das die 150 biblischen Psalmen imitieren sollte. Im 15. Jahrhundert wurde den drei bilbischen Mysterien jeweils 50 Avemaria hinzugef\u00fcgt, und so wurde das Rosenkranzgebet bei den Gebeten der einfachen Menschen popul\u00e4r. In unserer Zeit erg\u00e4nzte Papst Johannes Paul II. den Rosenkranz und bereicherte ihn mit den Mysterien des Lichts.<\/p><\/div><\/div><div class='clear_column'><\/div><div class='content-column one_half'><div style=\"padding-right:6px;\"><p>Bulom Consueverunt Romani Pontifices 1569. papa sv. Pio V, dominikanac, odredio je kona\u010dni oblik krunice, a novom bulom Salvatoris Domini 1572., poslije Lepantske bitke, ustanovio je blagdan Gospe od Pobjede, koji se poslije nazvao &#8222;od Ru\u017earija&#8220; (od Krunice), s tim da se slavi 7. 10. U mnogim se krajevima svetkovanje prenosi na prvu nedjelju listopada.<\/p><\/div><\/div><div class='content-column one_half last_column'><div style=\"padding-right:0px;padding-left:6px;\"><p>In der Bulle \u201eConsueverunt\u201c des r\u00f6mischen Papstes und Dominikaners, Pius V. aus dem Jahr 1569 wurde die endg\u00fcltige Form des Rosenkranzes definiert. In der neuen Bulle des Jahres 1572 \u201eSalvatoris Domini\u201c, nach der Schlacht von Lepanto, wurde das Fest Unserer Lieben Frau von Pobjeda, das sp\u00e4ter &#8222;Rosenkranz&#8220; (vom Rosenkranz) genannt wurde, f\u00fcr den 7. Oktober festgelegt. In vielen Orten wird das Fest auf den ersten Sonntag im Oktober verlegt.<\/p><\/div><\/div><div class='clear_column'><\/div><\/p>\n<p style=\"text-align: right;\"><a href=\"#seite_oben\">natrag na vrh \/ Seitenanfang<\/a><\/p>\n<hr \/>\n<p><strong>Linkovi \/ Links<\/strong><\/p>\n<p><span style=\"color: #3366ff;\"><a style=\"color: #3366ff;\" href=\"https:\/\/www.topohvar.at\/orte\/id\/id-is-01-1\/\">Spomen plo\u010da \/ <span style=\"color: #3366ff;\">Gedenktafel<\/span><\/a><\/span><\/p>\n","protected":false},"excerpt":{"rendered":"<p>Ime \/ Name Crkvica \u00bbSv. Marije (Gospa Pompejanska, Gospa od Ru\u017earia)\u00ab \/ Kleine Kirche der hl. Maria ( Muttergottes von Pompej, Muttergottes vom Rosenkranz) Code: ID-CK-01\u00a0 \u00a0 \u00a0 \u00a0 \u00a0 \u00a0 \u00a0 \u00a0 \u00a0 \u00a0 \u00a0 \u00a0 \u00a0 \u00a0 \u00a0 &hellip; <a href=\"https:\/\/www.topohvar.at\/topo\/orte\/id\/id-ck-01-1\/\">Weiterlesen <span class=\"meta-nav\">&rarr;<\/span><\/a><\/p>\n","protected":false},"author":1,"featured_media":0,"parent":83,"menu_order":0,"comment_status":"closed","ping_status":"closed","template":"","meta":{"footnotes":""},"class_list":["post-11965","page","type-page","status-publish","hentry"],"_links":{"self":[{"href":"https:\/\/www.topohvar.at\/topo\/wp-json\/wp\/v2\/pages\/11965","targetHints":{"allow":["GET"]}}],"collection":[{"href":"https:\/\/www.topohvar.at\/topo\/wp-json\/wp\/v2\/pages"}],"about":[{"href":"https:\/\/www.topohvar.at\/topo\/wp-json\/wp\/v2\/types\/page"}],"author":[{"embeddable":true,"href":"https:\/\/www.topohvar.at\/topo\/wp-json\/wp\/v2\/users\/1"}],"replies":[{"embeddable":true,"href":"https:\/\/www.topohvar.at\/topo\/wp-json\/wp\/v2\/comments?post=11965"}],"version-history":[{"count":10,"href":"https:\/\/www.topohvar.at\/topo\/wp-json\/wp\/v2\/pages\/11965\/revisions"}],"predecessor-version":[{"id":47908,"href":"https:\/\/www.topohvar.at\/topo\/wp-json\/wp\/v2\/pages\/11965\/revisions\/47908"}],"up":[{"embeddable":true,"href":"https:\/\/www.topohvar.at\/topo\/wp-json\/wp\/v2\/pages\/83"}],"wp:attachment":[{"href":"https:\/\/www.topohvar.at\/topo\/wp-json\/wp\/v2\/media?parent=11965"}],"curies":[{"name":"wp","href":"https:\/\/api.w.org\/{rel}","templated":true}]}}