{"id":12023,"date":"2018-09-18T06:01:03","date_gmt":"2018-09-18T04:01:03","guid":{"rendered":"https:\/\/www.topohvar.at\/?page_id=12023"},"modified":"2022-07-19T15:05:15","modified_gmt":"2022-07-19T13:05:15","slug":"sn-aa-00-1","status":"publish","type":"page","link":"https:\/\/www.topohvar.at\/topo\/orte\/sn\/sn-aa-00-1\/","title":{"rendered":"SVETA NEDJELJA &#8211; Selo \u00bbSveta Nedjelja\u00ab"},"content":{"rendered":"<p><a name=\"seite_oben\"><\/a><br \/>\n<strong><img loading=\"lazy\" decoding=\"async\" class=\"alignnone wp-image-35504 size-full\" src=\"https:\/\/www.topohvar.at\/wp-content\/uploads\/2020\/04\/sn-aa-00-1.jpg\" alt=\"\" width=\"1080\" height=\"530\" srcset=\"https:\/\/www.topohvar.at\/wp-content\/uploads\/2020\/04\/sn-aa-00-1.jpg 1080w, https:\/\/www.topohvar.at\/wp-content\/uploads\/2020\/04\/sn-aa-00-1-300x147.jpg 300w, https:\/\/www.topohvar.at\/wp-content\/uploads\/2020\/04\/sn-aa-00-1-1024x503.jpg 1024w, https:\/\/www.topohvar.at\/wp-content\/uploads\/2020\/04\/sn-aa-00-1-768x377.jpg 768w\" sizes=\"auto, (max-width: 1080px) 100vw, 1080px\" \/><\/strong><\/p>\n<p><strong>Ime \/ Name<br \/>\n<\/strong>Selo \/ Ortschaft \u00bbSveta Nedjelja\u00ab<\/p>\n<p><strong>Code: <\/strong>SN-AA-00\u00a0 \u00a0 \u00a0 \u00a0 \u00a0 \u00a0 \u00a0 \u00a0 \u00a0 \u00a0 \u00a0 \u00a0 \u00a0<strong>\u00a0 \u00a0 \u00a0 \u00a0 \u00a0 \u00a0 \u00a0 \u00a0 \u00a0 \u00a0 \u00a0 \u00a0 \u00a0 <a href=\"https:\/\/www.topohvar.at\/orte\/sn\/\"><img loading=\"lazy\" decoding=\"async\" class=\"alignnone wp-image-535 size-full\" src=\"https:\/\/www.topohvar.at\/wp-content\/uploads\/2018\/07\/push-o-30.jpg\" alt=\"\" width=\"61\" height=\"30\" \/><\/a> <a href=\"https:\/\/www.topohvar.at\/orte\/sn\/sn-ai-01-1\/\"><img loading=\"lazy\" decoding=\"async\" class=\"alignnone wp-image-536 size-full\" src=\"https:\/\/www.topohvar.at\/wp-content\/uploads\/2018\/07\/push-r-30.jpg\" alt=\"\" width=\"61\" height=\"30\" \/><\/a> <a href=\"https:\/\/www.topohvar.at\/orte\/sn\/sn-au-10-1\/\"><img loading=\"lazy\" decoding=\"async\" class=\"alignnone wp-image-12299 size-full\" src=\"https:\/\/www.topohvar.at\/wp-content\/uploads\/2018\/09\/push-next-30.jpg\" alt=\"\" width=\"61\" height=\"30\" \/><\/a>\u00a0 \u00a0\u00a0<\/strong><\/p>\n<hr \/>\n<p><strong>Adresa \/ Adresse<br \/>\n<\/strong>Sveta Nedjelja<\/p>\n<p><strong>Lokacija \/ Position<a href=\"https:\/\/goo.gl\/maps\/jxFccechdkc815x66\"><img loading=\"lazy\" decoding=\"async\" class=\"alignright wp-image-12091\" src=\"https:\/\/www.topohvar.at\/wp-content\/uploads\/2018\/09\/0761.jpg\" alt=\"\" width=\"134\" height=\"100\" \/><\/a><br \/>\n<\/strong><span style=\"color: #3366ff;\"><a style=\"color: #3366ff;\" href=\"https:\/\/goo.gl\/maps\/jxFccechdkc815x66\">Latitude: N 43,13900\u00b0\u00a0 \u00a0 Longitude: E 16,58700\u00b0\u00a0<\/a><\/span><strong><br \/>\n<\/strong>Visina \/ H\u00f6he: 130 m<\/p>\n<p><strong>Katastarska \u010destica <\/strong><strong>\/ Grundst\u00fccke<br \/>\n<\/strong>&#8211; <div class='content-column one_half'><div style=\"padding-right:6px;\"><p><strong>Datum snimanja \/ Erfassungsdatum<br \/>\n<\/strong>01.01.2000 00:00:00<\/p>\n<hr \/>\n<p><strong>Informacije<\/strong><\/p>\n<p>Sveta Nedjelja (Nedilja), naselje udaljeno oko 12 km isto\u010dno od grada Hvara. Smje\u0161teno je na kosim i osun\u010danim obroncima otoka Hvara na kojima izvrsno uspijeva vinova loza, pa je mjesto poznato po proizvodnji kvalitetnoga vina. Podno starog naselja, uz samu obalu, nalazi se novo turisti\u010dko naselje Svete Nedjelje.<\/p><\/div><\/div><div class='content-column one_half last_column'><div style=\"padding-right:0px;padding-left:6px;\"><p><strong>Stupanj za\u0161tite<\/strong><strong> \/ Schutzstellung<br \/>\n<\/strong>&#8211;<\/p>\n<hr \/>\n<p><strong>Info<\/strong><\/p>\n<p>Sveta Nedjelja (Nedilja), ist ein Dorf etwa 12 km \u00f6stlich von der Stadt Hvar. Es liegt an den absch\u00fcssigen und sonnigen S\u00fcdh\u00e4ngen der Insel, wo ausgezeichnete Weinreben gedeihen, so dass der Ort f\u00fcr die Herstellung von Qualit\u00e4tswein bekannt ist. Unterhalb der alten Siedlung, liegt an der K\u00fcste der neue Ferienort Sveta Nedjelja.<\/p><\/div><\/div><div class='clear_column'><\/div><div class='content-column one_half'><div style=\"padding-right:6px;\"><p>U davna vremena, u sv. Nedilju se sa sjeverne strane otoka moglo do\u0107i samo poljskim putem, preko sv. Nikole. Naknadno je napravljen tunel Zavala-Pitve, koji je do nedavno bio jedina veza sa ostatkom Hvara. No, nedavno je probijena i makadamska (za sada) cesta koja spaja sv. Nedilju i uvalu Dubovicu, tj. ju\u017eni ulaz u tunel koji spaja gradove Hvar i Stari Grad, zbog \u010dega sv. Nedilja polako izlazi iz prometne izolacije.<\/p><\/div><\/div><div class='content-column one_half last_column'><div style=\"padding-right:0px;padding-left:6px;\"><p>In alten Zeiten konnte man Sveta Nedelja von der Nordseite der Insel nur auf einen Feldweg \u00fcber den Berg Sv. Nikola erreichen. Der Tunnel Zavala-Pitve wurde sp\u00e4ter errichtet und war bis vor kurzem die einzige Verbindung mit dem Rest der Insel Hvar. Allerdings verbindet (vorerst) eine Makadam-Stra\u00dfe Sveta Nedjelja mit der Bucht von Dubovica, dh. dem s\u00fcdlichen Eingang zum Tunnel, der die St\u00e4dte Hvar und Stari Grad verbindet, weshalb Sv. Nedjelja langsam aus der Isolation auftaucht.<\/p><\/div><\/div><div class='clear_column'><\/div><div class='content-column one_half'><div style=\"padding-right:6px;\"><p>U srcu sela su stare kamene ku\u0107e, koje se nalaze iznad novoizgra\u0111enih ku\u0107a, koliba i stanova. Danas je Sveta Nedjelja trajno naseljena sa oko 130 stanovnika.<\/p><\/div><\/div><div class='content-column one_half last_column'><div style=\"padding-right:0px;padding-left:6px;\"><p>Das Herz des Dorfes bilden alte Steinh\u00e4user, die sich oberhalb der neu errichteten H\u00e4user, H\u00fctten und Wohnungen befinden. Heute ist Sveta Nedjelja mit etwa 130 Einwohnern dauerhaft angesiedelt.<\/p><\/div><\/div><div class='clear_column'><\/div><\/p>\n<div id=\"attachment_37610\" style=\"width: 416px\" class=\"wp-caption aligncenter\"><img loading=\"lazy\" decoding=\"async\" aria-describedby=\"caption-attachment-37610\" class=\"wp-image-37610 size-full\" src=\"https:\/\/www.topohvar.at\/wp-content\/uploads\/2020\/05\/sn-aa-00-8.jpg\" alt=\"\" width=\"406\" height=\"300\" srcset=\"https:\/\/www.topohvar.at\/wp-content\/uploads\/2020\/05\/sn-aa-00-8.jpg 406w, https:\/\/www.topohvar.at\/wp-content\/uploads\/2020\/05\/sn-aa-00-8-300x222.jpg 300w\" sizes=\"auto, (max-width: 406px) 100vw, 406px\" \/><p id=\"caption-attachment-37610\" class=\"wp-caption-text\">Lambik \/ Rosmarinbrennerei<\/p><\/div>\n<div class='content-column one_half'><div style=\"padding-right:6px;\"><p>Mje\u0161tani Svete Nedjelje se bave vinogradarstvom, maslinarstvom, ribarstvom, \u017eanju lavandu i ruzmarin te u lambiku proizvode eteri\u010dna ulja, mje\u0161tani se tako\u0111er mnogo bave turizmom od \u010dega dobiju najve\u0107e prihode. Turizma \u010dak ima i tjekom zimskog vremena jer se Sveta Nedjelja nalazi podno najve\u0107eg vrha sv. Nikole pa turisti dolaze planinariti te se tako\u0111er u Svetoj Nedjelji nalazi i slobodno penjanje &#8222;\u0161uplja stina&#8220;. Jedan od najpoznatijih hrvatskih ali i svjetskih vinara,<\/p><\/div><\/div><div class='content-column one_half last_column'><div style=\"padding-right:0px;padding-left:6px;\"><p>Die Einheimischen von Sveta Nedjelja besch\u00e4ftigen sich mit Weinbau, Olivenanbau, Fischerei, Lavendel und Rosmarin, sowie mit ambischer Produkten \u00e4therischer \u00d6le. Die Einheimischen sind auch viel mit dem Tourismus besch\u00e4ftigt der das meiste Einkommen bringt. Tourismus gibt es sogar w\u00e4hrend der Winterzeit, denn Sveta Nedjelja liegt am Fu\u00dfe des h\u00f6chsten Gipfels Sv. Nikola und die Touristen kommen zum Wandern und Freiklettern in der Nebensaison.<\/p><\/div><\/div><div class='clear_column'><\/div><\/p>\n<p><img loading=\"lazy\" decoding=\"async\" class=\"aligncenter wp-image-52264 size-full\" src=\"https:\/\/www.topohvar.at\/wp-content\/uploads\/2021\/10\/sn-aa-00-11.jpg\" alt=\"\" width=\"1080\" height=\"530\" srcset=\"https:\/\/www.topohvar.at\/wp-content\/uploads\/2021\/10\/sn-aa-00-11.jpg 1080w, https:\/\/www.topohvar.at\/wp-content\/uploads\/2021\/10\/sn-aa-00-11-300x147.jpg 300w, https:\/\/www.topohvar.at\/wp-content\/uploads\/2021\/10\/sn-aa-00-11-1024x503.jpg 1024w, https:\/\/www.topohvar.at\/wp-content\/uploads\/2021\/10\/sn-aa-00-11-768x377.jpg 768w\" sizes=\"auto, (max-width: 1080px) 100vw, 1080px\" \/><\/p>\n<div class='content-column one_half'><div style=\"padding-right:6px;\"><p>Za\u0161titnik Svete Nedjelje je sv. Spiridon biskup, blagdan 14. Prosinca.<br \/>\nBlagdan, Gospa od Centure &#8211; Sv. Nedjelja 30.08.<\/p><\/div><\/div><div class='content-column one_half last_column'><div style=\"padding-right:0px;padding-left:6px;\"><p>Der Schutzpatron des Ortes ist der Heilige Bischof Spiridon. Sein Fest ist am 14. Dezember. Feiertag ist auch &#8211; Unsere Liebe Frau vom G\u00fcrtel &#8211; am 30. August<\/p><\/div><\/div><div class='clear_column'><\/div><div class='content-column one_half'><div style=\"padding-right:6px;\"><p>Zlatan Plenkovi\u0107 napravio je lu\u0107icu za brodove do 30 metara u kojoj se nalazi kafi\u0107, restaurant, dje\u010dje igrali\u0161te, bazen za djecu te pla\u017ea i prostor za kupanje.<\/p><\/div><\/div><div class='content-column one_half last_column'><div style=\"padding-right:0px;padding-left:6px;\"><p>Zlatan Plenkovi\u0107, Besitzer einer der bekanntesten Weinkellereien, hat einen Hafen f\u00fcr Boote bis zu 30 m L\u00e4nge geschaffen. Hier gibt es auch ein Caf\u00e9, ein Restaurant, einen Kinderspielplatz, ein Kinderbecken, einen Strand und einen Schwimmbereich.<\/div><\/div><div class='clear_column'><\/div><\/p>\n<p style=\"text-align: right;\"><span style=\"color: #3366ff;\"><a style=\"color: #3366ff;\" href=\"#seite_oben\">natrag na vrh \/ Seitenanfang<\/a><\/span><\/p>\n<hr \/>\n<p><strong>Linkovi \/ Links<\/strong><\/p>\n<p>&#8211;<\/p>\n","protected":false},"excerpt":{"rendered":"<p>Ime \/ Name Selo \/ Ortschaft \u00bbSveta Nedjelja\u00ab Code: SN-AA-00\u00a0 \u00a0 \u00a0 \u00a0 \u00a0 \u00a0 \u00a0 \u00a0 \u00a0 \u00a0 \u00a0 \u00a0 \u00a0\u00a0 \u00a0 \u00a0 \u00a0 \u00a0 \u00a0 \u00a0 \u00a0 \u00a0 \u00a0 \u00a0 \u00a0 \u00a0 \u00a0 \u00a0\u00a0 Adresa \/ Adresse Sveta &hellip; <a href=\"https:\/\/www.topohvar.at\/topo\/orte\/sn\/sn-aa-00-1\/\">Weiterlesen <span class=\"meta-nav\">&rarr;<\/span><\/a><\/p>\n","protected":false},"author":1,"featured_media":0,"parent":101,"menu_order":0,"comment_status":"closed","ping_status":"closed","template":"","meta":{"footnotes":""},"class_list":["post-12023","page","type-page","status-publish","hentry"],"_links":{"self":[{"href":"https:\/\/www.topohvar.at\/topo\/wp-json\/wp\/v2\/pages\/12023","targetHints":{"allow":["GET"]}}],"collection":[{"href":"https:\/\/www.topohvar.at\/topo\/wp-json\/wp\/v2\/pages"}],"about":[{"href":"https:\/\/www.topohvar.at\/topo\/wp-json\/wp\/v2\/types\/page"}],"author":[{"embeddable":true,"href":"https:\/\/www.topohvar.at\/topo\/wp-json\/wp\/v2\/users\/1"}],"replies":[{"embeddable":true,"href":"https:\/\/www.topohvar.at\/topo\/wp-json\/wp\/v2\/comments?post=12023"}],"version-history":[{"count":18,"href":"https:\/\/www.topohvar.at\/topo\/wp-json\/wp\/v2\/pages\/12023\/revisions"}],"predecessor-version":[{"id":60284,"href":"https:\/\/www.topohvar.at\/topo\/wp-json\/wp\/v2\/pages\/12023\/revisions\/60284"}],"up":[{"embeddable":true,"href":"https:\/\/www.topohvar.at\/topo\/wp-json\/wp\/v2\/pages\/101"}],"wp:attachment":[{"href":"https:\/\/www.topohvar.at\/topo\/wp-json\/wp\/v2\/media?parent=12023"}],"curies":[{"name":"wp","href":"https:\/\/api.w.org\/{rel}","templated":true}]}}