{"id":12025,"date":"2018-09-18T06:03:05","date_gmt":"2018-09-18T04:03:05","guid":{"rendered":"https:\/\/www.topohvar.at\/?page_id=12025"},"modified":"2021-12-09T10:00:50","modified_gmt":"2021-12-09T09:00:50","slug":"sn-tg-02-1","status":"publish","type":"page","link":"https:\/\/www.topohvar.at\/topo\/orte\/sn\/sn-tg-02-1\/","title":{"rendered":"SVETA NEDJELJA &#8211; Javna zgrada \u00bb\u0160kola\u00ab"},"content":{"rendered":"<p><a name=\"seite_oben\"><\/a><br \/>\n<strong><img loading=\"lazy\" decoding=\"async\" class=\"alignnone wp-image-12019 size-large\" src=\"https:\/\/www.topohvar.at\/wp-content\/uploads\/2018\/09\/sn-tg-02-0-1024x503.jpg\" alt=\"\" width=\"640\" height=\"314\" srcset=\"https:\/\/www.topohvar.at\/wp-content\/uploads\/2018\/09\/sn-tg-02-0-1024x503.jpg 1024w, https:\/\/www.topohvar.at\/wp-content\/uploads\/2018\/09\/sn-tg-02-0-300x147.jpg 300w, https:\/\/www.topohvar.at\/wp-content\/uploads\/2018\/09\/sn-tg-02-0-768x377.jpg 768w, https:\/\/www.topohvar.at\/wp-content\/uploads\/2018\/09\/sn-tg-02-0.jpg 1080w\" sizes=\"auto, (max-width: 640px) 100vw, 640px\" \/><\/strong><\/p>\n<p><strong>Ime \/ Name<br \/>\n<\/strong>Javna zgrada \u00bb\u0160kola\u00ab \/ Schulgeb\u00e4ude<\/p>\n<p><strong>Code: <\/strong>SN-TG-02\u00a0 \u00a0 \u00a0 \u00a0 \u00a0 \u00a0 \u00a0 \u00a0<strong>\u00a0 \u00a0 \u00a0 \u00a0 \u00a0 \u00a0 \u00a0 \u00a0 \u00a0 \u00a0 \u00a0 \u00a0 \u00a0 <a href=\"https:\/\/www.topohvar.at\/orte\/sn\/sn-tg-01-1\/\"><img loading=\"lazy\" decoding=\"async\" class=\"alignnone wp-image-533 size-full\" src=\"https:\/\/www.topohvar.at\/wp-content\/uploads\/2018\/07\/push-l-30.jpg\" alt=\"\" width=\"61\" height=\"30\" \/><\/a> <a href=\"https:\/\/www.topohvar.at\/orte\/sn\/\"><img loading=\"lazy\" decoding=\"async\" class=\"alignnone wp-image-535 size-full\" src=\"https:\/\/www.topohvar.at\/wp-content\/uploads\/2018\/07\/push-o-30.jpg\" alt=\"\" width=\"61\" height=\"30\" \/><\/a>\u00a0 \u00a0 \u00a0\u00a0<\/strong><\/p>\n<hr \/>\n<p><strong>Adresa \/ Adresse<br \/>\n<\/strong>Sveta Nedjelja,\u00a0Don Ante Me\u017enara 4<\/p>\n<p><strong>Lokacija <\/strong><strong>\/ Position<a href=\"https:\/\/goo.gl\/maps\/ejurE1SwKXjysteaA\"><img loading=\"lazy\" decoding=\"async\" class=\"alignright wp-image-12091\" src=\"https:\/\/www.topohvar.at\/wp-content\/uploads\/2018\/09\/0761.jpg\" alt=\"\" width=\"134\" height=\"100\" \/><\/a><br \/>\n<\/strong><span style=\"color: #3366ff;\"><a style=\"color: #3366ff;\" href=\"https:\/\/goo.gl\/maps\/ejurE1SwKXjysteaA\">Latitude: N 43,13909\u00b0\u00a0 \u00a0 Longitude: E 16,58757\u00b0\u00a0<\/a><\/span><strong><br \/>\n<\/strong>Visina \/ H\u00f6he: 132 m<\/p>\n<p><strong>Katastarska \u010destica<\/strong><strong> \/ Grundst\u00fccke<br \/>\n<\/strong>*29\u00a0<div class='content-column one_half'><div style=\"padding-right:6px;\"><p><strong>Datum snimanja \/ Erfassungsdatum<br \/>\n<\/strong>20.05.2014 17:45:27<\/p>\n<hr \/>\n<p><strong>Informacije<\/strong><\/p>\n<p>Javna &#8222;pomo\u0107na \u0161kola&#8220; postojala je u Svetoj Nedjelji od 1872. godine.<br \/>\nOd sredine 19. st. se osim glavnih osnovnih \u0161kola, koji je uglavnom imale \u010detiri razreda i postojale su u ve\u0107im naseljima, postupno osnivaju u samostalne, \u010de\u0161\u0107e pomo\u0107ne, javne \u0161kole u selima oko Hvara (Brusje 1844. g., Grablje 1878. g.), oko Staroga Grada (Dol 1876. g., Vrisnik 1864. g., Svir\u010de 1851. g.) i oko Jelse (Pitve 1864. g., Sv. Nedjelja 1872. g., Poljica 1905. g.,). itd.).<\/p><\/div><\/div><div class='content-column one_half last_column'><div style=\"padding-right:0px;padding-left:6px;\"><p><strong>Stupanj za\u0161tite<\/strong><strong> \/ Schutzstellung<br \/>\n<\/strong>&#8211;<\/p>\n<hr \/>\n<p><strong>Info<\/strong><\/p>\n<p>Eine \u00f6ffentliche \u201eHilfsschule\u201c gab es in Sveta Nedjelja ab dem Jahr 1872. Seit der Mitte des 19. Jahrhunderts entstanden, abgesehen von den Hauptgrundschulen in den gr\u00f6\u00dferen Orten die in der Regel vier Klassen hatten, allm\u00e4hlich unabh\u00e4ngige zus\u00e4tzliche \u00f6ffentliche Schulen in den D\u00f6rfern um Hvar (Brusje 1844, Grablje 1878), Stari Grad (Dol 1876, Vrisnik 1864, Svir\u010de 1851) und Jelsa (Pitve 1864, Sv. Nedjelja 1872, Poljica 1905 usw.).<\/p><\/div><\/div><div class='clear_column'><\/div><\/p>\n<p style=\"text-align: center;\"><em>(Izvor \/ Quelle: OTOK HVAR \u2013 Miro A. Mihovilovi\u0107 i suradnici)<\/em><\/p>\n<p><img loading=\"lazy\" decoding=\"async\" class=\"size-full wp-image-52271 aligncenter\" src=\"https:\/\/www.topohvar.at\/wp-content\/uploads\/2021\/10\/sn-tg-02-10.jpg\" alt=\"\" width=\"320\" height=\"237\" srcset=\"https:\/\/www.topohvar.at\/wp-content\/uploads\/2021\/10\/sn-tg-02-10.jpg 320w, https:\/\/www.topohvar.at\/wp-content\/uploads\/2021\/10\/sn-tg-02-10-300x222.jpg 300w\" sizes=\"auto, (max-width: 320px) 100vw, 320px\" \/><\/p>\n<p style=\"text-align: right;\"><span style=\"color: #3366ff;\"><a style=\"color: #3366ff;\" href=\"#seite_oben\">natrag na vrh \/ Seitenanfang<\/a><\/span><\/p>\n<hr \/>\n<p><strong>Linkovi \/ Links<\/strong><\/p>\n<p>&#8211;<\/p>\n","protected":false},"excerpt":{"rendered":"<p>Ime \/ Name Javna zgrada \u00bb\u0160kola\u00ab \/ Schulgeb\u00e4ude Code: SN-TG-02\u00a0 \u00a0 \u00a0 \u00a0 \u00a0 \u00a0 \u00a0 \u00a0\u00a0 \u00a0 \u00a0 \u00a0 \u00a0 \u00a0 \u00a0 \u00a0 \u00a0 \u00a0 \u00a0 \u00a0 \u00a0 \u00a0 \u00a0 \u00a0\u00a0 Adresa \/ Adresse Sveta Nedjelja,\u00a0Don Ante Me\u017enara 4 &hellip; <a href=\"https:\/\/www.topohvar.at\/topo\/orte\/sn\/sn-tg-02-1\/\">Weiterlesen <span class=\"meta-nav\">&rarr;<\/span><\/a><\/p>\n","protected":false},"author":1,"featured_media":0,"parent":101,"menu_order":0,"comment_status":"closed","ping_status":"closed","template":"","meta":{"footnotes":""},"class_list":["post-12025","page","type-page","status-publish","hentry"],"_links":{"self":[{"href":"https:\/\/www.topohvar.at\/topo\/wp-json\/wp\/v2\/pages\/12025","targetHints":{"allow":["GET"]}}],"collection":[{"href":"https:\/\/www.topohvar.at\/topo\/wp-json\/wp\/v2\/pages"}],"about":[{"href":"https:\/\/www.topohvar.at\/topo\/wp-json\/wp\/v2\/types\/page"}],"author":[{"embeddable":true,"href":"https:\/\/www.topohvar.at\/topo\/wp-json\/wp\/v2\/users\/1"}],"replies":[{"embeddable":true,"href":"https:\/\/www.topohvar.at\/topo\/wp-json\/wp\/v2\/comments?post=12025"}],"version-history":[{"count":12,"href":"https:\/\/www.topohvar.at\/topo\/wp-json\/wp\/v2\/pages\/12025\/revisions"}],"predecessor-version":[{"id":54954,"href":"https:\/\/www.topohvar.at\/topo\/wp-json\/wp\/v2\/pages\/12025\/revisions\/54954"}],"up":[{"embeddable":true,"href":"https:\/\/www.topohvar.at\/topo\/wp-json\/wp\/v2\/pages\/101"}],"wp:attachment":[{"href":"https:\/\/www.topohvar.at\/topo\/wp-json\/wp\/v2\/media?parent=12025"}],"curies":[{"name":"wp","href":"https:\/\/api.w.org\/{rel}","templated":true}]}}