{"id":12032,"date":"2018-09-18T06:08:46","date_gmt":"2018-09-18T04:08:46","guid":{"rendered":"https:\/\/www.topohvar.at\/?page_id=12032"},"modified":"2021-12-03T14:36:39","modified_gmt":"2021-12-03T13:36:39","slug":"sn-ci-01-1","status":"publish","type":"page","link":"https:\/\/www.topohvar.at\/topo\/orte\/sn\/sn-ci-01-1\/","title":{"rendered":"SVETA NEDJELJA &#8211; \u017dupna crkva \u00bbSv. \u0160piridijun\u00ab"},"content":{"rendered":"<p><a name=\"seite_oben\"><\/a><br \/>\n<strong><img loading=\"lazy\" decoding=\"async\" class=\"alignnone wp-image-11991 size-large\" src=\"https:\/\/www.topohvar.at\/wp-content\/uploads\/2018\/09\/SN-CI-01-0-1024x503.jpg\" alt=\"\" width=\"640\" height=\"314\" srcset=\"https:\/\/www.topohvar.at\/wp-content\/uploads\/2018\/09\/SN-CI-01-0-1024x503.jpg 1024w, https:\/\/www.topohvar.at\/wp-content\/uploads\/2018\/09\/SN-CI-01-0-300x147.jpg 300w, https:\/\/www.topohvar.at\/wp-content\/uploads\/2018\/09\/SN-CI-01-0-768x377.jpg 768w, https:\/\/www.topohvar.at\/wp-content\/uploads\/2018\/09\/SN-CI-01-0.jpg 1080w\" sizes=\"auto, (max-width: 640px) 100vw, 640px\" \/><\/strong><\/p>\n<p><strong>Ime \/ Name<br \/>\n<\/strong>\u017dupna crkva \u00bbSv. \u0160piridijun\u00ab \/ Pfarrkirche zum hl. Spiridon<\/p>\n<p><strong>Code: <\/strong>SN-CI-01\u00a0 \u00a0 \u00a0 \u00a0 \u00a0 \u00a0 \u00a0 \u00a0<strong>\u00a0 \u00a0 \u00a0 \u00a0 \u00a0 \u00a0 \u00a0\u00a0<a href=\"https:\/\/www.topohvar.at\/orte\/sn\/sn-ca-01-1\/\"><img loading=\"lazy\" decoding=\"async\" class=\"alignnone wp-image-533 size-full\" src=\"https:\/\/www.topohvar.at\/wp-content\/uploads\/2018\/07\/push-l-30.jpg\" alt=\"\" width=\"61\" height=\"30\" \/><\/a>\u00a0<a href=\"https:\/\/www.topohvar.at\/orte\/sn\/\"><img loading=\"lazy\" decoding=\"async\" class=\"alignnone wp-image-535 size-full\" src=\"https:\/\/www.topohvar.at\/wp-content\/uploads\/2018\/07\/push-o-30.jpg\" alt=\"\" width=\"61\" height=\"30\" \/><\/a>\u00a0<a href=\"https:\/\/www.topohvar.at\/orte\/sn\/sn-ck-02-1\/\"><img loading=\"lazy\" decoding=\"async\" class=\"alignnone wp-image-536 size-full\" src=\"https:\/\/www.topohvar.at\/wp-content\/uploads\/2018\/07\/push-r-30.jpg\" alt=\"\" width=\"61\" height=\"30\" \/><\/a><\/strong><\/p>\n<hr \/>\n<p><strong>Adresa \/ Adresse<br \/>\n<\/strong>Sveta Nedjelja,\u00a0Don Ante Me\u017enara 3<\/p>\n<p><strong>Lokacija \/ Position<a href=\"https:\/\/goo.gl\/maps\/MpfmHG12AxWqhYZe7\"><img loading=\"lazy\" decoding=\"async\" class=\"alignright wp-image-12100\" src=\"https:\/\/www.topohvar.at\/wp-content\/uploads\/2018\/09\/0743.jpg\" alt=\"\" width=\"134\" height=\"100\" \/><\/a><br \/>\n<\/strong><span style=\"color: #3366ff;\"><a style=\"color: #3366ff;\" href=\"https:\/\/goo.gl\/maps\/MpfmHG12AxWqhYZe7\">Latitude: N 43,13889\u00b0\u00a0 \u00a0 Longitude: E 16,58757\u00b0\u00a0<\/a><\/span><strong><br \/>\n<\/strong>Visina \/ H\u00f6he: 124 m<\/p>\n<p><strong>Katastarska \u010destica <\/strong><strong>\/ Grundst\u00fccke<br \/>\n<\/strong>*28 <div class='content-column one_half'><div style=\"padding-right:6px;\"><p><strong>Datum snimanja \/ Erfassungsdatum<br \/>\n<\/strong>20.05.2014 17:28:59<\/p>\n<hr \/>\n<p><strong>Informacije<\/strong><\/p>\n<p>Sagre\u0111a 1823. g. U ovoj crkvi nalazi se oltarna slika Sv. Jerolim u pustinji slikara Baldassara d&#8217;Anne (1572-1646). U crkivi je slika s raspelom, rad Jurja Plan\u010di\u0107a. \u017dupna crkva posve\u0107ena je Svetom Spiridiunu \u010diji se spomendan slavi (14. studenog).<\/p><\/div><\/div><div class='content-column one_half last_column'><div style=\"padding-right:0px;padding-left:6px;\"><p><strong>Stupanj za\u0161tite<\/strong><strong> \/ Schutzstellung<br \/>\n<\/strong>&#8211;<\/p>\n<hr \/>\n<p><strong>Info<\/strong><\/p>\n<p>Die Kirche wurde 1823 erbaut. In der Kirche finden sich ein Altarbild des hl. Hieronymus in der W\u00fcste des Malers Baldassare d&#8217;Anne (1572-1646) sowie ein Bild der Kreuzigung, eine Arbeit des bekannten kroatische K\u00fcnstlers Juraj Plan\u010di\u0107 (1899-1930). Die Pfarrkirche ist dem Heiligen Spiridon gewidmet, dessen Fest am 14. November gefeiert wird.<\/p><\/div><\/div><div class='clear_column'><\/div><div class='content-column one_half'><div style=\"padding-right:6px;\"><p>Za\u0161titnica Svete Nedjelje je Gospa od Centure koju mje\u0161tani \u0161tuju i koja \u010duva selo sveg zla, spomendan Gospi je uvijek Nedjelja iza svetog Augustina (28. kolovoz) \u010diji se kip tako\u0111er nalazi u mjesnoj crkvi. Na svetog Augustina se odr\u017eava procesija oko sela i na sv. misu do\u0111u svi sve\u0107enici sa otoka Hvara. Na Gospu od centure se tako\u0111er odvija procesiaj oko sele te uve\u010der bude fe\u0161ta na mjesnom trgu.<\/p><\/div><\/div><div class='content-column one_half last_column'><div style=\"padding-right:0px;padding-left:6px;\"><p>Der Schutzheilige von Sveta Nedjelja ist Unsere Frau vom G\u00fcrtel, die von den Einheimischen verehrt wird und die das Dorf von allem B\u00f6sen besch\u00fctzt. Das Fest der Jungfrau Maria ist immer am Sonntag nach Augustinus (28. August). Ihre Statue befindet sich in der Ortskirche. Zu St. Augustinus gibt es eine Prozession um das Dorf und eine hl. Messe mit allen Priestern der Insel Hvar. Zu \u201eUnserer Frau vom G\u00fcrtel\u201c gibt es auch eine Prozession um das Dorf, und am Abend eine Fest am Ortsplatz.<\/p><\/div><\/div><div class='clear_column'><\/div><\/p>\n<hr \/>\n<div class='content-column one_half'><div style=\"padding-right:6px;\"><p><strong>Sveti Spiridon<\/strong> (\u0160piro). Ro\u0111en je na Cipru 270. godine. \u017divio je u vrijeme cara Konstantina Velikog . Otac i majka su mu bili seljaci, jednostavni i prostodu\u0161ni, pa su i njega te vrline krasile cijeloga \u017eivota. U mladosti svojoj bio je skromni pastir, o\u017eenjen \u010destitom kr\u0161\u0107anskom djevojkom s kojom je imao i k\u0107erku Irenu.<\/p><\/div><\/div><div class='content-column one_half last_column'><div style=\"padding-right:0px;padding-left:6px;\"><p><strong>Der heilige Spiridon<\/strong> (\u0160piro). Er wurde im Jahr 270 in Zypern zur Zeit des Kaiser Konstantin des Gro\u00dfen geboren. Sein Vater und seine Mutter waren einfache, friedliche Bauern, und er lebte ihre Tugenden sein ganzes Leben lang. In seiner Jugend war er ein bescheidener Hirte, der mit einem t\u00fcchtigen christlichen M\u00e4dchen verheiratet war, mit dem er auch Tochter, Irena, hatte.<\/p><\/div><\/div><div class='clear_column'><\/div><div class='content-column one_half'><div style=\"padding-right:6px;\"><p>Kad mu je \u017eena umrla, on se potpuno posvetio Bogu kao i njegova k\u0107i. Izabrali su ga za biskupa u mjestu Trimitusu. Sudjelovao je na prvom koncilu u Niceji, i tu se istakao jasnim i jednostavnim ispovijedanjem prave vjere te mnoge odvratio od krivovjerja. Umro je 348. godine. Njegove se relikvije \u0161tuju na Krfu.<\/p><\/div><\/div><div class='content-column one_half last_column'><div style=\"padding-right:0px;padding-left:6px;\"><p>Als seine Frau starb, widmete er sich mehr Gott als seiner Tochter. Er wurde zum Bischof von Trimitus gew\u00e4hlt. Er nahm am ersten Konzil von Nizza teil und hob ein klares und einfaches Bekenntnis zum wahren Glaubens hervor und viele wendeten sich von der H\u00e4resie ab. Er starb im Jahr 348. Seine Reliquien werden in Korfu verehrt.<\/p><\/div><\/div><div class='clear_column'><\/div><\/p>\n<p style=\"text-align: right;\"><span style=\"color: #3366ff;\"><a style=\"color: #3366ff;\" href=\"#seite_oben\">natrag na vrh \/ Seitenanfang<\/a><\/span><\/p>\n<hr \/>\n<p><strong>Linkovi \/ Links<\/strong><\/p>\n<p>&#8211;<\/p>\n","protected":false},"excerpt":{"rendered":"<p>Ime \/ Name \u017dupna crkva \u00bbSv. \u0160piridijun\u00ab \/ Pfarrkirche zum hl. Spiridon Code: SN-CI-01\u00a0 \u00a0 \u00a0 \u00a0 \u00a0 \u00a0 \u00a0 \u00a0\u00a0 \u00a0 \u00a0 \u00a0 \u00a0 \u00a0 \u00a0\u00a0\u00a0\u00a0 Adresa \/ Adresse Sveta Nedjelja,\u00a0Don Ante Me\u017enara 3 Lokacija \/ Position Latitude: N &hellip; <a href=\"https:\/\/www.topohvar.at\/topo\/orte\/sn\/sn-ci-01-1\/\">Weiterlesen <span class=\"meta-nav\">&rarr;<\/span><\/a><\/p>\n","protected":false},"author":1,"featured_media":0,"parent":101,"menu_order":0,"comment_status":"closed","ping_status":"closed","template":"","meta":{"footnotes":""},"class_list":["post-12032","page","type-page","status-publish","hentry"],"_links":{"self":[{"href":"https:\/\/www.topohvar.at\/topo\/wp-json\/wp\/v2\/pages\/12032","targetHints":{"allow":["GET"]}}],"collection":[{"href":"https:\/\/www.topohvar.at\/topo\/wp-json\/wp\/v2\/pages"}],"about":[{"href":"https:\/\/www.topohvar.at\/topo\/wp-json\/wp\/v2\/types\/page"}],"author":[{"embeddable":true,"href":"https:\/\/www.topohvar.at\/topo\/wp-json\/wp\/v2\/users\/1"}],"replies":[{"embeddable":true,"href":"https:\/\/www.topohvar.at\/topo\/wp-json\/wp\/v2\/comments?post=12032"}],"version-history":[{"count":7,"href":"https:\/\/www.topohvar.at\/topo\/wp-json\/wp\/v2\/pages\/12032\/revisions"}],"predecessor-version":[{"id":54513,"href":"https:\/\/www.topohvar.at\/topo\/wp-json\/wp\/v2\/pages\/12032\/revisions\/54513"}],"up":[{"embeddable":true,"href":"https:\/\/www.topohvar.at\/topo\/wp-json\/wp\/v2\/pages\/101"}],"wp:attachment":[{"href":"https:\/\/www.topohvar.at\/topo\/wp-json\/wp\/v2\/media?parent=12032"}],"curies":[{"name":"wp","href":"https:\/\/api.w.org\/{rel}","templated":true}]}}