{"id":121,"date":"2018-07-22T11:16:46","date_gmt":"2018-07-22T09:16:46","guid":{"rendered":"https:\/\/www.topohvar.at\/?page_id=121"},"modified":"2024-06-12T17:23:55","modified_gmt":"2024-06-12T15:23:55","slug":"os","status":"publish","type":"page","link":"https:\/\/www.topohvar.at\/topo\/orte\/os\/","title":{"rendered":"Otok \u0160\u0107edro"},"content":{"rendered":"<hr \/>\n<p><a name=\"seite_oben\"><\/a><\/p>\n<p><strong>Odaberite kategoriju \/ W\u00e4hlen Sie eine Kategorie aus\u00a0 \u00a0 \u00a0 \u00a0 \u00a0 \u00a0 <img loading=\"lazy\" decoding=\"async\" class=\"alignnone size-medium wp-image-244\" src=\"https:\/\/www.topohvar.at\/wp-content\/uploads\/2018\/07\/icon-os-300x70.jpg\" alt=\"\" width=\"300\" height=\"70\" srcset=\"https:\/\/www.topohvar.at\/wp-content\/uploads\/2018\/07\/icon-os-300x70.jpg 300w, https:\/\/www.topohvar.at\/wp-content\/uploads\/2018\/07\/icon-os.jpg 600w\" sizes=\"auto, (max-width: 300px) 100vw, 300px\" \/><\/strong><\/p>\n<h4><span style=\"color: #0000ff;\"><a style=\"color: #0000ff;\" href=\"#aa\">Naselja \/ Siedlungen<\/a> \/\/ <a style=\"color: #0000ff;\" href=\"#ci\">Crkve \/ Kirchen<\/a> \/\/ <a style=\"color: #0000ff;\" href=\"#cp\">Kapele \/Kapellen<\/a> \/\/ <a style=\"color: #0000ff;\" href=\"#cs\">Kapelice \/Bildst\u00f6cke<\/a> \/\/ <a style=\"color: #0000ff;\" href=\"#cz\">Kri\u017eevi \/ Kreuze<\/a> \/\/ <a style=\"color: #0000ff;\" href=\"#in\">Natpisi \/ Inschriften<\/a> \/\/ <a style=\"color: #0000ff;\" href=\"#ip\">Plo\u010de \/ Tafeln<\/a> \/\/ <a style=\"color: #0000ff;\" href=\"#ir\">Reljefi\/ Reliefs<\/a> \/\/ <a style=\"color: #0000ff;\" href=\"#mo\">Skulpture \/ Skulpturen<\/a> \/\/ <a style=\"color: #0000ff;\" href=\"#ob\">Objekti \/ Objekte<\/a> \/\/ <a style=\"color: #0000ff;\" href=\"#td\">Utvrde\/ Festungen<\/a> \/\/ <a style=\"color: #0000ff;\" href=\"#tg\">Gra\u0111evine \/ Geb\u00e4ude<\/a> \/\/ <a style=\"color: #0000ff;\" href=\"#op\">Bunar i to\u010dka vode \/ Brunnen und Wasserstellen<\/a> \/\/\u00a0<a style=\"color: #0000ff;\" href=\"#tr\">Trimi \/ Trims<\/a> \/\/ <a style=\"color: #0000ff;\" href=\"#po\">Povijesne znamenitosti \/ historische Sehensw\u00fcrdigkeiten<\/a><\/span><\/h4>\n<p><a name=\"aa\"><\/a><\/p>\n<hr \/>\n<h2><strong><span style=\"color: #ff0000;\">Naselja, uvale \/ Siedlungen, Buchten<\/span><\/strong><\/h2>\n<p><strong><a href=\"https:\/\/www.topohvar.at\/orte\/os\/os-aa-01-1\/\"><img loading=\"lazy\" decoding=\"async\" class=\"alignleft wp-image-35928\" src=\"https:\/\/www.topohvar.at\/wp-content\/uploads\/2020\/04\/os-ao-10-1-300x147.jpg\" alt=\"\" width=\"114\" height=\"56\" srcset=\"https:\/\/www.topohvar.at\/wp-content\/uploads\/2020\/04\/os-ao-10-1-300x147.jpg 300w, https:\/\/www.topohvar.at\/wp-content\/uploads\/2020\/04\/os-ao-10-1-1024x503.jpg 1024w, https:\/\/www.topohvar.at\/wp-content\/uploads\/2020\/04\/os-ao-10-1-768x377.jpg 768w, https:\/\/www.topohvar.at\/wp-content\/uploads\/2020\/04\/os-ao-10-1.jpg 1080w\" sizes=\"auto, (max-width: 114px) 100vw, 114px\" \/><\/a>Otok \u0160\u010dedro<br \/>\n<\/strong>OS-AA-01 \/ Otok \u0160\u010dedro<\/p>\n<p><strong><a href=\"https:\/\/www.topohvar.at\/orte\/os\/os-aa-02-1\/\"><img loading=\"lazy\" decoding=\"async\" class=\"alignleft wp-image-387 size-full\" src=\"https:\/\/www.topohvar.at\/wp-content\/uploads\/2018\/07\/00-00-00-1.jpg\" alt=\"\" width=\"114\" height=\"56\" \/><\/a>Sekundario naselje \u00bbSton (Stan)\u00ab<br \/>\n<\/strong>OS-AA-02 \/ Otok \u0160\u010dedro, Ston<\/p>\n<p><strong><a href=\"https:\/\/www.topohvar.at\/topo\/orte\/os\/os-ai-01-1\/\"><img loading=\"lazy\" decoding=\"async\" class=\"alignleft wp-image-46257\" src=\"https:\/\/www.topohvar.at\/wp-content\/uploads\/2021\/02\/os-ai-01.jpg\" alt=\"\" width=\"114\" height=\"56\" srcset=\"https:\/\/www.topohvar.at\/wp-content\/uploads\/2021\/02\/os-ai-01.jpg 1080w, https:\/\/www.topohvar.at\/wp-content\/uploads\/2021\/02\/os-ai-01-300x147.jpg 300w, https:\/\/www.topohvar.at\/wp-content\/uploads\/2021\/02\/os-ai-01-1024x503.jpg 1024w, https:\/\/www.topohvar.at\/wp-content\/uploads\/2021\/02\/os-ai-01-768x377.jpg 768w\" sizes=\"auto, (max-width: 114px) 100vw, 114px\" \/><\/a>Otok \u0160\u0107edro &#8211; Nazivi mjesta i podru\u010dja<br \/>\n<\/strong>OS-AI-01 \/ Otok \u0160\u010dedro<\/p>\n<hr \/>\n<p><strong><a href=\"https:\/\/www.topohvar.at\/orte\/os\/os-au-10-1\/\"><img loading=\"lazy\" decoding=\"async\" class=\"alignleft wp-image-35795\" src=\"https:\/\/www.topohvar.at\/wp-content\/uploads\/2020\/04\/os-au-10-300x147.jpg\" alt=\"\" width=\"114\" height=\"56\" srcset=\"https:\/\/www.topohvar.at\/wp-content\/uploads\/2020\/04\/os-au-10-300x147.jpg 300w, https:\/\/www.topohvar.at\/wp-content\/uploads\/2020\/04\/os-au-10.jpg 640w\" sizes=\"auto, (max-width: 114px) 100vw, 114px\" \/><\/a>Uvale \u00bbna sjevernoj strani otoka\u00ab<br \/>\n<\/strong>OS-AU-10\/38 \/ Otok \u0160\u010dedro<\/p>\n<p><strong><a href=\"https:\/\/www.topohvar.at\/orte\/os\/os-au-30-1\/\"><img loading=\"lazy\" decoding=\"async\" class=\"alignleft wp-image-35796\" src=\"https:\/\/www.topohvar.at\/wp-content\/uploads\/2020\/04\/os-au-30-300x147.jpg\" alt=\"\" width=\"114\" height=\"56\" srcset=\"https:\/\/www.topohvar.at\/wp-content\/uploads\/2020\/04\/os-au-30-300x147.jpg 300w, https:\/\/www.topohvar.at\/wp-content\/uploads\/2020\/04\/os-au-30.jpg 640w\" sizes=\"auto, (max-width: 114px) 100vw, 114px\" \/><\/a>Uvale \u00bbna ju\u017enoj strani otoka\u00ab<br \/>\n<\/strong>OS-AU-40\/54 \/ Otok \u0160\u010dedro<\/p>\n<p><strong><a href=\"https:\/\/www.topohvar.at\/orte\/os\/os-ar-10-1\/\"><img loading=\"lazy\" decoding=\"async\" class=\"alignleft wp-image-35795\" src=\"https:\/\/www.topohvar.at\/wp-content\/uploads\/2020\/04\/os-au-10-300x147.jpg\" alt=\"\" width=\"114\" height=\"56\" srcset=\"https:\/\/www.topohvar.at\/wp-content\/uploads\/2020\/04\/os-au-10-300x147.jpg 300w, https:\/\/www.topohvar.at\/wp-content\/uploads\/2020\/04\/os-au-10.jpg 640w\" sizes=\"auto, (max-width: 114px) 100vw, 114px\" \/><\/a>Rtovi \u00bbna sjevernoj strani otoka\u00ab<br \/>\n<\/strong>OS-AR-10\/14 \/ Otok \u0160\u010dedro<\/p>\n<p style=\"text-align: right;\"><span style=\"color: #3366ff;\"><a style=\"color: #3366ff;\" href=\"#seite_oben\">natrag na vrh \/ Seitenanfang<\/a><\/span><\/p>\n<p><a name=\"ci\"><\/a><\/p>\n<hr \/>\n<h2><strong><span style=\"color: #ff0000;\">Crkve \/ Kirchen<\/span><\/strong><\/h2>\n<p><strong><a href=\"https:\/\/www.topohvar.at\/orte\/os\/os-ca-01-1\/\"><img loading=\"lazy\" decoding=\"async\" class=\"alignleft wp-image-12849\" src=\"https:\/\/www.topohvar.at\/wp-content\/uploads\/2018\/10\/OS-ca-01-0-1024x503.jpg\" alt=\"\" width=\"114\" height=\"56\" srcset=\"https:\/\/www.topohvar.at\/wp-content\/uploads\/2018\/10\/OS-ca-01-0-1024x503.jpg 1024w, https:\/\/www.topohvar.at\/wp-content\/uploads\/2018\/10\/OS-ca-01-0-300x147.jpg 300w, https:\/\/www.topohvar.at\/wp-content\/uploads\/2018\/10\/OS-ca-01-0-768x377.jpg 768w, https:\/\/www.topohvar.at\/wp-content\/uploads\/2018\/10\/OS-ca-01-0.jpg 1080w\" sizes=\"auto, (max-width: 114px) 100vw, 114px\" \/><\/a>Biv\u0161i Dominikanski samostan<br \/>\n<\/strong>OS-CA-01 \/ Otok \u0160\u010dedro, Uvala Mostira<\/p>\n<p><strong><a href=\"https:\/\/www.topohvar.at\/orte\/os\/os-ci-01-1\/\"><img loading=\"lazy\" decoding=\"async\" class=\"alignleft wp-image-12850\" src=\"https:\/\/www.topohvar.at\/wp-content\/uploads\/2018\/10\/OS-ci-01-0-1024x503.jpg\" alt=\"\" width=\"114\" height=\"56\" srcset=\"https:\/\/www.topohvar.at\/wp-content\/uploads\/2018\/10\/OS-ci-01-0-1024x503.jpg 1024w, https:\/\/www.topohvar.at\/wp-content\/uploads\/2018\/10\/OS-ci-01-0-300x147.jpg 300w, https:\/\/www.topohvar.at\/wp-content\/uploads\/2018\/10\/OS-ci-01-0-768x377.jpg 768w, https:\/\/www.topohvar.at\/wp-content\/uploads\/2018\/10\/OS-ci-01-0.jpg 1080w\" sizes=\"auto, (max-width: 114px) 100vw, 114px\" \/><\/a>Crkva \u00bbSv. Marije od Milosr\u0111a\u00ab<br \/>\n<\/strong>OS-CI-01 \/ Otok \u0160\u010dedro, Uvala Mostira, samostan dominikanaca<\/p>\n<p style=\"text-align: right;\"><span style=\"color: #3366ff;\"><a style=\"color: #3366ff;\" href=\"#seite_oben\">natrag na vrh \/ Seitenanfang<\/a><\/span><\/p>\n<p><a name=\"cp\"><\/a><\/p>\n<hr \/>\n<h2><strong><span style=\"color: #ff0000;\">Kapele \/Kapellen<\/span><\/strong><\/h2>\n<p>Bez objekata \/ kein Eintrag<\/p>\n<p style=\"text-align: right;\"><span style=\"color: #3366ff;\"><a style=\"color: #3366ff;\" href=\"#seite_oben\">natrag na vrh \/ Seitenanfang<\/a><\/span><\/p>\n<p><a name=\"cs\"><\/a><\/p>\n<hr \/>\n<h2><strong><span style=\"color: #ff0000;\">Kapelice \/Bildst\u00f6cke<\/span><\/strong><\/h2>\n<p>Bez objekata \/ kein Eintrag<\/p>\n<p style=\"text-align: right;\"><a href=\"#seite_oben\"><span style=\"color: #3366ff;\">natrag na vrh \/ Seitenanfang<\/span><\/a><\/p>\n<p><a name=\"cz\"><\/a><\/p>\n<hr \/>\n<h2><strong><span style=\"color: #ff0000;\">Kri\u017eevi \/ Kreuze<\/span><\/strong><\/h2>\n<p>Bez objekata \/ kein Eintrag<\/p>\n<p style=\"text-align: right;\"><a href=\"#seite_oben\"><span style=\"color: #3366ff;\">natrag na vrh \/ Seitenanfang<\/span><\/a><\/p>\n<p><a name=\"in\"><\/a><\/p>\n<hr \/>\n<h2><strong><span style=\"color: #ff0000;\">Natpisi\/ Inschriften<\/span><\/strong><\/h2>\n<p>Bez objekata \/ kein Eintrag<\/p>\n<p style=\"text-align: right;\"><a href=\"#seite_oben\"><span style=\"color: #3366ff;\">natrag na vrh \/ Seitenanfang<\/span><\/a><\/p>\n<p><a name=\"ip\"><\/a><\/p>\n<hr \/>\n<h2><strong><span style=\"color: #ff0000;\">Plo\u010de \/ Tafeln<\/span><\/strong><\/h2>\n<p><strong><a href=\"https:\/\/www.topohvar.at\/orte\/os\/os-ip-01-1\/\"><img loading=\"lazy\" decoding=\"async\" class=\"alignleft wp-image-35922\" src=\"https:\/\/www.topohvar.at\/wp-content\/uploads\/2020\/04\/os-ip-01-1-300x147.jpg\" alt=\"\" width=\"114\" height=\"56\" srcset=\"https:\/\/www.topohvar.at\/wp-content\/uploads\/2020\/04\/os-ip-01-1-300x147.jpg 300w, https:\/\/www.topohvar.at\/wp-content\/uploads\/2020\/04\/os-ip-01-1-1024x503.jpg 1024w, https:\/\/www.topohvar.at\/wp-content\/uploads\/2020\/04\/os-ip-01-1-768x377.jpg 768w, https:\/\/www.topohvar.at\/wp-content\/uploads\/2020\/04\/os-ip-01-1.jpg 1080w\" sizes=\"auto, (max-width: 114px) 100vw, 114px\" \/><\/a>Informativna plo\u010da \u00bbZna\u010dajni krajobraz \u0160\u0107edro\u00ab<br \/>\n<\/strong>OS-IP-01 \/ Otok \u0160\u010dedro<\/p>\n<p style=\"text-align: right;\"><span style=\"color: #3366ff;\"><a style=\"color: #3366ff;\" href=\"#seite_oben\">natrag na vrh \/ Seitenanfang<\/a><\/span><\/p>\n<p><a name=\"ir\"><\/a><\/p>\n<hr \/>\n<h2><strong><span style=\"color: #ff0000;\">Reljefi \/ Reliefs<\/span><\/strong><\/h2>\n<p>Bez objekata \/ kein Eintrag<\/p>\n<p style=\"text-align: right;\"><span style=\"color: #3366ff;\"><a style=\"color: #3366ff;\" href=\"#seite_oben\">natrag na vrh \/ Seitenanfang<\/a><\/span><\/p>\n<p><a name=\"mo\"><\/a><\/p>\n<hr \/>\n<h2><strong><span style=\"color: #ff0000;\">S<\/span><\/strong><strong><span style=\"color: #ff0000;\">pomenici, skulpture \/ Monumente, Skulpturen<\/span><\/strong><\/h2>\n<p>Bez objekata \/ kein Eintrag<\/p>\n<p style=\"text-align: right;\"><a href=\"#seite_oben\"><span style=\"color: #3366ff;\">natrag na vrh \/ Seitenanfang<\/span><\/a><\/p>\n<p><a name=\"ob\"><\/a><\/p>\n<hr \/>\n<h2><strong><span style=\"color: #ff0000;\">Objekti \/ Objekte<\/span><\/strong><\/h2>\n<p><strong><a href=\"https:\/\/www.topohvar.at\/orte\/os\/os-os-01-1\/\"><img loading=\"lazy\" decoding=\"async\" class=\"alignleft wp-image-12851\" src=\"https:\/\/www.topohvar.at\/wp-content\/uploads\/2018\/10\/os-os-01-0-1024x503.jpg\" alt=\"\" width=\"114\" height=\"56\" srcset=\"https:\/\/www.topohvar.at\/wp-content\/uploads\/2018\/10\/os-os-01-0-1024x503.jpg 1024w, https:\/\/www.topohvar.at\/wp-content\/uploads\/2018\/10\/os-os-01-0-300x147.jpg 300w, https:\/\/www.topohvar.at\/wp-content\/uploads\/2018\/10\/os-os-01-0-768x377.jpg 768w, https:\/\/www.topohvar.at\/wp-content\/uploads\/2018\/10\/os-os-01-0.jpg 1080w\" sizes=\"auto, (max-width: 114px) 100vw, 114px\" \/><\/a>Objekt \u00bbSvjetionik Rt Pod\u0161\u0107edro\u00ab<br \/>\n<\/strong>OS-OS-01 \/ Otok \u0160\u010dedro, Rt Pod\u0161\u0107edro<\/p>\n<p><strong><a href=\"https:\/\/www.topohvar.at\/orte\/os\/os-os-02-1\/\"><img loading=\"lazy\" decoding=\"async\" class=\"alignleft wp-image-35997\" src=\"https:\/\/www.topohvar.at\/wp-content\/uploads\/2020\/04\/os-os-02-1-300x147.jpg\" alt=\"\" width=\"114\" height=\"56\" srcset=\"https:\/\/www.topohvar.at\/wp-content\/uploads\/2020\/04\/os-os-02-1-300x147.jpg 300w, https:\/\/www.topohvar.at\/wp-content\/uploads\/2020\/04\/os-os-02-1.jpg 640w\" sizes=\"auto, (max-width: 114px) 100vw, 114px\" \/><\/a>Objekt \u00bbSvjetionik L. Lovi\u0161\u0107e (Rt Gornje Kurilo)\u00ab<br \/>\n<\/strong>OS-OS-02 \/ Otok \u0160\u010dedro, L. Lovi\u0161\u0107e<\/p>\n<hr \/>\n<p><strong><a href=\"https:\/\/www.topohvar.at\/orte\/os\/os-pk-01-1\/\"><img loading=\"lazy\" decoding=\"async\" class=\"alignleft wp-image-12852\" src=\"https:\/\/www.topohvar.at\/wp-content\/uploads\/2018\/10\/os-pk-01-0-1024x503.jpg\" alt=\"\" width=\"114\" height=\"56\" srcset=\"https:\/\/www.topohvar.at\/wp-content\/uploads\/2018\/10\/os-pk-01-0-1024x503.jpg 1024w, https:\/\/www.topohvar.at\/wp-content\/uploads\/2018\/10\/os-pk-01-0-300x147.jpg 300w, https:\/\/www.topohvar.at\/wp-content\/uploads\/2018\/10\/os-pk-01-0-768x377.jpg 768w, https:\/\/www.topohvar.at\/wp-content\/uploads\/2018\/10\/os-pk-01-0.jpg 1080w\" sizes=\"auto, (max-width: 114px) 100vw, 114px\" \/><\/a>Nepokretno kulturno dobro \u00bbUvala Rake\u00ab<br \/>\n<\/strong>OS-PK-01 \/ Otok \u0160\u010dedro, Uvala L. Lovi\u0161\u0107e, Uvala Rake<\/p>\n<p style=\"text-align: right;\"><span style=\"color: #3366ff;\"><a style=\"color: #3366ff;\" href=\"#seite_oben\">natrag na vrh \/ Seitenanfang<\/a><\/span><\/p>\n<p><a name=\"td\"><\/a><\/p>\n<hr \/>\n<h2><strong><span style=\"color: #ff0000;\">Utvrde \/ Festungen<\/span><\/strong><\/h2>\n<p>Bez objekata \/ kein Eintrag<\/p>\n<p style=\"text-align: right;\"><a href=\"#seite_oben\"><span style=\"color: #3366ff;\">natrag na vrh \/ Seitenanfang<\/span><\/a><\/p>\n<p><a name=\"tg\"><\/a><\/p>\n<hr \/>\n<h2><strong><span style=\"color: #ff0000;\">Gra\u0111evine \/ Geb\u00e4ude<\/span><\/strong><\/h2>\n<p>Bez objekata \/ kein Eintrag<\/p>\n<p style=\"text-align: right;\"><span style=\"color: #3366ff;\"><a style=\"color: #3366ff;\" href=\"#seite_oben\">natrag na vrh \/ Seitenanfang<\/a><\/span><\/p>\n<p><a name=\"op\"><\/a><\/p>\n<hr \/>\n<h2><strong><span style=\"color: #ff0000;\">Bunar i to\u010dka vode \/ Brunnen und Wasserstellen<\/span><\/strong><\/h2>\n<p><strong><a href=\"https:\/\/www.topohvar.at\/orte\/os\/os-op-00-1\/\"><img loading=\"lazy\" decoding=\"async\" class=\"alignleft wp-image-45793 size-full\" src=\"https:\/\/www.topohvar.at\/wp-content\/uploads\/2020\/11\/raster1.jpg\" alt=\"\" width=\"114\" height=\"56\" \/><\/a>Popis cisterni i bunara<br \/>\n<\/strong>Otok \u0160\u010dedro<\/p>\n<hr \/>\n<p><strong><a href=\"https:\/\/www.topohvar.at\/orte\/os\/os-op-00-0\/\"><img loading=\"lazy\" decoding=\"async\" class=\"alignleft wp-image-68619\" src=\"https:\/\/www.topohvar.at\/wp-content\/uploads\/2024\/06\/os-op-00-2024-05-300x202.jpg\" alt=\"\" width=\"114\" height=\"77\" srcset=\"https:\/\/www.topohvar.at\/wp-content\/uploads\/2024\/06\/os-op-00-2024-05-300x202.jpg 300w, https:\/\/www.topohvar.at\/wp-content\/uploads\/2024\/06\/os-op-00-2024-05-1024x691.jpg 1024w, https:\/\/www.topohvar.at\/wp-content\/uploads\/2024\/06\/os-op-00-2024-05-768x518.jpg 768w, https:\/\/www.topohvar.at\/wp-content\/uploads\/2024\/06\/os-op-00-2024-05-1536x1037.jpg 1536w, https:\/\/www.topohvar.at\/wp-content\/uploads\/2024\/06\/os-op-00-2024-05.jpg 1858w\" sizes=\"auto, (max-width: 114px) 100vw, 114px\" \/><\/a>Bunari, cisterne i to\u010dke za vodu \u2013 detaljno<br \/>\n<\/strong>OS-OP-01\/22 \/ Otok \u0160\u010dedro<\/p>\n<p style=\"text-align: right;\"><span style=\"color: #3366ff;\"><a style=\"color: #3366ff;\" href=\"#seite_oben\">natrag na vrh \/ Seitenanfang<\/a><\/span><\/p>\n<p><a name=\"tr\"><\/a><\/p>\n<hr \/>\n<h2><strong><span style=\"color: #ff0000;\">Trimi \/ Trims<\/span><\/strong><\/h2>\n<p>Bez objekata \/ kein Eintrag<\/p>\n<p style=\"text-align: right;\"><span style=\"color: #3366ff;\"><a style=\"color: #3366ff;\" href=\"#seite_oben\">natrag na vrh \/ Seitenanfang<\/a><\/span><\/p>\n<p><a name=\"po\"><\/a><\/p>\n<hr \/>\n<h2><strong><span style=\"color: #ff0000;\">Povijesne znamenitosti \/ historisches<\/span><\/strong><\/h2>\n<p><strong><a href=\"https:\/\/www.topohvar.at\/orte\/os\/os-po-00-1\/\"><img loading=\"lazy\" decoding=\"async\" class=\"alignleft wp-image-387 size-full\" src=\"https:\/\/www.topohvar.at\/wp-content\/uploads\/2018\/07\/00-00-00-1.jpg\" alt=\"\" width=\"114\" height=\"56\" \/><\/a>Popis arheolo\u0161kih nalazi\u0161ta<br \/>\n<\/strong>OS-PO-00 \/ Otok \u0160\u010dedro<\/p>\n<p><strong><a href=\"https:\/\/www.topohvar.at\/orte\/os\/os-po-01-1\/\"><img loading=\"lazy\" decoding=\"async\" class=\"alignleft wp-image-12853\" src=\"https:\/\/www.topohvar.at\/wp-content\/uploads\/2018\/10\/os-po-01-0-1024x503.jpg\" alt=\"\" width=\"114\" height=\"56\" srcset=\"https:\/\/www.topohvar.at\/wp-content\/uploads\/2018\/10\/os-po-01-0-1024x503.jpg 1024w, https:\/\/www.topohvar.at\/wp-content\/uploads\/2018\/10\/os-po-01-0-300x147.jpg 300w, https:\/\/www.topohvar.at\/wp-content\/uploads\/2018\/10\/os-po-01-0-768x377.jpg 768w, https:\/\/www.topohvar.at\/wp-content\/uploads\/2018\/10\/os-po-01-0.jpg 1080w\" sizes=\"auto, (max-width: 114px) 100vw, 114px\" \/><\/a>Anti\u010dko nazali\u0161te \u00bbBitka 47. pr. Kr.\u00ab<br \/>\n<\/strong>OS-PO-01 \/ \u0160\u0107edrovski kanal<\/p>\n<p><strong><a href=\"https:\/\/www.topohvar.at\/orte\/os\/os-pv-01-1\/\"><img loading=\"lazy\" decoding=\"async\" class=\"alignleft wp-image-33481\" src=\"https:\/\/www.topohvar.at\/wp-content\/uploads\/2020\/03\/os-pv-01-10-300x147.jpg\" alt=\"\" width=\"114\" height=\"56\" srcset=\"https:\/\/www.topohvar.at\/wp-content\/uploads\/2020\/03\/os-pv-01-10-300x147.jpg 300w, https:\/\/www.topohvar.at\/wp-content\/uploads\/2020\/03\/os-pv-01-10.jpg 640w\" sizes=\"auto, (max-width: 114px) 100vw, 114px\" \/><\/a>Povodni Arheolo\u0161ki lokalitet \u00bbanti\u010dki brodolom\u00ab<br \/>\n<\/strong>OS-PV-01 \/ \u0160\u0107edrovski kanal<\/p>\n<p><strong><a href=\"https:\/\/www.topohvar.at\/orte\/os\/os-pg-01-1\/\"><img loading=\"lazy\" decoding=\"async\" class=\"alignleft wp-image-19455\" src=\"https:\/\/www.topohvar.at\/wp-content\/uploads\/2019\/01\/os-pg-01-1-1024x503.jpg\" alt=\"\" width=\"114\" height=\"56\" \/><\/a>Ilirske gomile \u00bbKadunje gomile\u00ab<br \/>\n<\/strong>OS-PG-01 \/ Otok \u0160\u010dedro<\/p>\n<p><strong><a href=\"https:\/\/www.topohvar.at\/orte\/os\/os-po-02-1\/\"><img loading=\"lazy\" decoding=\"async\" class=\"alignleft wp-image-33461\" src=\"https:\/\/www.topohvar.at\/wp-content\/uploads\/2020\/03\/os-po-02-1-300x147.jpg\" alt=\"\" width=\"114\" height=\"56\" srcset=\"https:\/\/www.topohvar.at\/wp-content\/uploads\/2020\/03\/os-po-02-1-300x147.jpg 300w, https:\/\/www.topohvar.at\/wp-content\/uploads\/2020\/03\/os-po-02-1.jpg 640w\" sizes=\"auto, (max-width: 114px) 100vw, 114px\" \/><\/a>Anti\u010dko nazali\u0161te \u00bbOstaci anti\u010dke arhitekture\u00ab<br \/>\n<\/strong>OS-PO-02 \/ Otok \u0160\u010dedro, uvala Rake<\/p>\n<p style=\"text-align: right;\"><span style=\"color: #3366ff;\"><a style=\"color: #3366ff;\" href=\"#seite_oben\">natrag na vrh \/ Seitenanfang<\/a><\/span><\/p>\n","protected":false},"excerpt":{"rendered":"<p>Odaberite kategoriju \/ W\u00e4hlen Sie eine Kategorie aus\u00a0 \u00a0 \u00a0 \u00a0 \u00a0 \u00a0 Naselja \/ Siedlungen \/\/ Crkve \/ Kirchen \/\/ Kapele \/Kapellen \/\/ Kapelice \/Bildst\u00f6cke \/\/ Kri\u017eevi \/ Kreuze \/\/ Natpisi \/ Inschriften \/\/ Plo\u010de \/ Tafeln \/\/ Reljefi\/ &hellip; <a href=\"https:\/\/www.topohvar.at\/topo\/orte\/os\/\">Weiterlesen <span class=\"meta-nav\">&rarr;<\/span><\/a><\/p>\n","protected":false},"author":1,"featured_media":0,"parent":19357,"menu_order":0,"comment_status":"closed","ping_status":"closed","template":"","meta":{"footnotes":""},"class_list":["post-121","page","type-page","status-publish","hentry"],"_links":{"self":[{"href":"https:\/\/www.topohvar.at\/topo\/wp-json\/wp\/v2\/pages\/121","targetHints":{"allow":["GET"]}}],"collection":[{"href":"https:\/\/www.topohvar.at\/topo\/wp-json\/wp\/v2\/pages"}],"about":[{"href":"https:\/\/www.topohvar.at\/topo\/wp-json\/wp\/v2\/types\/page"}],"author":[{"embeddable":true,"href":"https:\/\/www.topohvar.at\/topo\/wp-json\/wp\/v2\/users\/1"}],"replies":[{"embeddable":true,"href":"https:\/\/www.topohvar.at\/topo\/wp-json\/wp\/v2\/comments?post=121"}],"version-history":[{"count":40,"href":"https:\/\/www.topohvar.at\/topo\/wp-json\/wp\/v2\/pages\/121\/revisions"}],"predecessor-version":[{"id":68621,"href":"https:\/\/www.topohvar.at\/topo\/wp-json\/wp\/v2\/pages\/121\/revisions\/68621"}],"up":[{"embeddable":true,"href":"https:\/\/www.topohvar.at\/topo\/wp-json\/wp\/v2\/pages\/19357"}],"wp:attachment":[{"href":"https:\/\/www.topohvar.at\/topo\/wp-json\/wp\/v2\/media?parent=121"}],"curies":[{"name":"wp","href":"https:\/\/api.w.org\/{rel}","templated":true}]}}