{"id":1214,"date":"2018-07-29T08:06:11","date_gmt":"2018-07-29T06:06:11","guid":{"rendered":"https:\/\/www.topohvar.at\/?page_id=1214"},"modified":"2021-12-08T06:36:40","modified_gmt":"2021-12-08T05:36:40","slug":"br-tg-04-2","status":"publish","type":"page","link":"https:\/\/www.topohvar.at\/topo\/orte\/br\/br-tg-04-2\/","title":{"rendered":"BRUSJE &#8211; Ku\u0107a \u00bbHure\u00ab"},"content":{"rendered":"<p><a name=\"seite_oben\"><\/a><br \/>\n<strong><img loading=\"lazy\" decoding=\"async\" class=\"alignnone wp-image-1217 size-large\" src=\"https:\/\/www.topohvar.at\/wp-content\/uploads\/2018\/07\/BR-TG-04-1-1024x768.jpg\" alt=\"\" width=\"640\" height=\"480\" srcset=\"https:\/\/www.topohvar.at\/wp-content\/uploads\/2018\/07\/BR-TG-04-1-1024x768.jpg 1024w, https:\/\/www.topohvar.at\/wp-content\/uploads\/2018\/07\/BR-TG-04-1-300x225.jpg 300w, https:\/\/www.topohvar.at\/wp-content\/uploads\/2018\/07\/BR-TG-04-1-768x576.jpg 768w, https:\/\/www.topohvar.at\/wp-content\/uploads\/2018\/07\/BR-TG-04-1.jpg 1440w\" sizes=\"auto, (max-width: 640px) 100vw, 640px\" \/><\/strong><\/p>\n<p><strong>Ime \/ Name<br \/>\n<\/strong>Ku\u0107a \u00bbHure\u00ab \/ Haus \u00bbHure\u00ab<\/p>\n<p><strong>Code: <\/strong>BR-TG-04\u00a0 \u00a0 \u00a0 \u00a0 \u00a0 \u00a0 \u00a0 \u00a0 \u00a0 \u00a0 \u00a0 \u00a0 \u00a0 \u00a0 \u00a0 \u00a0 \u00a0 \u00a0\u00a0<strong><a href=\"https:\/\/www.topohvar.at\/orte\/br\/br-tg-03-2\/\"><img loading=\"lazy\" decoding=\"async\" class=\"alignnone wp-image-12300 size-full\" src=\"https:\/\/www.topohvar.at\/wp-content\/uploads\/2018\/09\/push-vor-30.jpg\" alt=\"\" width=\"61\" height=\"30\" \/><\/a>\u00a0<a href=\"https:\/\/www.topohvar.at\/orte\/br\/br-tg-10-2\/\"><img loading=\"lazy\" decoding=\"async\" class=\"alignnone wp-image-533 size-full\" src=\"https:\/\/www.topohvar.at\/wp-content\/uploads\/2018\/07\/push-l-30.jpg\" alt=\"\" width=\"61\" height=\"30\" \/><\/a> <a href=\"https:\/\/www.topohvar.at\/orte\/br\/\"><img loading=\"lazy\" decoding=\"async\" class=\"alignnone wp-image-535 size-full\" src=\"https:\/\/www.topohvar.at\/wp-content\/uploads\/2018\/07\/push-o-30.jpg\" alt=\"\" width=\"61\" height=\"30\" \/><\/a> <a href=\"https:\/\/www.topohvar.at\/orte\/br\/br-tg-05-2\/\"><img loading=\"lazy\" decoding=\"async\" class=\"alignnone wp-image-536 size-full\" src=\"https:\/\/www.topohvar.at\/wp-content\/uploads\/2018\/07\/push-r-30.jpg\" alt=\"\" width=\"61\" height=\"30\" \/><\/a>\u00a0<a href=\"https:\/\/www.topohvar.at\/orte\/br\/br-tg-01-2\/\"><img loading=\"lazy\" decoding=\"async\" class=\"alignnone wp-image-12299 size-full\" src=\"https:\/\/www.topohvar.at\/wp-content\/uploads\/2018\/09\/push-next-30.jpg\" alt=\"\" width=\"61\" height=\"30\" \/><\/a>\u00a0\u00a0 \u00a0\u00a0<\/strong><\/p>\n<hr \/>\n<p><strong>Adresa \/ Adresse<br \/>\n<\/strong>Brusje,\u00a0Molo Bonda,<\/p>\n<p><strong>Lokacija<\/strong><strong> \/ Position<a href=\"https:\/\/goo.gl\/maps\/vArVsjxBGzPnMZ9C9\"><img loading=\"lazy\" decoding=\"async\" class=\"alignright wp-image-1039\" src=\"https:\/\/www.topohvar.at\/wp-content\/uploads\/2018\/07\/1168.jpg\" alt=\"\" width=\"134\" height=\"100\" \/><\/a><br \/>\n<\/strong><span style=\"color: #3366ff;\"><a style=\"color: #3366ff;\" href=\"https:\/\/goo.gl\/maps\/vArVsjxBGzPnMZ9C9\">Latitude: N 43,19027\u00b0\u00a0 \u00a0Longitude: E 16,48722\u00b0<\/a> <\/span><strong><br \/>\n<\/strong>Visina \/ H\u00f6he: 320 m<\/p>\n<p><strong>Katastarska \u010destica<\/strong><strong> \/ Grundst\u00fccke<br \/>\n<\/strong>*230<div class='content-column one_half'><div style=\"padding-right:6px;\"><p><strong>Datum snimanja \/ Erfassungsdatum<br \/>\n<\/strong>25.10.2014 16:08:44<\/p>\n<hr \/>\n<p><strong>Informacije<\/strong><\/p>\n<p>Sklop ku\u0107e Hure u Brusju jedan od najzna\u010dajnijih primjera tradicijske arhitgekture na otoku, a pokazuje ekonomsku mo\u0107 stanovni\u0161tva ruralnih sredina ve\u0107 sredinom 19. stolje\u0107a. Tako se na ku\u0107i nalaze tri natpisa koji spominju oca, majku i sina obitelji Hure te njihove rusti\u010dne kamene glave uzidane u pro\u010delje. Natpis pokazuje kako tijekom 19. stolje\u0107a obi\u010daj podizanja natpisa na stambene ku\u0107e prelazi s aristokracije i Crkve na pu\u010danje, ribare i te\u017eake.<\/p><\/div><\/div><div class='content-column one_half last_column'><div style=\"padding-right:0px;padding-left:6px;\"><p><strong>Stupanj za\u0161tite<\/strong><strong> \/ Schutzstellung<br \/>\n<\/strong>kulturno dobro \/ kulturelles Erbe<\/p>\n<hr \/>\n<p><strong>Info<\/strong><\/p>\n<p>Der Hauskomplex Hure in Brusje ist eines der bedeutendsten Beispiele traditioneller Architektur auf der Insel und zeugt bereits Mitte des 19. Jahrhunderts von der Wirtschaftskraft der Landbev\u00f6lkerung. So finden sich am Haus drei Inschriften, die Vater, Mutter und Sohn der Familie Hure und ihre in die Fassade eingebauten rustikalen Steink\u00f6pfe erw\u00e4hnen. Die Inschrift zeigt, wie im 19. Jahrhundert der Brauch des Anbringens von Inschriften auf Wohnh\u00e4usern von Adel und Kirche auf die Bev\u00f6lkerung, die Fischer und die Bauern \u00fcberging.<\/p><\/div><\/div><div class='clear_column'><\/div><\/p>\n<p style=\"text-align: right;\"><a href=\"#seite_oben\">natrag na vrh \/ Seitenanfang<\/a><\/p>\n<hr \/>\n<p><strong>Linkovi \/ Links<\/strong><\/p>\n<p><span style=\"color: #3366ff;\"><a style=\"color: #3366ff;\" href=\"https:\/\/www.topohvar.at\/topo\/orte\/br\/br-ir-01-1\/\">Dvije glave na ku\u0107u Hure \/ Zwei K\u00f6pfe\/Gesichter am Haus Hure<\/a><\/span><br \/>\n<span style=\"color: #3366ff;\"><a style=\"color: #3366ff;\" href=\"https:\/\/www.topohvar.at\/topo\/orte\/br\/br-is-07-2\/\">Spomen plo\u010da \u00bbna ku\u0107u Hure\u00ab \/ Gedenktafel am Haus Hure<\/a><\/span><br \/>\n<span style=\"color: #3366ff;\"><a style=\"color: #3366ff;\" href=\"https:\/\/www.topohvar.at\/topo\/orte\/br\/br-is-08-2\/\">Spomen plo\u010da \u00bbu ku\u0107i Hure\u00ab \/ Gedenktafel im Haus Hure<\/a><\/span><br \/>\n<span style=\"color: #3366ff;\"><a style=\"color: #3366ff;\" href=\"https:\/\/www.topohvar.at\/topo\/orte\/br\/br-is-09-2\/\">Spomen plo\u010da \u00bbu ku\u0107i Hure 1882\u00ab \/ Gedenktafel \u00bbim Haus Hure 1882\u00ab<\/a><\/span><\/p>\n<p>&nbsp;<\/p>\n","protected":false},"excerpt":{"rendered":"<p>Ime \/ Name Ku\u0107a \u00bbHure\u00ab \/ Haus \u00bbHure\u00ab Code: BR-TG-04\u00a0 \u00a0 \u00a0 \u00a0 \u00a0 \u00a0 \u00a0 \u00a0 \u00a0 \u00a0 \u00a0 \u00a0 \u00a0 \u00a0 \u00a0 \u00a0 \u00a0 \u00a0\u00a0\u00a0 \u00a0\u00a0\u00a0 \u00a0\u00a0 Adresa \/ Adresse Brusje,\u00a0Molo Bonda, Lokacija \/ Position Latitude: N 43,19027\u00b0\u00a0 &hellip; <a href=\"https:\/\/www.topohvar.at\/topo\/orte\/br\/br-tg-04-2\/\">Weiterlesen <span class=\"meta-nav\">&rarr;<\/span><\/a><\/p>\n","protected":false},"author":1,"featured_media":0,"parent":65,"menu_order":0,"comment_status":"closed","ping_status":"closed","template":"","meta":{"footnotes":""},"class_list":["post-1214","page","type-page","status-publish","hentry"],"_links":{"self":[{"href":"https:\/\/www.topohvar.at\/topo\/wp-json\/wp\/v2\/pages\/1214","targetHints":{"allow":["GET"]}}],"collection":[{"href":"https:\/\/www.topohvar.at\/topo\/wp-json\/wp\/v2\/pages"}],"about":[{"href":"https:\/\/www.topohvar.at\/topo\/wp-json\/wp\/v2\/types\/page"}],"author":[{"embeddable":true,"href":"https:\/\/www.topohvar.at\/topo\/wp-json\/wp\/v2\/users\/1"}],"replies":[{"embeddable":true,"href":"https:\/\/www.topohvar.at\/topo\/wp-json\/wp\/v2\/comments?post=1214"}],"version-history":[{"count":14,"href":"https:\/\/www.topohvar.at\/topo\/wp-json\/wp\/v2\/pages\/1214\/revisions"}],"predecessor-version":[{"id":54931,"href":"https:\/\/www.topohvar.at\/topo\/wp-json\/wp\/v2\/pages\/1214\/revisions\/54931"}],"up":[{"embeddable":true,"href":"https:\/\/www.topohvar.at\/topo\/wp-json\/wp\/v2\/pages\/65"}],"wp:attachment":[{"href":"https:\/\/www.topohvar.at\/topo\/wp-json\/wp\/v2\/media?parent=1214"}],"curies":[{"name":"wp","href":"https:\/\/api.w.org\/{rel}","templated":true}]}}