{"id":12261,"date":"2018-09-23T06:03:38","date_gmt":"2018-09-23T04:03:38","guid":{"rendered":"https:\/\/www.topohvar.at\/?page_id=12261"},"modified":"2022-01-29T08:59:58","modified_gmt":"2022-01-29T07:59:58","slug":"mi-ci-01-1","status":"publish","type":"page","link":"https:\/\/www.topohvar.at\/topo\/orte\/mi\/mi-ci-01-1\/","title":{"rendered":"MILNA &#8211; \u017dupna crkva \u00bbSv. Teodor mu\u010denik\u00ab"},"content":{"rendered":"<p><a name=\"seite_oben\"><\/a><br \/>\n<strong><img loading=\"lazy\" decoding=\"async\" class=\"alignnone wp-image-12240 size-large\" src=\"https:\/\/www.topohvar.at\/wp-content\/uploads\/2018\/09\/MI-CI-01-00-1024x503.jpg\" alt=\"\" width=\"640\" height=\"314\" srcset=\"https:\/\/www.topohvar.at\/wp-content\/uploads\/2018\/09\/MI-CI-01-00-1024x503.jpg 1024w, https:\/\/www.topohvar.at\/wp-content\/uploads\/2018\/09\/MI-CI-01-00-300x147.jpg 300w, https:\/\/www.topohvar.at\/wp-content\/uploads\/2018\/09\/MI-CI-01-00-768x377.jpg 768w, https:\/\/www.topohvar.at\/wp-content\/uploads\/2018\/09\/MI-CI-01-00.jpg 1080w\" sizes=\"auto, (max-width: 640px) 100vw, 640px\" \/><\/strong><\/p>\n<p><strong>Ime \/ Name<br \/>\n<\/strong>\u017dupna crkva \u00bbSv. Teodor mu\u010denik\u00ab \/ Pfarrkirche des hl. M\u00e4rtyrers Theodor<\/p>\n<p><strong>Code: <\/strong>MI-CI-01\u00a0 \u00a0 \u00a0 \u00a0 \u00a0 \u00a0 \u00a0 \u00a0 \u00a0 \u00a0 \u00a0 \u00a0 \u00a0 \u00a0 \u00a0 \u00a0 \u00a0 \u00a0 \u00a0 \u00a0\u00a0<strong><a href=\"https:\/\/www.topohvar.at\/orte\/mi\/mi-ck-04-1\/\"><img loading=\"lazy\" decoding=\"async\" class=\"alignnone wp-image-533 size-full\" src=\"https:\/\/www.topohvar.at\/wp-content\/uploads\/2018\/07\/push-l-30.jpg\" alt=\"\" width=\"61\" height=\"30\" \/><\/a> <a href=\"https:\/\/www.topohvar.at\/orte\/mi\/\"><img loading=\"lazy\" decoding=\"async\" class=\"alignnone wp-image-535 size-full\" src=\"https:\/\/www.topohvar.at\/wp-content\/uploads\/2018\/07\/push-o-30.jpg\" alt=\"\" width=\"61\" height=\"30\" \/><\/a> <a href=\"https:\/\/www.topohvar.at\/orte\/mi\/mi-ck-01-1\/\"><img loading=\"lazy\" decoding=\"async\" class=\"alignnone wp-image-536 size-full\" src=\"https:\/\/www.topohvar.at\/wp-content\/uploads\/2018\/07\/push-r-30.jpg\" alt=\"\" width=\"61\" height=\"30\" \/><\/a>\u00a0<\/strong><\/p>\n<hr \/>\n<p><strong>Adresa \/ Adresse<br \/>\n<\/strong>Milna<\/p>\n<p><strong>Lokacija<\/strong><strong> \/ Position<a href=\"https:\/\/goo.gl\/maps\/9n8c3vkvfxUghHvX8\"><img loading=\"lazy\" decoding=\"async\" class=\"alignright wp-image-12462\" src=\"https:\/\/www.topohvar.at\/wp-content\/uploads\/2018\/09\/0454.jpg\" alt=\"\" width=\"134\" height=\"100\" \/><\/a><br \/>\n<\/strong><span style=\"color: #3366ff;\"><a style=\"color: #3366ff;\" href=\"https:\/\/goo.gl\/maps\/9n8c3vkvfxUghHvX8\">Latitude: N 43,16343\u00b0\u00a0 \u00a0Longitude: E 16,48702\u00b0<\/a> <\/span><strong><br \/>\n<\/strong>Visina \/ H\u00f6he: 13 m<\/p>\n<p><strong>Katastarska \u010destica <\/strong><strong>\/ Grundst\u00fccke<br \/>\n<\/strong>3486\/7\u00a0<div class='content-column one_half'><div style=\"padding-right:6px;\"><p><strong>Datum snimanja \/ Erfassungsdatum<br \/>\n<\/strong>27.05.2013 11:27:29<\/p>\n<hr \/>\n<p><strong>Informacije<\/strong><\/p>\n<p>Selo Milna uglavnom su osnovali stanovnici Malo Grablja koji su se ovdje preselili. \u010cak je i njihova crkva u Malom Grablju bila posve\u0107ena Sv. Teodoru.<\/p><\/div><\/div><div class='content-column one_half last_column'><div style=\"padding-right:0px;padding-left:6px;\"><p><strong>Stupanj za\u0161tite<\/strong><strong> \/ Schutzstellung<br \/>\n<\/strong>&#8211;<\/p>\n<hr \/>\n<p><strong>Info<\/strong><\/p>\n<p>Die Ortschaft Milna wurde im Wesentlichen von Bewohnern aus Malo Grablje gegr\u00fcndet die hierher zogen. Schon deren Kirche in Malo Grablje war dem heiligen Theodor geweiht.<\/p><\/div><\/div><div class='clear_column'><\/div><div class='content-column one_half'><div style=\"padding-right:6px;\"><p>Na inicijativu \u017eupnika Don Jurija Beli\u0107 (spomen plo\u010da) po\u010dela se graditi 18.3.1967 \u017eupna Crkva Sv. Teodora (\u201eTudora\u201c) mu\u010denika, od bijela kamena, sa zvonikom, okrenuta prema jugo i moru. A posvetio ju je tada jo\u0161 potpuno dovr\u0161enu, biskup Bezmalinovi\u0107 20.6.1973. godine. Nacrt je na\u010dino pre\u010d. Jure Beli\u0107.<\/p><\/div><\/div><div class='content-column one_half last_column'><div style=\"padding-right:0px;padding-left:6px;\"><p>Auf Initiative des Pfarrers Don Juri Beli\u0107 (Gedenktafel) wurde mit dem Bau der Pfarrkirche des hl. M\u00e4rtyrer Theodor (Tudor) aus wei\u00dfem Stein, Glockenturm und nach S\u00fcden, dem Meer gerichtet, am 18. M\u00e4rz 1967 begonnen. Die Weihe nach ihrer Vollendung erfolgte durch Bischof Bezmalinovi\u0107 am 20.6.1973. Jahr. Der Entwurf stammt vom Pfarrer Jure Beli\u0107.<\/p><\/div><\/div><div class='clear_column'><\/div><div class='content-column one_half'><div style=\"padding-right:6px;\"><p>Kod 9. prosinca 2012. Biskup \u0160tambuk je blagoslovio je petnaest vitraja akademskog kipara fra Joakima Jakija Gregova. Vitraji \u010detvorice evan\u0111elista, sv. Duje, sv. Kuzme, sv. Ivana Krstitelja, sv. Cecilije, sv. Jurja, sv. Ante Padovanskoga, sv. Marije Magdalene, Gospe, Uskrsnu\u0107a, sv Josipa i sv. Nikole raspore\u0111eni su na pro\u010delju crkve i na zidovima lijevo i desno od oltara.<\/p><\/div><\/div><div class='content-column one_half last_column'><div style=\"padding-right:0px;padding-left:6px;\"><p>Am 9. Dezember 2012 segnete Bischof \u0160tambuk f\u00fcnfzehn Buntglasfenster des akademischen Bildhauers Br. Joakim Jaki Gregov. Die Glasfenster der vier Evangelisten, der Heiligen Duje, Kosmas, Johannes des T\u00e4ufers, Cecilia, Georg, Antonius von Padua, Maria Magdalena, Unserer Liebe Frau, die Auferstehung, Joseph und Nikolaus sind an der Stirnseite der Kirche und an den W\u00e4nden links und rechts des Altars angeordnet.<\/p><\/div><\/div><div class='clear_column'><\/div><div class='content-column one_half'><div style=\"padding-right:6px;\"><p>Dana 01.11.2015. bila su posve\u0107ena nova vrata \u017eupne crkve, djelo kipara i milnarskog \u017eupnika fra Joakima Jakija Gregova. U reljefu je fra Jaki izradio portrete hrvatskih svetaca i bla\u017eenika: Leopolda Mandi\u0107a, Alojzija Stepinca, Marije Petkovi\u0107, Augustina Ka\u017eoti\u0107a, Nikole Taveli\u0107a, Ivana Merza, Ozane Kotarske i Miroslava Bule\u0161i\u0107a.<\/p><\/div><\/div><div class='content-column one_half last_column'><div style=\"padding-right:0px;padding-left:6px;\"><p>Am 1.11.2015 wurden die neuen T\u00fcren der Pfarrkirche, das Werk des Bildhauers und Pfarrers von Milna, Pater Joakim Jaki Gregov eingeweiht. Im Relief portr\u00e4tierte P. Jaki kroatische Heilige und Selige: Leopold Mandi\u0107, Alojzije Stepinac, Marija Petkovi\u0107, Augustin Ka\u017eoti\u0107, Nikola Taveli\u0107, Ivan Merz, Ozane Kotarske und Miroslav Bule\u0161i\u0107.<\/p><\/div><\/div><div class='clear_column'><\/div><div class='content-column one_half'><div style=\"padding-right:6px;\"><p>Od umjetnina u crkvi nastalih poslije njezine izgradnje isti\u010du se tri bron\u010dana kipa iza \u017ertvenika, djelo akademskog kipara Josipa Grgev\u010di\u0107a iz Jelse; prikazuju mjesne za\u0161titnike Gospu Karmelsku, Sv. Josipa i Sv. Teodora mu\u010denika.<\/p><\/div><\/div><div class='content-column one_half last_column'><div style=\"padding-right:0px;padding-left:6px;\"><p>Unter den Kunstwerken in der Kirche sind drei Bronzestatuen hinter dem Altar hervorzuheben, Werke des Bildhauers Josip Grgev\u010di\u0107 aus Jelsa. Sie stellen die lokalen Patrone, Unsere Liebe Frau von Carmel, den hl. Joseph und den hl. M\u00e4rtyrer Theodor dar.<\/p><\/div><\/div><div class='clear_column'><\/div><div class='content-column one_half'><div style=\"padding-right:6px;\"><p>Ostalo je bilo preneseno iz stare crkve Sv. Teodora u Malom Grablju:<\/p><\/div><\/div><div class='content-column one_half last_column'><div style=\"padding-right:0px;padding-left:6px;\"><p>Aus der alten Kirche des hl. Theodor in Malo Grablje stammen:<\/p><\/div><\/div><div class='clear_column'><\/div><div class='content-column one_half'><div style=\"padding-right:6px;\"><p>1. Slika \u201eGospe Ru\u017earice\u201c (ulje na platnu, 120 za 60 cm), iza oltara nove, a ranije na sjevernom oltaru stare crkve, bila je kao te\u0161ko o\u0161te\u0107ena predana na restauraciju jo\u0161 od \u017eupnika Babi\u0107a napokon dovr\u0161io njenu obnovu restaurator Stanko Alajbegu svibnju 1995. g. Slikar je vjerojatno Mle\u010danin Lodovico Buffetti (1722.-1782.), a slika je malograbljskoj crkvi bia poklenjena od Bogli\u0107evih; po svoj je prilici izvorno stajala u njihovo oratoriju u Maloj Milni;<\/p><\/div><\/div><div class='content-column one_half last_column'><div style=\"padding-right:0px;padding-left:6px;\"><p>1. Hinter dem Altar das Bildnis \u201eUnserer Lieben Frau vom Rosenkranz\u201c (\u00d6l auf Leinwand, 120 x 60 cm), fr\u00fcher am n\u00f6rdlichen Altar der alten Kirche. Es war besch\u00e4digt und in schlechtem Zustand. Pfarrer Babi\u0107 engagierte sich f\u00fcr die Wiederherstellung und beauftrage schlie\u00dflich den Restaurator Stanko Alajbeg im Mai 1995 mit der Restauration. Der Maler war wohl der Venezianer Lodovico Buffetti (1722 bis 1782). Das Bild aus der Kirche von Malo Grablje war ein Geschenk des Bogli\u0107evih und stand urspr\u00fcnglich in seinem Betraum in Malo Milna;<\/p><\/div><\/div><div class='clear_column'><\/div><div class='content-column one_half'><div style=\"padding-right:6px;\"><p>2. Slika \u201eKarmelska Gospa sa sv. Josipom i sv. Teodorom\u201c ulje na platnu, 90 za 150 sm, signiran rad iz 1888. g. Pokrajinskog slikara Ivana Skvat\u010dine (Squarcina; Zadar, 1825.- Mleci, 1891.). Ranije pala na glavnom oltraru crkve u Malom Grablju, sada u sakristiji ispod zvonika \u017eupnice u Milni;<\/p><\/div><\/div><div class='content-column one_half last_column'><div style=\"padding-right:0px;padding-left:6px;\"><p>2. Das Bild \u201eUnsere Liebe Frau vom Berg Carmel mit dem hl. Josef und dem hl. Theodor\u201c, \u00d6l auf Leinwand, 90 x 150 cm, ein signiertes Werk aus dem Jahr 1888 des Provinzmalers Ivan Skvar\u010dine (Squarcina, Zadar, 1825.- Venedig, 1891). Fr\u00fcher am Hauptaltar der Kirche in Malo Grablje, jetzt in der Sakristei unter dem Glockenturm der Pfarrkirche in Milna;<\/p><\/div><\/div><div class='clear_column'><\/div><div class='content-column one_half'><div style=\"padding-right:6px;\"><p>3. Malo svetohrani\u0161te od kamena i raznobojna mramora, do\u010deto lukovicom; vjerojatno rad doma\u0107ih altarista Bertapelle iz Vrboske s kraja 19. st. S glavnog oltara crkve u Malom Grablju; sad i ono u sakristiji milnarske \u017eupnice;<\/p><\/div><\/div><div class='content-column one_half last_column'><div style=\"padding-right:0px;padding-left:6px;\"><p>3. Ein kleiner Altartisch aus Stein und buntem gesprenkelt Marmor, wahrscheinlich die Arbeit des \u00f6rtlichen Altarbauers Bertapelle aus Vrboska vom Ende des 19. Jh. Fr\u00fcher der Hauptaltar der Kirche von Malo Grablje, jetzt auch in der Sakristei der Pfarrkirche;<\/p><\/div><\/div><div class='clear_column'><\/div><div class='content-column one_half'><div style=\"padding-right:6px;\"><p>4. Polikromirani drevni kip sv. Teodora (iz oko 1900. g.?), ranije u udupku s juga malograbaljske crkve, danas tako\u0111er u sakristiji milnarski;<\/p><\/div><\/div><div class='content-column one_half last_column'><div style=\"padding-right:0px;padding-left:6px;\"><p>4. Die mehrfarbige h\u00f6lzerne Statue des hl. Theodor (um 1900?), fr\u00fcher im s\u00fcdlichen Eingang der Kirche von Malo Grablje, heute auch in der Sakristei;<\/p><\/div><\/div><div class='clear_column'><\/div><div class='content-column one_half'><div style=\"padding-right:6px;\"><p>5. Zvona na zvoniku: veliko (\u0161to ga je \u201esvom za\u0161titniku sv. Teodoru nabavilo pu\u010danstvo\u201c) te malo salio je Kvirin Lebisch u Zagrebu 1931. g., dok je srednje, s Gospinim likom, iz ljevaonice zvona Jakova Cukrova u Splitu, iz 1923. g.<\/p><\/div><\/div><div class='content-column one_half last_column'><div style=\"padding-right:0px;padding-left:6px;\"><p>5. Die Glocken im Glockenturm: die Gro\u00dfe (von der Bev\u00f6lkerung f\u00fcr \u201eihren Schutzpatron Theodor gekauft), die Kleine, gegossen von Kvirin Lebisch in Zagreb im Jahr 1931 und die Mittlere mit dem Bild Unserer Lieben Frau von der Glockengie\u00dferei Jakob Cukrov in Split aus dem Jahr 1923.<\/p><\/div><\/div><div class='clear_column'><\/div><div class='content-column one_half'><div style=\"padding-right:6px;\"><p>Fra Joakima Gregova, predstojniku franjeva\u010dkog samostana Bla\u017eene Gospe od Milosti u Hvaru, ali i kiparu, slikaru, pjesniku i restauratoru, stvorio je vitrje crkve i kip Sv. Teodora.<\/p><\/div><\/div><div class='content-column one_half last_column'><div style=\"padding-right:0px;padding-left:6px;\"><p>Pater Joachim Greg, der Leiter des Franziskanerklosters der Seligen Jungfrau der Barmherzigkeit in Hvar, ist Bildhauer, Maler, Dichter und Restaurator. Er hat die Glasfenster der Kirche und auch die Statue des heiligen Theodor geschaffen.<\/p><\/div><\/div><div class='clear_column'><\/div><\/p>\n<hr \/>\n<div class='content-column one_half'><div style=\"padding-right:6px;\"><p><strong>Sv. Theodore<\/strong>, legenda o bratu Sv. Jurju, ro\u0111en je u Siriji ili Armeniji. Bio je jednostavan vojnik u vojsci cara Maximiana u Pontu na Crnom moru i \u010dvrstog kr\u0161\u0107anina. Bio je zapovjednik garnizona u Galatiji i bio mu\u010denik u posljednjem rimskom progonu kr\u0161\u0107ana pod Maximinus Daia u Amaseia, glavnom gradu biv\u0161e rimske pokrajine Helenopontus (danas Turska): Na izbijanje progona kr\u0161\u0107ana bio je &#8222;ispitivan, okrutan i \u017eiv\u010dan spaljen&#8220;. Jedan je imao u.a. optu\u017een da je zapalio rimski hram Majke bogova.<\/p><\/div><\/div><div class='content-column one_half last_column'><div style=\"padding-right:0px;padding-left:6px;\"><p><strong>Der hl. Theodor<\/strong> wurde in Syrien oder Armenien geboren und war der Legende nach der Bruder des heiligen Georg. Er war ein einfacher Soldat im Heer von Kaiser Maximian in Pontus am Schwarzen Meer und ein \u00fcberzeugter Christ. Er war Kommandant einer Garnison in Galatien und erlitt in der letzten r\u00f6mischen Christenverfolgung unter Maximinus Daia in Amaseia, der Hauptstadt der ehemaligen r\u00f6mischen Provinz Helenopont (heute T\u00fcrkei) den M\u00e4rtyrertod: Beim Ausbruch der Christenverfolgungen wurde er 306 \u201everh\u00f6rt, grausam zerfleischt und lebendig verbrannt\u201c. Man hatte ihm u.a. vorgeworfen, er habe den r\u00f6mischen Tempel der G\u00f6ttermutter in Brand gesteckt.<\/p><\/div><\/div><div class='clear_column'><\/div><div class='content-column one_half'><div style=\"padding-right:6px;\"><p>Theodor se smatrao specijalistom u pra\u0107enju odbjeglih robova kr\u0161\u0107ana. Re\u010deno je, tko propu\u0161ta slugu i spava na grobu, pojavljuje se u snu i poka\u017ee mu gdje je bjegunac.<\/p><\/div><\/div><div class='content-column one_half last_column'><div style=\"padding-right:0px;padding-left:6px;\"><p>Theodor galt als Spezialist daf\u00fcr, entlaufene Sklaven von Christen aufzusp\u00fcren. Es hie\u00df, wer einen Sklaven vermisse und auf seinem Grab schlafe, dem erscheine er im Traum und zeige ihm, wo sich der Entlaufene aufhalte.<\/p><\/div><\/div><div class='clear_column'><\/div><\/p>\n<p style=\"text-align: right;\"><span style=\"color: #3366ff;\"><a style=\"color: #3366ff;\" href=\"#seite_oben\">natrag na vrh \/ Seitenanfang<\/a><\/span><\/p>\n<hr \/>\n<p><strong>Linkovi \/ Links<\/strong><\/p>\n<p><span style=\"color: #3366ff;\"><a style=\"color: #3366ff;\" href=\"https:\/\/www.topohvar.at\/orte\/mi\/mi-is-02-1\/\">Spomen plo\u010da \/ Gedenktafel Don Jurija Beli\u0107<\/a><\/span><br \/>\n<span style=\"color: #3366ff;\"><a style=\"color: #3366ff;\" href=\"https:\/\/www.topohvar.at\/orte\/gm\/gm-ci-01-1\/\">Crkva Sv. Teorora u Malog Grablje \/ Kirche des hl. Theodor in Malo Grablje<\/a><\/span><br \/>\n<span style=\"color: #3366ff;\"><a style=\"color: #3366ff;\" href=\"https:\/\/www.topohvar.at\/orte\/mi\/mi-mo-01-1\/\">Kip Sv. Teodora \/ Statue des hl. Theodor<\/a><\/span><\/p>\n","protected":false},"excerpt":{"rendered":"<p>Ime \/ Name \u017dupna crkva \u00bbSv. Teodor mu\u010denik\u00ab \/ Pfarrkirche des hl. M\u00e4rtyrers Theodor Code: MI-CI-01\u00a0 \u00a0 \u00a0 \u00a0 \u00a0 \u00a0 \u00a0 \u00a0 \u00a0 \u00a0 \u00a0 \u00a0 \u00a0 \u00a0 \u00a0 \u00a0 \u00a0 \u00a0 \u00a0 \u00a0\u00a0 \u00a0 Adresa \/ Adresse Milna &hellip; <a href=\"https:\/\/www.topohvar.at\/topo\/orte\/mi\/mi-ci-01-1\/\">Weiterlesen <span class=\"meta-nav\">&rarr;<\/span><\/a><\/p>\n","protected":false},"author":1,"featured_media":0,"parent":87,"menu_order":0,"comment_status":"closed","ping_status":"closed","template":"","meta":{"footnotes":""},"class_list":["post-12261","page","type-page","status-publish","hentry"],"_links":{"self":[{"href":"https:\/\/www.topohvar.at\/topo\/wp-json\/wp\/v2\/pages\/12261","targetHints":{"allow":["GET"]}}],"collection":[{"href":"https:\/\/www.topohvar.at\/topo\/wp-json\/wp\/v2\/pages"}],"about":[{"href":"https:\/\/www.topohvar.at\/topo\/wp-json\/wp\/v2\/types\/page"}],"author":[{"embeddable":true,"href":"https:\/\/www.topohvar.at\/topo\/wp-json\/wp\/v2\/users\/1"}],"replies":[{"embeddable":true,"href":"https:\/\/www.topohvar.at\/topo\/wp-json\/wp\/v2\/comments?post=12261"}],"version-history":[{"count":19,"href":"https:\/\/www.topohvar.at\/topo\/wp-json\/wp\/v2\/pages\/12261\/revisions"}],"predecessor-version":[{"id":56910,"href":"https:\/\/www.topohvar.at\/topo\/wp-json\/wp\/v2\/pages\/12261\/revisions\/56910"}],"up":[{"embeddable":true,"href":"https:\/\/www.topohvar.at\/topo\/wp-json\/wp\/v2\/pages\/87"}],"wp:attachment":[{"href":"https:\/\/www.topohvar.at\/topo\/wp-json\/wp\/v2\/media?parent=12261"}],"curies":[{"name":"wp","href":"https:\/\/api.w.org\/{rel}","templated":true}]}}