{"id":12341,"date":"2018-09-23T08:39:34","date_gmt":"2018-09-23T06:39:34","guid":{"rendered":"https:\/\/www.topohvar.at\/?page_id=12341"},"modified":"2021-02-03T10:52:57","modified_gmt":"2021-02-03T09:52:57","slug":"zr-aa-01-1","status":"publish","type":"page","link":"https:\/\/www.topohvar.at\/topo\/orte\/zr\/zr-aa-01-1\/","title":{"rendered":"ZARA\u0106E &#8211; Ruralna cjelina \u00bbZara\u0107e\u00ab"},"content":{"rendered":"<p><strong><img loading=\"lazy\" decoding=\"async\" class=\"alignnone wp-image-12334 size-large\" src=\"https:\/\/www.topohvar.at\/wp-content\/uploads\/2018\/09\/zr-tg-01-0-1024x503.jpg\" alt=\"\" width=\"640\" height=\"314\" srcset=\"https:\/\/www.topohvar.at\/wp-content\/uploads\/2018\/09\/zr-tg-01-0-1024x503.jpg 1024w, https:\/\/www.topohvar.at\/wp-content\/uploads\/2018\/09\/zr-tg-01-0-300x147.jpg 300w, https:\/\/www.topohvar.at\/wp-content\/uploads\/2018\/09\/zr-tg-01-0-768x377.jpg 768w, https:\/\/www.topohvar.at\/wp-content\/uploads\/2018\/09\/zr-tg-01-0.jpg 1080w\" sizes=\"auto, (max-width: 640px) 100vw, 640px\" \/><\/strong><\/p>\n<p><strong>Ime \/ Name<br \/>\n<\/strong>Ruralna cjelina \/ L\u00e4ndliche Einheit \u00bbZara\u0107e\u00ab<\/p>\n<p><strong>Code: <\/strong>ZR-AA-01\u00a0 \u00a0 \u00a0 \u00a0 \u00a0 \u00a0 \u00a0 \u00a0 \u00a0 \u00a0 \u00a0 \u00a0 \u00a0 \u00a0 \u00a0 \u00a0 \u00a0 \u00a0 \u00a0 \u00a0 \u00a0 \u00a0 \u00a0 \u00a0 \u00a0 <strong> <a href=\"https:\/\/www.topohvar.at\/topo\/orte\/zr\/zr-ai-01-1\/\"><img loading=\"lazy\" decoding=\"async\" class=\"alignnone wp-image-533 size-full\" src=\"https:\/\/www.topohvar.at\/wp-content\/uploads\/2018\/07\/push-l-30.jpg\" alt=\"\" width=\"61\" height=\"30\" \/><\/a> <a href=\"https:\/\/www.topohvar.at\/orte\/zr\/\"><img loading=\"lazy\" decoding=\"async\" class=\"alignnone wp-image-535 size-full\" src=\"https:\/\/www.topohvar.at\/wp-content\/uploads\/2018\/07\/push-o-30.jpg\" alt=\"\" width=\"61\" height=\"30\" \/><\/a>\u00a0<a href=\"https:\/\/www.topohvar.at\/topo\/orte\/zr\/zr-aa-02-1\/\"><img loading=\"lazy\" decoding=\"async\" class=\"alignnone wp-image-536 size-full\" src=\"https:\/\/www.topohvar.at\/wp-content\/uploads\/2018\/07\/push-r-30.jpg\" alt=\"\" width=\"61\" height=\"30\" \/><\/a> <a href=\"https:\/\/www.topohvar.at\/orte\/zr\/zr-au-10-1\"><img loading=\"lazy\" decoding=\"async\" class=\"alignnone wp-image-12299 size-full\" src=\"https:\/\/www.topohvar.at\/wp-content\/uploads\/2018\/09\/push-next-30.jpg\" alt=\"\" width=\"61\" height=\"30\" \/><\/a><\/strong><\/p>\n<hr \/>\n<p><strong>Adresa \/ Adresse<br \/>\n<\/strong>Zara\u010de<\/p>\n<p><strong>Lokalna polo\u017eaj \/ Position<a href=\"https:\/\/goo.gl\/maps\/HrivzHqHX89p21hS6\"><img loading=\"lazy\" decoding=\"async\" class=\"alignright wp-image-12391\" src=\"https:\/\/www.topohvar.at\/wp-content\/uploads\/2018\/09\/1352.jpg\" alt=\"\" width=\"134\" height=\"100\" \/><\/a><br \/>\n<\/strong><span style=\"color: #3366ff;\"><a style=\"color: #3366ff;\" href=\"https:\/\/goo.gl\/maps\/HrivzHqHX89p21hS6\">Latitude: N 43,15300\u00b0\u00a0 \u00a0Longitude: E 16,51600\u00b0<\/a> <\/span><strong><br \/>\n<\/strong>Visina \/ H\u00f6he: 130 m<\/p>\n<p><strong>Zemlji\u0161te \/ Grundst\u00fccke<br \/>\n<\/strong><\/p>\n<p>1283, 1284, 1285\/1, 1285\/2, 1285\/3, 1286\/2, 1286\/1, 1287, 1288\/2, 1288\/1, 1289, 1290, 1291, 7942, 1294, 1382\/2, 1377, 1376, 1292\/1, 1293, 1292\/2, 1292\/3, *38\/1, *38\/2, 7943, 1203, 1206, 1204, 1209, 1214, 1217, 1216, 1208, 1182, 1220\/4, 1220\/3, 1213, 1220\/2, 1218, 1220\/1, 1222, 1211, 1184, 1185\/8, 1185\/9, 1185\/10, 1185\/11, 1185\/12, 1183, 1180, 1179, 1178, 1177\/1, 1177\/2, 1176, 1175, 1174, 1167, 1166, 1168, 1173, 1170, 1172, 1169, 1165, 1164, 1319\/1, 1318, 1320\/2, 1320\/1, 1319\/2, 7944, 1307\/4, 1307\/5, 1307\/6, 1308\/2, 1308\/3, 1308\/1, 1309\/2, 1309\/1, 1323, 1322, 1321, 1324\/2, 1324\/1, 1325\/2, 1325\/1, 1326, 1327, 1328, 1342\/2, 1329, 1308\/4, 1330, 1333, 1331, 1307\/1, 1306\/2, 1306\/1, 7941\/1, 7941\/2, 1380\/1, 7938\/2, *58\/2, 1373\/2, 1374\/2, 1374\/1, *357, *58\/1, 1373\/3, 1373\/1, 1382\/1, 1382\/4, 1375, 1200, 1201, 1202, 1199, 1295, *39, *40, 1296, *42, *41\/1, *41\/2, *43, 1298, *45, *46, *47\/1, *47\/2, *48, 1299, 1196\/1, 1197, *337, *336, *49, 1185\/1, 1185\/2, 1185\/3, 1185\/4, 1185\/5, 1185\/6, 1185\/7, *355, *35<\/p>\n<div class='content-column one_half'><div style=\"padding-right:6px;\"><p><strong>Datum snimanja \/ Erfassungsdatum<br \/>\n<\/strong>01.01.2000 00:00:00<\/p>\n<hr \/>\n<p><strong>Informacije<\/strong><\/p>\n<p>Zara\u0107e (ime od = mjesto za ratom, rtom) &#8211; nastalo je kod crkv\u00e9 Sv. Marije, na dominikanskom imanju, koje je inkamerirano 1811.<\/p><\/div><\/div><div class='content-column one_half last_column'><div style=\"padding-right:0px;padding-left:6px;\"><p><strong>Za\u0161titni polo\u017eaj \/ Schutzstellung<br \/>\n<\/strong>Z-4637, P-997<\/p>\n<hr \/>\n<p><strong>Info<\/strong><\/p>\n<p>Zarace (Name = Ort nach Kap) &#8211; entstand bei in der Kirche zur hl. Maria auf dem Anwesen der Dominikaner, das 1811 abbrannte.<\/p><\/div><\/div><div class='clear_column'><\/div><div class='content-column one_half'><div style=\"padding-right:6px;\"><p>Legenda ka\u017ee da je davno jedan arapski brod ispunjen svim vrstama blaga plovio du\u017e ju\u017ene obale otoka Hvara.<\/p><\/div><\/div><div class='content-column one_half last_column'><div style=\"padding-right:0px;padding-left:6px;\"><p>Die Legende besagt, dass vor langer Zeit ein arabisches Schiff, das mit allen m\u00f6glichen Sch\u00e4tzen gef\u00fcllt war, entlang der S\u00fcdk\u00fcste der Insel Hvar segelte.<\/p><\/div><\/div><div class='clear_column'><\/div><div class='content-column one_half'><div style=\"padding-right:6px;\"><p>Posada broda sastojala se uglavnom od te\u0161kih pomoraca koji su poznavali svaku mediteransku luku. Iskusni mornari prolazili su kroz brojne oluje i bitke s ovim brodom i bili uvjereni da na moru nema situacije koja bi ih mogla iznenaditi. Stoga pretpostavljamo da nisu o\u010dekivali da se njihovo putovanje zavr\u0161i na ju\u017enoj obali otoka Hvara, daleko od svoje domovine. Tamo je njezin brod do\u0161ao u veliku oluju. Brod je potonuo, a gotovo polovica njegove hrabre posade potonula je na dno mora.<\/p><\/div><\/div><div class='content-column one_half last_column'><div style=\"padding-right:0px;padding-left:6px;\"><p>Die Schiffsbesatzung bestand haupts\u00e4chlich aus harten Seeleuten, die mit jedem Mittelmeerhafen vertraut waren. Die erfahrenen Seeleute durchliefen mit diesem Schiff zahlreiche St\u00fcrme und Schlachten und waren davon \u00fcberzeugt, dass es auf See keine Situation gab, die sie \u00fcberraschen k\u00f6nnte. Wir gehen daher davon aus, dass sie nicht erwartet hatten, dass ihre Reise an der S\u00fcdk\u00fcste der Insel Hvar enden w\u00fcrde, weit weg von ihrer Heimat. Genau dort kam ihr Schiff in einem gro\u00dfen Sturm. Das Schiff sank und fast die H\u00e4lfte seiner mutigen Besatzung sank damit auf den Meeresboden.<\/p><\/div><\/div><div class='clear_column'><\/div><div class='content-column one_half'><div style=\"padding-right:6px;\"><p>Pre\u017eivjeli su prona\u0161li spas u zaljevima sela Zara\u0107e. Mo\u017eda zato \u0161to je kapetan volio ju\u017enu stranu otoka Hvara, ili mo\u017eda zato \u0161to je mislio da je njihova sudbina, on je odlu\u010dio na brdu gdje je siguran od morskih valova. Osnovali su selo &#8211; danas\u0161nji Zara\u0107e.<\/p><\/div><\/div><div class='content-column one_half last_column'><div style=\"padding-right:0px;padding-left:6px;\"><p>Die \u00dcberlebenden fanden ihre Rettung in den Buchten des Dorfes Zara\u0107e. Vielleicht, weil der Kapit\u00e4n die S\u00fcdseite der Insel Hvar mochte, oder vielleicht, weil er es f\u00fcr ihr Schicksal hielt, entschied er sich auf dem H\u00fcgel, wo es sicher vor den Wellen des Meeres war. Sie gr\u00fcndeten ein Dorf &#8211; das heutige Zara\u0107e.<\/p><\/div><\/div><div class='clear_column'><\/div><div class='content-column one_half'><div style=\"padding-right:6px;\"><p>\u0160to se ti\u010de legende. S povijesnog gledi\u0161ta, ne znamo mnogo o podrijetlu Zara\u0107e. \u010cini se da je selo sagra\u0111eno u 19. stolje\u0107u na imanju koja je neko\u0107 pripadala dominikanskom redu. Selo Zara\u0107e oduvijek je bilo maleno i na rubu povijesti ve\u0107ih \u017eari\u0161ta na otoku. Ispod sela nalaze se dvije uvale okrenute jedna prema drugoj. Isto\u010dna uvali su Velo Zara\u0107e i zapadna uvali Malo Zara\u0107e.<\/p><\/div><\/div><div class='content-column one_half last_column'><div style=\"padding-right:0px;padding-left:6px;\"><p>Soweit die Legende. Aus historischer Sicht wissen wir nicht viel \u00fcber den Ursprung von Zara\u0107e. Es scheint, dass das Dorf im 19. Jahrhundert auf einem Landgut entstand, das einst dem Dominikanerorden geh\u00f6rte. Das Dorf Zara\u0107e war schon immer klein und am Rande der Geschichte der gr\u00f6\u00dferen Brennpunkte auf der Insel. Unterhalb des Dorfes befinden sich zwei voneinander abgewandte Buchten. Die nach Osten ausgerichtete Bucht ist Velo Zara\u0107e (Gro\u00df Zara\u0107e) und die nach Westen ausgerichtete Bucht ist Malo Zara\u0107e (Klein Zara\u0107e).<\/p><\/div><\/div><div class='clear_column'><\/div><div class='content-column one_half'><div style=\"padding-right:6px;\"><p>Selo Zara\u0107e ima ulicu i igrali\u0161te za boce &#8211; provesti tradicionalni na\u010din slobodno me\u0111u ljudima u Dalmaciji, sada ne\u0161to manje nego u pro\u0161losti &#8211; kao \u0161to su bo\u0107anje. Gotovo sve ku\u0107e su gra\u0111ene od kamena, s autenti\u010dnim anti\u010dkim pada, ograde, vrata, plo\u010dice, krovovi izra\u0111eni od kamenih plo\u010da, fontana, itd Najva\u017eniji spomenici Zara\u0107e su javnosti gustirna s velikim suhim kamenim kolibe i \u0161kola, koja je na gornjem kraju sela.<\/p><\/div><\/div><div class='content-column one_half last_column'><div style=\"padding-right:0px;padding-left:6px;\"><p>Das Dorf Zara\u0107e hat eine Stra\u00dfe und einen Spielplatz f\u00fcr Bo\u0107e &#8211; wie Boccia &#8211; traditionelle Art, die Freizeit unter M\u00e4nnern in Dalmatien zu verbringen, heute etwas weniger als in der Vergangenheit. Fast alle H\u00e4user sind aus Stein gebaut, mit authentischen antiken St\u00fcrzen, Z\u00e4unen, T\u00fcren, Kacheln, D\u00e4chern aus Steinplatten, Brunnen usw. Die wichtigsten Denkm\u00e4ler von Zara\u0107e sind der \u00f6ffentliche Brunnen mit einer gro\u00dfen Trockensteinh\u00fctte und eine Schule, die am oberen Ende des Dorfes liegt.<\/p><\/div><\/div><div class='clear_column'><\/div><div class='content-column one_half'><div style=\"padding-right:6px;\"><p>Oboje su stvari izgubile svoju funkciju. Danas su komunicirati s nama u mirnom i srame\u017eljivi na\u010din &#8211; fontana sa svojim dubokim utorima uzrokovane potezanjem konopa i \u0161kole kroz oronulim slogana koji evociraju drugi put.<\/p><\/div><\/div><div class='content-column one_half last_column'><div style=\"padding-right:0px;padding-left:6px;\"><p>Beide Objekte haben ihre Funktion verloren. Heute kommunizieren sie mit uns in einer ruhigen und sch\u00fcchternen Art und Weise &#8211; der Brunnen durch seine tiefen Kerben, verursacht durch das Ziehen des Seils und der Schule durch seine verblassten Slogans, die eine andere Zeit heraufbeschw\u00f6ren.<\/p><\/div><\/div><div class='clear_column'><\/div><div class='content-column one_half'><div style=\"padding-right:6px;\"><p>Zara\u0107e se o\u010duva sa lako\u0107om. U 20. stolje\u0107u, oko dvadesetih godina 20. stolje\u0107a, najve\u0107i broj stanovnika Zara\u0107e bio je oko stotinu. Po\u010detkom sedamdesetih godina taj se broj vratio na jednu osobu. Otvaranjem nove ceste i novog tunela iznad uvale Dubovica 2000. godine zapo\u010dela je obnova starih ku\u0107a u selu i stigli novi stanovnici.<\/p><\/div><\/div><div class='content-column one_half last_column'><div style=\"padding-right:0px;padding-left:6px;\"><p>Zara\u0107e erscheint wie mit Leichtigkeit konserviert. Im 20. Jahrhundert, um die 1920er Jahre, war die maximale Einwohnerzahl von Zara\u0107e etwa einhundert. Anfang der 1970er Jahre ging diese Zahl auf eine Person zur\u00fcck. Mit der Er\u00f6ffnung der neuen Stra\u00dfe und dem neuen Tunnel \u00fcber der Bucht von Dubovica im Jahr 2000 begann die Renovierung der alten H\u00e4user im Dorf und einige neue Einwohner kamen an.<\/p><\/div><\/div><div class='clear_column'><\/div><div class='content-column one_half'><div style=\"padding-right:6px;\"><p>Navedena cesta koja vodi od grada Hvara do Starog Grada i glavna trajektna luka otoka prolazi ispod sela Zara\u0107e. Ispod ulice nalazi se kapela sv. Nikole, odakle poplo\u010dena, strma staza vodi do dvije uvale.<\/p><\/div><\/div><div class='content-column one_half last_column'><div style=\"padding-right:0px;padding-left:6px;\"><p>Die oben erw\u00e4hnte Stra\u00dfe, die von der Stadt Hvar zur Stadt Stari Grad und zum wichtigsten F\u00e4hrhafen der Insel f\u00fchrt, f\u00fchrt unterhalb des Dorfes Zara\u0107e vorbei. Unterhalb der Stra\u00dfe befindet sich die Kapelle St. Nikolaus (Sv. Nikola), von der aus ein asphaltierter, steiler Weg zu zwei Buchten f\u00fchrt.<\/p><\/div><\/div><div class='clear_column'><\/div><div class='content-column one_half'><div style=\"padding-right:6px;\"><p>Prirodna brana, duga kameni greben \u0161titi uvale od izravnog utjecaja valova koji dolaze s otvorenog mora. Nekoliko restorana, kafi\u0107a i vikendica nalazi se u uvali Velo Zara\u0107e.<\/p><\/div><\/div><div class='content-column one_half last_column'><div style=\"padding-right:0px;padding-left:6px;\"><p>Ein nat\u00fcrlicher Damm, ein langes Steinriff, sch\u00fctzt die Buchten vor den direkten Einfl\u00fcssen der Wellen, die vom offenen Meer herr\u00fchren. Mehrere Restaurants, Caf\u00e9s und Ferienh\u00e4user befinden sich in der Bucht von Velo Zara\u0107e.<\/p><\/div><\/div><div class='clear_column'><\/div><div class='content-column one_half'><div style=\"padding-right:6px;\"><p>Malo predivna crkva Gospe od Zdravlje nalazi se iznad uvale Malo Zara\u0107e. Obje uvale imaju pje\u0161\u010dane i stjenovite pla\u017ee s kristalno \u010distim morem, koje nude mogu\u0107nost bu\u0107kanje okolo s obitelji u plitkoj vodi, ali postoje i ronioci priliku u\u017eivati \u200b\u200bu ljepoti podvodnog svijeta.<\/p><\/div><\/div><div class='content-column one_half last_column'><div style=\"padding-right:0px;padding-left:6px;\"><p>Eine kleine sch\u00f6ne Kirche Unserer Lieben Frau der Gesundheit (Gospa od Zdravlja) befindet sich oberhalb der Bucht von Malo Zara\u0107e. Beide Buchten haben sandige und felsige Str\u00e4nde mit kristallklarem Meer, die die M\u00f6glichkeit bieten, mit der Familie im seichten Wasser zu plantschen, aber es gibt auch Tauchern die M\u00f6glichkeit, die Sch\u00f6nheit der Unterwasserlandschaften zu genie\u00dfen.<\/p><\/div><\/div><div class='clear_column'><\/div><div class='content-column one_half'><div style=\"padding-right:6px;\"><p>Lista za\u0161ti\u0107enih kulturnih dobara Republike Hrvatske br. 01\/2011.<br \/>\nDatum tiskanog izdanja: 04. 08. 2011.<br \/>\nBroj registra: Z-4637<\/p><\/div><\/div><div class='content-column one_half last_column'><div style=\"padding-right:0px;padding-left:6px;\"><p>Liste der Kulturg\u00fcter der Republik Kroatien Nr. 01\/2011.<br \/>\nVer\u00f6ffentlichungsdatum: 04. 08. 2011.<br \/>\nRegistriernummer: Z-4637<\/p><\/div><\/div><div class='clear_column'><\/div><\/p>\n<hr \/>\n<p><strong>Linkovi \/ Links<\/strong><\/p>\n<p>&#8211;<\/p>\n","protected":false},"excerpt":{"rendered":"<p>Ime \/ Name Ruralna cjelina \/ L\u00e4ndliche Einheit \u00bbZara\u0107e\u00ab Code: ZR-AA-01\u00a0 \u00a0 \u00a0 \u00a0 \u00a0 \u00a0 \u00a0 \u00a0 \u00a0 \u00a0 \u00a0 \u00a0 \u00a0 \u00a0 \u00a0 \u00a0 \u00a0 \u00a0 \u00a0 \u00a0 \u00a0 \u00a0 \u00a0 \u00a0 \u00a0 \u00a0 Adresa \/ Adresse Zara\u010de &hellip; <a href=\"https:\/\/www.topohvar.at\/topo\/orte\/zr\/zr-aa-01-1\/\">Weiterlesen <span class=\"meta-nav\">&rarr;<\/span><\/a><\/p>\n","protected":false},"author":1,"featured_media":0,"parent":117,"menu_order":0,"comment_status":"closed","ping_status":"closed","template":"","meta":{"footnotes":""},"class_list":["post-12341","page","type-page","status-publish","hentry"],"_links":{"self":[{"href":"https:\/\/www.topohvar.at\/topo\/wp-json\/wp\/v2\/pages\/12341","targetHints":{"allow":["GET"]}}],"collection":[{"href":"https:\/\/www.topohvar.at\/topo\/wp-json\/wp\/v2\/pages"}],"about":[{"href":"https:\/\/www.topohvar.at\/topo\/wp-json\/wp\/v2\/types\/page"}],"author":[{"embeddable":true,"href":"https:\/\/www.topohvar.at\/topo\/wp-json\/wp\/v2\/users\/1"}],"replies":[{"embeddable":true,"href":"https:\/\/www.topohvar.at\/topo\/wp-json\/wp\/v2\/comments?post=12341"}],"version-history":[{"count":19,"href":"https:\/\/www.topohvar.at\/topo\/wp-json\/wp\/v2\/pages\/12341\/revisions"}],"predecessor-version":[{"id":46411,"href":"https:\/\/www.topohvar.at\/topo\/wp-json\/wp\/v2\/pages\/12341\/revisions\/46411"}],"up":[{"embeddable":true,"href":"https:\/\/www.topohvar.at\/topo\/wp-json\/wp\/v2\/pages\/117"}],"wp:attachment":[{"href":"https:\/\/www.topohvar.at\/topo\/wp-json\/wp\/v2\/media?parent=12341"}],"curies":[{"name":"wp","href":"https:\/\/api.w.org\/{rel}","templated":true}]}}