{"id":12344,"date":"2018-09-23T14:02:59","date_gmt":"2018-09-23T12:02:59","guid":{"rendered":"https:\/\/www.topohvar.at\/?page_id=12344"},"modified":"2020-03-31T08:25:55","modified_gmt":"2020-03-31T06:25:55","slug":"zr-ck-01-1","status":"publish","type":"page","link":"https:\/\/www.topohvar.at\/topo\/orte\/zr\/zr-ck-01-1\/","title":{"rendered":"ZARA\u0106E &#8211; Crkvica \u00bbGospa od Zdravlja\u00ab"},"content":{"rendered":"<p><strong><img loading=\"lazy\" decoding=\"async\" class=\"alignnone wp-image-12322 size-large\" src=\"https:\/\/www.topohvar.at\/wp-content\/uploads\/2018\/09\/ZR-CK-01-0-1024x503.jpg\" alt=\"\" width=\"640\" height=\"314\" srcset=\"https:\/\/www.topohvar.at\/wp-content\/uploads\/2018\/09\/ZR-CK-01-0-1024x503.jpg 1024w, https:\/\/www.topohvar.at\/wp-content\/uploads\/2018\/09\/ZR-CK-01-0-300x147.jpg 300w, https:\/\/www.topohvar.at\/wp-content\/uploads\/2018\/09\/ZR-CK-01-0-768x377.jpg 768w, https:\/\/www.topohvar.at\/wp-content\/uploads\/2018\/09\/ZR-CK-01-0.jpg 1080w\" sizes=\"auto, (max-width: 640px) 100vw, 640px\" \/><\/strong><\/p>\n<p><strong>Ime \/ Name<br \/>\n<\/strong>Crkvica \u00bbGospa od Zdravlja\u00ab \/ Kleine Kirche Maria vom Heil<\/p>\n<p><strong>Code: <\/strong>ZR-CK-01\u00a0 \u00a0 \u00a0 \u00a0 \u00a0 \u00a0 \u00a0 \u00a0 \u00a0 \u00a0 \u00a0 \u00a0 \u00a0 \u00a0 \u00a0 \u00a0 \u00a0 \u00a0 \u00a0 \u00a0\u00a0<strong> <a href=\"https:\/\/www.topohvar.at\/orte\/zr\/\"><img loading=\"lazy\" decoding=\"async\" class=\"alignnone wp-image-535 size-full\" src=\"https:\/\/www.topohvar.at\/wp-content\/uploads\/2018\/07\/push-o-30.jpg\" alt=\"\" width=\"61\" height=\"30\" \/><\/a> <a href=\"https:\/\/www.topohvar.at\/orte\/zr\/zr-ck-02-1\/\"><img loading=\"lazy\" decoding=\"async\" class=\"alignnone wp-image-536 size-full\" src=\"https:\/\/www.topohvar.at\/wp-content\/uploads\/2018\/07\/push-r-30.jpg\" alt=\"\" width=\"61\" height=\"30\" \/><\/a>\u00a0<\/strong><\/p>\n<hr \/>\n<p><strong>Adresa \/ Adresse<br \/>\n<\/strong>Zara\u010de, na obali<\/p>\n<p><strong>Lokalna polo\u017eaj \/ Position<a href=\"https:\/\/goo.gl\/maps\/t1F9ieh6jgRududq7\"><img loading=\"lazy\" decoding=\"async\" class=\"alignright wp-image-12394\" src=\"https:\/\/www.topohvar.at\/wp-content\/uploads\/2018\/09\/0982.jpg\" alt=\"\" width=\"134\" height=\"100\" \/><\/a><br \/>\n<\/strong><span style=\"color: #3366ff;\"><a style=\"color: #3366ff;\" href=\"https:\/\/goo.gl\/maps\/t1F9ieh6jgRududq7\">Latitude: N 43,15141\u00b0\u00a0 \u00a0Longitude: E 16,50971\u00b0<\/a> <\/span><strong><br \/>\n<\/strong>Visina \/ H\u00f6he: 16 m<\/p>\n<p><strong>Zemlji\u0161te \/ Grundst\u00fccke<br \/>\n<\/strong>*36 <div class='content-column one_half'><div style=\"padding-right:6px;\"><p><strong>Datum snimanja \/ Erfassungsdatum<br \/>\n<\/strong>27.05.2013 11:54:25<\/p>\n<hr \/>\n<p><strong>Informacije<\/strong><\/p>\n<p>Predaja ka\u017ee da kad je 1576. g. u Hvaru harala kuga, neki je pastir na mjestu kasnije crkve prona\u0161ao malu Gospinu sliku i ponio je ku\u0107i, ali se slika opet na\u0161la na mjestu pronalaska. Izgradnja prvotne crkve je ugovorena 1576. Godine (usporedite legenda o slici Gospa u mjestu Dol Sv. Marije).<\/p><\/div><\/div><div class='content-column one_half last_column'><div style=\"padding-right:0px;padding-left:6px;\"><p><strong>Za\u0161titni polo\u017eaj \/ Schutzstellung<br \/>\n<\/strong>RST 485-1970, RST 901<\/p>\n<hr \/>\n<p><strong>Info<\/strong><\/p>\n<p>Die Sage erz\u00e4hlt, dass, als 1576 in der Stadt Hvar die Pest w\u00fctete, ein Hirte ein kleines Marienbild an der Stelle der sp\u00e4teren Kirche fand und mit nach Hause nahm. Aber das Bild wurde wieder an der gleichen Stelle gefunden. So wurde im Jahr 1576 der Bau einer Kirche beschlossen (vergleiche die Sage vom Muttergottesbild von Dol St. Maria).<\/p><\/div><\/div><div class='clear_column'><\/div><div class='content-column one_half'><div style=\"padding-right:6px;\"><p>Zanimljiv je zapis koji ka\u017ee da se na Gospu od zdravlja 1629. skupilo u Zara\u0107u mno\u0161tvo svijeta s otoka Hvara, a razlog je bio pohod vezan uz postizavanje potpunog oprosta.<\/p><\/div><\/div><div class='content-column one_half last_column'><div style=\"padding-right:0px;padding-left:6px;\"><p>Interessant ist die Notiz die besagt, dass sich in der Kirche Unsere Liebe Frau vom Heil in Zara\u0107e im Jahr 1629 viele Bewohner der Insel Hvar versammelten und um vollst\u00e4ndige Vergebung baten.<\/p><\/div><\/div><div class='clear_column'><\/div><div class='content-column one_half'><div style=\"padding-right:6px;\"><p>Kad je 1762. g. veliki povodanj sru\u0161io staru crkvu, Gospina slika je spa\u0161ena iz ru\u0161evina i prenesena u Katedralu.Potom je sagra\u0111ena nova crkva i slika sve\u010dano vra\u0107ena.<\/p><\/div><\/div><div class='content-column one_half last_column'><div style=\"padding-right:0px;padding-left:6px;\"><p>Als 1762 eine gro\u00dfe \u00dcberschwemmung die alte Kirche zerst\u00f6rte, wurde das Muttergottesbild aus den Ruinen gerettet und in die Kathedrale in Hvar \u00fcberf\u00fchrt. Dann wurde eine neue Kirche gebaut und das Bild feierlich retourniert.<\/p><\/div><\/div><div class='clear_column'><\/div><\/p>\n<p style=\"text-align: center;\"><em>(Izvor \/ Quelle: Dr. Jo\u0161ko Kova\u010di\u0107)<\/em><\/p>\n<div class='content-column one_half'><div style=\"padding-right:6px;\"><p>Osim Poho\u0111enja (30. svibnja), slavi se u ovoj crkvi Gospa od zdravlja kao hodo\u010dasni\u010dki blagdan Grabljana, Bru\u0161ana, Hvarana.<\/p><\/div><\/div><div class='content-column one_half last_column'><div style=\"padding-right:0px;padding-left:6px;\"><p>Neben dem Fest Maria Heimsuchung (30. Mai) wird in der Kirche Unserer Lieben Frau vom Heil das Pilgerfest von Grablje, Bru\u0161je und Hvar gefeiert.<\/p><\/div><\/div><div class='clear_column'><\/div><\/p>\n<hr \/>\n<p><strong>Linkovi \/ Links<\/strong><\/p>\n<p><a href=\"https:\/\/www.topohvar.at\/orte\/do\/do-ci-02-2\/\"><span style=\"color: #3366ff;\">Legenda o slici Gospa u Dol Sv. Maria \/ Sage vom Muttergottesbild in Dol St. Maria<\/span><\/a><br \/>\n<span style=\"color: #3366ff;\"><a style=\"color: #3366ff;\" href=\"https:\/\/www.topohvar.at\/topo\/orte\/zr\/zr-in-06-1\/\">Natpis \/ Inschrift \u00bb1909\u00ab<\/a><\/span><\/p>\n","protected":false},"excerpt":{"rendered":"<p>Ime \/ Name Crkvica \u00bbGospa od Zdravlja\u00ab \/ Kleine Kirche Maria vom Heil Code: ZR-CK-01\u00a0 \u00a0 \u00a0 \u00a0 \u00a0 \u00a0 \u00a0 \u00a0 \u00a0 \u00a0 \u00a0 \u00a0 \u00a0 \u00a0 \u00a0 \u00a0 \u00a0 \u00a0 \u00a0 \u00a0\u00a0 \u00a0 Adresa \/ Adresse Zara\u010de, na &hellip; <a href=\"https:\/\/www.topohvar.at\/topo\/orte\/zr\/zr-ck-01-1\/\">Weiterlesen <span class=\"meta-nav\">&rarr;<\/span><\/a><\/p>\n","protected":false},"author":1,"featured_media":0,"parent":117,"menu_order":0,"comment_status":"closed","ping_status":"closed","template":"","meta":{"footnotes":""},"class_list":["post-12344","page","type-page","status-publish","hentry"],"_links":{"self":[{"href":"https:\/\/www.topohvar.at\/topo\/wp-json\/wp\/v2\/pages\/12344","targetHints":{"allow":["GET"]}}],"collection":[{"href":"https:\/\/www.topohvar.at\/topo\/wp-json\/wp\/v2\/pages"}],"about":[{"href":"https:\/\/www.topohvar.at\/topo\/wp-json\/wp\/v2\/types\/page"}],"author":[{"embeddable":true,"href":"https:\/\/www.topohvar.at\/topo\/wp-json\/wp\/v2\/users\/1"}],"replies":[{"embeddable":true,"href":"https:\/\/www.topohvar.at\/topo\/wp-json\/wp\/v2\/comments?post=12344"}],"version-history":[{"count":14,"href":"https:\/\/www.topohvar.at\/topo\/wp-json\/wp\/v2\/pages\/12344\/revisions"}],"predecessor-version":[{"id":34542,"href":"https:\/\/www.topohvar.at\/topo\/wp-json\/wp\/v2\/pages\/12344\/revisions\/34542"}],"up":[{"embeddable":true,"href":"https:\/\/www.topohvar.at\/topo\/wp-json\/wp\/v2\/pages\/117"}],"wp:attachment":[{"href":"https:\/\/www.topohvar.at\/topo\/wp-json\/wp\/v2\/media?parent=12344"}],"curies":[{"name":"wp","href":"https:\/\/api.w.org\/{rel}","templated":true}]}}