{"id":12364,"date":"2018-09-23T15:29:38","date_gmt":"2018-09-23T13:29:38","guid":{"rendered":"https:\/\/www.topohvar.at\/?page_id=12364"},"modified":"2020-03-19T18:19:43","modified_gmt":"2020-03-19T17:19:43","slug":"zr-ip-01-1","status":"publish","type":"page","link":"https:\/\/www.topohvar.at\/topo\/orte\/zr\/zr-ip-01-1\/","title":{"rendered":"ZARA\u0106E &#8211; Informativna plo\u010da \u00bbruralna cjelina Zara\u0107e\u00ab"},"content":{"rendered":"<p><strong><img loading=\"lazy\" decoding=\"async\" class=\"alignnone wp-image-12326 size-large\" src=\"https:\/\/www.topohvar.at\/wp-content\/uploads\/2018\/09\/ZR-IP-01-0-1024x503.jpg\" alt=\"\" width=\"640\" height=\"314\" srcset=\"https:\/\/www.topohvar.at\/wp-content\/uploads\/2018\/09\/ZR-IP-01-0-1024x503.jpg 1024w, https:\/\/www.topohvar.at\/wp-content\/uploads\/2018\/09\/ZR-IP-01-0-300x147.jpg 300w, https:\/\/www.topohvar.at\/wp-content\/uploads\/2018\/09\/ZR-IP-01-0-768x377.jpg 768w, https:\/\/www.topohvar.at\/wp-content\/uploads\/2018\/09\/ZR-IP-01-0.jpg 1080w\" sizes=\"auto, (max-width: 640px) 100vw, 640px\" \/><\/strong><\/p>\n<p><strong>Ime \/ Name<br \/>\n<\/strong>Informativna plo\u010da \u00bbruralna cjelina Zara\u0107e\u00ab \/ Infotafel <em>l\u00e4ndliches Ensemble Zara\u0107e<\/em><\/p>\n<p><strong>Code: <\/strong>ZR-IP-01\u00a0 \u00a0 \u00a0 \u00a0 \u00a0 \u00a0 \u00a0 \u00a0 \u00a0 \u00a0 \u00a0 \u00a0 \u00a0 \u00a0 \u00a0 \u00a0 \u00a0 \u00a0 \u00a0 \u00a0\u00a0<strong><a href=\"https:\/\/www.topohvar.at\/orte\/zr\/zr-is-02-1\/\"><img loading=\"lazy\" decoding=\"async\" class=\"alignnone wp-image-533 size-full\" src=\"https:\/\/www.topohvar.at\/wp-content\/uploads\/2018\/07\/push-l-30.jpg\" alt=\"\" width=\"61\" height=\"30\" \/><\/a> <a href=\"https:\/\/www.topohvar.at\/orte\/zr\/\"><img loading=\"lazy\" decoding=\"async\" class=\"alignnone wp-image-535 size-full\" src=\"https:\/\/www.topohvar.at\/wp-content\/uploads\/2018\/07\/push-o-30.jpg\" alt=\"\" width=\"61\" height=\"30\" \/><\/a> <a href=\"https:\/\/www.topohvar.at\/orte\/zr\/zr-ip-02-1\/\"><img loading=\"lazy\" decoding=\"async\" class=\"alignnone wp-image-536 size-full\" src=\"https:\/\/www.topohvar.at\/wp-content\/uploads\/2018\/07\/push-r-30.jpg\" alt=\"\" width=\"61\" height=\"30\" \/><\/a>\u00a0<\/strong><\/p>\n<hr \/>\n<p><strong>Adresa \/ Adresse<br \/>\n<\/strong>Zara\u010de, na raskri\u017eju \/ an der Stra\u00dfenkreuzung<\/p>\n<p><strong>Lokalna polo\u017eaj \/ Position<a href=\"https:\/\/goo.gl\/maps\/cY57qg5QQYsoigbc6\"><img loading=\"lazy\" decoding=\"async\" class=\"alignright wp-image-12413\" src=\"https:\/\/www.topohvar.at\/wp-content\/uploads\/2018\/09\/0985.jpg\" alt=\"\" width=\"133\" height=\"100\" \/><\/a><br \/>\n<\/strong><span style=\"color: #3366ff;\"><a style=\"color: #3366ff;\" href=\"https:\/\/goo.gl\/maps\/cY57qg5QQYsoigbc6\">Latitude: N 43,15254\u00b0\u00a0 \u00a0Longitude: E 16,51437\u00b0<\/a> <\/span><strong><br \/>\n<\/strong>Visina \/ H\u00f6he: 116 m<\/p>\n<p><strong>Zemlji\u0161te \/ Grundst\u00fccke<br \/>\n<\/strong>1222\u00a0<div class='content-column one_half'><div style=\"padding-right:6px;\"><p><strong>Datum snimanja \/ Erfassungsdatum<br \/>\n<\/strong>23.10.2014 10:34:26<\/p>\n<hr \/>\n<p><strong>Informacije<\/strong><\/p>\n<p>U 15. stolje\u0107u Zara\u0107e se nazivalo milna Zaratac ili pla\u017ea Zaratac, gdje je u prvotnom zna\u010denju rije\u010d milna osna\u010davala uvalu sa \u017ealom. Po\u010detkom 19. stolje\u0107a Zara\u0107e je manje izdu\u017eeno naselje polo\u017eeno na padinama koje se spu\u0161taju prema moru, a sastoji se iz nekoliko stambeno-gospodarskih sklopova s gustirnama i vrtovima te poljoprivrednim parcelama koje ih okru\u017euju i time formiraju jedinstveni prostor stanovanja i rada.<\/p><\/div><\/div><div class='content-column one_half last_column'><div style=\"padding-right:0px;padding-left:6px;\"><p><strong>Za\u0161titni polo\u017eaj \/ Schutzstellung<br \/>\n<\/strong>&#8211;<\/p>\n<hr \/>\n<p><strong>Info<\/strong><\/p>\n<p>Im 15. Jahrhundert wird Zara\u0107e als \u201eliebliches Zaratac\u201c oder \u201eStrand Zaratac\u201c bezeichnet, wobei nach der urspr\u00fcnglichen Bedeutung des Wortes ein Ort mit Trauer gemeint is<em>t<\/em>. Zu Beginn des 19. Jahrhunderts war Zara\u0107e ein kleines langgestrecktes Dorf das von den H\u00e4ngen bis zum Meer reichte, bestehend aus mehreren Wohn- und Wirtschaftsgeb\u00e4uden mit einem Wassersammelbecken und G\u00e4rten. Mit den landwirtschaftlichen Grundst\u00fccken die sie umgaben wurde so ein einzigartiger Aufenthalts- und Arbeitsbereich geschaffen.<\/p><\/div><\/div><div class='clear_column'><\/div><div class='content-column one_half'><div style=\"padding-right:6px;\"><p>Zara\u0107e se dokumentima od kraja 15. do po\u010detka 19. stolje\u0107a nazivalo suburbijom Hvara i njegove kaptolske \u017eupe, te dok su se ostali zaseoci formirali u samostalne cjeline prvenstveno stvaranjem crkvenih \u017eupa, jedino je Zara\u0107e ostalo u svom prvotnom organizacijskom obliku sela nastalog tijekom komunalnog razdobila u neposrednoj blizini Hvara, \u0161to mu daje poseban spomeni\u010dki zna\u010daj.<\/p><\/div><\/div><div class='content-column one_half last_column'><div style=\"padding-right:0px;padding-left:6px;\"><p>Zara\u0107e ist ab dem sp\u00e4ten 15. bis zu Beginn des 19. Jahrhunderts dokumentiert und wird als \u201eVorort\u201c der Stadt Hvar bezeichnet. W\u00e4hrend andere Ortschaften vor allem durch die Schaffung eigener Domkapitel der Gemeinde unabh\u00e4ngige Einheiten wurden, blieb Zara\u0107e in seiner urspr\u00fcnglichen d\u00f6rflichen Organisation in der N\u00e4he der Stadt Hvar erhalten und erlangte so eine besondere au\u00dfergew\u00f6hnliche Bedeutung.<\/p><\/div><\/div><div class='clear_column'><\/div><div class='content-column one_half'><div style=\"padding-right:6px;\"><p>Ruralna cjelina Zara\u0107e je kulturno dobro Republike Hrvatske.<\/p><\/div><\/div><div class='content-column one_half last_column'><div style=\"padding-right:0px;padding-left:6px;\"><p>Das l\u00e4ndlich-d\u00f6rfliche Ensemble Zara\u0107e ist kulturelles Erbe der Republik Kroatien.<\/p><\/div><\/div><div class='clear_column'><\/div><\/p>\n<hr \/>\n<p><strong>Linkovi \/ Links<\/strong><\/p>\n<p>&#8211;<\/p>\n","protected":false},"excerpt":{"rendered":"<p>Ime \/ Name Informativna plo\u010da \u00bbruralna cjelina Zara\u0107e\u00ab \/ Infotafel l\u00e4ndliches Ensemble Zara\u0107e Code: ZR-IP-01\u00a0 \u00a0 \u00a0 \u00a0 \u00a0 \u00a0 \u00a0 \u00a0 \u00a0 \u00a0 \u00a0 \u00a0 \u00a0 \u00a0 \u00a0 \u00a0 \u00a0 \u00a0 \u00a0 \u00a0\u00a0 \u00a0 Adresa \/ Adresse Zara\u010de, na &hellip; <a href=\"https:\/\/www.topohvar.at\/topo\/orte\/zr\/zr-ip-01-1\/\">Weiterlesen <span class=\"meta-nav\">&rarr;<\/span><\/a><\/p>\n","protected":false},"author":1,"featured_media":0,"parent":117,"menu_order":0,"comment_status":"closed","ping_status":"closed","template":"","meta":{"footnotes":""},"class_list":["post-12364","page","type-page","status-publish","hentry"],"_links":{"self":[{"href":"https:\/\/www.topohvar.at\/topo\/wp-json\/wp\/v2\/pages\/12364","targetHints":{"allow":["GET"]}}],"collection":[{"href":"https:\/\/www.topohvar.at\/topo\/wp-json\/wp\/v2\/pages"}],"about":[{"href":"https:\/\/www.topohvar.at\/topo\/wp-json\/wp\/v2\/types\/page"}],"author":[{"embeddable":true,"href":"https:\/\/www.topohvar.at\/topo\/wp-json\/wp\/v2\/users\/1"}],"replies":[{"embeddable":true,"href":"https:\/\/www.topohvar.at\/topo\/wp-json\/wp\/v2\/comments?post=12364"}],"version-history":[{"count":8,"href":"https:\/\/www.topohvar.at\/topo\/wp-json\/wp\/v2\/pages\/12364\/revisions"}],"predecessor-version":[{"id":33763,"href":"https:\/\/www.topohvar.at\/topo\/wp-json\/wp\/v2\/pages\/12364\/revisions\/33763"}],"up":[{"embeddable":true,"href":"https:\/\/www.topohvar.at\/topo\/wp-json\/wp\/v2\/pages\/117"}],"wp:attachment":[{"href":"https:\/\/www.topohvar.at\/topo\/wp-json\/wp\/v2\/media?parent=12364"}],"curies":[{"name":"wp","href":"https:\/\/api.w.org\/{rel}","templated":true}]}}