{"id":12378,"date":"2018-09-23T15:43:25","date_gmt":"2018-09-23T13:43:25","guid":{"rendered":"https:\/\/www.topohvar.at\/?page_id=12378"},"modified":"2022-01-20T15:58:14","modified_gmt":"2022-01-20T14:58:14","slug":"zr-pu-01-1","status":"publish","type":"page","link":"https:\/\/www.topohvar.at\/topo\/orte\/zr\/zr-pu-01-1\/","title":{"rendered":"ZARA\u0106E &#8211; Objekt \u00bbJavni seoski put\u00ab"},"content":{"rendered":"<p><strong><img loading=\"lazy\" decoding=\"async\" class=\"alignnone wp-image-12333 size-large\" src=\"https:\/\/www.topohvar.at\/wp-content\/uploads\/2018\/09\/ZR-PU-01-0-1024x503.jpg\" alt=\"\" width=\"640\" height=\"314\" srcset=\"https:\/\/www.topohvar.at\/wp-content\/uploads\/2018\/09\/ZR-PU-01-0-1024x503.jpg 1024w, https:\/\/www.topohvar.at\/wp-content\/uploads\/2018\/09\/ZR-PU-01-0-300x147.jpg 300w, https:\/\/www.topohvar.at\/wp-content\/uploads\/2018\/09\/ZR-PU-01-0-768x377.jpg 768w, https:\/\/www.topohvar.at\/wp-content\/uploads\/2018\/09\/ZR-PU-01-0.jpg 1080w\" sizes=\"auto, (max-width: 640px) 100vw, 640px\" \/><\/strong><\/p>\n<p><strong>Ime \/ Name<br \/>\n<\/strong>Objekt \u00bbJavni seoski put\u00ab \/ \u00f6ffentliche Dorfstra\u00dfe<\/p>\n<p><strong>Code: <\/strong>ZR-PU-01\u00a0 \u00a0 \u00a0 \u00a0 \u00a0 \u00a0 \u00a0 \u00a0 \u00a0 \u00a0 \u00a0 \u00a0 \u00a0 \u00a0 \u00a0 \u00a0 \u00a0 \u00a0 \u00a0 \u00a0<strong><a href=\"https:\/\/www.topohvar.at\/orte\/zr\/zr-ob-01-1\/\"><img loading=\"lazy\" decoding=\"async\" class=\"alignnone wp-image-12300 size-full\" src=\"https:\/\/www.topohvar.at\/wp-content\/uploads\/2018\/09\/push-vor-30.jpg\" alt=\"\" width=\"61\" height=\"30\" \/><\/a> <a href=\"https:\/\/www.topohvar.at\/orte\/zr\/zr-pu-04-1\/\"><img loading=\"lazy\" decoding=\"async\" class=\"alignnone wp-image-533 size-full\" src=\"https:\/\/www.topohvar.at\/wp-content\/uploads\/2018\/07\/push-l-30.jpg\" alt=\"\" width=\"61\" height=\"30\" \/><\/a> <a href=\"https:\/\/www.topohvar.at\/orte\/zr\/\"><img loading=\"lazy\" decoding=\"async\" class=\"alignnone wp-image-535 size-full\" src=\"https:\/\/www.topohvar.at\/wp-content\/uploads\/2018\/07\/push-o-30.jpg\" alt=\"\" width=\"61\" height=\"30\" \/><\/a> <a href=\"https:\/\/www.topohvar.at\/topo\/orte\/zr\/zr-pu-02-1\/\"><img loading=\"lazy\" decoding=\"async\" class=\"alignnone wp-image-536 size-full\" src=\"https:\/\/www.topohvar.at\/wp-content\/uploads\/2018\/07\/push-r-30.jpg\" alt=\"\" width=\"61\" height=\"30\" \/><\/a> \u00a0<\/strong><\/p>\n<hr \/>\n<p><strong>Adresa \/ Adresse<br \/>\n<\/strong>Zara\u010de<\/p>\n<p><strong>Lokalna polo\u017eaj \/ Position<a href=\"https:\/\/goo.gl\/maps\/k8rHyjbP62uijida7\"><img loading=\"lazy\" decoding=\"async\" class=\"alignright wp-image-12439\" src=\"https:\/\/www.topohvar.at\/wp-content\/uploads\/2018\/09\/0989.jpg\" alt=\"\" width=\"133\" height=\"100\" \/><\/a><br \/>\n<\/strong><span style=\"color: #3366ff;\"><a style=\"color: #3366ff;\" href=\"https:\/\/goo.gl\/maps\/k8rHyjbP62uijida7\">Latitude: N 43,15336\u00b0\u00a0 \u00a0Longitude: E 16,51526\u00b0<\/a> <\/span><strong><br \/>\n<\/strong>Visina \/ H\u00f6he: 125 m<\/p>\n<p><strong>Zemlji\u0161te \/ Grundst\u00fccke<br \/>\n<\/strong>7943\u00a0<div class='content-column one_half'><div style=\"padding-right:6px;\"><p><strong>Datum snimanja \/ Erfassungsdatum<br \/>\n<\/strong>01.01.2000 00:00:00<\/p>\n<hr \/>\n<p><strong>Informacije<\/strong><\/p>\n<p>Zara\u0107e je zbijeno selo kra\u0161kog podru\u010dja organizirano oko glavne komunikacije koja prolazi njegovim sredi\u0161tem. Najstarije ku\u0107e u zasaoku izgra\u0111ene se zu javni seoski put, a daljnjim razvojem naselje se \u0161iri na istok, kada se zu drugi pristupni put odvajaju lokalne staze oko kojih nastaju stambeno-gospodarske cjeline.<\/p><\/div><\/div><div class='content-column one_half last_column'><div style=\"padding-right:0px;padding-left:6px;\"><p><strong>Za\u0161titni polo\u017eaj \/ Schutzstellung<br \/>\n<\/strong>&#8211;<\/p>\n<hr \/>\n<p><strong>Info<\/strong><\/p>\n<p>Zara\u0107e ist ist ein enggebautes Dorf im Karstgebiet, das rund um die Hauptstra\u00dfe die durch das Zentrum verl\u00e4uft, errichtet ist. Die \u00e4ltesten H\u00e4user des Weilers liegen an der \u00f6ffentlichen Ortsstra\u00dfe. Die weitere Entwicklung des Dorfes breitet sich nach Osten aus, wo von einem zweiten Zufahrtsweg aus lokale Wege in den Lebens- und Wirtschaftsraum f\u00fchren.<\/p><\/div><\/div><div class='clear_column'><\/div><div class='content-column one_half'><div style=\"padding-right:6px;\"><p>Javni put kroz selo izveden je iz lomljenog kamena koji je sjekomice postavljan u zemlju, \u010dime nastaje specifi\u010dna kaldrma, na otoku nazivana \u201einkunjadura\u201c, zahvaljuju\u0107i kojoj su radne \u017eivotinje i mjestani lako svladavali uzvisine i nagibe. Rije\u010d dolazi od venecijanskog talijanskog: &#8218;incugnar&#8216; &#8211; uklinjavati, odnosno od latinske rije\u010di &#8218;cuneus&#8216; &#8211; klin (starogrojski &#8211; kin).<\/p><\/div><\/div><div class='content-column one_half last_column'><div style=\"padding-right:0px;padding-left:6px;\"><p>Der \u00f6ffentliche Weg durch das Dorf ist mit Bruchsteinen gepflastert, die senkrecht in den Boden gesetzt wurden. Diese ergeben ein spezielles Plaster, das auf der Insel &#8222;inkunjadura&#8220; genannt wird. Dank dessen k\u00f6nnen Tiere und Einheimische die H\u00f6hen und Steigungen leichter bew\u00e4ltigen. Das Wort stammt vom venezianisch-italienische Wort &#8222;incugnar&#8220; &#8211; Keil, oder vom lateinischen Wort &#8222;cuneus&#8220; &#8211; Keil (altgriechisch &#8211; verwandt).<\/p><\/div><\/div><div class='clear_column'><\/div><\/p>\n<hr \/>\n<p><strong>Linkovi \/ Links<\/strong><\/p>\n<p>&#8211;<\/p>\n","protected":false},"excerpt":{"rendered":"<p>Ime \/ Name Objekt \u00bbJavni seoski put\u00ab \/ \u00f6ffentliche Dorfstra\u00dfe Code: ZR-PU-01\u00a0 \u00a0 \u00a0 \u00a0 \u00a0 \u00a0 \u00a0 \u00a0 \u00a0 \u00a0 \u00a0 \u00a0 \u00a0 \u00a0 \u00a0 \u00a0 \u00a0 \u00a0 \u00a0 \u00a0 \u00a0 Adresa \/ Adresse Zara\u010de Lokalna polo\u017eaj \/ Position &hellip; <a href=\"https:\/\/www.topohvar.at\/topo\/orte\/zr\/zr-pu-01-1\/\">Weiterlesen <span class=\"meta-nav\">&rarr;<\/span><\/a><\/p>\n","protected":false},"author":1,"featured_media":0,"parent":117,"menu_order":0,"comment_status":"closed","ping_status":"closed","template":"","meta":{"footnotes":""},"class_list":["post-12378","page","type-page","status-publish","hentry"],"_links":{"self":[{"href":"https:\/\/www.topohvar.at\/topo\/wp-json\/wp\/v2\/pages\/12378","targetHints":{"allow":["GET"]}}],"collection":[{"href":"https:\/\/www.topohvar.at\/topo\/wp-json\/wp\/v2\/pages"}],"about":[{"href":"https:\/\/www.topohvar.at\/topo\/wp-json\/wp\/v2\/types\/page"}],"author":[{"embeddable":true,"href":"https:\/\/www.topohvar.at\/topo\/wp-json\/wp\/v2\/users\/1"}],"replies":[{"embeddable":true,"href":"https:\/\/www.topohvar.at\/topo\/wp-json\/wp\/v2\/comments?post=12378"}],"version-history":[{"count":12,"href":"https:\/\/www.topohvar.at\/topo\/wp-json\/wp\/v2\/pages\/12378\/revisions"}],"predecessor-version":[{"id":56459,"href":"https:\/\/www.topohvar.at\/topo\/wp-json\/wp\/v2\/pages\/12378\/revisions\/56459"}],"up":[{"embeddable":true,"href":"https:\/\/www.topohvar.at\/topo\/wp-json\/wp\/v2\/pages\/117"}],"wp:attachment":[{"href":"https:\/\/www.topohvar.at\/topo\/wp-json\/wp\/v2\/media?parent=12378"}],"curies":[{"name":"wp","href":"https:\/\/api.w.org\/{rel}","templated":true}]}}