{"id":12384,"date":"2018-09-23T15:49:13","date_gmt":"2018-09-23T13:49:13","guid":{"rendered":"https:\/\/www.topohvar.at\/?page_id=12384"},"modified":"2020-10-11T10:58:43","modified_gmt":"2020-10-11T08:58:43","slug":"zr-tg-04-1","status":"publish","type":"page","link":"https:\/\/www.topohvar.at\/topo\/orte\/zr\/zr-tg-04-1\/","title":{"rendered":"ZARA\u0106E &#8211; Gra\u0111evina \u00bbGrivi\u010di\u0107-Bartu\u010devi\u0107 (kasnije Raffaelli)\u00ab"},"content":{"rendered":"<p><strong><img loading=\"lazy\" decoding=\"async\" class=\"alignnone wp-image-12337 size-large\" src=\"https:\/\/www.topohvar.at\/wp-content\/uploads\/2018\/09\/ZR-TG-04-0-1024x503.jpg\" alt=\"\" width=\"640\" height=\"314\" srcset=\"https:\/\/www.topohvar.at\/wp-content\/uploads\/2018\/09\/ZR-TG-04-0-1024x503.jpg 1024w, https:\/\/www.topohvar.at\/wp-content\/uploads\/2018\/09\/ZR-TG-04-0-300x147.jpg 300w, https:\/\/www.topohvar.at\/wp-content\/uploads\/2018\/09\/ZR-TG-04-0-768x377.jpg 768w, https:\/\/www.topohvar.at\/wp-content\/uploads\/2018\/09\/ZR-TG-04-0.jpg 1080w\" sizes=\"auto, (max-width: 640px) 100vw, 640px\" \/><\/strong><\/p>\n<p><strong>Ime \/ Name<br \/>\n<\/strong>Gra\u0111evina \/ H\u00e4user \u00bbGrivi\u010di\u0107-Bartu\u010devi\u0107 (kasnije \/ sp\u00e4ter Raffaelli)\u00ab<\/p>\n<p><strong>Code: <\/strong>ZR-TG-04\u00a0 \u00a0 \u00a0 \u00a0 \u00a0 \u00a0 \u00a0 \u00a0 \u00a0 \u00a0 \u00a0 \u00a0 \u00a0 \u00a0 \u00a0 \u00a0 \u00a0 \u00a0 \u00a0 \u00a0<strong><a href=\"https:\/\/www.topohvar.at\/orte\/zr\/zr-tg-02-1\/\"><img loading=\"lazy\" decoding=\"async\" class=\"alignnone wp-image-533 size-full\" src=\"https:\/\/www.topohvar.at\/wp-content\/uploads\/2018\/07\/push-l-30.jpg\" alt=\"\" width=\"61\" height=\"30\" \/><\/a> <a href=\"https:\/\/www.topohvar.at\/orte\/zr\/\"><img loading=\"lazy\" decoding=\"async\" class=\"alignnone wp-image-535 size-full\" src=\"https:\/\/www.topohvar.at\/wp-content\/uploads\/2018\/07\/push-o-30.jpg\" alt=\"\" width=\"61\" height=\"30\" \/><\/a> <a href=\"https:\/\/www.topohvar.at\/orte\/zr\/zr-tg-05-1\/\"><img loading=\"lazy\" decoding=\"async\" class=\"alignnone wp-image-536 size-full\" src=\"https:\/\/www.topohvar.at\/wp-content\/uploads\/2018\/07\/push-r-30.jpg\" alt=\"\" width=\"61\" height=\"30\" \/><\/a>\u00a0<\/strong><\/p>\n<hr \/>\n<p><strong>Adresa \/ Adresse<br \/>\n<\/strong>Zara\u010de, Dubovica (Dubova Dol)<\/p>\n<p><strong>Lokalna polo\u017eaj \/ Position<a href=\"https:\/\/goo.gl\/maps\/ngidGhiAYtjf3KiH6\"><img loading=\"lazy\" decoding=\"async\" class=\"alignright wp-image-12448\" src=\"https:\/\/www.topohvar.at\/wp-content\/uploads\/2018\/09\/1645.jpg\" alt=\"\" width=\"134\" height=\"100\" \/><\/a><br \/>\n<\/strong><span style=\"color: #3366ff;\"><a style=\"color: #3366ff;\" href=\"https:\/\/goo.gl\/maps\/ngidGhiAYtjf3KiH6\">Latitude: N 43,14615\u00b0\u00a0 \u00a0Longitude: E 16,53402\u00b0<\/a> <\/span><strong><br \/>\n<\/strong>Visina \/ H\u00f6he: 4 m<\/p>\n<p><strong>Zemlji\u0161te \/ Grundst\u00fccke<br \/>\n<\/strong>*84, *85, *86, *87, (*88), *89, *90\/1, *91 (DKP Grablje)<div class='content-column one_half'><div style=\"padding-right:6px;\"><p><strong>Datum snimanja \/ Erfassungsdatum<br \/>\n<\/strong>30.10.2014 11:10:00<\/p>\n<hr \/>\n<p><strong>Informacije<\/strong><\/p>\n<p>U zapadnom dijelu uvale Dubovica smjestio se skup ladanjsko-gospodarskih gra\u0111evina Grivi\u010di\u0107-Bartu\u010devi\u0107 i Raffaelli kao sredi\u0161te imanja Dubovi Dol, koji se spominju od 16. stolje\u0107a. Ovo imanje se u 19. stolje\u0107u procjenjivalo na 40 hektara obradive zemlje i 210 hektara pa\u0161njaka i \u0161ume. Prvi se put spominje kao vlasni\u0161tvo Grivi\u010di\u0107a po\u010detkom 13. stolje\u010da. U njihovom je vlasni\u0161tvo do sredine 16. stolje\u010da, kada ga naslje\u0111uju Bartu\u010devi\u0107i, a potom obitelj Raffaelli.<\/p><\/div><\/div><div class='content-column one_half last_column'><div style=\"padding-right:0px;padding-left:6px;\"><p><strong>Za\u0161titni polo\u017eaj \/ Schutzstellung<br \/>\n<\/strong>RST 1319-1988<\/p>\n<hr \/>\n<p><strong>Info<\/strong><\/p>\n<p>Im westlichen Teil der Dubovica Bucht gab es eine Reihe von Wirtschaftsgeb\u00e4uden der Grivi\u010di\u0107-Bartu\u010devi\u0107 und Raffaelli als Zentrum des Dubova Dol, das seit dem 16. Jh. erw\u00e4hnt wird. Dieses Anwesen wurde im 19. Jh. auf 40 Hektar Ackerland und 210 Hektar Weiden und W\u00e4ldern gesch\u00e4tzt. Es wird zum ersten Mal als Eigentum der Grivi\u010di\u0107 zu Beginn des 13. Jh. erw\u00e4hnt. In ihrem Besitz war es bis zur Mitte des 16. Jahrhunderts, als es von den Bartu\u010devi\u0107 geerbt wurde, und dann von der Familie Raffaelli.<\/p><\/div><\/div><div class='clear_column'><\/div><div class='content-column one_half'><div style=\"padding-right:6px;\"><p>Najstarija ku\u0107a u Dubovici je prizemnica sagra\u0111ena odmah iznad pla\u017ee. Pored nje su jo\u0161 tri manje prizemnice i velika katnica s tri lurninara na krovu i, ogra\u0111enim dvori\u0161tem u za\u010delju ku\u0107e. U Kaptolskom arhivu u Hvaru \u010duva se crte\u017e posjeda Dubovi dol, pod imenom \u201eVigna Bertuzzi&#8220; iz 16. stolje\u010da, koji uz \u017ealo u Dubovici prikazuje obrambeni zid s manjorn kulom.<\/p><\/div><\/div><div class='content-column one_half last_column'><div style=\"padding-right:0px;padding-left:6px;\"><p>Das \u00e4lteste Haus in Dubovica ist ein ebenerdiges Haus direkt oberhalb des Strandes. Dar\u00fcber hinaus gibt es drei kleinere sowie ein gro\u00dfes Stockhaus mit drei Gaupen am Dach und einen umz\u00e4unten Hof auf der R\u00fcckseite. In den Archiven des Kaptol-Archivs in Hvar befindet sich eine Zeichnung des Dubov-Gutshofs, genannt &#8222;Vigna Bertuzzi&#8220; aus dem 16. Jh., der den Strand von Dubovica mit Verteidigungsmauer mit kleinen Turm zeigt.<\/p><\/div><\/div><div class='clear_column'><\/div><div class='content-column one_half'><div style=\"padding-right:6px;\"><p>Crkva Sv. Stjepana na podru\u010dju nekretnine Bartu\u010devi\u0107 koju je po\u010detkom 17. st. sagradio hvarski kanonik don Andrija Bartu\u010devi\u0107.<\/p><\/div><\/div><div class='content-column one_half last_column'><div style=\"padding-right:0px;padding-left:6px;\"><p>Die Kirche zum hl. Stefan im Anwesen der Bartu\u010devi\u0107 wurde im fr\u00fchen 17. Jh. durch den Hvarer Kanonikus Don Andrij Bartu\u010devi\u0107 gebaut.<\/div><\/div><div class='clear_column'><\/div><\/p>\n<hr \/>\n<p><strong>Linkovi \/ Links<\/strong><\/p>\n<p><span style=\"color: #3366ff;\"><a style=\"color: #3366ff;\" href=\"https:\/\/www.topohvar.at\/topo\/orte\/zr\/zr-au-10-1\/#zr-13\">Uvala \/ Bucht Dubovica (Dubovi dol)<\/a><br \/>\n<a style=\"color: #3366ff;\" href=\"https:\/\/www.topohvar.at\/orte\/zr\/zr-ck-02-1\/\">Crkvica \u00bbSv. Stjepana\u00ab \/ kleine Kirche zum hl. Stefan<\/a><\/span><\/p>\n","protected":false},"excerpt":{"rendered":"<p>Ime \/ Name Gra\u0111evina \/ H\u00e4user \u00bbGrivi\u010di\u0107-Bartu\u010devi\u0107 (kasnije \/ sp\u00e4ter Raffaelli)\u00ab Code: ZR-TG-04\u00a0 \u00a0 \u00a0 \u00a0 \u00a0 \u00a0 \u00a0 \u00a0 \u00a0 \u00a0 \u00a0 \u00a0 \u00a0 \u00a0 \u00a0 \u00a0 \u00a0 \u00a0 \u00a0 \u00a0 \u00a0 Adresa \/ Adresse Zara\u010de, Dubovica (Dubova Dol) &hellip; <a href=\"https:\/\/www.topohvar.at\/topo\/orte\/zr\/zr-tg-04-1\/\">Weiterlesen <span class=\"meta-nav\">&rarr;<\/span><\/a><\/p>\n","protected":false},"author":1,"featured_media":0,"parent":117,"menu_order":0,"comment_status":"closed","ping_status":"closed","template":"","meta":{"footnotes":""},"class_list":["post-12384","page","type-page","status-publish","hentry"],"_links":{"self":[{"href":"https:\/\/www.topohvar.at\/topo\/wp-json\/wp\/v2\/pages\/12384","targetHints":{"allow":["GET"]}}],"collection":[{"href":"https:\/\/www.topohvar.at\/topo\/wp-json\/wp\/v2\/pages"}],"about":[{"href":"https:\/\/www.topohvar.at\/topo\/wp-json\/wp\/v2\/types\/page"}],"author":[{"embeddable":true,"href":"https:\/\/www.topohvar.at\/topo\/wp-json\/wp\/v2\/users\/1"}],"replies":[{"embeddable":true,"href":"https:\/\/www.topohvar.at\/topo\/wp-json\/wp\/v2\/comments?post=12384"}],"version-history":[{"count":10,"href":"https:\/\/www.topohvar.at\/topo\/wp-json\/wp\/v2\/pages\/12384\/revisions"}],"predecessor-version":[{"id":42435,"href":"https:\/\/www.topohvar.at\/topo\/wp-json\/wp\/v2\/pages\/12384\/revisions\/42435"}],"up":[{"embeddable":true,"href":"https:\/\/www.topohvar.at\/topo\/wp-json\/wp\/v2\/pages\/117"}],"wp:attachment":[{"href":"https:\/\/www.topohvar.at\/topo\/wp-json\/wp\/v2\/media?parent=12384"}],"curies":[{"name":"wp","href":"https:\/\/api.w.org\/{rel}","templated":true}]}}