{"id":12386,"date":"2018-09-23T15:51:21","date_gmt":"2018-09-23T13:51:21","guid":{"rendered":"https:\/\/www.topohvar.at\/?page_id=12386"},"modified":"2020-10-11T10:57:53","modified_gmt":"2020-10-11T08:57:53","slug":"zr-tg-05-1","status":"publish","type":"page","link":"https:\/\/www.topohvar.at\/topo\/orte\/zr\/zr-tg-05-1\/","title":{"rendered":"ZARA\u0106E &#8211; Ljetnikovac \u00bbKasandri\u0107\u00ab"},"content":{"rendered":"<p><strong><img loading=\"lazy\" decoding=\"async\" class=\"alignnone wp-image-12338 size-large\" src=\"https:\/\/www.topohvar.at\/wp-content\/uploads\/2018\/09\/ZR-tg-05-0-1024x503.jpg\" alt=\"\" width=\"640\" height=\"314\" srcset=\"https:\/\/www.topohvar.at\/wp-content\/uploads\/2018\/09\/ZR-tg-05-0-1024x503.jpg 1024w, https:\/\/www.topohvar.at\/wp-content\/uploads\/2018\/09\/ZR-tg-05-0-300x147.jpg 300w, https:\/\/www.topohvar.at\/wp-content\/uploads\/2018\/09\/ZR-tg-05-0-768x377.jpg 768w, https:\/\/www.topohvar.at\/wp-content\/uploads\/2018\/09\/ZR-tg-05-0.jpg 1080w\" sizes=\"auto, (max-width: 640px) 100vw, 640px\" \/><\/strong><\/p>\n<p><strong>Ime \/ Name<br \/>\n<\/strong>Ljetnikovac \/ Sommerhaus \u00bbKasandri\u0107\u00ab<\/p>\n<p><strong>Code: <\/strong>ZR-TG-05\u00a0 \u00a0 \u00a0 \u00a0 \u00a0 \u00a0 \u00a0 \u00a0 \u00a0 \u00a0 \u00a0 \u00a0 \u00a0 \u00a0 \u00a0 \u00a0 \u00a0 \u00a0 \u00a0 \u00a0<strong><a href=\"https:\/\/www.topohvar.at\/orte\/zr\/zr-tg-04-1\/\"><img loading=\"lazy\" decoding=\"async\" class=\"alignnone wp-image-533 size-full\" src=\"https:\/\/www.topohvar.at\/wp-content\/uploads\/2018\/07\/push-l-30.jpg\" alt=\"\" width=\"61\" height=\"30\" \/><\/a> <a href=\"https:\/\/www.topohvar.at\/orte\/zr\/\"><img loading=\"lazy\" decoding=\"async\" class=\"alignnone wp-image-535 size-full\" src=\"https:\/\/www.topohvar.at\/wp-content\/uploads\/2018\/07\/push-o-30.jpg\" alt=\"\" width=\"61\" height=\"30\" \/><\/a> <a href=\"https:\/\/www.topohvar.at\/orte\/zr\/zr-tg-03-1\/\"><img loading=\"lazy\" decoding=\"async\" class=\"alignnone wp-image-536 size-full\" src=\"https:\/\/www.topohvar.at\/wp-content\/uploads\/2018\/07\/push-r-30.jpg\" alt=\"\" width=\"61\" height=\"30\" \/><\/a>\u00a0<\/strong><\/p>\n<hr \/>\n<p><strong>Adresa \/ Adresse<br \/>\n<\/strong>Zara\u010de,\u00a0Dubovica<\/p>\n<p><strong>Lokalna polo\u017eaj \/ Position<a href=\"https:\/\/goo.gl\/maps\/xRRLsigs9DqiVQyP8\"><img loading=\"lazy\" decoding=\"async\" class=\"alignright wp-image-12451\" src=\"https:\/\/www.topohvar.at\/wp-content\/uploads\/2018\/09\/0992.jpg\" alt=\"\" width=\"134\" height=\"100\" \/><\/a><br \/>\n<\/strong><span style=\"color: #3366ff;\"><a style=\"color: #3366ff;\" href=\"https:\/\/goo.gl\/maps\/xRRLsigs9DqiVQyP8\">Latitude: N 43,14569\u00b0\u00a0 \u00a0Longitude: E 16,53399\u00b0<\/a> <\/span><strong><br \/>\n<\/strong>Visina \/ H\u00f6he: 5 m<\/p>\n<p><strong>Zemlji\u0161te \/ Grundst\u00fccke<br \/>\n<\/strong>*92, *93\/1, *93\/2, 1576, 1577 (DKP Grablje)<div class='content-column one_half'><div style=\"padding-right:6px;\"><p><strong>Datum snimanja \/ Erfassungsdatum<br \/>\n<\/strong>30.10.2014 11:14:00<\/p>\n<hr \/>\n<p><strong>Informacije<\/strong><\/p>\n<p>Ljetnikovac je sagra\u0111en u drugoj polovini 18. stolje\u0107a. Pro\u0161iren je u 19. stolje\u0107u i svakako je najo\u010duvaniji barokni ljetnikovac hvarske komune. Sagra\u0111en je na izbo\u010dini koja sa zapada zatvra plitku uvalu. Sagradila ga je obitelj Garguri\u0107-Kasandri\u0107. Sastoji se od velike jednokatnice s dvori\u0161tem i nizom pomo\u0107nih prostorija. U prizemlju je velika konoba koja je slu\u017eila velikom imanju koje se pru\u017ealo u za\u010delju uvale. Na pro\u010deljima su ugra\u0111eni su brojni goti\u010dki ulomci.<\/p><\/div><\/div><div class='content-column one_half last_column'><div style=\"padding-right:0px;padding-left:6px;\"><p><strong>Za\u0161titni polo\u017eaj \/ Schutzstellung<br \/>\n<\/strong>RST 514-1971, RST 903<\/p>\n<hr \/>\n<p><strong>Info<\/strong><\/p>\n<p>Das Herrenhaus wurde in der zweiten H\u00e4lfte des 18. Jahrhunderts erbaut. Es ist sicherlich das am besten erhaltene barocke Sommerhaus der Gemeinde Hvar. Es wurde auf einem Felsvorsprung gebaut, der eine flache Bucht im Westen umschlie\u00dft. Das Haus wurde von der Familie Garguri\u0107-Kasandri\u0107 erbaut und besteht aus einem gro\u00dfen einst\u00f6ckigen Geb\u00e4ude mit Innenhof und mehreren Wirtschaftsr\u00e4umen. Im Erdgeschoss befindet sich eine gro\u00dfe Taverne, die das gro\u00dfe Anwesen bediente, das sich \u00fcber die Bucht erstreckte. An den Fassaden wurden zahlreiche gotische Fragmente installiert.<\/p><\/div><\/div><div class='clear_column'><\/div><div class='content-column one_half'><div style=\"padding-right:6px;\"><p>Garguri\u0107 Kasandri\u0107 (Gargurich Cassandrich), hvarska gra\u0111anska obitelj, nastala 1698. vjen\u010danjem Ivana Garguri\u0107a (ro\u0111. 1667) i Lucije Kasandri\u0107 (1680\u20131708). Pripadnici obitelji dvojnim su se prezimenom slu\u017eili od druge polovice XIX. st.; u XX. st. isklju\u010divo su Kasandri\u0107.<\/p><\/div><\/div><div class='content-column one_half last_column'><div style=\"padding-right:0px;padding-left:6px;\"><p>Die b\u00fcrgerliche Familie Garguri\u0107 Kasandri\u0107 entstand 1698 durch die Heirat von Ivan Garguri\u0107 (geboren 1667) und Lucija Kasandri\u0107 (1680-1708). Den Doppelnamen trug die Familie bis zur zweiten H\u00e4lfte des 19. Jahrhunderts. Im 20. Jahrhundert nannten sie sich nur noch Kassandri\u0107.<\/p><\/div><\/div><div class='clear_column'><\/div><div class='content-column one_half'><div style=\"padding-right:6px;\"><p>Garguri\u0107 Kasandri\u0107i primljeni su 1804. u plemstvo Nina. U XIX. st. imali su posjede na Hvaru, Bra\u010du i Visu te mnoge nekretnine.<\/p><\/div><\/div><div class='content-column one_half last_column'><div style=\"padding-right:0px;padding-left:6px;\"><p>Die Garguri\u0107 Kasandri\u0107i wurden 1804 in den Adel von Nin aufgenommen. Im 19. Jahrhundert besa\u00dfen sie Besitzt\u00fcmer in Hvar, Bra\u010d und Vis und viele Immobilien.<\/p><\/div><\/div><div class='clear_column'><\/div><div class='content-column one_half'><div style=\"padding-right:6px;\"><p>Najistaknutiji pripadnik obitelji bio je Petrov unuk, publicist i knji\u017eevni povjesni\u010dar Petar Kasandri\u0107. Njegovi brati\u0107i, bra\u0107a Petar (1834\u201393), Ivan (1836\u20131903) i Nikola (1838\u20131910), kapetani duge plovidbe, bili su osvjedo\u010deni hrvatski rodoljubi. Ivanov sin Ivan (1879\u20131948) doktorirao je teologiju u Innsbrucku 1903. i predavao na bogoslovijama u Zadru i Splitu. Ne\u0107ak mu je bio pravnik, povjesni\u010dar i publicist Ivan Kasandri\u0107.<\/p><\/div><\/div><div class='content-column one_half last_column'><div style=\"padding-right:0px;padding-left:6px;\"><p>Das prominenteste Familienmitglied war Petars Enkel, der Publizist und Literaturhistoriker Peter Kasandri\u0107. Seine Cousins, die Br\u00fcder Peter (1834-93), Ivan (1836-1903) und Nikolaus (1838-1910), waren Kapit\u00e4ne auf Segelschiffen und kroatische Patrioten. Ivan&#8217;s Sohn Ivan (1879-1948) promovierte 1903 in Innsbruck in Theologie und lehrte an der theologischen Hochschule in Zadar und Split. Sein Neffe war der Rechtsanwalt, Historiker und Publizist Ivan Kasandri\u0107.<\/p><\/div><\/div><div class='clear_column'><\/div><div class='content-column one_half'><div style=\"padding-right:6px;\"><p>Poznata je ku\u0107a Kasandri\u0107 u Hvaru.<\/p><\/div><\/div><div class='content-column one_half last_column'><div style=\"padding-right:0px;padding-left:6px;\"><p>Ber\u00fchmt ist auch der Palast der Kasandri\u0107 in der Stadt Hvar.<\/p><\/div><\/div><div class='clear_column'><\/div><\/p>\n<hr \/>\n<p><strong>Linkovi \/ Links<\/strong><\/p>\n<p><span style=\"color: #3366ff;\"><a style=\"color: #3366ff;\" href=\"https:\/\/www.topohvar.at\/topo\/orte\/zr\/zr-au-10-1\/#zr-13\">Uvala \/ Bucht Dubovica (Dubovi dol)<\/a><br \/>\n<a style=\"color: #3366ff;\" href=\"https:\/\/www.topohvar.at\/orte\/hv\/hv-tg-52-1\/\">Ku\u0107a Kasandri\u0107 u Hvaru \/ Haus Kasandri\u0107 in Hvar<\/a><\/span><\/p>\n","protected":false},"excerpt":{"rendered":"<p>Ime \/ Name Ljetnikovac \/ Sommerhaus \u00bbKasandri\u0107\u00ab Code: ZR-TG-05\u00a0 \u00a0 \u00a0 \u00a0 \u00a0 \u00a0 \u00a0 \u00a0 \u00a0 \u00a0 \u00a0 \u00a0 \u00a0 \u00a0 \u00a0 \u00a0 \u00a0 \u00a0 \u00a0 \u00a0 \u00a0 Adresa \/ Adresse Zara\u010de,\u00a0Dubovica Lokalna polo\u017eaj \/ Position Latitude: N 43,14569\u00b0\u00a0 &hellip; <a href=\"https:\/\/www.topohvar.at\/topo\/orte\/zr\/zr-tg-05-1\/\">Weiterlesen <span class=\"meta-nav\">&rarr;<\/span><\/a><\/p>\n","protected":false},"author":1,"featured_media":0,"parent":117,"menu_order":0,"comment_status":"closed","ping_status":"closed","template":"","meta":{"footnotes":""},"class_list":["post-12386","page","type-page","status-publish","hentry"],"_links":{"self":[{"href":"https:\/\/www.topohvar.at\/topo\/wp-json\/wp\/v2\/pages\/12386","targetHints":{"allow":["GET"]}}],"collection":[{"href":"https:\/\/www.topohvar.at\/topo\/wp-json\/wp\/v2\/pages"}],"about":[{"href":"https:\/\/www.topohvar.at\/topo\/wp-json\/wp\/v2\/types\/page"}],"author":[{"embeddable":true,"href":"https:\/\/www.topohvar.at\/topo\/wp-json\/wp\/v2\/users\/1"}],"replies":[{"embeddable":true,"href":"https:\/\/www.topohvar.at\/topo\/wp-json\/wp\/v2\/comments?post=12386"}],"version-history":[{"count":12,"href":"https:\/\/www.topohvar.at\/topo\/wp-json\/wp\/v2\/pages\/12386\/revisions"}],"predecessor-version":[{"id":42434,"href":"https:\/\/www.topohvar.at\/topo\/wp-json\/wp\/v2\/pages\/12386\/revisions\/42434"}],"up":[{"embeddable":true,"href":"https:\/\/www.topohvar.at\/topo\/wp-json\/wp\/v2\/pages\/117"}],"wp:attachment":[{"href":"https:\/\/www.topohvar.at\/topo\/wp-json\/wp\/v2\/media?parent=12386"}],"curies":[{"name":"wp","href":"https:\/\/api.w.org\/{rel}","templated":true}]}}