{"id":125,"date":"2018-07-22T11:17:54","date_gmt":"2018-07-22T09:17:54","guid":{"rendered":"https:\/\/www.topohvar.at\/?page_id=125"},"modified":"2022-07-25T08:54:29","modified_gmt":"2022-07-25T06:54:29","slug":"ol","status":"publish","type":"page","link":"https:\/\/www.topohvar.at\/topo\/orte\/ol\/","title":{"rendered":"Oto\u010di\u0107i (Hridi) Lukavci"},"content":{"rendered":"<hr \/>\n<p><a name=\"seite_oben\"><\/a><\/p>\n<p><strong>Odaberite kategoriju \/ W\u00e4hlen Sie eine Kategorie aus\u00a0 \u00a0 \u00a0 \u00a0 \u00a0 \u00a0 \u00a0<\/strong><img loading=\"lazy\" decoding=\"async\" class=\"size-medium wp-image-35760 alignnone\" src=\"https:\/\/www.topohvar.at\/wp-content\/uploads\/2020\/04\/icon-ol-300x70.jpg\" alt=\"\" width=\"300\" height=\"70\" srcset=\"https:\/\/www.topohvar.at\/wp-content\/uploads\/2020\/04\/icon-ol-300x70.jpg 300w, https:\/\/www.topohvar.at\/wp-content\/uploads\/2020\/04\/icon-ol-1024x239.jpg 1024w, https:\/\/www.topohvar.at\/wp-content\/uploads\/2020\/04\/icon-ol-768x179.jpg 768w, https:\/\/www.topohvar.at\/wp-content\/uploads\/2020\/04\/icon-ol.jpg 1200w\" sizes=\"auto, (max-width: 300px) 100vw, 300px\" \/><\/p>\n<h4><span style=\"color: #0000ff;\"><a style=\"color: #0000ff;\" href=\"#aa\">Naselja \/ Siedlungen<\/a> \/\/ <a style=\"color: #0000ff;\" href=\"#ci\">Crkve \/ Kirchen<\/a> \/\/ <a style=\"color: #0000ff;\" href=\"#cp\">Kapele \/Kapellen<\/a> \/\/ <a style=\"color: #0000ff;\" href=\"#cs\">Kapelice \/Bildst\u00f6cke<\/a> \/\/ <a style=\"color: #0000ff;\" href=\"#cz\">Kri\u017eevi \/ Kreuze<\/a> \/\/ <a style=\"color: #0000ff;\" href=\"#in\">Natpisi \/ Inschriften<\/a> \/\/ <a style=\"color: #0000ff;\" href=\"#ip\">Plo\u010de \/ Tafeln<\/a> \/\/ <a style=\"color: #0000ff;\" href=\"#ir\">Reljefi\/ Reliefs<\/a> \/\/ <a style=\"color: #0000ff;\" href=\"#mo\">Skulpture \/ Skulpturen<\/a> \/\/ <a style=\"color: #0000ff;\" href=\"#ob\">Objekti \/ Objekte<\/a> \/\/ <a style=\"color: #0000ff;\" href=\"#td\">Utvrde\/ Festungen<\/a> \/\/ <a style=\"color: #0000ff;\" href=\"#tg\">Gra\u0111evine \/ Geb\u00e4ude<\/a> \/\/ <a style=\"color: #0000ff;\" href=\"#op\">Bunar i to\u010dka vode \/ Brunnen und Wasserstellen<\/a> \/\/\u00a0<a style=\"color: #0000ff;\" href=\"#tr\">Trimi \/ Trims<\/a> \/\/ <a style=\"color: #0000ff;\" href=\"#po\">Povijesne znamenitosti \/ historische Sehensw\u00fcrdigkeiten<\/a><\/span><\/h4>\n<p><a name=\"aa\"><\/a><\/p>\n<hr \/>\n<h2><strong><span style=\"color: #ff0000;\">Naselja, uvale \/ Siedlungen, Buchten<\/span><\/strong><\/h2>\n<p><strong><a href=\"https:\/\/www.topohvar.at\/orte\/ol\/ol-ao-10-1\/\"><img loading=\"lazy\" decoding=\"async\" class=\"alignleft wp-image-35737\" src=\"https:\/\/www.topohvar.at\/wp-content\/uploads\/2020\/04\/ol-ao-10-300x147.jpg\" alt=\"\" width=\"114\" height=\"56\" srcset=\"https:\/\/www.topohvar.at\/wp-content\/uploads\/2020\/04\/ol-ao-10-300x147.jpg 300w, https:\/\/www.topohvar.at\/wp-content\/uploads\/2020\/04\/ol-ao-10.jpg 640w\" sizes=\"auto, (max-width: 114px) 100vw, 114px\" \/><\/a>Oto\u010di\u0107i (Hridi) Lukavci<\/strong><strong><br \/>\n<\/strong>OL-AO-10 \/ Hridi Lukavci<\/p>\n<p style=\"text-align: right;\"><span style=\"color: #3366ff;\"><a style=\"color: #3366ff;\" href=\"#seite_oben\">natrag na vrh \/ Seitenanfang<\/a><\/span><\/p>\n<p><a name=\"ci\"><\/a><\/p>\n<hr \/>\n<h2><strong><span style=\"color: #ff0000;\">Crkve \/ Kirchen<\/span><\/strong><\/h2>\n<p>Bez objekata \/ kein Eintrag<\/p>\n<p style=\"text-align: right;\"><span style=\"color: #3366ff;\"><a style=\"color: #3366ff;\" href=\"#seite_oben\">natrag na vrh \/ Seitenanfang<\/a><\/span><\/p>\n<p><a name=\"cp\"><\/a><\/p>\n<hr \/>\n<h2><strong><span style=\"color: #ff0000;\">Kapele \/Kapellen<\/span><\/strong><\/h2>\n<p>Bez objekata \/ kein Eintrag<\/p>\n<p style=\"text-align: right;\"><span style=\"color: #3366ff;\"><a style=\"color: #3366ff;\" href=\"#seite_oben\">natrag na vrh \/ Seitenanfang<\/a><\/span><\/p>\n<p><a name=\"cs\"><\/a><\/p>\n<hr \/>\n<h2><strong><span style=\"color: #ff0000;\">Kapelice \/Bildst\u00f6cke<\/span><\/strong><\/h2>\n<p>Bez objekata \/ kein Eintrag<\/p>\n<p style=\"text-align: right;\"><a href=\"#seite_oben\"><span style=\"color: #3366ff;\">natrag na vrh \/ Seitenanfang<\/span><\/a><\/p>\n<p><a name=\"cz\"><\/a><\/p>\n<hr \/>\n<h2><strong><span style=\"color: #ff0000;\">Kri\u017eevi \/ Kreuze<\/span><\/strong><\/h2>\n<p>Bez objekata \/ kein Eintrag<\/p>\n<p style=\"text-align: right;\"><a href=\"#seite_oben\"><span style=\"color: #3366ff;\">natrag na vrh \/ Seitenanfang<\/span><\/a><\/p>\n<p><a name=\"in\"><\/a><\/p>\n<hr \/>\n<h2><strong><span style=\"color: #ff0000;\">Natpisi\/ Inschriften<\/span><\/strong><\/h2>\n<p>Bez objekata \/ kein Eintrag<\/p>\n<p style=\"text-align: right;\"><a href=\"#seite_oben\"><span style=\"color: #3366ff;\">natrag na vrh \/ Seitenanfang<\/span><\/a><\/p>\n<p><a name=\"ip\"><\/a><\/p>\n<hr \/>\n<h2><strong><span style=\"color: #ff0000;\">Plo\u010de \/ Tafeln<\/span><\/strong><\/h2>\n<p>Bez objekata \/ kein Eintrag<\/p>\n<p style=\"text-align: right;\"><span style=\"color: #3366ff;\"><a style=\"color: #3366ff;\" href=\"#seite_oben\">natrag na vrh \/ Seitenanfang<\/a><\/span><\/p>\n<p><a name=\"ir\"><\/a><\/p>\n<hr \/>\n<h2><strong><span style=\"color: #ff0000;\">Reljefi \/ Reliefs<\/span><\/strong><\/h2>\n<p>Bez objekata \/ kein Eintrag<\/p>\n<p style=\"text-align: right;\"><span style=\"color: #3366ff;\"><a style=\"color: #3366ff;\" href=\"#seite_oben\">natrag na vrh \/ Seitenanfang<\/a><\/span><\/p>\n<p><a name=\"mo\"><\/a><\/p>\n<hr \/>\n<h2><strong><span style=\"color: #ff0000;\">S<\/span><\/strong><strong><span style=\"color: #ff0000;\">pomenici, skulpture \/ Monumente, Skulpturen<\/span><\/strong><\/h2>\n<p>Bez objekata \/ kein Eintrag<\/p>\n<p style=\"text-align: right;\"><a href=\"#seite_oben\"><span style=\"color: #3366ff;\">natrag na vrh \/ Seitenanfang<\/span><\/a><\/p>\n<p><a name=\"ob\"><\/a><\/p>\n<hr \/>\n<h2><strong><span style=\"color: #ff0000;\">Objekti \/ Objekte<\/span><\/strong><\/h2>\n<p><strong><a href=\"https:\/\/www.topohvar.at\/topo\/orte\/ol\/ol-os-01-1\/\"><img loading=\"lazy\" decoding=\"async\" class=\"alignleft wp-image-36002\" src=\"https:\/\/www.topohvar.at\/wp-content\/uploads\/2020\/04\/ol-os-01-1-1-300x147.jpg\" alt=\"\" width=\"114\" height=\"56\" srcset=\"https:\/\/www.topohvar.at\/wp-content\/uploads\/2020\/04\/ol-os-01-1-1-300x147.jpg 300w, https:\/\/www.topohvar.at\/wp-content\/uploads\/2020\/04\/ol-os-01-1-1.jpg 640w\" sizes=\"auto, (max-width: 114px) 100vw, 114px\" \/><\/a>Objekt \u00bbSvjetionik Hridi Lukavci\u00ab<br \/>\n<\/strong>OL-OS-01 \/ Isto\u010dni otok oto\u010di\u0107a Lukavci<\/p>\n<p style=\"text-align: right;\"><span style=\"color: #3366ff;\"><a style=\"color: #3366ff;\" href=\"#seite_oben\">natrag na vrh \/ Seitenanfang<\/a><\/span><\/p>\n<p><a name=\"td\"><\/a><\/p>\n<hr \/>\n<h2><strong><span style=\"color: #ff0000;\">Utvrde \/ Festungen<\/span><\/strong><\/h2>\n<p>Bez objekata \/ kein Eintrag<\/p>\n<p style=\"text-align: right;\"><a href=\"#seite_oben\"><span style=\"color: #3366ff;\">natrag na vrh \/ Seitenanfang<\/span><\/a><\/p>\n<p><a name=\"tg\"><\/a><\/p>\n<hr \/>\n<h2><strong><span style=\"color: #ff0000;\">Gra\u0111evine \/ Geb\u00e4ude<\/span><\/strong><\/h2>\n<p>Bez objekata \/ kein Eintrag<\/p>\n<p style=\"text-align: right;\"><span style=\"color: #3366ff;\"><a style=\"color: #3366ff;\" href=\"#seite_oben\">natrag na vrh \/ Seitenanfang<\/a><\/span><\/p>\n<p><a name=\"op\"><\/a><\/p>\n<hr \/>\n<h2><strong><span style=\"color: #ff0000;\">Bunar i to\u010dka vode \/ Brunnen und Wasserstellen<\/span><\/strong><\/h2>\n<p>Bez objekata \/ kein Eintrag<\/p>\n<p style=\"text-align: right;\"><span style=\"color: #3366ff;\"><a style=\"color: #3366ff;\" href=\"#seite_oben\">natrag na vrh \/ Seitenanfang<\/a><\/span><\/p>\n<p><a name=\"tr\"><\/a><\/p>\n<hr \/>\n<h2><strong><span style=\"color: #ff0000;\">Trimi \/ Trims<\/span><\/strong><\/h2>\n<p>Bez objekata \/ kein Eintrag<\/p>\n<p style=\"text-align: right;\"><span style=\"color: #3366ff;\"><a style=\"color: #3366ff;\" href=\"#seite_oben\">natrag na vrh \/ Seitenanfang<\/a><\/span><\/p>\n<p><a name=\"po\"><\/a><\/p>\n<hr \/>\n<h2><strong><span style=\"color: #ff0000;\">Povijesne znamenitosti \/ historisches<\/span><\/strong><\/h2>\n<p>Bez objekata \/ kein Eintrag<\/p>\n<p style=\"text-align: right;\"><span style=\"color: #3366ff;\"><a style=\"color: #3366ff;\" href=\"#seite_oben\">natrag na vrh \/ Seitenanfang<\/a><\/span><\/p>\n","protected":false},"excerpt":{"rendered":"<p>Odaberite kategoriju \/ W\u00e4hlen Sie eine Kategorie aus\u00a0 \u00a0 \u00a0 \u00a0 \u00a0 \u00a0 \u00a0 Naselja \/ Siedlungen \/\/ Crkve \/ Kirchen \/\/ Kapele \/Kapellen \/\/ Kapelice \/Bildst\u00f6cke \/\/ Kri\u017eevi \/ Kreuze \/\/ Natpisi \/ Inschriften \/\/ Plo\u010de \/ Tafeln \/\/ &hellip; <a href=\"https:\/\/www.topohvar.at\/topo\/orte\/ol\/\">Weiterlesen <span class=\"meta-nav\">&rarr;<\/span><\/a><\/p>\n","protected":false},"author":1,"featured_media":0,"parent":19357,"menu_order":0,"comment_status":"closed","ping_status":"closed","template":"","meta":{"footnotes":""},"class_list":["post-125","page","type-page","status-publish","hentry"],"_links":{"self":[{"href":"https:\/\/www.topohvar.at\/topo\/wp-json\/wp\/v2\/pages\/125","targetHints":{"allow":["GET"]}}],"collection":[{"href":"https:\/\/www.topohvar.at\/topo\/wp-json\/wp\/v2\/pages"}],"about":[{"href":"https:\/\/www.topohvar.at\/topo\/wp-json\/wp\/v2\/types\/page"}],"author":[{"embeddable":true,"href":"https:\/\/www.topohvar.at\/topo\/wp-json\/wp\/v2\/users\/1"}],"replies":[{"embeddable":true,"href":"https:\/\/www.topohvar.at\/topo\/wp-json\/wp\/v2\/comments?post=125"}],"version-history":[{"count":30,"href":"https:\/\/www.topohvar.at\/topo\/wp-json\/wp\/v2\/pages\/125\/revisions"}],"predecessor-version":[{"id":60322,"href":"https:\/\/www.topohvar.at\/topo\/wp-json\/wp\/v2\/pages\/125\/revisions\/60322"}],"up":[{"embeddable":true,"href":"https:\/\/www.topohvar.at\/topo\/wp-json\/wp\/v2\/pages\/19357"}],"wp:attachment":[{"href":"https:\/\/www.topohvar.at\/topo\/wp-json\/wp\/v2\/media?parent=125"}],"curies":[{"name":"wp","href":"https:\/\/api.w.org\/{rel}","templated":true}]}}