{"id":12591,"date":"2018-09-29T20:28:28","date_gmt":"2018-09-29T18:28:28","guid":{"rendered":"https:\/\/www.topohvar.at\/?page_id=12591"},"modified":"2021-04-09T18:53:30","modified_gmt":"2021-04-09T16:53:30","slug":"sg-tr-e1-1","status":"publish","type":"page","link":"https:\/\/www.topohvar.at\/topo\/orte\/sg\/sg-tr-e1-1\/","title":{"rendered":"STARI GRAD &#8211; Dvojni trim \u00bbSG-TR-E1\u00ab"},"content":{"rendered":"<p><a name=\"seite_oben\"><\/a><br \/>\n<img loading=\"lazy\" decoding=\"async\" class=\"alignnone wp-image-13811 size-large\" src=\"https:\/\/www.topohvar.at\/wp-content\/uploads\/2018\/12\/sg-tr-e1-1-1024x503.jpg\" alt=\"\" width=\"640\" height=\"314\" srcset=\"https:\/\/www.topohvar.at\/wp-content\/uploads\/2018\/12\/sg-tr-e1-1-1024x503.jpg 1024w, https:\/\/www.topohvar.at\/wp-content\/uploads\/2018\/12\/sg-tr-e1-1-300x147.jpg 300w, https:\/\/www.topohvar.at\/wp-content\/uploads\/2018\/12\/sg-tr-e1-1-768x377.jpg 768w, https:\/\/www.topohvar.at\/wp-content\/uploads\/2018\/12\/sg-tr-e1-1.jpg 1080w\" sizes=\"auto, (max-width: 640px) 100vw, 640px\" \/><\/p>\n<p><strong>Ime \/ Name<br \/>\n<\/strong>Dvojni trim \u00bbSG-TR-E1\u00ab<br \/>\n<strong>Code: <\/strong>SG-TR-E1\u00a0 \u00a0 \u00a0 \u00a0 \u00a0 \u00a0 \u00a0 \u00a0 \u00a0 \u00a0 \u00a0 \u00a0 \u00a0 \u00a0 \u00a0 \u00a0 \u00a0 \u00a0 \u00a0 \u00a0\u00a0<strong><a href=\"https:\/\/www.topohvar.at\/orte\/sg\/sg-tr-00-1\/\"><img loading=\"lazy\" decoding=\"async\" class=\"alignnone wp-image-12300 size-full\" src=\"https:\/\/www.topohvar.at\/wp-content\/uploads\/2018\/09\/push-vor-30.jpg\" alt=\"\" width=\"61\" height=\"30\" \/> <\/a><a href=\"https:\/\/www.topohvar.at\/orte\/sg\/sg-tr-83-1\/\"><img loading=\"lazy\" decoding=\"async\" class=\"alignnone wp-image-533 size-full\" src=\"https:\/\/www.topohvar.at\/wp-content\/uploads\/2018\/07\/push-l-30.jpg\" alt=\"\" width=\"61\" height=\"30\" \/><\/a> <a href=\"https:\/\/www.topohvar.at\/orte\/sg\/\"><img loading=\"lazy\" decoding=\"async\" class=\"alignnone wp-image-535 size-full\" src=\"https:\/\/www.topohvar.at\/wp-content\/uploads\/2018\/07\/push-o-30.jpg\" alt=\"\" width=\"61\" height=\"30\" \/><\/a> <a href=\"https:\/\/www.topohvar.at\/orte\/sg\/sg-tr-e2-1\/\"><img loading=\"lazy\" decoding=\"async\" class=\"alignnone wp-image-536 size-full\" src=\"https:\/\/www.topohvar.at\/wp-content\/uploads\/2018\/07\/push-r-30.jpg\" alt=\"\" width=\"61\" height=\"30\" \/><\/a><\/strong><\/p>\n<hr \/>\n<p><strong>Adresa \/ Adresse<br \/>\n<\/strong>Stari Grad, V. Stara\u010d<\/p>\n<p><strong>Lokacija \/ Position<a href=\"https:\/\/goo.gl\/maps\/fBDSpkdja7voyHyQ6\"><img loading=\"lazy\" decoding=\"async\" class=\"alignright wp-image-12592\" src=\"https:\/\/www.topohvar.at\/wp-content\/uploads\/2018\/09\/1803.jpg\" alt=\"\" width=\"134\" height=\"100\" \/><\/a><br \/>\n<\/strong><span style=\"color: #3366ff;\"><a style=\"color: #3366ff;\" href=\"https:\/\/goo.gl\/maps\/fBDSpkdja7voyHyQ6\">Latitude: N 43,19465\u00b0\u00a0 \u00a0Longitude: E 16,61249<\/a>\u00b0<\/span> <strong><br \/>\n<\/strong>Visina \/ H\u00f6he: 88 m<\/p>\n<p><strong>Katastarska \u010destica \/ Grundst\u00fccke<br \/>\n<\/strong>6640 <div class='content-column one_half'><div style=\"padding-right:6px;\"><p><strong>Datum snimanja \/ Erfassungsdatum<br \/>\n<\/strong>29.09.2018 12:42:01<\/p>\n<hr \/>\n<p><strong>Informacije<\/strong><\/p>\n<p>Veliki dvojni trim nalazi se na \u010distini, na staroj stazi prema V. Staro\u010du. Iako su obje trimi pribli\u017eno iste visine s vanjske strane, unutarnji dio trima B je mnogo ve\u0107i. Dodatni kameni prsten poja\u010dava trim na desnoj strani (isto\u010dna strana). Dvojni trim dobro je o\u010duvan, ali se vi\u0161e ne koristi. Ulaz u trim B su\u017een je drvetom. Prostrana unutra\u0161njost Trima B ima tri ni\u0161e.<\/p><\/div><\/div><div class='content-column one_half last_column'><div style=\"padding-right:0px;padding-left:6px;\"><p><strong>Stupanj za\u0161tite \/ Schutzstellung<br \/>\n<\/strong>&#8211;<\/p>\n<hr \/>\n<p><strong>Info<\/strong><\/p>\n<p>Der gro\u00dfe Doppeltrim befindet sich auf einer Lichtung am alten Weg auf den V.\u00a0Stara\u010d. Obwohl beide Trims von au\u00dfen gesehen etwa gleich hoch sind, ist Trim B innen wesentlich gr\u00f6\u00dfer. Ein zus\u00e4tzlicher Steinring verst\u00e4rkt den Trim an seiner rechten Seite (Ostseite). Der Doppeltrim ist gut erhalten, wird aber nicht mehr genutzt. Der Eingang in den Trim B ist durch einen Baum eingeengt. Im ger\u00e4umigen Inneren des Trim B befinden sich drei Nischen.<\/p><\/div><\/div><div class='clear_column'><\/div><div class='content-column one_half'><div style=\"padding-right:6px;\"><div id=\"attachment_21786\" style=\"width: 310px\" class=\"wp-caption aligncenter\"><img loading=\"lazy\" decoding=\"async\" aria-describedby=\"caption-attachment-21786\" class=\"wp-image-21786 size-full\" src=\"https:\/\/www.topohvar.at\/wp-content\/uploads\/2019\/04\/sg-tr-e1-6.jpg\" alt=\"\" width=\"300\" height=\"300\" srcset=\"https:\/\/www.topohvar.at\/wp-content\/uploads\/2019\/04\/sg-tr-e1-6.jpg 300w, https:\/\/www.topohvar.at\/wp-content\/uploads\/2019\/04\/sg-tr-e1-6-150x150.jpg 150w\" sizes=\"auto, (max-width: 300px) 100vw, 300px\" \/><p id=\"caption-attachment-21786\" class=\"wp-caption-text\">Ulaz u trimu B \/<br \/>Eingang in den Trim B<\/p><\/div>\n<p>Dana 29.09.2018 trim je posje\u0107en i ustanovljeno je sljede\u0107e:<\/p>\n<p><strong>Trim A<\/strong><\/p>\n<p>Lokacija: \u0161uma<br \/>\nPodloga: nako\u0161ena<br \/>\nPovezan s: drugim trimom<br \/>\nUpotreba: ne koristi se<br \/>\nStanje: dobro sa\u010duvan<br \/>\nBroj stepenica trima: 2<br \/>\nDodatni kameni prsten: nema kamenog prstena<br \/>\nStepeni\u0161te: nema<br \/>\nOblik kamena: plosnat<br \/>\nPodru\u010dje ispred ulaza: lako dostupno<br \/>\nOrijentacija ulaza: JI (130\u00b0)<br \/>\nPromjer trima (cm): 380<br \/>\nVisina trima (cm): 300<br \/>\nVisina stepenica (cm): stepenica 1: 190, stepenica 2: 270<br \/>\nDebljina zida (cm): 70<br \/>\n\u0160irina vrata (cm): 70<br \/>\nVisina vrata (cm): 100<br \/>\n\u0160irina unutra (cm): 240<br \/>\nVisina unutra (cm): 240<br \/>\nVolumen iznutra (m3): 6,64<br \/>\nNi\u0161a 1 (P\/\u0160\/V\/D) (cm): 70 \/ 30 \/ 40 \/ 30<\/p><\/div><\/div><div class='content-column one_half last_column'><div style=\"padding-right:0px;padding-left:6px;\"><div id=\"attachment_21785\" style=\"width: 310px\" class=\"wp-caption alignnone\"><img loading=\"lazy\" decoding=\"async\" aria-describedby=\"caption-attachment-21785\" class=\"wp-image-21785 size-full\" src=\"https:\/\/www.topohvar.at\/wp-content\/uploads\/2019\/04\/sg-tr-e1-5.jpg\" alt=\"\" width=\"300\" height=\"300\" srcset=\"https:\/\/www.topohvar.at\/wp-content\/uploads\/2019\/04\/sg-tr-e1-5.jpg 300w, https:\/\/www.topohvar.at\/wp-content\/uploads\/2019\/04\/sg-tr-e1-5-150x150.jpg 150w\" sizes=\"auto, (max-width: 300px) 100vw, 300px\" \/><p id=\"caption-attachment-21785\" class=\"wp-caption-text\">Unutra\u0161njost trima B s ni\u0161om \/<br \/>Inneres des Trim B mit Nische<\/p><\/div>\n<p>Am 29.09.2018 wurde der Trim besucht und n\u00e4her untersucht:<\/p>\n<p><strong>Trim A<\/strong><\/p>\n<p>Standort: Wald<br \/>\nUntergrund: geneigt<br \/>\nVerbunden mit: Trim<br \/>\nNutzung: ungenutzt<br \/>\nZustand: gut erhalten<br \/>\nAnzahl der Trimstufen: 2<br \/>\nZus\u00e4tzlicher Steinring: kein Steinring<br \/>\nStiege: keine<br \/>\nSteinform: plattig<br \/>\nEingangsbereich: frei<br \/>\nEingangsseite: SO (130\u00b0)<br \/>\nTrimdurchmesser (cm): 380<br \/>\nTrimh\u00f6he (cm): 300<br \/>\nH\u00f6he der Trimstufen (cm): Stufe 1: 190, Stufe 2: 270<br \/>\nWandst\u00e4rke (cm): 70<br \/>\nT\u00fcrbreite (cm): 70<br \/>\nT\u00fcrh\u00f6he (cm): 100<br \/>\nInnenraumbreite (cm): 240<br \/>\nInnenraumh\u00f6he (cm): 240<br \/>\nRaumvolumen (m3): 6,64<br \/>\nNische 1 (P\/B\/H\/T) (cm): 70 \/ 30 \/ 40 \/ 30<\/p><\/div><\/div><div class='clear_column'><\/div><div class='content-column one_half'><div style=\"padding-right:6px;\"><p><strong>Trim B<\/strong><\/p>\n<p>Lokacija: \u0161uma<br \/>\nPodloga: nako\u0161ena<br \/>\nPovezan s: drugim trimom<br \/>\nUpotreba: malo se koristi<br \/>\nStanje: dobro sa\u010duvan<br \/>\nBroj stepenica trima: 2<br \/>\nDodatni kameni prsten: kameni prsten djelomi\u010dno<br \/>\nStepeni\u0161te: nema<br \/>\nOblik kamena: plosnat<br \/>\nPodru\u010dje ispred ulaza: zaraslo<br \/>\nOrijentacija ulaza: J (160\u00b0)<br \/>\nPromjer trima (cm): 570<br \/>\nVisina trima (cm): 340<br \/>\nVisina stepenica (cm): stepenica 1: 250, stepenica 2: 320<br \/>\nDebljina zida (cm): 120<br \/>\n\u0160irina vrata (cm): 105<br \/>\nVisina vrata (cm): 125<br \/>\n\u0160irina unutra (cm): 330<br \/>\nVisina unutra (cm): 320<br \/>\nVolumen iznutra (m3): 16,67<br \/>\nNi\u0161a 1 (P\/\u0160\/V\/D) (cm): 40 \/ 40 \/ 40 \/ 50<br \/>\nni\u0161a 2 (P\/\u0160\/V\/D) (cm): 50 \/ 45 \/ 45 \/ 45<br \/>\nni\u0161a 3 (P\/\u0160\/V\/D) (cm): 25 \/ 35 \/ 35 \/ 40<\/p><\/div><\/div><div class='content-column one_half last_column'><div style=\"padding-right:0px;padding-left:6px;\"><p><strong>Trim B<\/strong><\/p>\n<p>Standort: Wald<br \/>\nUntergrund: geneigt<br \/>\nVerbunden mit: Trim<br \/>\nNutzung: kaum genutzt<br \/>\nZustand: gut erhalten<br \/>\nAnzahl der Trimstufen: 2<br \/>\nZus\u00e4tzlicher Steinring: Steinring teilweise<br \/>\nStiege: keine<br \/>\nSteinform: plattig<br \/>\nEingangsbereich: verwachsen<br \/>\nEingangsseite: S (160\u00b0)<br \/>\nTrimdurchmesser (cm): 570<br \/>\nTrimh\u00f6he (cm): 340<br \/>\nH\u00f6he der Trimstufen (cm): Stufe 1: 250, Stufe 2: 320<br \/>\nWandst\u00e4rke (cm): 120<br \/>\nT\u00fcrbreite (cm): 105<br \/>\nT\u00fcrh\u00f6he (cm): 125<br \/>\nInnenraumbreite (cm): 330<br \/>\nInnenraumh\u00f6he (cm): 320<br \/>\nRaumvolumen (m3): 16,67<br \/>\nNische 1 (P\/B\/H\/T) (cm): 40 \/ 40 \/ 40 \/ 50<br \/>\nNische 2 (P\/B\/H\/T) (cm): 50 \/ 45 \/ 45 \/ 45<br \/>\nNische 3 (P\/B\/H\/T) (cm): 25 \/ 35 \/ 35 \/ 40<\/p>\n<p style=\"text-align: right;\"><\/div><\/div><div class='clear_column'><\/div><br \/>\n<img loading=\"lazy\" decoding=\"async\" class=\"alignnone size-full wp-image-13806\" src=\"https:\/\/www.topohvar.at\/wp-content\/uploads\/2018\/12\/sg-tr-E1-sca.jpg\" alt=\"\" width=\"600\" height=\"900\" srcset=\"https:\/\/www.topohvar.at\/wp-content\/uploads\/2018\/12\/sg-tr-E1-sca.jpg 600w, https:\/\/www.topohvar.at\/wp-content\/uploads\/2018\/12\/sg-tr-E1-sca-200x300.jpg 200w\" sizes=\"auto, (max-width: 600px) 100vw, 600px\" \/><br \/>\n<a href=\"#seite_oben\">natrag na vrh \/ Seitenanfang<\/a><\/p>\n<hr \/>\n<p><strong>Linkovi \/ Links<\/strong><\/p>\n<p>&#8211;<\/p>\n","protected":false},"excerpt":{"rendered":"<p>Ime \/ Name Dvojni trim \u00bbSG-TR-E1\u00ab Code: SG-TR-E1\u00a0 \u00a0 \u00a0 \u00a0 \u00a0 \u00a0 \u00a0 \u00a0 \u00a0 \u00a0 \u00a0 \u00a0 \u00a0 \u00a0 \u00a0 \u00a0 \u00a0 \u00a0 \u00a0 \u00a0\u00a0 Adresa \/ Adresse Stari Grad, V. Stara\u010d Lokacija \/ Position Latitude: N 43,19465\u00b0\u00a0 &hellip; <a href=\"https:\/\/www.topohvar.at\/topo\/orte\/sg\/sg-tr-e1-1\/\">Weiterlesen <span class=\"meta-nav\">&rarr;<\/span><\/a><\/p>\n","protected":false},"author":1,"featured_media":0,"parent":99,"menu_order":0,"comment_status":"closed","ping_status":"closed","template":"","meta":{"footnotes":""},"class_list":["post-12591","page","type-page","status-publish","hentry"],"_links":{"self":[{"href":"https:\/\/www.topohvar.at\/topo\/wp-json\/wp\/v2\/pages\/12591","targetHints":{"allow":["GET"]}}],"collection":[{"href":"https:\/\/www.topohvar.at\/topo\/wp-json\/wp\/v2\/pages"}],"about":[{"href":"https:\/\/www.topohvar.at\/topo\/wp-json\/wp\/v2\/types\/page"}],"author":[{"embeddable":true,"href":"https:\/\/www.topohvar.at\/topo\/wp-json\/wp\/v2\/users\/1"}],"replies":[{"embeddable":true,"href":"https:\/\/www.topohvar.at\/topo\/wp-json\/wp\/v2\/comments?post=12591"}],"version-history":[{"count":21,"href":"https:\/\/www.topohvar.at\/topo\/wp-json\/wp\/v2\/pages\/12591\/revisions"}],"predecessor-version":[{"id":47513,"href":"https:\/\/www.topohvar.at\/topo\/wp-json\/wp\/v2\/pages\/12591\/revisions\/47513"}],"up":[{"embeddable":true,"href":"https:\/\/www.topohvar.at\/topo\/wp-json\/wp\/v2\/pages\/99"}],"wp:attachment":[{"href":"https:\/\/www.topohvar.at\/topo\/wp-json\/wp\/v2\/media?parent=12591"}],"curies":[{"name":"wp","href":"https:\/\/api.w.org\/{rel}","templated":true}]}}