{"id":12600,"date":"2018-09-30T18:59:30","date_gmt":"2018-09-30T16:59:30","guid":{"rendered":"https:\/\/www.topohvar.at\/?page_id=12600"},"modified":"2021-05-13T09:39:29","modified_gmt":"2021-05-13T07:39:29","slug":"sg-tr-e3-1","status":"publish","type":"page","link":"https:\/\/www.topohvar.at\/topo\/orte\/sg\/sg-tr-e3-1\/","title":{"rendered":"STARI GRAD &#8211; Trim iznad gustirne \u00bbSG-TR-E3\u00ab"},"content":{"rendered":"<p><a name=\"seite_oben\"><\/a><br \/>\n<img loading=\"lazy\" decoding=\"async\" class=\"alignnone wp-image-13438 size-large\" src=\"https:\/\/www.topohvar.at\/wp-content\/uploads\/2018\/12\/sg-tr-e3-2-1024x503.jpg\" alt=\"\" width=\"640\" height=\"314\" srcset=\"https:\/\/www.topohvar.at\/wp-content\/uploads\/2018\/12\/sg-tr-e3-2-1024x503.jpg 1024w, https:\/\/www.topohvar.at\/wp-content\/uploads\/2018\/12\/sg-tr-e3-2-300x147.jpg 300w, https:\/\/www.topohvar.at\/wp-content\/uploads\/2018\/12\/sg-tr-e3-2-768x377.jpg 768w, https:\/\/www.topohvar.at\/wp-content\/uploads\/2018\/12\/sg-tr-e3-2.jpg 1080w\" sizes=\"auto, (max-width: 640px) 100vw, 640px\" \/><\/p>\n<p><strong>Ime \/ Name<br \/>\n<\/strong>Trim iznad gustirne \u00bbSG-TR-E3\u00ab<br \/>\n<strong>Code: <\/strong>SG-TR-E3\u00a0 \u00a0 \u00a0 \u00a0 \u00a0 \u00a0 \u00a0 \u00a0 \u00a0 \u00a0 \u00a0 \u00a0 \u00a0 \u00a0 \u00a0 \u00a0 \u00a0 \u00a0 \u00a0 \u00a0\u00a0<strong><a href=\"https:\/\/www.topohvar.at\/orte\/sg\/sg-tr-00-1\/\"><img loading=\"lazy\" decoding=\"async\" class=\"alignnone wp-image-12300 size-full\" src=\"https:\/\/www.topohvar.at\/wp-content\/uploads\/2018\/09\/push-vor-30.jpg\" alt=\"\" width=\"61\" height=\"30\" \/><\/a> <a href=\"https:\/\/www.topohvar.at\/orte\/sg\/sg-tr-02-1\/\"><img loading=\"lazy\" decoding=\"async\" class=\"alignnone wp-image-533 size-full\" src=\"https:\/\/www.topohvar.at\/wp-content\/uploads\/2018\/07\/push-l-30.jpg\" alt=\"\" width=\"61\" height=\"30\" \/><\/a> <a href=\"https:\/\/www.topohvar.at\/orte\/sg\/\"><img loading=\"lazy\" decoding=\"async\" class=\"alignnone wp-image-535 size-full\" src=\"https:\/\/www.topohvar.at\/wp-content\/uploads\/2018\/07\/push-o-30.jpg\" alt=\"\" width=\"61\" height=\"30\" \/><\/a> <a href=\"https:\/\/www.topohvar.at\/orte\/sg\/sg-tr-06-1\/\"><img loading=\"lazy\" decoding=\"async\" class=\"alignnone wp-image-536 size-full\" src=\"https:\/\/www.topohvar.at\/wp-content\/uploads\/2018\/07\/push-r-30.jpg\" alt=\"\" width=\"61\" height=\"30\" \/><\/a><\/strong><\/p>\n<hr \/>\n<p><strong>Adresa \/ Adresse<br \/>\n<\/strong>Stari Grad, Polje, Male Mo\u0107e<\/p>\n<p><strong>Lokacija \/ Position<a href=\"https:\/\/goo.gl\/maps\/HEC8CBVptpWcHhAR6\"><img loading=\"lazy\" decoding=\"async\" class=\"alignright wp-image-5232\" src=\"https:\/\/www.topohvar.at\/wp-content\/uploads\/2018\/08\/0643.jpg\" alt=\"\" width=\"133\" height=\"100\" \/><\/a><br \/>\n<\/strong><span style=\"color: #3366ff;\"><a style=\"color: #3366ff;\" href=\"https:\/\/goo.gl\/maps\/HEC8CBVptpWcHhAR6\">Latitude: N 43,18343\u00b0\u00a0 \u00a0Longitude: E 16,62521\u00b0<\/a> <\/span><strong><br \/>\n<\/strong>Visina \/ H\u00f6he: 25 m<\/p>\n<p><strong>Katastarska \u010destica \/ Grundst\u00fccke<br \/>\n<\/strong>6214\/1<div class='content-column one_half'><div style=\"padding-right:6px;\"><p><strong>Datum snimanja \/ Erfassungsdatum<br \/>\n<\/strong>30.09.2018 11:50:43<\/p>\n<hr \/>\n<p><strong>Informacije<\/strong><\/p>\n<p>Trim je izgra\u0111en iznad cisterna i nalazi se u blizini trima SG-TR-02. Njegov krov bezmalo je bio sru\u0161iti.<\/p><\/div><\/div><div class='content-column one_half last_column'><div style=\"padding-right:0px;padding-left:6px;\"><p><strong>Stupanj za\u0161tite \/ Schutzstellung<br \/>\n<\/strong>&#8211;<\/p>\n<hr \/>\n<p><strong>Info<\/strong><\/p>\n<p>Der Trim ist \u00fcber einer Zisterne beim gro\u00dfen Trim SG-TR-02 errichtet. Sein Dach ist zum Gro\u00dfteil eingest\u00fcrzt.<\/p><\/div><\/div><div class='clear_column'><\/div><\/p>\n<div id=\"attachment_21849\" style=\"width: 555px\" class=\"wp-caption aligncenter\"><img loading=\"lazy\" decoding=\"async\" aria-describedby=\"caption-attachment-21849\" class=\"wp-image-21849 size-full\" src=\"https:\/\/www.topohvar.at\/wp-content\/uploads\/2019\/04\/sg-tr-e3-1.jpg\" alt=\"\" width=\"545\" height=\"300\" srcset=\"https:\/\/www.topohvar.at\/wp-content\/uploads\/2019\/04\/sg-tr-e3-1.jpg 545w, https:\/\/www.topohvar.at\/wp-content\/uploads\/2019\/04\/sg-tr-e3-1-300x165.jpg 300w\" sizes=\"auto, (max-width: 545px) 100vw, 545px\" \/><p id=\"caption-attachment-21849\" class=\"wp-caption-text\">Otvor vodokotli\u0107a u malom interijeru \/ Zisternen\u00f6ffnung im kleinen Innenraum<\/p><\/div>\n<div class='content-column one_half'><div style=\"padding-right:6px;\"><p>Dana 30.09.2018 trim je posje\u0107en i ustanovljeno je sljede\u0107e:<\/p>\n<p>Lokacija: poljoprivredni sklop<br \/>\nPodloga: ravna<br \/>\nPovezan s:<br \/>\n&#8211; ure\u0111enom kamenom gomilom i pjoverom<br \/>\nUpotreba: ne koristi se<br \/>\nStanje: kupola je promijenjena<br \/>\nBroj stepenica trima: 1<br \/>\nDodatni kameni prsten: nema kamenog prstena<br \/>\nStepeni\u0161te: nema<br \/>\nOblik kamena: uglast<br \/>\nPodru\u010dje ispred ulaza: lako dostupno<br \/>\nOrijentacija ulaza: S (10\u00b0)<br \/>\nPromjer trima (cm): 270<br \/>\nVisina trima (cm): 170<br \/>\nVisina stepenica (cm): stepenica 1: 140<br \/>\nDebljina zida (cm): 60<br \/>\n\u0160irina vrata (cm): 75<br \/>\nVisina vrata (cm): 90<br \/>\n\u0160irina unutra (cm): 120 &#8211; 150<br \/>\nVisina unutra (cm): 160<br \/>\nVolumen iznutra (m3): 1,58<br \/>\nNema ni\u0161e<\/p><\/div><\/div><div class='content-column one_half last_column'><div style=\"padding-right:0px;padding-left:6px;\"><p>Am 30.09.2018 wurde der Trim besucht und n\u00e4her untersucht:<\/p>\n<p>Standort: landwirtsch. Gemenge<br \/>\nUntergrund: eben<br \/>\nVerbunden mit:\u00a0Steinhaufen geordnet und einem Wasserauffangbecken<br \/>\nNutzung: ungenutzt<br \/>\nZustand: Kuppel abge\u00e4ndert<br \/>\nAnzahl der Trimstufen: 1<br \/>\nZus\u00e4tzlicher Steinring: kein Steinring<br \/>\nStiege: keine<br \/>\nSteinform: kantig<br \/>\nEingangsbereich: frei<br \/>\nEingangsseite: N (10\u00b0)<br \/>\nTrimdurchmesser (cm): 270<br \/>\nTrimh\u00f6he (cm): 170<br \/>\nH\u00f6he der Trimstufen (cm): Stufe 1: 140<br \/>\nWandst\u00e4rke (cm): 60<br \/>\nT\u00fcrbreite (cm): 75<br \/>\nT\u00fcrh\u00f6he (cm): 90<br \/>\nInnenraumbreite (cm): 120 &#8211; 150<br \/>\nInnenraumh\u00f6he (cm): 160<br \/>\nRaumvolumen (m3): 1,58<br \/>\nKeine Nische<\/p><\/div><\/div><div class='clear_column'><\/div> <img loading=\"lazy\" decoding=\"async\" class=\"alignnone size-full wp-image-13436\" src=\"https:\/\/www.topohvar.at\/wp-content\/uploads\/2018\/12\/sg-tr-E3-sca.jpg\" alt=\"\" width=\"600\" height=\"900\" srcset=\"https:\/\/www.topohvar.at\/wp-content\/uploads\/2018\/12\/sg-tr-E3-sca.jpg 600w, https:\/\/www.topohvar.at\/wp-content\/uploads\/2018\/12\/sg-tr-E3-sca-200x300.jpg 200w\" sizes=\"auto, (max-width: 600px) 100vw, 600px\" \/><\/p>\n<p style=\"text-align: right;\"><a href=\"#seite_oben\">natrag na vrh \/ Seitenanfang<\/a><\/p>\n<hr \/>\n<p><strong>Linkovi \/ Links<\/strong><\/p>\n<p><span style=\"color: #3366ff;\"><a style=\"color: #3366ff;\" href=\"https:\/\/www.topohvar.at\/orte\/sg\/sg-tr-02-1\/\">Veli trim \u00bbSG-TR-02\u00ab \/ gro\u00dfer Trim \u00bbSG-TR-02\u00ab<\/a><br \/>\n<a style=\"color: #3366ff;\" href=\"https:\/\/www.topohvar.at\/topo\/orte\/sg\/sg-op-74-1\/\">Objekt \u00bbGustirna uz trim SG-TR-E3\u00ab \/ Zisterne beim Trim SG-TR-E3<\/a><br \/>\n<\/span><\/p>\n","protected":false},"excerpt":{"rendered":"<p>Ime \/ Name Trim iznad gustirne \u00bbSG-TR-E3\u00ab Code: SG-TR-E3\u00a0 \u00a0 \u00a0 \u00a0 \u00a0 \u00a0 \u00a0 \u00a0 \u00a0 \u00a0 \u00a0 \u00a0 \u00a0 \u00a0 \u00a0 \u00a0 \u00a0 \u00a0 \u00a0 \u00a0\u00a0 Adresa \/ Adresse Stari Grad, Polje, Male Mo\u0107e Lokacija \/ Position Latitude: &hellip; <a href=\"https:\/\/www.topohvar.at\/topo\/orte\/sg\/sg-tr-e3-1\/\">Weiterlesen <span class=\"meta-nav\">&rarr;<\/span><\/a><\/p>\n","protected":false},"author":1,"featured_media":0,"parent":99,"menu_order":0,"comment_status":"closed","ping_status":"closed","template":"","meta":{"footnotes":""},"class_list":["post-12600","page","type-page","status-publish","hentry"],"_links":{"self":[{"href":"https:\/\/www.topohvar.at\/topo\/wp-json\/wp\/v2\/pages\/12600","targetHints":{"allow":["GET"]}}],"collection":[{"href":"https:\/\/www.topohvar.at\/topo\/wp-json\/wp\/v2\/pages"}],"about":[{"href":"https:\/\/www.topohvar.at\/topo\/wp-json\/wp\/v2\/types\/page"}],"author":[{"embeddable":true,"href":"https:\/\/www.topohvar.at\/topo\/wp-json\/wp\/v2\/users\/1"}],"replies":[{"embeddable":true,"href":"https:\/\/www.topohvar.at\/topo\/wp-json\/wp\/v2\/comments?post=12600"}],"version-history":[{"count":19,"href":"https:\/\/www.topohvar.at\/topo\/wp-json\/wp\/v2\/pages\/12600\/revisions"}],"predecessor-version":[{"id":49404,"href":"https:\/\/www.topohvar.at\/topo\/wp-json\/wp\/v2\/pages\/12600\/revisions\/49404"}],"up":[{"embeddable":true,"href":"https:\/\/www.topohvar.at\/topo\/wp-json\/wp\/v2\/pages\/99"}],"wp:attachment":[{"href":"https:\/\/www.topohvar.at\/topo\/wp-json\/wp\/v2\/media?parent=12600"}],"curies":[{"name":"wp","href":"https:\/\/api.w.org\/{rel}","templated":true}]}}