{"id":12612,"date":"2018-09-30T19:38:44","date_gmt":"2018-09-30T17:38:44","guid":{"rendered":"https:\/\/www.topohvar.at\/?page_id=12612"},"modified":"2021-08-22T08:59:43","modified_gmt":"2021-08-22T06:59:43","slug":"sg-in-31-1","status":"publish","type":"page","link":"https:\/\/www.topohvar.at\/topo\/orte\/sg\/sg-in-31-1\/","title":{"rendered":"STARI GRAD &#8211; Natpis \u00bbKod Sv. Stjepana\u00ab"},"content":{"rendered":"<p><a name=\"seite_oben\"><\/a><br \/>\n<img loading=\"lazy\" decoding=\"async\" class=\"alignnone wp-image-13044 size-large\" src=\"https:\/\/www.topohvar.at\/wp-content\/uploads\/2018\/10\/sg-in-31-0-1024x503.jpg\" alt=\"\" width=\"640\" height=\"314\" srcset=\"https:\/\/www.topohvar.at\/wp-content\/uploads\/2018\/10\/sg-in-31-0-1024x503.jpg 1024w, https:\/\/www.topohvar.at\/wp-content\/uploads\/2018\/10\/sg-in-31-0-300x147.jpg 300w, https:\/\/www.topohvar.at\/wp-content\/uploads\/2018\/10\/sg-in-31-0-768x377.jpg 768w, https:\/\/www.topohvar.at\/wp-content\/uploads\/2018\/10\/sg-in-31-0.jpg 1080w\" sizes=\"auto, (max-width: 640px) 100vw, 640px\" \/><\/p>\n<p><strong>Ime \/ Name<br \/>\n<\/strong>Natpis \u00bbKod Sv. Stjepana\u00ab \/ Inschrift neben der Kirche zum hl. Stefan<\/p>\n<p><strong>Code: <\/strong>SG-IN-31\u00a0 \u00a0 \u00a0 \u00a0 \u00a0 \u00a0 \u00a0 \u00a0 \u00a0 \u00a0 \u00a0 \u00a0 \u00a0 \u00a0 \u00a0 \u00a0 \u00a0 \u00a0\u00a0<strong><a href=\"https:\/\/www.topohvar.at\/orte\/sg\/sg-in-27-2\/\"><img loading=\"lazy\" decoding=\"async\" class=\"alignnone wp-image-533 size-full\" src=\"https:\/\/www.topohvar.at\/wp-content\/uploads\/2018\/07\/push-l-30.jpg\" alt=\"\" width=\"61\" height=\"30\" \/><\/a> <a href=\"https:\/\/www.topohvar.at\/orte\/sg\/\"><img loading=\"lazy\" decoding=\"async\" class=\"alignnone wp-image-535 size-full\" src=\"https:\/\/www.topohvar.at\/wp-content\/uploads\/2018\/07\/push-o-30.jpg\" alt=\"\" width=\"61\" height=\"30\" \/><\/a> <a href=\"https:\/\/www.topohvar.at\/orte\/sg\/sg-in-33-1\/\"><img loading=\"lazy\" decoding=\"async\" class=\"alignnone wp-image-536 size-full\" src=\"https:\/\/www.topohvar.at\/wp-content\/uploads\/2018\/07\/push-r-30.jpg\" alt=\"\" width=\"61\" height=\"30\" \/><\/a><\/strong><\/p>\n<hr \/>\n<p><strong>Adresa \/ Adresse<br \/>\n<\/strong>Stari Grad, do 2021.g. ulica Kod sv. Stjepana 1, od 2021. g. ulica Tonka Maroevi\u0107a.<\/p>\n<p><strong>Lokacija \/ Position<a href=\"https:\/\/goo.gl\/maps\/KneD8f9GEmKxDmAm6\"><img loading=\"lazy\" decoding=\"async\" class=\"alignright wp-image-12613\" src=\"https:\/\/www.topohvar.at\/wp-content\/uploads\/2018\/09\/1805.jpg\" alt=\"\" width=\"134\" height=\"100\" \/><\/a><br \/>\n<\/strong><span style=\"color: #3366ff;\"><a style=\"color: #3366ff;\" href=\"https:\/\/goo.gl\/maps\/KneD8f9GEmKxDmAm6\">Latitude: N 43,18335\u00b0\u00a0 \u00a0Longitude: E 16,59848\u00b0<\/a> <\/span><strong><br \/>\n<\/strong>Visina \/ H\u00f6he: 3 m<\/p>\n<p><strong>Katastarska \u010destica \/ Grundst\u00fccke<br \/>\n<\/strong>*430\/1 <div class='content-column one_half'><div style=\"padding-right:6px;\"><p><strong>Datum snimanja \/ Erfassungsdatum<br \/>\n<\/strong>30.09.2018 18:05:00<\/p>\n<hr \/>\n<p><strong>Informacije<\/strong><\/p>\n<p>Natpis na latinskom jeziku na kamenom bloku ugra\u0111enom u ju\u017eni zid ku\u0107e Dominko u ulici Kod Sv. Stjepana (nasuprot sjevernom zidu stolne crkve sv. Stjepana) jo\u0161 nije preveden. Mo\u017eda (s obzirom na prevelika o\u0161te\u0107enja) nikad ni ne\u0107e biti. No, bilo bi zanimljivo kada bi djetanici Muzeja Staroga Grada i \/ili Konzervatorskog odjela u Splitu (me\u0111u kojima zacijelo ima vrsnih arheologa i poznavatelja latinskog jezika) poku\u0161ali prevesti navedeni tekst i otkriti \u0161to nam to nepoznati pisac (klesar) ve\u0107 stolje\u0107ima putem njega \u017eeli poru\u010diti ili dati do znanja. Latinisti, shvatite ovo kao izazov.<\/p><\/div><\/div><div class='content-column one_half last_column'><div style=\"padding-right:0px;padding-left:6px;\"><p><strong>Stupanj za\u0161tite \/ Schutzstellung<br \/>\n<\/strong>&#8211;<\/p>\n<hr \/>\n<p><strong>Info<\/strong><\/p>\n<p>Eine lateinische Inschrift auf einem Steinblock in der S\u00fcdwand des Dominko-Hauses gegen\u00fcber der Nordwand der Pfarrkirche St. Stephan wurde noch nicht \u00fcbersetzt. Vielleicht (angesichts des \u00fcberm\u00e4\u00dfigen Schadens) wird es nie sein. Es w\u00e4re jedoch interessant, wenn Fachleute des Stadtmuseums und \/ oder der Denkmalschutzabteilung in Split (unter denen sich sicherlich hervorragende Arch\u00e4ologen und Lateinsprachige befinden) versuchen, den Text zu \u00fcbersetzen und herauszufinden, was uns ein unbekannter Schriftsteller (Steinmetz) seit Jahrhunderten zu erz\u00e4hlen oder bekannt zu machen versucht. Latinisten nehmt dies als Herausforderung an.<\/div><\/div><div class='clear_column'><\/div><\/p>\n<p style=\"text-align: center;\"><em>(Izvor \/ Quelle: Novosti Grad Strai Grad, 19.02.2013)<\/em><\/p>\n<p style=\"text-align: right;\"><span style=\"color: #3366ff;\"><a style=\"color: #3366ff;\" href=\"#seite_oben\">natrag na vrh \/ Seitenanfang<\/a><\/span><\/p>\n<hr \/>\n<p><strong>Linkovi \/ Links<\/strong><\/p>\n<p>&#8211;<\/p>\n","protected":false},"excerpt":{"rendered":"<p>Ime \/ Name Natpis \u00bbKod Sv. Stjepana\u00ab \/ Inschrift neben der Kirche zum hl. Stefan Code: SG-IN-31\u00a0 \u00a0 \u00a0 \u00a0 \u00a0 \u00a0 \u00a0 \u00a0 \u00a0 \u00a0 \u00a0 \u00a0 \u00a0 \u00a0 \u00a0 \u00a0 \u00a0 \u00a0\u00a0 Adresa \/ Adresse Stari Grad, do &hellip; <a href=\"https:\/\/www.topohvar.at\/topo\/orte\/sg\/sg-in-31-1\/\">Weiterlesen <span class=\"meta-nav\">&rarr;<\/span><\/a><\/p>\n","protected":false},"author":1,"featured_media":0,"parent":99,"menu_order":0,"comment_status":"closed","ping_status":"closed","template":"","meta":{"footnotes":""},"class_list":["post-12612","page","type-page","status-publish","hentry"],"_links":{"self":[{"href":"https:\/\/www.topohvar.at\/topo\/wp-json\/wp\/v2\/pages\/12612","targetHints":{"allow":["GET"]}}],"collection":[{"href":"https:\/\/www.topohvar.at\/topo\/wp-json\/wp\/v2\/pages"}],"about":[{"href":"https:\/\/www.topohvar.at\/topo\/wp-json\/wp\/v2\/types\/page"}],"author":[{"embeddable":true,"href":"https:\/\/www.topohvar.at\/topo\/wp-json\/wp\/v2\/users\/1"}],"replies":[{"embeddable":true,"href":"https:\/\/www.topohvar.at\/topo\/wp-json\/wp\/v2\/comments?post=12612"}],"version-history":[{"count":15,"href":"https:\/\/www.topohvar.at\/topo\/wp-json\/wp\/v2\/pages\/12612\/revisions"}],"predecessor-version":[{"id":51319,"href":"https:\/\/www.topohvar.at\/topo\/wp-json\/wp\/v2\/pages\/12612\/revisions\/51319"}],"up":[{"embeddable":true,"href":"https:\/\/www.topohvar.at\/topo\/wp-json\/wp\/v2\/pages\/99"}],"wp:attachment":[{"href":"https:\/\/www.topohvar.at\/topo\/wp-json\/wp\/v2\/media?parent=12612"}],"curies":[{"name":"wp","href":"https:\/\/api.w.org\/{rel}","templated":true}]}}