{"id":12696,"date":"2018-10-06T16:05:55","date_gmt":"2018-10-06T14:05:55","guid":{"rendered":"https:\/\/www.topohvar.at\/?page_id=12696"},"modified":"2021-12-01T14:04:23","modified_gmt":"2021-12-01T13:04:23","slug":"op-os-01-1","status":"publish","type":"page","link":"https:\/\/www.topohvar.at\/topo\/orte\/op\/op-os-01-1\/","title":{"rendered":"PAKLENI OTOCI &#8211; Objekt \u00bbSvjetionik Otok Veli Vodnjak\u00ab"},"content":{"rendered":"<p><a name=\"seite_oben\"><\/a><br \/>\n<strong><img loading=\"lazy\" decoding=\"async\" class=\"alignnone wp-image-12683 size-large\" src=\"https:\/\/www.topohvar.at\/wp-content\/uploads\/2018\/10\/op-os-01-0-1024x503.jpg\" alt=\"\" width=\"640\" height=\"314\" srcset=\"https:\/\/www.topohvar.at\/wp-content\/uploads\/2018\/10\/op-os-01-0-1024x503.jpg 1024w, https:\/\/www.topohvar.at\/wp-content\/uploads\/2018\/10\/op-os-01-0-300x147.jpg 300w, https:\/\/www.topohvar.at\/wp-content\/uploads\/2018\/10\/op-os-01-0-768x377.jpg 768w, https:\/\/www.topohvar.at\/wp-content\/uploads\/2018\/10\/op-os-01-0.jpg 1080w\" sizes=\"auto, (max-width: 640px) 100vw, 640px\" \/><\/strong><\/p>\n<p><strong>Ime \/ Name<br \/>\n<\/strong>Objekt \u00bbSvjetionik Otok Veli Vodnjak\u00ab<\/p>\n<p><strong>Code: <\/strong>OP-OS-01\u00a0 \u00a0 \u00a0 \u00a0 \u00a0 \u00a0 \u00a0 \u00a0 \u00a0 \u00a0 \u00a0 \u00a0 \u00a0 \u00a0 \u00a0 \u00a0 \u00a0 \u00a0<strong>\u00a0<a href=\"https:\/\/www.topohvar.at\/orte\/op\/op-op-01-1\/\"><img loading=\"lazy\" decoding=\"async\" class=\"alignnone wp-image-12300 size-full\" src=\"https:\/\/www.topohvar.at\/wp-content\/uploads\/2018\/09\/push-vor-30.jpg\" alt=\"\" width=\"61\" height=\"30\" \/><\/a>\u00a0<a href=\"https:\/\/www.topohvar.at\/orte\/op\/op-os-05-1\/\"><img loading=\"lazy\" decoding=\"async\" class=\"alignnone wp-image-533 size-full\" src=\"https:\/\/www.topohvar.at\/wp-content\/uploads\/2018\/07\/push-l-30.jpg\" alt=\"\" width=\"61\" height=\"30\" \/><\/a> <a href=\"https:\/\/www.topohvar.at\/orte\/op\/\"><img loading=\"lazy\" decoding=\"async\" class=\"alignnone wp-image-535 size-full\" src=\"https:\/\/www.topohvar.at\/wp-content\/uploads\/2018\/07\/push-o-30.jpg\" alt=\"\" width=\"61\" height=\"30\" \/><\/a> <a href=\"https:\/\/www.topohvar.at\/orte\/op\/op-os-02-1\/\"><img loading=\"lazy\" decoding=\"async\" class=\"alignnone wp-image-536 size-full\" src=\"https:\/\/www.topohvar.at\/wp-content\/uploads\/2018\/07\/push-r-30.jpg\" alt=\"\" width=\"61\" height=\"30\" \/><\/a>\u00a0<a href=\"https:\/\/www.topohvar.at\/orte\/op\/op-ov-01-1\/\"><img loading=\"lazy\" decoding=\"async\" class=\"alignnone wp-image-12299 size-full\" src=\"https:\/\/www.topohvar.at\/wp-content\/uploads\/2018\/09\/push-next-30.jpg\" alt=\"\" width=\"61\" height=\"30\" \/><\/a><\/strong><\/p>\n<hr \/>\n<p><strong>Adresa \/ Adresse<br \/>\n<\/strong>Pakleni arhipelag, otok Veli Vodnjak, Rt Klobuk<\/p>\n<p><strong>Lokacija \/ Position<a href=\"https:\/\/goo.gl\/maps\/SmGf4tvWNKgrwJ3e8\"><img loading=\"lazy\" decoding=\"async\" class=\"alignright wp-image-12749\" src=\"https:\/\/www.topohvar.at\/wp-content\/uploads\/2018\/10\/1659.jpg\" alt=\"\" width=\"134\" height=\"100\" data-wp-editing=\"1\" \/><\/a><br \/>\n<\/strong><span style=\"color: #3366ff;\"><a style=\"color: #3366ff;\" href=\"https:\/\/goo.gl\/maps\/SmGf4tvWNKgrwJ3e8\">Latitude: N 43,16918\u00b0\u00a0 \u00a0Longitude: E 16,31102\u00b0<\/a> <\/span><strong><br \/>\n<\/strong>Visina \/ H\u00f6he: 26 m<\/p>\n<p><strong>Katastarska \u010destica <\/strong><strong>\/ Grundst\u00fccke<br \/>\n<\/strong>4060 <div class='content-column one_half'><div style=\"padding-right:6px;\"><p><strong>Datum snimanja \/ Erfassungsdatum<br \/>\n<\/strong>01.01.2000 00:00:00<\/p>\n<hr \/>\n<p><strong>Informacije<\/strong><\/p>\n<p><strong>Svjetionik &#8222;Otok Vodnjak Veli&#8220;<\/strong><\/p>\n<p>Datum izgradnje nije aktivan. Kula je smje\u0161tena na najzapadnijem oto\u010di\u0107u Paklenskog arhipelaga, oko 10 km od Hvara.<\/p><\/div><\/div><div class='content-column one_half last_column'><div style=\"padding-right:0px;padding-left:6px;\"><p><strong>Stupanj za\u0161tite<\/strong><strong> \/ Schutzstellung<br \/>\n<\/strong>&#8211;<\/p>\n<hr \/>\n<p><strong>Info<\/strong><\/p>\n<p><strong>Leuchtturm &#8222;Insel Vodnjak Veli&#8220;<\/strong><\/p>\n<p>Das Datum des Baues ist unbekannt. Der Turm liegt auf der westlichsten Insel des Pakleni-Archipel, etwa 10 km von Hvar entfernt.<\/p><\/div><\/div><div class='clear_column'><\/div><div class='content-column one_half'><div style=\"padding-right:6px;\"><p>Svjetionik s oznakom E3431.5 nalazi se na ju\u017enom rtu otoka Veli Vodenjak. Osmerokutna kamena kula visoka je 6 m. Svjetlo svjetionika nalazi se na visini od 31 m nadmorske visine. Svakih 6 s oda\u0161ilje bijeli bljesak svjetlosti, \u0161to je vidljivo s udaljenosti od 9 NM. Identifikator svjetionika je B Bl 6s 31m 9M.<\/p><\/div><\/div><div class='content-column one_half last_column'><div style=\"padding-right:0px;padding-left:6px;\"><p>Der mit E3431.5 gekennzeichnete Leuchtturm befindet sich am s\u00fcdlichen Kap der Insel Veli Vodenjak. Der achteckige Steinturm ist 6 m hoch. Das Leuchtturmlicht befindet sich auf einer H\u00f6he von 31 m \u00fcber dem Meeresspiegel. Es sendet alle 6 s einen wei\u00dfen Lichtblitz aus, der aus einer Entfernung von 9 NM sichtbar ist. Die Kennung des Leuchtturms ist B Bl 6s 31m 9M.<\/p><\/div><\/div><div class='clear_column'><\/div><\/p>\n<p style=\"text-align: right;\"><span style=\"color: #3366ff;\"><a style=\"color: #3366ff;\" href=\"#seite_oben\">natrag na vrh \/ Seitenanfang<\/a><\/span><\/p>\n<hr \/>\n<p><strong>Linkovi \/ Links<\/strong><\/p>\n<p><span style=\"color: #3366ff;\"><a style=\"color: #3366ff;\" href=\"https:\/\/www.topohvar.at\/topo\/orte\/op\/op-ar-10-1\/#op-10\">Rt \/ Kap Klobuk<\/a><\/span><\/p>\n","protected":false},"excerpt":{"rendered":"<p>Ime \/ Name Objekt \u00bbSvjetionik Otok Veli Vodnjak\u00ab Code: OP-OS-01\u00a0 \u00a0 \u00a0 \u00a0 \u00a0 \u00a0 \u00a0 \u00a0 \u00a0 \u00a0 \u00a0 \u00a0 \u00a0 \u00a0 \u00a0 \u00a0 \u00a0 \u00a0\u00a0\u00a0 \u00a0 Adresa \/ Adresse Pakleni arhipelag, otok Veli Vodnjak, Rt Klobuk Lokacija \/ &hellip; <a href=\"https:\/\/www.topohvar.at\/topo\/orte\/op\/op-os-01-1\/\">Weiterlesen <span class=\"meta-nav\">&rarr;<\/span><\/a><\/p>\n","protected":false},"author":1,"featured_media":0,"parent":123,"menu_order":0,"comment_status":"closed","ping_status":"closed","template":"","meta":{"footnotes":""},"class_list":["post-12696","page","type-page","status-publish","hentry"],"_links":{"self":[{"href":"https:\/\/www.topohvar.at\/topo\/wp-json\/wp\/v2\/pages\/12696","targetHints":{"allow":["GET"]}}],"collection":[{"href":"https:\/\/www.topohvar.at\/topo\/wp-json\/wp\/v2\/pages"}],"about":[{"href":"https:\/\/www.topohvar.at\/topo\/wp-json\/wp\/v2\/types\/page"}],"author":[{"embeddable":true,"href":"https:\/\/www.topohvar.at\/topo\/wp-json\/wp\/v2\/users\/1"}],"replies":[{"embeddable":true,"href":"https:\/\/www.topohvar.at\/topo\/wp-json\/wp\/v2\/comments?post=12696"}],"version-history":[{"count":15,"href":"https:\/\/www.topohvar.at\/topo\/wp-json\/wp\/v2\/pages\/12696\/revisions"}],"predecessor-version":[{"id":54126,"href":"https:\/\/www.topohvar.at\/topo\/wp-json\/wp\/v2\/pages\/12696\/revisions\/54126"}],"up":[{"embeddable":true,"href":"https:\/\/www.topohvar.at\/topo\/wp-json\/wp\/v2\/pages\/123"}],"wp:attachment":[{"href":"https:\/\/www.topohvar.at\/topo\/wp-json\/wp\/v2\/media?parent=12696"}],"curies":[{"name":"wp","href":"https:\/\/api.w.org\/{rel}","templated":true}]}}