{"id":12704,"date":"2018-10-06T16:15:24","date_gmt":"2018-10-06T14:15:24","guid":{"rendered":"https:\/\/www.topohvar.at\/?page_id=12704"},"modified":"2020-05-01T17:55:00","modified_gmt":"2020-05-01T15:55:00","slug":"op-tg-01-1","status":"publish","type":"page","link":"https:\/\/www.topohvar.at\/topo\/orte\/op\/op-tg-01-1\/","title":{"rendered":"PAKLENI OTOCI &#8211; Hidroarheolo\u0161ka zbirka \u00bbJuraj Toto Meneghello\u00ab"},"content":{"rendered":"<p><strong><img loading=\"lazy\" decoding=\"async\" class=\"alignnone wp-image-387 size-full\" src=\"https:\/\/www.topohvar.at\/wp-content\/uploads\/2018\/07\/00-00-00-1.jpg\" alt=\"\" width=\"114\" height=\"56\" \/><\/strong><\/p>\n<p><strong>Ime \/ Name<br \/>\n<\/strong>Hidroarheolo\u0161ka zbirka \/ Hydroarch\u00e4ologische Sammlung \u00bbJuraj Toto Meneghello\u00ab<\/p>\n<p><strong>Code: <\/strong>OP-TG-01\u00a0 \u00a0 \u00a0 \u00a0 \u00a0 \u00a0 \u00a0 \u00a0 \u00a0 \u00a0 \u00a0 \u00a0 \u00a0 \u00a0 \u00a0 \u00a0 \u00a0 \u00a0<strong>\u00a0 \u00a0 \u00a0\u00a0 <a href=\"https:\/\/www.topohvar.at\/orte\/op\/\"><img loading=\"lazy\" decoding=\"async\" class=\"alignnone wp-image-535 size-full\" src=\"https:\/\/www.topohvar.at\/wp-content\/uploads\/2018\/07\/push-o-30.jpg\" alt=\"\" width=\"61\" height=\"30\" \/><\/a> <a href=\"https:\/\/www.topohvar.at\/orte\/op\/op-tg-02-1\/\"><img loading=\"lazy\" decoding=\"async\" class=\"alignnone wp-image-536 size-full\" src=\"https:\/\/www.topohvar.at\/wp-content\/uploads\/2018\/07\/push-r-30.jpg\" alt=\"\" width=\"61\" height=\"30\" \/><\/a>\u00a0<\/strong><\/p>\n<hr \/>\n<p><strong>Adresa \/ Adresse<br \/>\n<\/strong>Pakleni Arhipelag, otok Sv. Klement, Palmi\u017eana<\/p>\n<p><strong>Lokalna polo\u017eaj \/ Position<a href=\"https:\/\/goo.gl\/maps\/GZqojZMX5YFckAjB9\"><img loading=\"lazy\" decoding=\"async\" class=\"alignright wp-image-12761\" src=\"https:\/\/www.topohvar.at\/wp-content\/uploads\/2018\/10\/1685.jpg\" alt=\"\" width=\"134\" height=\"100\" \/><\/a><br \/>\n<\/strong><span style=\"color: #3366ff;\"><a style=\"color: #3366ff;\" href=\"https:\/\/goo.gl\/maps\/GZqojZMX5YFckAjB9\">Latitude: N 43,15953\u00b0\u00a0 \u00a0Longitude: E 16,39121\u00b0<\/a> <\/span><strong><br \/>\n<\/strong>Visina \/ H\u00f6he: 20 m<\/p>\n<p><strong>Zemlji\u0161te \/ Grundst\u00fccke<br \/>\n<\/strong>4118\/1 <div class='content-column one_half'><div style=\"padding-right:6px;\"><p><strong>Datum snimanja \/ Erfassungsdatum<br \/>\n<\/strong>01.01.2000 00:00:00<\/p>\n<hr \/>\n<p><strong>Informacije<\/strong><\/p>\n<p><strong>Hidroarheolo\u0161ka zbirka \u201cJuraj Toto Meneghello\u201d<\/strong><\/p>\n<p>Jedna od najcjelovitijih i brojem predmeta najbogatijih je zbirka Jurja Tota Meneghella. Donedavno nepoznatu u \u0161iroj javnosti, tu se zbirku inventarizirali 1983. godine, stru\u010dnjaci Centra za za\u0161titu kulturne ba\u0161tine, te je zbirka uvedena u registar spomenika kulture otoka Hvara. Zbirku je sabrao tijekom pedesetih i \u0161ezdesetih godina predani ljubitelj podmorja vlastitog \u0161koja, sad ve\u0107 pokojni ing. Juraj Meneghello, djelomice podvodnom aktivno\u0161\u0107u, a djelomice kupnjom od drugih ronilaca.<\/p><\/div><\/div><div class='content-column one_half last_column'><div style=\"padding-right:0px;padding-left:6px;\"><p><strong>Za\u0161titni polo\u017eaj \/ Schutzstellung<br \/>\n<\/strong>&#8211;<\/p>\n<hr \/>\n<p><strong>Info<\/strong><\/p>\n<p><strong>Hydroarch\u00e4ologische Sammlung &#8222;<\/strong><strong>Juraj Toto Meneghello<\/strong><strong>&#8222;<\/strong><\/p>\n<p>Eine der vollst\u00e4ndigsten und umfangreichten Sammlungen ist die von Juraj Toto Meneghello. Bis vor kurzem der \u00d6ffentlichkeit unbekannt, wurde diese Sammlung 1983 von Experten des Zentrums f\u00fcr den Schutz des kulturellen Erbes inventarisiert und in das Register der Kulturdenkm\u00e4ler der Insel Hvar eingetragen. Die Sammlung wurde in den 1950er und 1960er Jahren von einem begeisterten Taucher mit seinem eigenen Schoner gesammelt, dem verstorbenen Ingenieur Juraj Meneghello, teils durch Unterwasseraktivit\u00e4ten, teils durch Kauf von anderen Tauchern.<\/p><\/div><\/div><div class='clear_column'><\/div><div class='content-column one_half'><div style=\"padding-right:6px;\"><p>Obuhva\u0107a vi\u0161e od 150 komada anti\u010dkog kerami\u010dkog posu\u0111a (amfore, zdjele, tanjuri, \u010da\u0161e) u rasponu od III. st. stare ere do VI\/VII. st. nove ere. Glavnina predmeta (vi\u0161e od 100) pripada teretu rimskog trgova\u010dkog broda, koji je oko I. ili II. stolje\u0107a nove ere potonuo blizu uvale Palmi\u017eana. To su \u010da\u0161e, lonci, lon\u010di\u0107i, vr\u010devi, zdjele i poklopci jednostavne izradbe od crvenkastosme\u0111e gline. Materijal pripada tipu grube provincijalne keramike koja se tijekom I. i II. st. serijski proizvodila \u2013 pretpostavljamo u Gr\u010dkoj.<\/p><\/div><\/div><div class='content-column one_half last_column'><div style=\"padding-right:0px;padding-left:6px;\"><p>Die Sammlung umfasst mehr als 150 antike Keramikkochgeschirrteile (Amphoren, Schalen, Teller, Gl\u00e4ser) vom 3. Jahrhundert v. Chr. bis 4.\/7. Jahrhundert n. Chr. Der Gro\u00dfteil der Gegenst\u00e4nde (mehr als 100) geh\u00f6rt zur Fracht eines r\u00f6mischen Handelsschiffs aus dem 1. oder 2. Jahrhundert v. Chr., das in der N\u00e4he der Bucht von Palmi\u017eana sank. Dies sind Tassen, T\u00f6pfe, T\u00f6pfe, Becher, Schalen und Deckel von einfacher Form aus rotbraunem Ton. Das Material geh\u00f6rt zu der Art der groben Provinzkeramik, die w\u00e4hrend 1. und 2. Jahrhunderts produziert wurde- wir nehmen an in Griechenland.<\/p><\/div><\/div><div class='clear_column'><\/div><div class='content-column one_half'><div style=\"padding-right:6px;\"><p>S istog lokaliteta su tanjuri i zdjele crvenkaste gline, kvalitetne izradbe, sa \u010desto utisnutim \u017eigovima radionica.<\/p><\/div><\/div><div class='content-column one_half last_column'><div style=\"padding-right:0px;padding-left:6px;\"><p>Aus derselben Gegend stammen Teller und Schalen aus r\u00f6tlichem Ton von hoher Verarbeitungsqualit\u00e4t mit oft gestempelten Werkst\u00e4tten.<\/p><\/div><\/div><div class='clear_column'><\/div><div class='content-column one_third'><div style=\"padding-right:6px;\"><p>Amfore su broj\u010dano skromnije (ukupno 56 primjeraka \u2013 \u010ditavih i ulomaka) ali su zato oblicima i starosti raznovrsnije. Mjesta nalaza nisu poznata, ali pretpostavljam da prete\u017eno pripadaju akvatoriju otoka Hvara. Najbrojnije su male rimske amfore za transport vina i suhog vo\u0107a koje su izra\u0111ivane u Gr\u010dkoj u razdoblju od I. st. stare ere i tijekom I. st. nove ere.<\/p><\/div><\/div><div class='content-column one_third'><div style=\"padding-right:6px;\"><p><img loading=\"lazy\" decoding=\"async\" class=\"alignnone size-full wp-image-34168\" src=\"https:\/\/www.topohvar.at\/wp-content\/uploads\/2020\/03\/op-tg-01-7.jpg\" alt=\"\" width=\"200\" height=\"289\" \/><\/p><\/div><\/div><div class='content-column one_third last_column'><div style=\"padding-right:0px;padding-left:6px;\"><p>Amphoren sind zwar weniger (insgesamt 56 Exemplare &#8211; ganze und Fragmente), daf\u00fcr aber vielf\u00e4ltiger in Form und Alter. Der Ort der Befunde ist unbekannt, aber ich vermute, dass sie gr\u00f6\u00dftenteils zu den Gew\u00e4ssern der Insel Hvar geh\u00f6ren. Am zahlreichsten sind kleine r\u00f6mische Amphoren f\u00fcr den Transport von Wein und getrockneten Fr\u00fcchten, die in Griechenland in der Zeit ab dem 1. Jahrhundert n. Chr. bis zum 1. Jahrhundert n. Chr. hergestellt wurden<\/p><\/div><\/div><div class='clear_column'><\/div><div class='content-column one_half'><div style=\"padding-right:6px;\"><p>Brojne su zatim gr\u010dko \u2013 italske amfore koje su se izra\u0111ivale u provinciji Campagna u Italiji tijekom I\/II st. stare ere, a slu\u017eile su za transport vina.<\/p><\/div><\/div><div class='content-column one_half last_column'><div style=\"padding-right:0px;padding-left:6px;\"><p>Weiters gibt es zahlreiche griechisch-italienische Amphoren, die im 1.\/2. Jahrhundert n. Chr. in der italienischen Provinz Campagna hergestellt wurden und f\u00fcr den Transport von Wein verwendet wurden.<\/p><\/div><\/div><div class='clear_column'><\/div><div class='content-column one_half'><div style=\"padding-right:6px;\"><p>Zahvaljuju\u0107i kulturnom interesu i znatnoj financijskoj \u017ertvi supruge ing. Meneghella, Dagmar Meneghello, zbirka je u prolje\u0107e 1985. godine, ure\u0111ena i otvorena za javnost. Smje\u0161tena je u okviru pansiona Meneghello, do galerije \u00ab\u0160korpion\u00bb, tako da oboga\u0107uje ovaj ve\u0107 afirmirani nukleus palmi\u017eanskog kulturnog \u017eivota.<\/p><\/div><\/div><div class='content-column one_half last_column'><div style=\"padding-right:0px;padding-left:6px;\"><p>Dank des kulturellen Interesses und des erheblichen finanziellen Opfers von Meneghellos Frau Dagmar Meneghello wurde die Sammlung im Fr\u00fchjahr 1985 neu gestaltet und der \u00d6ffentlichkeit zug\u00e4nglich gemacht. Sie befindet sich in der Pension Meneghello neben der Scorpio Gallery und bereichert so den Kern des palmenistischen Kulturlebens.<\/p><\/div><\/div><div class='clear_column'><\/div><\/p>\n<p style=\"text-align: center;\"><em><span class=\"fbPhotoTagListTag withTagItem tagItem\"><span class=\"textTagHovercardLink taggee\">(Izvor \/ Quelle: Meneghello Palmizana Art Resort<\/span><\/span>.)<\/em><\/p>\n<hr \/>\n<p><strong>Linkovi \/ Links<\/strong><\/p>\n<p><span style=\"color: #3366ff;\"><a style=\"color: #3366ff;\" href=\"https:\/\/www.topohvar.at\/orte\/op\/op-ov-01-1\/\">Objekt \u00bbBotani\u010dki vrt\u00ab \/ Botanischer Garten<\/a><br \/>\n<a style=\"color: #3366ff;\" href=\"https:\/\/www.topohvar.at\/orte\/op\/op-pk-02-1\/\">Galerija \/ Galerie \u00bb\u0160korpion\u00ab<\/a><br \/>\n<\/span><\/p>\n","protected":false},"excerpt":{"rendered":"<p>Ime \/ Name Hidroarheolo\u0161ka zbirka \/ Hydroarch\u00e4ologische Sammlung \u00bbJuraj Toto Meneghello\u00ab Code: OP-TG-01\u00a0 \u00a0 \u00a0 \u00a0 \u00a0 \u00a0 \u00a0 \u00a0 \u00a0 \u00a0 \u00a0 \u00a0 \u00a0 \u00a0 \u00a0 \u00a0 \u00a0 \u00a0\u00a0 \u00a0 \u00a0\u00a0 \u00a0 Adresa \/ Adresse Pakleni Arhipelag, otok Sv. &hellip; <a href=\"https:\/\/www.topohvar.at\/topo\/orte\/op\/op-tg-01-1\/\">Weiterlesen <span class=\"meta-nav\">&rarr;<\/span><\/a><\/p>\n","protected":false},"author":1,"featured_media":0,"parent":123,"menu_order":0,"comment_status":"closed","ping_status":"closed","template":"","meta":{"footnotes":""},"class_list":["post-12704","page","type-page","status-publish","hentry"],"_links":{"self":[{"href":"https:\/\/www.topohvar.at\/topo\/wp-json\/wp\/v2\/pages\/12704","targetHints":{"allow":["GET"]}}],"collection":[{"href":"https:\/\/www.topohvar.at\/topo\/wp-json\/wp\/v2\/pages"}],"about":[{"href":"https:\/\/www.topohvar.at\/topo\/wp-json\/wp\/v2\/types\/page"}],"author":[{"embeddable":true,"href":"https:\/\/www.topohvar.at\/topo\/wp-json\/wp\/v2\/users\/1"}],"replies":[{"embeddable":true,"href":"https:\/\/www.topohvar.at\/topo\/wp-json\/wp\/v2\/comments?post=12704"}],"version-history":[{"count":18,"href":"https:\/\/www.topohvar.at\/topo\/wp-json\/wp\/v2\/pages\/12704\/revisions"}],"predecessor-version":[{"id":36555,"href":"https:\/\/www.topohvar.at\/topo\/wp-json\/wp\/v2\/pages\/12704\/revisions\/36555"}],"up":[{"embeddable":true,"href":"https:\/\/www.topohvar.at\/topo\/wp-json\/wp\/v2\/pages\/123"}],"wp:attachment":[{"href":"https:\/\/www.topohvar.at\/topo\/wp-json\/wp\/v2\/media?parent=12704"}],"curies":[{"name":"wp","href":"https:\/\/api.w.org\/{rel}","templated":true}]}}