{"id":12706,"date":"2018-10-06T16:17:06","date_gmt":"2018-10-06T14:17:06","guid":{"rendered":"https:\/\/www.topohvar.at\/?page_id=12706"},"modified":"2020-03-24T06:12:13","modified_gmt":"2020-03-24T05:12:13","slug":"op-tg-02-1","status":"publish","type":"page","link":"https:\/\/www.topohvar.at\/topo\/orte\/op\/op-tg-02-1\/","title":{"rendered":"PAKLENI OTOCI &#8211; Galerija \u00bb\u0160korpion\u00ab"},"content":{"rendered":"<p><strong><img loading=\"lazy\" decoding=\"async\" class=\"alignnone wp-image-387 size-full\" src=\"https:\/\/www.topohvar.at\/wp-content\/uploads\/2018\/07\/00-00-00-1.jpg\" alt=\"\" width=\"114\" height=\"56\" \/><\/strong><\/p>\n<p><strong>Ime \/ Name<br \/>\n<\/strong>Galerija \/ Galerie \u00bb\u0160korpion\u00ab<\/p>\n<p><strong>Code: <\/strong>OP-TG-02\u00a0 \u00a0 \u00a0 \u00a0 \u00a0 \u00a0 \u00a0 \u00a0 \u00a0 \u00a0 \u00a0 \u00a0 \u00a0 \u00a0 \u00a0 \u00a0 \u00a0 \u00a0 \u00a0 \u00a0 \u00a0 \u00a0 \u00a0<strong>\u00a0<a href=\"https:\/\/www.topohvar.at\/orte\/op\/op-tg-01-1\/\"><img loading=\"lazy\" decoding=\"async\" class=\"alignnone wp-image-533 size-full\" src=\"https:\/\/www.topohvar.at\/wp-content\/uploads\/2018\/07\/push-l-30.jpg\" alt=\"\" width=\"61\" height=\"30\" \/><\/a> <a href=\"https:\/\/www.topohvar.at\/orte\/op\/\"><img loading=\"lazy\" decoding=\"async\" class=\"alignnone wp-image-535 size-full\" src=\"https:\/\/www.topohvar.at\/wp-content\/uploads\/2018\/07\/push-o-30.jpg\" alt=\"\" width=\"61\" height=\"30\" \/><\/a> \u00a0<\/strong><\/p>\n<hr \/>\n<p><strong>Adresa \/ Adresse<br \/>\n<\/strong>Pakleni otoci, otok Sv. Klement, Palmi\u017eana<\/p>\n<p><strong>Lokalna polo\u017eaj \/ Position<a href=\"https:\/\/goo.gl\/maps\/GZqojZMX5YFckAjB9\"><img loading=\"lazy\" decoding=\"async\" class=\"alignright wp-image-12761\" src=\"https:\/\/www.topohvar.at\/wp-content\/uploads\/2018\/10\/1685.jpg\" alt=\"\" width=\"134\" height=\"100\" \/><\/a><br \/>\n<\/strong><span style=\"color: #3366ff;\"><a style=\"color: #3366ff;\" href=\"https:\/\/goo.gl\/maps\/GZqojZMX5YFckAjB9\">Latitude: N 43,15953\u00b0\u00a0 \u00a0Longitude: E 16,39121\u00b0<\/a> <\/span><strong><br \/>\n<\/strong>Visina \/ H\u00f6he: 20 m<\/p>\n<p><strong>Zemlji\u0161te \/ Grundst\u00fccke<br \/>\n<\/strong>4118\/1 <div class='content-column one_half'><div style=\"padding-right:6px;\"><p><strong>Datum snimanja \/ Erfassungsdatum<br \/>\n<\/strong>01.01.2000 00:00:00<\/p>\n<hr \/>\n<p><strong>Informacije<\/strong><\/p>\n<p><strong>Galerija \u201c\u0160korpion\u201d<\/strong><\/p>\n<p>Privatna zbirka Dagmara Meneghello u Palmi\u017eani na otoku Sv. Klement (Pakleni Otoci)\u00a0 je bio ure\u0111ena i otvorena za javnost 1980. g.; sadr\u017eava vlastiti fond slika i skulptura modernih umjetnika.<\/p>\n<p><em>(35_24_1_4_1993_Marinko_Petric.pdf &#8211; Pregled zna\u010dajnijih muzejskih i galerijskih zbirki Otoka Hvara.)<\/em><\/p><\/div><\/div><div class='content-column one_half last_column'><div style=\"padding-right:0px;padding-left:6px;\"><p><strong>Za\u0161titni polo\u017eaj \/ Schutzstellung<br \/>\n<\/strong>&#8211;<\/p>\n<hr \/>\n<p><strong>Info<\/strong><\/p>\n<p><strong>Galerie &#8222;Skorpion&#8220;<\/strong><\/p>\n<p>Die Private Sammlung von Dagmar Meneghello in Palmi\u017eana auf der Insel Sv. Clement (Pakleni Otoci) wurde 1980 er\u00f6ffnet und der \u00d6ffentlichkeit zug\u00e4nglich gemacht. Sie enth\u00e4lt eigene Werke sowie Gem\u00e4lde und Skulpturen moderner K\u00fcnstler.<\/p>\n<p><em>(35_24_1_4_1993_Marinko_Petric.pdf &#8211; \u00dcberblick \u00fcber die Sammlungen von Museen und Galerien der Otok Hvar.)<\/em><\/p><\/div><\/div><div class='clear_column'><\/div><\/p>\n<hr \/>\n<p><strong>Linkovi \/ Links<\/strong><\/p>\n<p><span style=\"color: #3366ff;\"><a style=\"color: #3366ff;\" href=\"https:\/\/www.topohvar.at\/orte\/op\/op-ov-01-1\/\">Objekt \u00bbBotani\u010dki vrt\u00ab \/ Botanischer Garten<\/a><br \/>\n<a style=\"color: #3366ff;\" href=\"https:\/\/www.topohvar.at\/orte\/op\/op-pk-01-1\/\">Hidroarheolo\u0161ka zbirka \/ Hydroarch\u00e4ologische Sammlung \u00bbJuraj Toto Meneghello\u00ab<\/a><br \/>\n<\/span><\/p>\n","protected":false},"excerpt":{"rendered":"<p>Ime \/ Name Galerija \/ Galerie \u00bb\u0160korpion\u00ab Code: OP-TG-02\u00a0 \u00a0 \u00a0 \u00a0 \u00a0 \u00a0 \u00a0 \u00a0 \u00a0 \u00a0 \u00a0 \u00a0 \u00a0 \u00a0 \u00a0 \u00a0 \u00a0 \u00a0 \u00a0 \u00a0 \u00a0 \u00a0 \u00a0\u00a0 \u00a0 Adresa \/ Adresse Pakleni otoci, otok Sv. Klement, &hellip; <a href=\"https:\/\/www.topohvar.at\/topo\/orte\/op\/op-tg-02-1\/\">Weiterlesen <span class=\"meta-nav\">&rarr;<\/span><\/a><\/p>\n","protected":false},"author":1,"featured_media":0,"parent":123,"menu_order":0,"comment_status":"closed","ping_status":"closed","template":"","meta":{"footnotes":""},"class_list":["post-12706","page","type-page","status-publish","hentry"],"_links":{"self":[{"href":"https:\/\/www.topohvar.at\/topo\/wp-json\/wp\/v2\/pages\/12706","targetHints":{"allow":["GET"]}}],"collection":[{"href":"https:\/\/www.topohvar.at\/topo\/wp-json\/wp\/v2\/pages"}],"about":[{"href":"https:\/\/www.topohvar.at\/topo\/wp-json\/wp\/v2\/types\/page"}],"author":[{"embeddable":true,"href":"https:\/\/www.topohvar.at\/topo\/wp-json\/wp\/v2\/users\/1"}],"replies":[{"embeddable":true,"href":"https:\/\/www.topohvar.at\/topo\/wp-json\/wp\/v2\/comments?post=12706"}],"version-history":[{"count":12,"href":"https:\/\/www.topohvar.at\/topo\/wp-json\/wp\/v2\/pages\/12706\/revisions"}],"predecessor-version":[{"id":34173,"href":"https:\/\/www.topohvar.at\/topo\/wp-json\/wp\/v2\/pages\/12706\/revisions\/34173"}],"up":[{"embeddable":true,"href":"https:\/\/www.topohvar.at\/topo\/wp-json\/wp\/v2\/pages\/123"}],"wp:attachment":[{"href":"https:\/\/www.topohvar.at\/topo\/wp-json\/wp\/v2\/media?parent=12706"}],"curies":[{"name":"wp","href":"https:\/\/api.w.org\/{rel}","templated":true}]}}