{"id":12708,"date":"2018-10-06T16:19:36","date_gmt":"2018-10-06T14:19:36","guid":{"rendered":"https:\/\/www.topohvar.at\/?page_id=12708"},"modified":"2024-12-15T17:02:40","modified_gmt":"2024-12-15T16:02:40","slug":"op-po-01-1","status":"publish","type":"page","link":"https:\/\/www.topohvar.at\/topo\/orte\/op\/op-po-01-1\/","title":{"rendered":"PAKLENI OTOCI &#8211; Anti\u010dko nazali\u0161te \u00bbAnti\u010dka vila u uvali Soline\u00ab"},"content":{"rendered":"<p><a name=\"seite_oben\"><\/a><br \/>\n<strong><img loading=\"lazy\" decoding=\"async\" class=\"alignnone wp-image-12688 size-large\" src=\"https:\/\/www.topohvar.at\/wp-content\/uploads\/2018\/10\/op-po-01-0-1024x503.jpg\" alt=\"\" width=\"640\" height=\"314\" srcset=\"https:\/\/www.topohvar.at\/wp-content\/uploads\/2018\/10\/op-po-01-0-1024x503.jpg 1024w, https:\/\/www.topohvar.at\/wp-content\/uploads\/2018\/10\/op-po-01-0-300x147.jpg 300w, https:\/\/www.topohvar.at\/wp-content\/uploads\/2018\/10\/op-po-01-0-768x377.jpg 768w, https:\/\/www.topohvar.at\/wp-content\/uploads\/2018\/10\/op-po-01-0.jpg 1080w\" sizes=\"auto, (max-width: 640px) 100vw, 640px\" \/><\/strong><\/p>\n<p><strong>Ime \/ Name<br \/>\n<\/strong>Anti\u010dko nazali\u0161te \u00bbAnti\u010dka vila u uvali Soline\u00ab \/ Antike Villa in der Bucht Soline<\/p>\n<p><strong>Code: <\/strong>OP-PO-01\u00a0 \u00a0 \u00a0 \u00a0 \u00a0 \u00a0 \u00a0 \u00a0 \u00a0 \u00a0 \u00a0 \u00a0 \u00a0 \u00a0 \u00a0 \u00a0 \u00a0 \u00a0<strong>\u00a0<a href=\"https:\/\/www.topohvar.at\/orte\/op\/op-pv-07-1\/\"><img loading=\"lazy\" decoding=\"async\" class=\"alignnone wp-image-533 size-full\" src=\"https:\/\/www.topohvar.at\/wp-content\/uploads\/2018\/07\/push-l-30.jpg\" alt=\"\" width=\"61\" height=\"30\" \/><\/a> <a href=\"https:\/\/www.topohvar.at\/orte\/op\/\"><img loading=\"lazy\" decoding=\"async\" class=\"alignnone wp-image-535 size-full\" src=\"https:\/\/www.topohvar.at\/wp-content\/uploads\/2018\/07\/push-o-30.jpg\" alt=\"\" width=\"61\" height=\"30\" \/><\/a> <a href=\"https:\/\/www.topohvar.at\/orte\/op\/op-po-04-1\/\"><img loading=\"lazy\" decoding=\"async\" class=\"alignnone wp-image-536 size-full\" src=\"https:\/\/www.topohvar.at\/wp-content\/uploads\/2018\/07\/push-r-30.jpg\" alt=\"\" width=\"61\" height=\"30\" \/><\/a>\u00a0<\/strong><\/p>\n<hr \/>\n<p><strong>Adresa \/ Adresse<br \/>\n<\/strong>Pakleni otoci, otok Sv. Klement, Uvala Soline<\/p>\n<p><strong>Lokacija \/ Position<a href=\"https:\/\/goo.gl\/maps\/i4u29fSEWQV7pbPo6\"><img loading=\"lazy\" decoding=\"async\" class=\"alignright wp-image-12779\" src=\"https:\/\/www.topohvar.at\/wp-content\/uploads\/2018\/10\/1353.jpg\" alt=\"\" width=\"133\" height=\"100\" \/><\/a><br \/>\n<\/strong><span style=\"color: #3366ff;\"><a style=\"color: #3366ff;\" href=\"https:\/\/goo.gl\/maps\/i4u29fSEWQV7pbPo6\">Latitude: N 43,16292\u00b0\u00a0 \u00a0Longitude: E 16,36450\u00b0<\/a> <\/span><strong><br \/>\n<\/strong>Visina \/ H\u00f6he: 2 m<\/p>\n<p><strong>Katastarska \u010destica <\/strong><strong>\/ Grundst\u00fccke<br \/>\n<\/strong><\/p>\n<p>4312\/1, 4312\/2, 4312\/3, 4313, 4290\/2, 4314, 4316, 4317, 4318, 4319, 4321\/1, 4321\/2, 4321\/3, 4326, 4324, 4323, 4285\/2, 4284\/1, 4284\/3, 4332\/2, 4332\/4, 4332\/5, 4332\/6, 4333\/3.<\/p>\n<div class='content-column one_half'><div style=\"padding-right:6px;\"><p><strong>Datum snimanja \/ Erfassungsdatum<br \/>\n<\/strong>01.01.2000 00:00:00<\/p>\n<hr \/>\n<p><strong>Informacije<\/strong><\/p>\n<p><strong>Rim<\/strong><strong>ski vila u uvali<\/strong><strong> Soline<\/strong><\/p>\n<p>Na lokalitetu Soline, neposredno pokraj manjeg zaseoka Vlaka na otoku Sv. Klement, najve\u0107em u arhipelagu Paklenih otoka kraj Hvara, sa\u010duvani su arheolo\u0161ki ostaci anti\u010dke vile, dijelovi solane i luke. Rimska vila u cjelini predstavlja najreprezentativniji objekt iz kasnohelenisti\u010dkoga i rimskoga razdoblja na \u0161irem podru\u010dju grada Hvara. Prema pokretnom arheolo\u0161kom materijalu, lokalitet je datiran od helenisti\u010dkog (2. do 1. st. pr. Kr.) do ranobizantskog razdoblja (6. st.). Prema rezultatima elekromagnetske detekcije, o\u010ditavanju zra\u010dnih snimaka i dosada\u0161njim istra\u017eivanjima na terenu, mogu se razlikovati dva gra\u0111evinska kompleksa od kojih je jedan, onaj raniji, s obzirom na specifi\u010dan polo\u017eaj i arhitektonski plan, definiran kao maritimna vila. Vila je mogla pripadati tipu gra\u0111evina s panoramskim pogledima na obalu mora i zelenilo polja te vrtova kakve opisuje rimski pisac Plinije Mla\u0111i (Plin. Ep. II, 17 i V, 16). Bila je prilago\u0111ena konfiguraciji terena i krajoliku, gra\u0111ena na blagim obroncima bre\u017euljaka uz plodno polje i more. Dosada\u0161nja istra\u017eivanja skromnijeg su obima i nisu definirala cijeli areal vile.<\/p><\/div><\/div><div class='content-column one_half last_column'><div style=\"padding-right:0px;padding-left:6px;\"><p><strong>Stupanj za\u0161tite<\/strong><strong> \/ Schutzstellung<br \/>\n<\/strong>Z-6430, P-2878<\/p>\n<hr \/>\n<p><strong>Info<\/strong><\/p>\n<p><strong>R\u00f6mische Villa in der Bucht Soline<\/strong><\/p>\n<p>In der Gegend Soline, direkt neben einem kleinen Weiler Vlak auf der Insel Sv. Klement, der gr\u00f6\u00dften Pakleni-Inseln am Westende von Hvar, sind die arch\u00e4ologische \u00dcberreste einer antiken Villa, Teile der Salinen und des Hafens erhalten. Die r\u00f6mische Villa ist das repr\u00e4sentativste Objekt aus der sp\u00e4thellenistischen und r\u00f6mischen Zeit in der weiteren Umgebung der Stadt Hvar. Aufgrund der arch\u00e4ologischen Funde, kann der Ort von der hellenistischen Zeit (2.-1. Jh. v. Chr.) bis zur fr\u00fchen byzantinischen Zeit (6. Jh.) datiert werden. Aus Luftbildern und elektromagnetischer Analyse konnte die aktuelle Forschung auf diesem Gebiet zwei Geb\u00e4udekomplexe unterscheiden, von denen einer, der \u00e4ltere,\u00a0 in Anbetracht seiner Sonderstellung und architektonischen Planes, als maritime Villa definiert wurde. Die Villa k\u00f6nnte jenem Geb\u00e4udetypus &#8211; mit Panoramablick auf die K\u00fcste sowie gr\u00fcnen Feldern und G\u00e4rten \u2013 angeh\u00f6ren, die der r\u00f6mische Schriftsteller Plinius der J\u00fcngere beschreibt (Plin. Ep. II, 17 und V, 16). Sie ist auf die Konfiguration des Gel\u00e4ndes und der Landschaft angepasst, am sanften Abhang entlang der fruchtbaren Bodens und dem Meer. Fr\u00fchere Studien haben das volle Ausehnung der Villa nicht gezeigt.<\/p><\/div><\/div><div class='clear_column'><\/div><div class='content-column one_half'><div style=\"padding-right:6px;\"><p>Zna\u010dajni nalazi helenisti\u010dke i rimske republikanske kera-mike iz 2.\/1. st pr. K r., u sondama iskopanim od 2007. do 2011. godine, otvorili su pitanja o naseljavanju i ulozi lokaliteta u ekonomskoj razmjeni i pomorskom prometu u odnosu na gr\u010dke i lokalne naseobine te rimska naselja u tom periodu. Me\u0111utim, za sada se ti nalazi ne mogu povezati s na\u0111enom arhitekturom na tom podru\u010dju.<\/p><\/div><\/div><div class='content-column one_half last_column'><div style=\"padding-right:0px;padding-left:6px;\"><p>Wesentliche Ergebnisse der hellenistischen und r\u00f6mischen Keramik aus dem 2.\/1. Jahrhundert vor Christus.fanden sich bei den Grabungen in den Jahren 2007 bis 2011, wie die Fragen \u00fcber Besiedlung und die Rolle von St\u00e4dten und Gemeinden im wirtschaftlichen Austausch und Seeverkehr in Bezug auf die griechischen und r\u00f6mischen Siedlungen in diesem Zeitraum. Jedoch korrelierten vorerst diese Ergebnisse nicht mit der gefundenen Architektur der Region.<\/p><\/div><\/div><div class='clear_column'><\/div><\/p>\n<p><img loading=\"lazy\" decoding=\"async\" class=\"alignnone size-large wp-image-12687\" src=\"https:\/\/www.topohvar.at\/wp-content\/uploads\/2018\/10\/op-po-01-00-1024x503.jpg\" alt=\"\" width=\"640\" height=\"314\" srcset=\"https:\/\/www.topohvar.at\/wp-content\/uploads\/2018\/10\/op-po-01-00-1024x503.jpg 1024w, https:\/\/www.topohvar.at\/wp-content\/uploads\/2018\/10\/op-po-01-00-300x147.jpg 300w, https:\/\/www.topohvar.at\/wp-content\/uploads\/2018\/10\/op-po-01-00-768x377.jpg 768w, https:\/\/www.topohvar.at\/wp-content\/uploads\/2018\/10\/op-po-01-00.jpg 1080w\" sizes=\"auto, (max-width: 640px) 100vw, 640px\" \/><\/p>\n<div class='content-column one_half'><div style=\"padding-right:6px;\"><p>U kasnoj antici, na prostoru vile u uvali Soline, uz solane su bile izgra\u0111ene nove strukture koje ne prate smjer raspro-stiranja zidova maritimne vile. Njihovo datiranje je, prema teksturi zidova, okvirno od 4. do 6. st. Strukture upotreblja-vaju gra\u0111evinski materijal maritimne vile \u2013 pragove, tegule, dijelove hipokausta terma, kamen iz zidova i ugra\u0111uju ih u nove zidove. Novi gra\u0111evinski materijal su klesani ili samo pritesani kameni blokovi manjih dimenzija i dosta variraju od objekta do objekta, \u0161to bi moglo ukazivati na gradn-ju tijekom du\u017eeg vremenskog razdoblja. U zidovima ima ugra\u0111ene opeke i tegula. Najbolje sa\u010duvan objekt, Zgrada A (danas sa\u010duvan do visine 2,05 m), nalazi se na isto\u010dnoj strani uvale i predstavlja vrlo solidno gra\u0111enu strukturu jo\u0161 u jakoj anti\u010dkoj tradiciji, a mogao bi se, s obzirom na na\u010din gradnje i arhitektonski plan, dovesti u vezu s gospo-darskom aktivno\u0161\u0107u vezanom uz solane i poljoprivredu ili uz vojno nadziranje plovnih putova. Druge strukture mogle bi predstavljati dio radnog prostora i skladi\u0161ta, ogra\u0111enog jakim zidom od kojega danas postoje zna\u010dajni ostaci Zida B u du\u017eini od 18,8 m i visine 2,6 m. Takva slika mogla bi predstavljati zavr\u0161nu kasnoanti\u010dku fazu izgradnje u uvali Soline, ali je mo\u017eda povremeno slu\u017eila i za smje\u0161taj vojske, s obzirom na vojnu ulogu jadranskih pomorskih putova u kasnoj antici<\/div><\/div><div class='content-column one_half last_column'><div style=\"padding-right:0px;padding-left:6px;\"><p>In der Sp\u00e4tantike wurden im Bereich der Vlla in der Bucht Saline bei den Salinen Neubauten errichtet, die nicht der Richtung der W\u00e4nde der maritimen Villa folgten. Nach der Beschaffenheit der W\u00e4nde k\u00f6nnen sie ins 4. bis 6. Jahrhundert datiert werden. Die Bauten verwendeten Materialien der maritimen Villa &#8211; Schwellen, Siphons, Teile der Hypocausten, Mauersteine und bauten sie in den neuen W\u00e4nden ein. Die neuen Baumaterialien wurden zugeschnitten oder auch gr\u00f6\u00dfere Steinbl\u00f6cke zu kleinernen geschnitten. Sie variieren erheblich von Geb\u00e4ude zu Geb\u00e4ude und zeigen so die Baut\u00e4tigkeit \u00fcber einen langen Zeitraum hinweg. Die W\u00e4nde sind aus Ziegeln und Platten errichtet. Das am besten erhaltene Geb\u00e4ude, Geb\u00e4ude A (heute bis zu einer H\u00f6he von 2,05 m erhalten) auf der Ostseite der Bucht ist in sehr alter Tradition gebaut und weist immer noch eine sehr solide Struktur auf. Es k\u00f6nnte sein, dass der architektonische Plan im Hinblick auf wirtschaftlichen Aktivit\u00e4ten der Landwirtschaft und den Salzpfannen oder mit den milit\u00e4rischen Kontrolle Wasserstra\u00dfen im Zusammenhang steht. Die anderen Bauten k\u00f6nnten Wirtschafts- und Lagergeb\u00e4ude sein die durch starke Mauern umgeben sind, von denen es heute noch bedeutende Reste gibt (Mauer B, mit einer L\u00e4nge von 18,8 m und einer H\u00f6he von 2,6 m). Dies k\u00f6nnte die letzte Stufe der sp\u00e4tr\u00f6mischen Geb\u00e4ude in der Bucht darstellen, wo sie angesichts der milit\u00e4rischen Rolle im Schiffsverkehr der Sp\u00e4tantike gelegentlich dem Milit\u00e4r als Speicher dienten.<\/p><\/div><\/div><div class='clear_column'><\/div><\/p>\n<p style=\"text-align: right;\"><span style=\"color: #3366ff;\"><a style=\"color: #3366ff;\" href=\"#seite_oben\">natrag na vrh \/ Seitenanfang<\/a><\/span><\/p>\n<hr \/>\n<p><strong>Linkovi \/ Links<\/strong><\/p>\n<p><span style=\"color: #3366ff;\">\u00a0<a style=\"color: #3366ff;\" href=\"https:\/\/www.topohvar.at\/topo\/orte\/op\/op-au-10-1\/\">Uvala Soline<\/a>\u00a0<\/span><\/p>\n","protected":false},"excerpt":{"rendered":"<p>Ime \/ Name Anti\u010dko nazali\u0161te \u00bbAnti\u010dka vila u uvali Soline\u00ab \/ Antike Villa in der Bucht Soline Code: OP-PO-01\u00a0 \u00a0 \u00a0 \u00a0 \u00a0 \u00a0 \u00a0 \u00a0 \u00a0 \u00a0 \u00a0 \u00a0 \u00a0 \u00a0 \u00a0 \u00a0 \u00a0 \u00a0\u00a0 \u00a0 Adresa \/ Adresse &hellip; <a href=\"https:\/\/www.topohvar.at\/topo\/orte\/op\/op-po-01-1\/\">Weiterlesen <span class=\"meta-nav\">&rarr;<\/span><\/a><\/p>\n","protected":false},"author":1,"featured_media":0,"parent":123,"menu_order":0,"comment_status":"closed","ping_status":"closed","template":"","meta":{"footnotes":""},"class_list":["post-12708","page","type-page","status-publish","hentry"],"_links":{"self":[{"href":"https:\/\/www.topohvar.at\/topo\/wp-json\/wp\/v2\/pages\/12708","targetHints":{"allow":["GET"]}}],"collection":[{"href":"https:\/\/www.topohvar.at\/topo\/wp-json\/wp\/v2\/pages"}],"about":[{"href":"https:\/\/www.topohvar.at\/topo\/wp-json\/wp\/v2\/types\/page"}],"author":[{"embeddable":true,"href":"https:\/\/www.topohvar.at\/topo\/wp-json\/wp\/v2\/users\/1"}],"replies":[{"embeddable":true,"href":"https:\/\/www.topohvar.at\/topo\/wp-json\/wp\/v2\/comments?post=12708"}],"version-history":[{"count":17,"href":"https:\/\/www.topohvar.at\/topo\/wp-json\/wp\/v2\/pages\/12708\/revisions"}],"predecessor-version":[{"id":70734,"href":"https:\/\/www.topohvar.at\/topo\/wp-json\/wp\/v2\/pages\/12708\/revisions\/70734"}],"up":[{"embeddable":true,"href":"https:\/\/www.topohvar.at\/topo\/wp-json\/wp\/v2\/pages\/123"}],"wp:attachment":[{"href":"https:\/\/www.topohvar.at\/topo\/wp-json\/wp\/v2\/media?parent=12708"}],"curies":[{"name":"wp","href":"https:\/\/api.w.org\/{rel}","templated":true}]}}