{"id":12716,"date":"2018-10-06T16:25:26","date_gmt":"2018-10-06T14:25:26","guid":{"rendered":"https:\/\/www.topohvar.at\/?page_id=12716"},"modified":"2024-12-14T18:30:39","modified_gmt":"2024-12-14T17:30:39","slug":"op-pv-04-1","status":"publish","type":"page","link":"https:\/\/www.topohvar.at\/topo\/orte\/op\/op-pv-04-1\/","title":{"rendered":"PAKLENI OTOCI &#8211; Podvodna nalazi\u0161te \u00bbAnti\u010dki brodolom (4)\u00ab"},"content":{"rendered":"<p><a name=\"seite_oben\"><\/a><br \/>\n<strong><img loading=\"lazy\" decoding=\"async\" class=\"alignnone wp-image-387 size-full\" src=\"https:\/\/www.topohvar.at\/wp-content\/uploads\/2018\/07\/00-00-00-1.jpg\" alt=\"\" width=\"114\" height=\"56\" \/><\/strong><\/p>\n<p><strong>Ime \/ Name<br \/>\n<\/strong>Podvodna nalazi\u0161te \u00bbAnti\u010dki brodolom (4)\u00ab \/ Antikes Schiffswrack (4)<\/p>\n<p><strong>Code: <\/strong>OP-PV-04\u00a0 \u00a0 \u00a0 \u00a0 \u00a0 \u00a0 \u00a0 \u00a0 \u00a0 \u00a0 \u00a0 \u00a0 \u00a0 \u00a0 \u00a0 \u00a0 \u00a0 \u00a0<strong>\u00a0<a href=\"https:\/\/www.topohvar.at\/orte\/op\/op-pv-03-1\/\"><img loading=\"lazy\" decoding=\"async\" class=\"alignnone wp-image-533 size-full\" src=\"https:\/\/www.topohvar.at\/wp-content\/uploads\/2018\/07\/push-l-30.jpg\" alt=\"\" width=\"61\" height=\"30\" \/><\/a> <a href=\"https:\/\/www.topohvar.at\/orte\/op\/\"><img loading=\"lazy\" decoding=\"async\" class=\"alignnone wp-image-535 size-full\" src=\"https:\/\/www.topohvar.at\/wp-content\/uploads\/2018\/07\/push-o-30.jpg\" alt=\"\" width=\"61\" height=\"30\" \/><\/a> <a href=\"https:\/\/www.topohvar.at\/orte\/op\/op-pv-05-1\/\"><img loading=\"lazy\" decoding=\"async\" class=\"alignnone wp-image-536 size-full\" src=\"https:\/\/www.topohvar.at\/wp-content\/uploads\/2018\/07\/push-r-30.jpg\" alt=\"\" width=\"61\" height=\"30\" \/><\/a>\u00a0<\/strong><\/p>\n<hr \/>\n<p><strong>Adresa \/ Adresse<br \/>\n<\/strong>Pakleni otoci,\u00a0Otok Sv. Klement<\/p>\n<p><strong>Lokacija \/ Position<a href=\"https:\/\/goo.gl\/maps\/kq9mKHcb41kB7TNT7\"><img loading=\"lazy\" decoding=\"async\" class=\"alignright wp-image-12796\" src=\"https:\/\/www.topohvar.at\/wp-content\/uploads\/2018\/10\/1290.jpg\" alt=\"\" width=\"134\" height=\"100\" \/><\/a><br \/>\n<\/strong><span style=\"color: #3366ff;\"><a style=\"color: #3366ff;\" href=\"https:\/\/goo.gl\/maps\/kq9mKHcb41kB7TNT7\">Latitude: N 43,17389\u00b0\u00a0 \u00a0Longitude: E 16,33111\u00b0<\/a> <\/span><strong><br \/>\n<\/strong>Visina \/ H\u00f6he: 0 m<\/p>\n<p><strong>Katastarska \u010destica <\/strong><strong>\/ Grundst\u00fccke<br \/>\n<\/strong>&#8211;<div class='content-column one_half'><div style=\"padding-right:6px;\"><p><strong>Datum snimanja \/ Erfassungsdatum<br \/>\n<\/strong>01.01.2000 00:00:00<\/p>\n<hr \/>\n<p><strong>Informacije<\/strong><\/p>\n<p><strong>Podvodna nalazi\u0161te &#8211; anti\u010dki brodolom<\/strong><\/p>\n<p>Sa sjeverozapadne strane arhipelaga Paklenih otoka nalaze se ostaci brodoloma. Po povr\u0161ini su razbacani ostaci razbijenih amfora, a u pijesku se naziru i cijele. Lokacija nikad nije bila cjelovito istra\u017eivana. Amfore pripadaju tipovima hispanskih amfora (Dressel 2-4, 8, 10), \u0161to brodolom datira u razdoblje 1 st. poslije Krista. Dio tereta je jo\u0161 pod pijeskom, a tu su i drveni ostaci brodske konstrukcije.<\/p><\/div><\/div><div class='content-column one_half last_column'><div style=\"padding-right:0px;padding-left:6px;\"><p><strong>Stupanj za\u0161tite <\/strong><strong>\/ Schutzstellung<br \/>\n<\/strong>Z-0081<\/p>\n<hr \/>\n<p><strong>Info<\/strong><\/p>\n<p><strong>Arch\u00e4ologische Meeresst\u00e4tte, antikes Schiffswrack<\/strong><\/p>\n<p>Auf der Nordwestseite des Pakleni-Archipels befinden sich die \u00dcberreste eines Schiffswracks. Reste von zerbrochenen Amphoren sind auf der Oberfl\u00e4che verstreut und ganze sind im Sand sichtbar. Der Ort wurde noch nie vollst\u00e4ndig erkundet. Die Amphoren geh\u00f6ren zu den Arten der hispanischen Amphoren (Dressel 2-4, 8, 10). Der Schiffbruch stammt aus dem 1. Jahrhundert nach Christus. Ein Teil der Ladung befindet sich noch unter dem Sand, und es gibt Holzreste der Schiffsstruktur.<\/p><\/div><\/div><div class='clear_column'><\/div><div class='content-column one_half'><div style=\"padding-right:6px;\"><p>Lista za\u0161ti\u0107enih kulturnih dobara Republike Hrvatske br. 01\/2002.<br \/>\nDatum tiskanog izdanja: 18. 12. 2002.<br \/>\nBroj registra: Z-81<\/p><\/div><\/div><div class='content-column one_half last_column'><div style=\"padding-right:0px;padding-left:6px;\"><p>Liste der Kulturg\u00fcter der Republik Kroatien Nr. 01\/2002.<br \/>\nVer\u00f6ffentlichungsdatum: 18. 12. 2002.<br \/>\nRegistriernummer: Z-81<\/p><\/div><\/div><div class='clear_column'><\/div><\/p>\n<p style=\"text-align: center;\"><em>(Izvor: \/ Quelle: <span style=\"color: #3366ff;\"><a style=\"color: #3366ff;\" href=\"https:\/\/pakleniotoci.eu\/PakleniIslands\/CulHisHeritage\">pakleniotoci.eu<\/a><\/span>)<\/em><\/p>\n<p style=\"text-align: right;\"><span style=\"color: #3366ff;\"><a style=\"color: #3366ff;\" href=\"#seite_oben\">natrag na vrh \/ Seitenanfang<\/a><\/span><\/p>\n<hr \/>\n<p><strong>Linkovi \/ Links<\/strong><\/p>\n<p><span style=\"color: #3366ff;\"><a style=\"color: #3366ff;\" href=\"https:\/\/pakleniotoci.eu\/PakleniIslands\/CulHisHeritage\">pakleniotoci.eu<\/a><\/span><\/p>\n","protected":false},"excerpt":{"rendered":"<p>Ime \/ Name Podvodna nalazi\u0161te \u00bbAnti\u010dki brodolom (4)\u00ab \/ Antikes Schiffswrack (4) Code: OP-PV-04\u00a0 \u00a0 \u00a0 \u00a0 \u00a0 \u00a0 \u00a0 \u00a0 \u00a0 \u00a0 \u00a0 \u00a0 \u00a0 \u00a0 \u00a0 \u00a0 \u00a0 \u00a0\u00a0 \u00a0 Adresa \/ Adresse Pakleni otoci,\u00a0Otok Sv. Klement Lokacija &hellip; <a href=\"https:\/\/www.topohvar.at\/topo\/orte\/op\/op-pv-04-1\/\">Weiterlesen <span class=\"meta-nav\">&rarr;<\/span><\/a><\/p>\n","protected":false},"author":1,"featured_media":0,"parent":123,"menu_order":0,"comment_status":"closed","ping_status":"closed","template":"","meta":{"footnotes":""},"class_list":["post-12716","page","type-page","status-publish","hentry"],"_links":{"self":[{"href":"https:\/\/www.topohvar.at\/topo\/wp-json\/wp\/v2\/pages\/12716","targetHints":{"allow":["GET"]}}],"collection":[{"href":"https:\/\/www.topohvar.at\/topo\/wp-json\/wp\/v2\/pages"}],"about":[{"href":"https:\/\/www.topohvar.at\/topo\/wp-json\/wp\/v2\/types\/page"}],"author":[{"embeddable":true,"href":"https:\/\/www.topohvar.at\/topo\/wp-json\/wp\/v2\/users\/1"}],"replies":[{"embeddable":true,"href":"https:\/\/www.topohvar.at\/topo\/wp-json\/wp\/v2\/comments?post=12716"}],"version-history":[{"count":12,"href":"https:\/\/www.topohvar.at\/topo\/wp-json\/wp\/v2\/pages\/12716\/revisions"}],"predecessor-version":[{"id":70702,"href":"https:\/\/www.topohvar.at\/topo\/wp-json\/wp\/v2\/pages\/12716\/revisions\/70702"}],"up":[{"embeddable":true,"href":"https:\/\/www.topohvar.at\/topo\/wp-json\/wp\/v2\/pages\/123"}],"wp:attachment":[{"href":"https:\/\/www.topohvar.at\/topo\/wp-json\/wp\/v2\/media?parent=12716"}],"curies":[{"name":"wp","href":"https:\/\/api.w.org\/{rel}","templated":true}]}}