{"id":12718,"date":"2018-10-06T16:26:44","date_gmt":"2018-10-06T14:26:44","guid":{"rendered":"https:\/\/www.topohvar.at\/?page_id=12718"},"modified":"2024-12-15T16:07:42","modified_gmt":"2024-12-15T15:07:42","slug":"op-pv-06-1","status":"publish","type":"page","link":"https:\/\/www.topohvar.at\/topo\/orte\/op\/op-pv-06-1\/","title":{"rendered":"PAKLENI OTOCI &#8211; Podvodna nalazi\u0161te \u00bbAnti\u010dki brodolom (5)\u00ab"},"content":{"rendered":"<p><a name=\"seite_oben\"><\/a><br \/>\n<strong><img loading=\"lazy\" decoding=\"async\" class=\"alignnone wp-image-387 size-full\" src=\"https:\/\/www.topohvar.at\/wp-content\/uploads\/2018\/07\/00-00-00-1.jpg\" alt=\"\" width=\"114\" height=\"56\" \/><\/strong><\/p>\n<p><strong>Ime \/ Name<br \/>\n<\/strong>Podvodna nalazi\u0161te \u00bbAnti\u010dki brodolom (5)\u00ab \/ Antikes Schiffswrack (5)<\/p>\n<p><strong>Code: <\/strong>OP-PV-06\u00a0 \u00a0 \u00a0 \u00a0 \u00a0 \u00a0 \u00a0 \u00a0 \u00a0 \u00a0 \u00a0 \u00a0 \u00a0 \u00a0 \u00a0 \u00a0 \u00a0 \u00a0<strong>\u00a0<a href=\"https:\/\/www.topohvar.at\/orte\/op\/op-pv-05-1\/\"><img loading=\"lazy\" decoding=\"async\" class=\"alignnone wp-image-533 size-full\" src=\"https:\/\/www.topohvar.at\/wp-content\/uploads\/2018\/07\/push-l-30.jpg\" alt=\"\" width=\"61\" height=\"30\" \/><\/a> <a href=\"https:\/\/www.topohvar.at\/orte\/op\/\"><img loading=\"lazy\" decoding=\"async\" class=\"alignnone wp-image-535 size-full\" src=\"https:\/\/www.topohvar.at\/wp-content\/uploads\/2018\/07\/push-o-30.jpg\" alt=\"\" width=\"61\" height=\"30\" \/><\/a> <a href=\"https:\/\/www.topohvar.at\/orte\/op\/op-pv-09-1\/\"><img loading=\"lazy\" decoding=\"async\" class=\"alignnone wp-image-536 size-full\" src=\"https:\/\/www.topohvar.at\/wp-content\/uploads\/2018\/07\/push-r-30.jpg\" alt=\"\" width=\"61\" height=\"30\" \/><\/a>\u00a0<\/strong><\/p>\n<hr \/>\n<p><strong>Adresa \/ Adresse<br \/>\n<\/strong>Pakleni otoci,\u00a0ju\u017eno od hridi Baba<\/p>\n<p><strong>Lokacija \/ Position<a href=\"https:\/\/goo.gl\/maps\/VpC7e89A1hUA2YBv8\"><img loading=\"lazy\" decoding=\"async\" class=\"alignright wp-image-12800\" src=\"https:\/\/www.topohvar.at\/wp-content\/uploads\/2018\/10\/1697.jpg\" alt=\"\" width=\"134\" height=\"100\" \/><\/a><br \/>\n<\/strong><span style=\"color: #3366ff;\"><a style=\"color: #3366ff;\" href=\"https:\/\/goo.gl\/maps\/VpC7e89A1hUA2YBv8\">Latitude: N 43,16759\u00b0\u00a0 \u00a0Longitude: E 16,39478\u00b0<\/a> <\/span><strong><br \/>\n<\/strong>Visina \/ H\u00f6he: -0 m<\/p>\n<p><strong>Katastarska \u010destica<\/strong><strong> \/ Grundst\u00fccke<br \/>\n<\/strong>&#8211;<div class='content-column one_half'><div style=\"padding-right:6px;\"><p><strong>Datum snimanja \/ Erfassungsdatum<br \/>\n<\/strong>01.01.2000 00:00:00<\/p>\n<hr \/>\n<p><strong>Informacije<\/strong><\/p>\n<p><strong>Ostaci anti\u010dkog broda<\/strong><\/p>\n<p>Ju\u017eno od grebena Baba, kod Palmi\u017eane na Paklenim otocima, nalazi se potonuli anti\u010dki brod. Nalaz se datira u vrijeme oko sredine I. st. poslije Kr.<\/p><\/div><\/div><div class='content-column one_half last_column'><div style=\"padding-right:0px;padding-left:6px;\"><p><strong>Stupanj za\u0161tite<\/strong><strong> \/ Schutzstellung<br \/>\n<\/strong>RST 693<\/p>\n<hr \/>\n<p><strong>Info<\/strong><\/p>\n<p><strong>Reste eines antiken Schiffes<\/strong><\/p>\n<p>S\u00fcdlich des Riffs Baba, in der N\u00e4he von Palmi\u017eana auf den Pakleni-Inseln, liegt ein versunkenes altes Schiff. Der Fund stammt aus der Mitte des 1. Jahrhunderts n. Chr.<\/p><\/div><\/div><div class='clear_column'><\/div><div class='content-column one_half'><div style=\"padding-right:6px;\"><p>Pored tereta grube keramike tu se nalaze i vrlo fini tanjuri, dobro pe\u010deni, ru\u017ei\u010dasto-crvene glazure sa \u017eigom u obliku rozete koja odr\u017eava helenisti\u010dke tradicije. Ta grupa pripada tzv. terra sigillati, i vjerojatno je maloazijske produkcije. To potvr\u0111uje i nalaz tzv. pseudo terra sigillate sme\u0111e boje, dosta lo\u0161e glazure sa gr\u010dkim \u017eigom.<\/p><\/div><\/div><div class='content-column one_half last_column'><div style=\"padding-right:0px;padding-left:6px;\"><p>Neben der Ladung grober Keramik gibt es auch sehr feine Teller, gut gebrannte, rosarote Glasur mit einem Rosettenstempel, der die hellenistischen Traditionen fortf\u00fchrt. Diese Gruppe geh\u00f6rt zu den sogenannten Terra Sigillati und ist wahrscheinlich von asiatischer Produktion. Dies wird durch z.B. durch das Pseudo-Terra-Sigillat-Braun, eine ziemlich schlechte Glasur mit einem griechischen Stempel, best\u00e4tigt.<\/p><\/div><\/div><div class='clear_column'><\/div><\/p>\n<p style=\"text-align: center;\"><em>(Izvor: \/ Quelle: <span style=\"color: #3366ff;\"><a style=\"color: #3366ff;\" href=\"https:\/\/pakleniotoci.eu\/PakleniIslands\/CulHisHeritage\">pakleniotoci.eu<\/a><\/span>)<\/em><\/p>\n<p style=\"text-align: right;\"><span style=\"color: #3366ff;\"><a style=\"color: #3366ff;\" href=\"#seite_oben\">natrag na vrh \/ Seitenanfang<\/a><\/span><\/p>\n<hr \/>\n<p><strong>Linkovi \/ Links<\/strong><\/p>\n<p><span style=\"color: #3366ff;\"><a style=\"color: #3366ff;\" href=\"https:\/\/pakleniotoci.eu\/PakleniIslands\/CulHisHeritage\">pakleniotoci.eu<\/a><\/span><\/p>\n","protected":false},"excerpt":{"rendered":"<p>Ime \/ Name Podvodna nalazi\u0161te \u00bbAnti\u010dki brodolom (5)\u00ab \/ Antikes Schiffswrack (5) Code: OP-PV-06\u00a0 \u00a0 \u00a0 \u00a0 \u00a0 \u00a0 \u00a0 \u00a0 \u00a0 \u00a0 \u00a0 \u00a0 \u00a0 \u00a0 \u00a0 \u00a0 \u00a0 \u00a0\u00a0 \u00a0 Adresa \/ Adresse Pakleni otoci,\u00a0ju\u017eno od hridi Baba &hellip; <a href=\"https:\/\/www.topohvar.at\/topo\/orte\/op\/op-pv-06-1\/\">Weiterlesen <span class=\"meta-nav\">&rarr;<\/span><\/a><\/p>\n","protected":false},"author":1,"featured_media":0,"parent":123,"menu_order":0,"comment_status":"closed","ping_status":"closed","template":"","meta":{"footnotes":""},"class_list":["post-12718","page","type-page","status-publish","hentry"],"_links":{"self":[{"href":"https:\/\/www.topohvar.at\/topo\/wp-json\/wp\/v2\/pages\/12718","targetHints":{"allow":["GET"]}}],"collection":[{"href":"https:\/\/www.topohvar.at\/topo\/wp-json\/wp\/v2\/pages"}],"about":[{"href":"https:\/\/www.topohvar.at\/topo\/wp-json\/wp\/v2\/types\/page"}],"author":[{"embeddable":true,"href":"https:\/\/www.topohvar.at\/topo\/wp-json\/wp\/v2\/users\/1"}],"replies":[{"embeddable":true,"href":"https:\/\/www.topohvar.at\/topo\/wp-json\/wp\/v2\/comments?post=12718"}],"version-history":[{"count":18,"href":"https:\/\/www.topohvar.at\/topo\/wp-json\/wp\/v2\/pages\/12718\/revisions"}],"predecessor-version":[{"id":70724,"href":"https:\/\/www.topohvar.at\/topo\/wp-json\/wp\/v2\/pages\/12718\/revisions\/70724"}],"up":[{"embeddable":true,"href":"https:\/\/www.topohvar.at\/topo\/wp-json\/wp\/v2\/pages\/123"}],"wp:attachment":[{"href":"https:\/\/www.topohvar.at\/topo\/wp-json\/wp\/v2\/media?parent=12718"}],"curies":[{"name":"wp","href":"https:\/\/api.w.org\/{rel}","templated":true}]}}