{"id":12722,"date":"2018-10-06T16:31:35","date_gmt":"2018-10-06T14:31:35","guid":{"rendered":"https:\/\/www.topohvar.at\/?page_id=12722"},"modified":"2021-12-01T13:56:36","modified_gmt":"2021-12-01T12:56:36","slug":"op-aa-00-1","status":"publish","type":"page","link":"https:\/\/www.topohvar.at\/topo\/orte\/op\/op-aa-00-1\/","title":{"rendered":"PAKLENI ARHIPELAG"},"content":{"rendered":"<p><a name=\"seite_oben\"><\/a><br \/>\n<strong><img loading=\"lazy\" decoding=\"async\" class=\"alignnone wp-image-12689 size-large\" src=\"https:\/\/www.topohvar.at\/wp-content\/uploads\/2018\/10\/op-tg-00-0-1024x503.jpg\" alt=\"\" width=\"640\" height=\"314\" srcset=\"https:\/\/www.topohvar.at\/wp-content\/uploads\/2018\/10\/op-tg-00-0-1024x503.jpg 1024w, https:\/\/www.topohvar.at\/wp-content\/uploads\/2018\/10\/op-tg-00-0-300x147.jpg 300w, https:\/\/www.topohvar.at\/wp-content\/uploads\/2018\/10\/op-tg-00-0-768x377.jpg 768w, https:\/\/www.topohvar.at\/wp-content\/uploads\/2018\/10\/op-tg-00-0.jpg 1080w\" sizes=\"auto, (max-width: 640px) 100vw, 640px\" \/><\/strong><\/p>\n<p><strong>Ime \/ Name<br \/>\n<\/strong>Pakleni arhipelag<\/p>\n<p><strong>Code: <\/strong>OP-AA-00\u00a0 \u00a0 \u00a0 \u00a0 \u00a0 \u00a0 \u00a0 \u00a0 \u00a0 \u00a0 \u00a0 \u00a0 \u00a0 \u00a0 \u00a0 \u00a0 <a href=\"https:\/\/www.topohvar.at\/topo\/op-ar-10-1\/\"><img loading=\"lazy\" decoding=\"async\" class=\"alignnone wp-image-12300 size-full\" src=\"https:\/\/www.topohvar.at\/wp-content\/uploads\/2018\/09\/push-vor-30.jpg\" alt=\"\" width=\"61\" height=\"30\" \/><\/a> <strong><a href=\"https:\/\/www.topohvar.at\/orte\/op\/op-ai-01-1\/\"><img loading=\"lazy\" decoding=\"async\" class=\"alignnone wp-image-533 size-full\" src=\"https:\/\/www.topohvar.at\/wp-content\/uploads\/2018\/07\/push-l-30.jpg\" alt=\"\" width=\"61\" height=\"30\" \/><\/a> <a href=\"https:\/\/www.topohvar.at\/orte\/op\/\"><img loading=\"lazy\" decoding=\"async\" class=\"alignnone wp-image-535 size-full\" src=\"https:\/\/www.topohvar.at\/wp-content\/uploads\/2018\/07\/push-o-30.jpg\" alt=\"\" width=\"61\" height=\"30\" \/><\/a> <a href=\"https:\/\/www.topohvar.at\/orte\/op\/op-aa-01-1\/\"><img loading=\"lazy\" decoding=\"async\" class=\"alignnone wp-image-536 size-full\" src=\"https:\/\/www.topohvar.at\/wp-content\/uploads\/2018\/07\/push-r-30.jpg\" alt=\"\" width=\"61\" height=\"30\" \/><\/a> <a href=\"https:\/\/www.topohvar.at\/topo\/op-ao-10-1\/\"><img loading=\"lazy\" decoding=\"async\" class=\"alignnone wp-image-12299 size-full\" src=\"https:\/\/www.topohvar.at\/wp-content\/uploads\/2018\/09\/push-next-30.jpg\" alt=\"\" width=\"61\" height=\"30\" \/><\/a><\/strong><\/p>\n<hr \/>\n<p><strong>Adresa \/ Adresse<br \/>\n<\/strong>Pakleni otoci<\/p>\n<p><strong>Lokacija<\/strong><strong> \/ Position<a href=\"https:\/\/goo.gl\/maps\/HJpZ4rkqkRCCCBN17\"><img loading=\"lazy\" decoding=\"async\" class=\"alignright wp-image-12740\" src=\"https:\/\/www.topohvar.at\/wp-content\/uploads\/2018\/10\/1598.jpg\" alt=\"\" width=\"134\" height=\"100\" \/><\/a><br \/>\n<\/strong><span style=\"color: #3366ff;\"><a style=\"color: #3366ff;\" href=\"https:\/\/goo.gl\/maps\/HJpZ4rkqkRCCCBN17\">Latitude: N 43,16500\u00b0\u00a0 \u00a0Longitude: E 16,38000\u00b0<\/a> <\/span><strong><br \/>\n<\/strong>Visina \/ H\u00f6he: &#8211; m<\/p>\n<p><strong>Katastarska \u010destica <\/strong><strong>\/ Grundst\u00fccke<br \/>\n<\/strong>&#8211;<div class='content-column one_half'><div style=\"padding-right:6px;\"><p><strong>Datum snimanja \/ Erfassungsdatum<br \/>\n<\/strong>01.01.2000 00:00:00<\/p>\n<hr \/>\n<p><strong>Informacije<\/strong><\/p>\n<p>Pakleni otoci \u010dine oko 20 otoka i stjenovitih grebena. Po\u010dinje na zapadno od Vodnjaka Veli, dok je dalje sjeverozapadno Sveti Klement najve\u0107i otok arhipelaga; ovdje su tako\u0111er tri mala sela ili zaselaka koji su naseljeni tijekom ljeta. Dalje ju\u017enije su otoci Dobri i Stanbedar, isto\u010dno od Svetog Klementa, otoci Borovac, Planikovac, Marinkovac i Jerolim. Oto\u010di\u0107 Pokonji dol na kraju kanala Pakleni, opremljen svjetionikom, zatvara arhipelag na jugoistoku.<\/p><\/div><\/div><div class='content-column one_half last_column'><div style=\"padding-right:0px;padding-left:6px;\"><p><strong>Stupanj za\u0161tite<\/strong><strong> \/ Schutzstellung<br \/>\n<\/strong>Prirodni rezervat, registarski broj 655<\/p>\n<hr \/>\n<p><strong>Info<\/strong><\/p>\n<p>Die aus etwa 20 Inseln und Felsenriffe bestehende Pakleni-Inselkette beginnt im \u00e4u\u00dfersten Westen mit Vodnjak Veli, w\u00e4hrend das weiter nordwestlich gelegene Sveti Klement die gr\u00f6\u00dfte Insel des Archipels ist; hier befinden sich auch drei kleine D\u00f6rfer oder Weiler, die den Sommer \u00fcber bewohnt sind. Weiter s\u00fcdlich liegen die Eilande Dobri und Stanbedar, \u00f6stlich von Sveti Klement findet man die Inseln Borovac, Planikovac, Marinkovac und Jerolim. Das mit einem Leuchtturm ausger\u00fcstete Inselchen Pokonji dol am Ende des Pakleni-Kanals schlie\u00dft den Archipel im S\u00fcdosten ab.<\/p><\/div><\/div><div class='clear_column'><\/div><div class='content-column one_half'><div style=\"padding-right:6px;\"><p>Ime dolazi od rije\u010di \u201cpaklina\u201d = topljena borova smola za konzervaciju brodske oplate. Kamene prethistorijske gomile na sv. Klementu upu\u0107uju, mo\u017eda, na kultni karakter \u0161koja (kao otok mrtvih).<\/p><\/div><\/div><div class='content-column one_half last_column'><div style=\"padding-right:0px;padding-left:6px;\"><p>Der Name stammt von dem Wort &#8222;H\u00f6lle&#8220; ab und bezeichnete das hei\u00dfe Kiefernharz das f\u00fcr die Konservierung der Bootsrumpfe Verwendung fand. pr\u00e4historische Steinh\u00fcgel auf der Insel St. Clemens deutet vielleicht auf ihren Kultcharakter (Insel der Toten) hin.<\/p><\/div><\/div><div class='clear_column'><\/div><div class='content-column one_half'><div style=\"padding-right:6px;\"><p>Na oto\u010di\u0107u Sveti Jerolim, koji se nekada nalazio u posjedu franjeva\u010dkog reda nalazila se mala crkva koja je nestala pred kraj 15. stolje\u0107a.<\/p><\/div><\/div><div class='content-column one_half last_column'><div style=\"padding-right:0px;padding-left:6px;\"><p>Auf der Insel St. Jerolim, die einst dem Franziskanerorden geh\u00f6rte, gab es eine kleine Kirche, die Ende des 15. Jahrhunderts verschwand.<\/p><\/div><\/div><div class='clear_column'><\/div><div class='content-column one_half'><div style=\"padding-right:6px;\"><p>Izvanredno zakloni\u0161te, Palmi\u017eana (ACI-marina), nalazi se na Velikom otoku koji se naziva i sv. Klement, po crkvi posve\u0107enoj za\u0161titniku mornara. Restaurirana u spomen Vi\u0161kog boja 1866. i potonu\u0107a fregate \u201cRadetzky\u201d 1869, na 5 milja od Velog Vodnjaka, s 325 mladi\u0107a, mahom Hrvata.<\/p><\/div><\/div><div class='content-column one_half last_column'><div style=\"padding-right:0px;padding-left:6px;\"><p>Einen au\u00dfergew\u00f6hnlichen Schutz bietet die Marina, Palmi\u017eana (ACI-Marina), die sich auf der Gro\u00dfen Insel, Sv. Klement befindet und deren Kirche dem Schutzherr der Segler gewidmet ist. Restauriert wurde sie 1869 im Andenken an Schlacht bei Vis im Jahr 1866 und dem Untergang der Fregatte &#8222;Radetzky&#8220;, 5 Meilen von Velo Vodnja entfernt, mit 325 Jugendlichen, die meisten davon Kroaten.<\/p><\/div><\/div><div class='clear_column'><\/div><div class='content-column one_half'><div style=\"padding-right:6px;\"><p>Obitelj botani\u010dara Eugena Meneghello u uvali Vinogradi\u0161\u0107e po\u010dela je graditi prve ku\u0107e za ljetni odmor.<\/p><\/div><\/div><div class='content-column one_half last_column'><div style=\"padding-right:0px;padding-left:6px;\"><p>Die Botanikerfamilie Eugen Meneghello begann in der Bucht Vinogradi\u0161ce mit dem Bau der ersten Sommerferienh\u00e4user.<\/p><\/div><\/div><div class='clear_column'><\/div><div class='content-column one_half'><div style=\"padding-right:6px;\"><p>Sv. Klement je poznat daleko izvan granica Hrvatske za svoj botani\u010dki park Palmi\u017eana. Danas je to pravi arboretum s osebujnom turisti\u010dkom ponudom.<\/p><\/div><\/div><div class='content-column one_half last_column'><div style=\"padding-right:0px;padding-left:6px;\"><p>Sv. Klement ist durch den botanischen Park Palmi\u017eana weit \u00fcber die Grenzen Kroatiens hinaus bekannt. Heute ist es ein wahres Arboretum mit einem unverwechselbaren touristischen Angebot.<\/p><\/div><\/div><div class='clear_column'><\/div><div class='content-column one_half'><div style=\"padding-right:6px;\"><p>Oto\u0107i su prirodni rezervat Republike Hrvatske<br \/>\nKategorija za\u0161tite: Zna\u010dajni krajobraz<br \/>\nGodina progla\u0161enja: 1968<br \/>\nRegistarski broj: 655<\/p>\n<p>Oto\u0107i su podru\u010dja o\u010duvanja zna\u010dajna za vrste i stani\u0161ne tipove na podru\u010dju Splitsko-dalmatinske<br \/>\n\u0160ifra podru\u010dja: HR3000095<\/p><\/div><\/div><div class='content-column one_half last_column'><div style=\"padding-right:0px;padding-left:6px;\"><p>Die Inseln sind Naturschutzgebiet der Rep. Kroatien.<br \/>\nSchutzkategorie: Bedeutende Landschaft.<br \/>\nUnterschutzstellung: 1968<br \/>\nRegistrierungsnummer: 655<\/p>\n<p>Die Inseln sind auch Naturschutzgebiet, das f\u00fcr die Arten und Lebensraumtypen in der Gespanschaft Split-Dalmatien von Bedeutung ist.<br \/>\nBereichscode: HR3000095<\/p><\/div><\/div><div class='clear_column'><\/div><\/p>\n<p style=\"text-align: right;\"><span style=\"color: #3366ff;\"><a style=\"color: #3366ff;\" href=\"#seite_oben\">natrag na vrh \/ Seitenanfang<\/a><\/span><\/p>\n<hr \/>\n<p><strong>Linkovi \/ Links<\/strong><\/p>\n<p><span style=\"color: #3366ff;\"><a style=\"color: #3366ff;\" href=\"http:\/\/www.pakleniotoci.eu\">Nova internetska stranica za bolju za\u0161titu Paklenih otoka \/ Neue Website zum besseren Schutz der Pakleni-Inseln<\/a><\/span><\/p>\n","protected":false},"excerpt":{"rendered":"<p>Ime \/ Name Pakleni arhipelag Code: OP-AA-00\u00a0 \u00a0 \u00a0 \u00a0 \u00a0 \u00a0 \u00a0 \u00a0 \u00a0 \u00a0 \u00a0 \u00a0 \u00a0 \u00a0 \u00a0 \u00a0 Adresa \/ Adresse Pakleni otoci Lokacija \/ Position Latitude: N 43,16500\u00b0\u00a0 \u00a0Longitude: E 16,38000\u00b0 Visina \/ H\u00f6he: &#8211; &hellip; <a href=\"https:\/\/www.topohvar.at\/topo\/orte\/op\/op-aa-00-1\/\">Weiterlesen <span class=\"meta-nav\">&rarr;<\/span><\/a><\/p>\n","protected":false},"author":1,"featured_media":0,"parent":123,"menu_order":0,"comment_status":"closed","ping_status":"closed","template":"","meta":{"footnotes":""},"class_list":["post-12722","page","type-page","status-publish","hentry"],"_links":{"self":[{"href":"https:\/\/www.topohvar.at\/topo\/wp-json\/wp\/v2\/pages\/12722","targetHints":{"allow":["GET"]}}],"collection":[{"href":"https:\/\/www.topohvar.at\/topo\/wp-json\/wp\/v2\/pages"}],"about":[{"href":"https:\/\/www.topohvar.at\/topo\/wp-json\/wp\/v2\/types\/page"}],"author":[{"embeddable":true,"href":"https:\/\/www.topohvar.at\/topo\/wp-json\/wp\/v2\/users\/1"}],"replies":[{"embeddable":true,"href":"https:\/\/www.topohvar.at\/topo\/wp-json\/wp\/v2\/comments?post=12722"}],"version-history":[{"count":15,"href":"https:\/\/www.topohvar.at\/topo\/wp-json\/wp\/v2\/pages\/12722\/revisions"}],"predecessor-version":[{"id":54118,"href":"https:\/\/www.topohvar.at\/topo\/wp-json\/wp\/v2\/pages\/12722\/revisions\/54118"}],"up":[{"embeddable":true,"href":"https:\/\/www.topohvar.at\/topo\/wp-json\/wp\/v2\/pages\/123"}],"wp:attachment":[{"href":"https:\/\/www.topohvar.at\/topo\/wp-json\/wp\/v2\/media?parent=12722"}],"curies":[{"name":"wp","href":"https:\/\/api.w.org\/{rel}","templated":true}]}}