{"id":1290,"date":"2018-07-29T10:42:48","date_gmt":"2018-07-29T08:42:48","guid":{"rendered":"https:\/\/www.topohvar.at\/?page_id=1290"},"modified":"2023-08-13T14:34:24","modified_gmt":"2023-08-13T12:34:24","slug":"br-tr-01-2","status":"publish","type":"page","link":"https:\/\/www.topohvar.at\/topo\/orte\/br\/br-tr-01-2\/","title":{"rendered":"BRUSJE &#8211; Trim \u00bbBR-TR-01\u00ab"},"content":{"rendered":"<p><a name=\"seite_oben\"><\/a><br \/>\n<strong><img loading=\"lazy\" decoding=\"async\" class=\"alignnone wp-image-1295 size-large\" src=\"https:\/\/www.topohvar.at\/wp-content\/uploads\/2018\/07\/BR-TR-01-1-1-1024x503.jpg\" alt=\"\" width=\"640\" height=\"314\" srcset=\"https:\/\/www.topohvar.at\/wp-content\/uploads\/2018\/07\/BR-TR-01-1-1-1024x503.jpg 1024w, https:\/\/www.topohvar.at\/wp-content\/uploads\/2018\/07\/BR-TR-01-1-1-300x147.jpg 300w, https:\/\/www.topohvar.at\/wp-content\/uploads\/2018\/07\/BR-TR-01-1-1-768x377.jpg 768w\" sizes=\"auto, (max-width: 640px) 100vw, 640px\" \/><\/strong><\/p>\n<p><strong>Ime \/ Name<br \/>\n<\/strong>Trim \u00bbBR-TR-01\u00ab<\/p>\n<p><strong>Code: <\/strong>BR-TR-01\u00a0 \u00a0 \u00a0 \u00a0 \u00a0 \u00a0 \u00a0 \u00a0 \u00a0 \u00a0 \u00a0 \u00a0 \u00a0 \u00a0 \u00a0 \u00a0 \u00a0 \u00a0\u00a0<strong><a href=\"https:\/\/www.topohvar.at\/orte\/br\/br-tr-00-1\/\"><img loading=\"lazy\" decoding=\"async\" class=\"alignnone wp-image-12300 size-full\" src=\"https:\/\/www.topohvar.at\/wp-content\/uploads\/2018\/09\/push-vor-30.jpg\" alt=\"\" width=\"61\" height=\"30\" \/><\/a> <a href=\"https:\/\/www.topohvar.at\/orte\/br\/br-tr-07-2\/\"><img loading=\"lazy\" decoding=\"async\" class=\"alignnone wp-image-533 size-full\" src=\"https:\/\/www.topohvar.at\/wp-content\/uploads\/2018\/07\/push-l-30.jpg\" alt=\"\" width=\"61\" height=\"30\" \/><\/a> <a href=\"https:\/\/www.topohvar.at\/orte\/br\/\"><img loading=\"lazy\" decoding=\"async\" class=\"alignnone wp-image-535 size-full\" src=\"https:\/\/www.topohvar.at\/wp-content\/uploads\/2018\/07\/push-o-30.jpg\" alt=\"\" width=\"61\" height=\"30\" \/><\/a> <a href=\"https:\/\/www.topohvar.at\/orte\/br\/br-tr-20-1\/\"><img loading=\"lazy\" decoding=\"async\" class=\"alignnone wp-image-536 size-full\" src=\"https:\/\/www.topohvar.at\/wp-content\/uploads\/2018\/07\/push-r-30.jpg\" alt=\"\" width=\"61\" height=\"30\" \/><\/a><\/strong><\/p>\n<hr \/>\n<p><strong>Adresa \/ Adresse<br \/>\n<\/strong>Brusje, jugoisto\u010dno od mjesta \/ s\u00fcd\u00f6stlich des Ortes<\/p>\n<p><strong>Lokacija \/ Position<a href=\"https:\/\/goo.gl\/maps\/ksxtqK33z4yYig9V7\"><img loading=\"lazy\" decoding=\"async\" class=\"alignright wp-image-821\" src=\"https:\/\/www.topohvar.at\/wp-content\/uploads\/2018\/07\/0054.jpg\" alt=\"\" width=\"133\" height=\"100\" \/><\/a><br \/>\n<\/strong><span style=\"color: #3366ff;\"><a style=\"color: #3366ff;\" href=\"https:\/\/goo.gl\/maps\/ksxtqK33z4yYig9V7\">Latitude: N 43,18276\u00b0\u00a0 \u00a0Longitude: E 16,50068\u00b0<\/a> <\/span><strong><br \/>\n<\/strong>Visina \/ H\u00f6he: 351 m<\/p>\n<p><strong>Katastarska \u010destica \/ Grundst\u00fccke<br \/>\n<\/strong>5096\/1<div class='content-column one_half'><div style=\"padding-right:6px;\"><p><strong>Datum snimanja \/ Erfassungsdatum<br \/>\n<\/strong>02.05.2014 11:16:46<\/p>\n<hr \/>\n<p><strong>Informacije<\/strong><\/p>\n<p>Trim je jugoisto\u010dno od sela Brusje na biciklisti\u010dkoj stazi \u201ePut Maslina\u201c. Ve\u0107inom je okru\u017een kamenim prstenom i blago o\u0161te\u0107en na le\u0111ima. Ina\u010de, on je prili\u010dno dobro o\u010duvan, ali se vi\u0161e ne koristi.<\/p><\/div><\/div><div class='content-column one_half last_column'><div style=\"padding-right:0px;padding-left:6px;\"><p><strong>Stupanj za\u0161tite \/ Schutzstellung<br \/>\n<\/strong>&#8211;<\/p>\n<hr \/>\n<p><strong>Info<\/strong><\/p>\n<p>Der Trim steht s\u00fcd\u00f6stlich der Ortschaft Brusje am Radweg &#8222;Olivenweg&#8220;. Er ist zum Gro\u00dfteil von einem Steinring umgeben und an seiner R\u00fcckseite etwas besch\u00e4digt. Ansonsten ist er ganz gut erhalten, wird aber nicht mehr genutzt.<\/p><\/div><\/div><div class='clear_column'><\/div><div class='content-column one_half'><div style=\"padding-right:6px;\"><div id=\"attachment_23448\" style=\"width: 310px\" class=\"wp-caption aligncenter\"><img loading=\"lazy\" decoding=\"async\" aria-describedby=\"caption-attachment-23448\" class=\"size-medium wp-image-23448\" src=\"https:\/\/www.topohvar.at\/wp-content\/uploads\/2019\/07\/br-tr-01-11-300x300.jpg\" alt=\"\" width=\"300\" height=\"300\" srcset=\"https:\/\/www.topohvar.at\/wp-content\/uploads\/2019\/07\/br-tr-01-11-300x300.jpg 300w, https:\/\/www.topohvar.at\/wp-content\/uploads\/2019\/07\/br-tr-01-11-150x150.jpg 150w, https:\/\/www.topohvar.at\/wp-content\/uploads\/2019\/07\/br-tr-01-11.jpg 450w\" sizes=\"auto, (max-width: 300px) 100vw, 300px\" \/><p id=\"caption-attachment-23448\" class=\"wp-caption-text\">Ulaz \/ Eingang<\/p><\/div>\n<p>Dana 14.05.2019 trim je posje\u0107en i ustanovljeno je sljede\u0107e:<\/p>\n<p>Lokacija: livada, pa\u0161njak<br \/>\nPodloga: ravna<br \/>\nPovezan s: kamenim zidom<br \/>\nUpotreba: malo se koristi<br \/>\nStanje: mali dijelovi su se sru\u0161ili<br \/>\nBroj stepenica trima: 2<br \/>\nDodatni kameni prsten:<br \/>\nkameni prsten djelomi\u010dno<br \/>\nStepeni\u0161te: nema<br \/>\nOblik kamena: uglast<br \/>\nPodru\u010dje ispred ulaza: lako dostupno<br \/>\nOrijentacija ulaza: Z (270\u00b0)<br \/>\nPromjer trima (cm): 410<br \/>\nVisina trima (cm): 290<br \/>\nVisina stepenica (cm):<br \/>\nstepenica 1: 220,<br \/>\nstepenica 2: 250<br \/>\nDebljina zida (cm): 70<br \/>\n\u0160irina vrata (cm): 65<br \/>\nVisina vrata (cm): 110<br \/>\n\u0160irina unutra (cm): 260 &#8211; 270<br \/>\nVisina unutra (cm): 260<br \/>\nVolumen iznutra (m3): 8,95<br \/>\nNema ni\u0161e<\/p><\/div><\/div><div class='content-column one_half last_column'><div style=\"padding-right:0px;padding-left:6px;\"><div id=\"attachment_23449\" style=\"width: 310px\" class=\"wp-caption aligncenter\"><img loading=\"lazy\" decoding=\"async\" aria-describedby=\"caption-attachment-23449\" class=\"size-medium wp-image-23449\" src=\"https:\/\/www.topohvar.at\/wp-content\/uploads\/2019\/07\/br-tr-01-15-300x300.jpg\" alt=\"\" width=\"300\" height=\"300\" srcset=\"https:\/\/www.topohvar.at\/wp-content\/uploads\/2019\/07\/br-tr-01-15-300x300.jpg 300w, https:\/\/www.topohvar.at\/wp-content\/uploads\/2019\/07\/br-tr-01-15-150x150.jpg 150w, https:\/\/www.topohvar.at\/wp-content\/uploads\/2019\/07\/br-tr-01-15.jpg 450w\" sizes=\"auto, (max-width: 300px) 100vw, 300px\" \/><p id=\"caption-attachment-23449\" class=\"wp-caption-text\">Isto\u010dna strana \/ Ostseite<\/p><\/div>\n<p>Am 14.05.2019 wurde der Trim besucht und n\u00e4her untersucht:<\/p>\n<p>Standort: Wiese, Weide<br \/>\nUntergrund: eben<br \/>\nVerbunden mit: Steinmauer<br \/>\nNutzung: kaum genutzt<br \/>\nZustand: kleine Teile abgest\u00fcrzt<br \/>\nAnzahl der Trimstufen: 2<br \/>\nZus\u00e4tzlicher Steinring:<br \/>\nSteinring teilweise<br \/>\nStiege: keine<br \/>\nSteinform: kantig<br \/>\nEingangsbereich: frei<br \/>\nEingangsseite: W (270\u00b0)<br \/>\nTrimdurchmesser (cm): 410<br \/>\nTrimh\u00f6he (cm): 290<br \/>\nH\u00f6he der Trimstufen (cm):<br \/>\nStufe 1: 220,<br \/>\nStufe 2: 250<br \/>\nWandst\u00e4rke (cm): 70<br \/>\nT\u00fcrbreite (cm): 65<br \/>\nT\u00fcrh\u00f6he (cm): 110<br \/>\nInnenraumbreite (cm): 260 &#8211; 270<br \/>\nInnenraumh\u00f6he (cm): 260<br \/>\nRaumvolumen (m3): 8,95<br \/>\nKeine Nische<\/p><\/div><\/div><div class='clear_column'><\/div><\/p>\n<p><img loading=\"lazy\" decoding=\"async\" class=\"aligncenter size-full wp-image-23450\" src=\"https:\/\/www.topohvar.at\/wp-content\/uploads\/2019\/07\/br-tr-01-sca.jpg\" alt=\"\" width=\"640\" height=\"975\" srcset=\"https:\/\/www.topohvar.at\/wp-content\/uploads\/2019\/07\/br-tr-01-sca.jpg 640w, https:\/\/www.topohvar.at\/wp-content\/uploads\/2019\/07\/br-tr-01-sca-197x300.jpg 197w\" sizes=\"auto, (max-width: 640px) 100vw, 640px\" \/><\/p>\n<p style=\"text-align: right;\"><a href=\"#seite_oben\">natrag na vrh \/ Seitenanfang<\/a><\/p>\n<hr \/>\n<p><strong>Linkovi \/ Links<\/strong><\/p>\n<p>&#8211;<\/p>\n","protected":false},"excerpt":{"rendered":"<p>Ime \/ Name Trim \u00bbBR-TR-01\u00ab Code: BR-TR-01\u00a0 \u00a0 \u00a0 \u00a0 \u00a0 \u00a0 \u00a0 \u00a0 \u00a0 \u00a0 \u00a0 \u00a0 \u00a0 \u00a0 \u00a0 \u00a0 \u00a0 \u00a0\u00a0 Adresa \/ Adresse Brusje, jugoisto\u010dno od mjesta \/ s\u00fcd\u00f6stlich des Ortes Lokacija \/ Position Latitude: N &hellip; <a href=\"https:\/\/www.topohvar.at\/topo\/orte\/br\/br-tr-01-2\/\">Weiterlesen <span class=\"meta-nav\">&rarr;<\/span><\/a><\/p>\n","protected":false},"author":1,"featured_media":0,"parent":65,"menu_order":0,"comment_status":"closed","ping_status":"closed","template":"","meta":{"footnotes":""},"class_list":["post-1290","page","type-page","status-publish","hentry"],"_links":{"self":[{"href":"https:\/\/www.topohvar.at\/topo\/wp-json\/wp\/v2\/pages\/1290","targetHints":{"allow":["GET"]}}],"collection":[{"href":"https:\/\/www.topohvar.at\/topo\/wp-json\/wp\/v2\/pages"}],"about":[{"href":"https:\/\/www.topohvar.at\/topo\/wp-json\/wp\/v2\/types\/page"}],"author":[{"embeddable":true,"href":"https:\/\/www.topohvar.at\/topo\/wp-json\/wp\/v2\/users\/1"}],"replies":[{"embeddable":true,"href":"https:\/\/www.topohvar.at\/topo\/wp-json\/wp\/v2\/comments?post=1290"}],"version-history":[{"count":19,"href":"https:\/\/www.topohvar.at\/topo\/wp-json\/wp\/v2\/pages\/1290\/revisions"}],"predecessor-version":[{"id":64022,"href":"https:\/\/www.topohvar.at\/topo\/wp-json\/wp\/v2\/pages\/1290\/revisions\/64022"}],"up":[{"embeddable":true,"href":"https:\/\/www.topohvar.at\/topo\/wp-json\/wp\/v2\/pages\/65"}],"wp:attachment":[{"href":"https:\/\/www.topohvar.at\/topo\/wp-json\/wp\/v2\/media?parent=1290"}],"curies":[{"name":"wp","href":"https:\/\/api.w.org\/{rel}","templated":true}]}}