{"id":12910,"date":"2018-10-07T16:02:12","date_gmt":"2018-10-07T14:02:12","guid":{"rendered":"https:\/\/www.topohvar.at\/?page_id=12910"},"modified":"2021-12-02T13:37:16","modified_gmt":"2021-12-02T12:37:16","slug":"oz-os-01-1","status":"publish","type":"page","link":"https:\/\/www.topohvar.at\/topo\/orte\/oz\/oz-os-01-1\/","title":{"rendered":"OTOK ZE\u010cEVO VRBOSKE &#8211; Objekt \u00bbSvjetionik Ze\u010devo\u00ab"},"content":{"rendered":"<p><a name=\"seite_oben\"><\/a><br \/>\n<img loading=\"lazy\" decoding=\"async\" class=\"alignnone wp-image-35910 size-full\" src=\"https:\/\/www.topohvar.at\/wp-content\/uploads\/2020\/04\/oz-os-01-2.jpg\" alt=\"\" width=\"1080\" height=\"530\" srcset=\"https:\/\/www.topohvar.at\/wp-content\/uploads\/2020\/04\/oz-os-01-2.jpg 1080w, https:\/\/www.topohvar.at\/wp-content\/uploads\/2020\/04\/oz-os-01-2-300x147.jpg 300w, https:\/\/www.topohvar.at\/wp-content\/uploads\/2020\/04\/oz-os-01-2-1024x503.jpg 1024w, https:\/\/www.topohvar.at\/wp-content\/uploads\/2020\/04\/oz-os-01-2-768x377.jpg 768w\" sizes=\"auto, (max-width: 1080px) 100vw, 1080px\" \/><\/p>\n<p><strong>Ime \/ Name<br \/>\n<\/strong>Objekt \u00bbSvjetionik \/ Leuchtturm Ze\u010devo\u00ab<\/p>\n<p><strong>Code: <\/strong>OZ-OS-01\u00a0 \u00a0 \u00a0 \u00a0 \u00a0 \u00a0 \u00a0 \u00a0 \u00a0 \u00a0 \u00a0 \u00a0 \u00a0 \u00a0 \u00a0 \u00a0 \u00a0 \u00a0 \u00a0 \u00a0 \u00a0 \u00a0 \u00a0\u00a0<strong>\u00a0<a href=\"https:\/\/www.topohvar.at\/orte\/oz\/\"><img loading=\"lazy\" decoding=\"async\" class=\"alignnone wp-image-535 size-full\" src=\"https:\/\/www.topohvar.at\/wp-content\/uploads\/2018\/07\/push-o-30.jpg\" alt=\"\" width=\"61\" height=\"30\" \/><\/a> <\/strong><\/p>\n<hr \/>\n<p><strong>Adresa \/ Adresse<br \/>\n<\/strong>Oto\u010di\u0107 Ze\u010devo<\/p>\n<p><strong>Lokacija \/ Position<a href=\"https:\/\/goo.gl\/maps\/1mT4tQrQgxrpBXZm8\"><img loading=\"lazy\" decoding=\"async\" class=\"alignright wp-image-12913\" src=\"https:\/\/www.topohvar.at\/wp-content\/uploads\/2018\/10\/1656.jpg\" alt=\"\" width=\"134\" height=\"100\" \/><\/a><br \/>\n<\/strong><span style=\"color: #3366ff;\"><a style=\"color: #3366ff;\" href=\"https:\/\/goo.gl\/maps\/1mT4tQrQgxrpBXZm8\">Latitude: N 43,19056\u00b0\u00a0 \u00a0Longitude: E 16,69720\u00b0<\/a> <\/span><strong><br \/>\n<\/strong>Visina \/ H\u00f6he: 5 m<\/p>\n<p><strong>Katastarska \u010destica <\/strong><strong>\/ Grundst\u00fccke<br \/>\n<\/strong>2638 <div class='content-column one_half'><div style=\"padding-right:6px;\"><p><strong>Datum snimanja \/ Erfassungsdatum<br \/>\n<\/strong>01.01.2000 00:00:00<\/p>\n<hr \/>\n<p><strong>Informacije<\/strong><\/p>\n<p><strong>Svjetionik<\/strong> <strong>\u201eZe\u010devo\u201c<\/strong><\/p>\n<p>Datum izgradnje je nepoznat. Svjetionik na isto\u010dnoj obali otoka sastoji se od 6 m visokog kvadratnog cilindri\u010dnog kamena kula oslikana bijelom bojom<\/p><\/div><\/div><div class='content-column one_half last_column'><div style=\"padding-right:0px;padding-left:6px;\"><p><strong>Stupanj za\u0161tite<\/strong><strong> \/ Schutzstellung<br \/>\n<\/strong>&#8211;<\/p>\n<hr \/>\n<p><strong>Info<\/strong><\/p>\n<p><strong>Leuchtturm \u201eZe\u010devo\u201c<\/strong><\/p>\n<p>Das Datum der Errichtung ist unbekannt. Der Leuchtturm an der Ostk\u00fcste der Insel besteht aus einem 6 m hohen quadratisch-zylindrischen Steinturm der wei\u00df gestrichen ist.<\/p><\/div><\/div><div class='clear_column'><\/div><\/p>\n<p style=\"text-align: right;\"><span style=\"color: #3366ff;\"><a style=\"color: #3366ff;\" href=\"#seite_oben\">natrag na vrh \/ Seitenanfang<\/a><\/span><\/p>\n<hr \/>\n<p><strong>Linkovi \/ Links<\/strong><\/p>\n<p>&#8211;<\/p>\n","protected":false},"excerpt":{"rendered":"<p>Ime \/ Name Objekt \u00bbSvjetionik \/ Leuchtturm Ze\u010devo\u00ab Code: OZ-OS-01\u00a0 \u00a0 \u00a0 \u00a0 \u00a0 \u00a0 \u00a0 \u00a0 \u00a0 \u00a0 \u00a0 \u00a0 \u00a0 \u00a0 \u00a0 \u00a0 \u00a0 \u00a0 \u00a0 \u00a0 \u00a0 \u00a0 \u00a0\u00a0\u00a0 Adresa \/ Adresse Oto\u010di\u0107 Ze\u010devo Lokacija \/ Position &hellip; <a href=\"https:\/\/www.topohvar.at\/topo\/orte\/oz\/oz-os-01-1\/\">Weiterlesen <span class=\"meta-nav\">&rarr;<\/span><\/a><\/p>\n","protected":false},"author":1,"featured_media":0,"parent":133,"menu_order":0,"comment_status":"closed","ping_status":"closed","template":"","meta":{"footnotes":""},"class_list":["post-12910","page","type-page","status-publish","hentry"],"_links":{"self":[{"href":"https:\/\/www.topohvar.at\/topo\/wp-json\/wp\/v2\/pages\/12910","targetHints":{"allow":["GET"]}}],"collection":[{"href":"https:\/\/www.topohvar.at\/topo\/wp-json\/wp\/v2\/pages"}],"about":[{"href":"https:\/\/www.topohvar.at\/topo\/wp-json\/wp\/v2\/types\/page"}],"author":[{"embeddable":true,"href":"https:\/\/www.topohvar.at\/topo\/wp-json\/wp\/v2\/users\/1"}],"replies":[{"embeddable":true,"href":"https:\/\/www.topohvar.at\/topo\/wp-json\/wp\/v2\/comments?post=12910"}],"version-history":[{"count":8,"href":"https:\/\/www.topohvar.at\/topo\/wp-json\/wp\/v2\/pages\/12910\/revisions"}],"predecessor-version":[{"id":54245,"href":"https:\/\/www.topohvar.at\/topo\/wp-json\/wp\/v2\/pages\/12910\/revisions\/54245"}],"up":[{"embeddable":true,"href":"https:\/\/www.topohvar.at\/topo\/wp-json\/wp\/v2\/pages\/133"}],"wp:attachment":[{"href":"https:\/\/www.topohvar.at\/topo\/wp-json\/wp\/v2\/media?parent=12910"}],"curies":[{"name":"wp","href":"https:\/\/api.w.org\/{rel}","templated":true}]}}