{"id":12992,"date":"2018-10-19T18:56:44","date_gmt":"2018-10-19T16:56:44","guid":{"rendered":"https:\/\/www.topohvar.at\/?page_id=12992"},"modified":"2021-12-01T12:51:03","modified_gmt":"2021-12-01T11:51:03","slug":"je-mo-09-1","status":"publish","type":"page","link":"https:\/\/www.topohvar.at\/topo\/orte\/je\/je-mo-09-1\/","title":{"rendered":"JELSA &#8211; Skulptura \u00bbGaleb\u00ab"},"content":{"rendered":"<p><a name=\"seite_oben\"><\/a><br \/>\n<strong><img loading=\"lazy\" decoding=\"async\" class=\"alignnone wp-image-18291 size-large\" src=\"https:\/\/www.topohvar.at\/wp-content\/uploads\/2019\/01\/je-mo-09-1-1024x503.jpg\" alt=\"\" width=\"640\" height=\"314\" srcset=\"https:\/\/www.topohvar.at\/wp-content\/uploads\/2019\/01\/je-mo-09-1-1024x503.jpg 1024w, https:\/\/www.topohvar.at\/wp-content\/uploads\/2019\/01\/je-mo-09-1-300x147.jpg 300w, https:\/\/www.topohvar.at\/wp-content\/uploads\/2019\/01\/je-mo-09-1-768x377.jpg 768w, https:\/\/www.topohvar.at\/wp-content\/uploads\/2019\/01\/je-mo-09-1.jpg 1080w\" sizes=\"auto, (max-width: 640px) 100vw, 640px\" \/><\/strong><\/p>\n<p><strong>Ime \/ Name<br \/>\n<\/strong>Skulptura \u00bbGaleb\u00ab \/ Skulptur M\u00f6ve<\/p>\n<p><strong>Code: <\/strong>JE-MO-09\u00a0 \u00a0 \u00a0 \u00a0 \u00a0 \u00a0 \u00a0 \u00a0 \u00a0 \u00a0 \u00a0 \u00a0 \u00a0 \u00a0 \u00a0\u00a0<strong><a href=\"https:\/\/www.topohvar.at\/orte\/je\/je-mo-06-1\/\"><img loading=\"lazy\" decoding=\"async\" class=\"alignnone wp-image-533 size-full\" src=\"https:\/\/www.topohvar.at\/wp-content\/uploads\/2018\/07\/push-l-30.jpg\" alt=\"\" width=\"61\" height=\"30\" \/><\/a> <a href=\"https:\/\/www.topohvar.at\/orte\/je\/\"><img loading=\"lazy\" decoding=\"async\" class=\"alignnone wp-image-535 size-full\" src=\"https:\/\/www.topohvar.at\/wp-content\/uploads\/2018\/07\/push-o-30.jpg\" alt=\"\" width=\"61\" height=\"30\" \/><\/a> <a href=\"https:\/\/www.topohvar.at\/orte\/je\/je-mo-05-1\/\"><img loading=\"lazy\" decoding=\"async\" class=\"alignnone wp-image-536 size-full\" src=\"https:\/\/www.topohvar.at\/wp-content\/uploads\/2018\/07\/push-r-30.jpg\" alt=\"\" width=\"61\" height=\"30\" \/><\/a><\/strong><\/p>\n<hr \/>\n<p><strong>Adresa \/ Adresse<br \/>\n<\/strong>Jelsa,\u00a0Novi gat<\/p>\n<p><strong>Lokacija \/ Position<a href=\"https:\/\/goo.gl\/maps\/jwh6L9bxmTiy8pnZ8\"><img loading=\"lazy\" decoding=\"async\" class=\"alignright wp-image-22611\" src=\"https:\/\/www.topohvar.at\/wp-content\/uploads\/2019\/05\/1813-1.jpg\" alt=\"\" width=\"134\" height=\"100\" \/><\/a><br \/>\n<\/strong><a href=\"https:\/\/goo.gl\/maps\/jwh6L9bxmTiy8pnZ8\">Latitude: N 43,16223\u00b0\u00a0 \u00a0Longitude: E 16,69547\u00b0<\/a> <strong><br \/>\n<\/strong>Visina \/ H\u00f6he: 1 m<\/p>\n<p><strong>Katastarska \u010destica <\/strong><strong>\/ Grundst\u00fccke<br \/>\n<\/strong>(*524\/2) <div class='content-column one_half'><div style=\"padding-right:6px;\"><p><strong>Datum snimanja \/ Erfassungsdatum<br \/>\n<\/strong>17.10.2018 11:37:27<\/p>\n<hr \/>\n<p><strong>Informacije<\/strong><\/p>\n<p>Na kraju lukobrana na ju\u017enoj strani luka Jelse koji je obnovljen i pro\u0161iren 2017. godine, postavljen je skulptura (galeb).<\/p><\/div><\/div><div class='content-column one_half last_column'><div style=\"padding-right:0px;padding-left:6px;\"><p><strong>Stupanj za\u0161tite<\/strong><strong> \/ Schutzstellung<br \/>\n<\/strong>&#8211;<\/p>\n<hr \/>\n<p><strong>Info<\/strong><\/p>\n<p>An dem im Jahr 2017 renovierten und erweiterten Wellenbrecher an der S\u00fcdseite des Hafens Jelsa wurde an deren Ende eine Plastik (M\u00f6ve) aufgestellt.<\/p><\/div><\/div><div class='clear_column'><\/div><div class='content-column one_half'><div style=\"padding-right:6px;\"><p>Ispod skulpture, plo\u010da obja\u0161njava:<\/p><\/div><\/div><div class='content-column one_half last_column'><div style=\"padding-right:0px;padding-left:6px;\"><p>Unter der Skulptur erl\u00e4utert eine Tafel:<\/p><\/div><\/div><div class='clear_column'><\/div><div class='content-column one_half'><div style=\"padding-right:6px;\"><p><img loading=\"lazy\" decoding=\"async\" class=\"size-full wp-image-12996 aligncenter\" src=\"https:\/\/www.topohvar.at\/wp-content\/uploads\/2018\/10\/je-mo-09-2.jpg\" alt=\"\" width=\"250\" height=\"168\" \/><\/p><\/div><\/div><div class='content-column one_half last_column'><div style=\"padding-right:0px;padding-left:6px;\"><p>Die Skulptur \u201eM\u00f6ve&#8220; ist ein Geschenk des Akad. Bildhauers Josip Grgev\u010di\u0107 an seinen Geburtsort Jelsa.<\/p><\/div><\/div><div class='clear_column'><\/div><\/p>\n<hr \/>\n<div class='content-column one_half'><div style=\"padding-right:6px;\"><p><strong>GRGEV\u010cI\u0106, Josip<\/strong>, kipar (Jelsa, 26. VIII. 1938). Zavr\u0161io \u0160kolu za primijenjene umjetnosti 1958. u Splitu. Na zagreba\u010dkoj Akademiji likovnih umjetnosti diplomirao 1964 (Frane Kr\u0161ini\u0107) i zavr\u0161io 1978. specijalku Vjekosslava Ruklja\u010da. U Njema\u010dkoj specijalizirao monumentalnu plastiku te restauriranje kamena i drva 1965\u201368.<\/p><\/div><\/div><div class='content-column one_half last_column'><div style=\"padding-right:0px;padding-left:6px;\"><p><strong>GRGEV\u010cI\u0106, Josef<\/strong>, Bildhauer (Jelsa, 26. August 1938). Er absolvierte 1958 die Schule f\u00fcr angewandte Kunst in Split, absolvierte 1964 die Akademie der bildenden K\u00fcnste in Zagreb (bei Frane Kr\u0161ini\u0107) und schloss 1978 mit einer postakademischen Ausbildung bei Vjekoslav Ruklja\u010d ab. In Deutschland spezialisierte er sich 1965\u201368 auf monumentale Skulpturen und die Restaurierung von Stein und Holz.<\/p><\/div><\/div><div class='clear_column'><\/div><div class='content-column one_half'><div style=\"padding-right:6px;\"><p>Umjetnik s obitelji \u017eivi u Vara\u017edinu ve\u0107 punih pet desetlje\u0107a, a cijelo vrijeme bavi se kiparstvom, restauratorskim i pedago\u0161kim radom kao profesor na Pedqago\u0161kom fakultetu u \u010cakovcu. Njegov opus obuhva\u0107a portrete, aktove, teme povezane s morem (galebovi, ra\u017ee, vesla\u0107i, jedra, valovi) i kopnenom faunum (pijetlovi, golubovi, grlice, lastavice).<\/p><\/div><\/div><div class='content-column one_half last_column'><div style=\"padding-right:0px;padding-left:6px;\"><p>Der K\u00fcnstler lebt mit seiner Familie seit f\u00fcnf Jahrzehnten in Vara\u017edin und war die ganze Zeit als Professor an der Fakult\u00e4t f\u00fcr Bildungswissenschaften in \u010cakovec mit Bildhauerei, Restaurierung und p\u00e4dagogischer Arbeit besch\u00e4ftigt. Sein Oeuvre umfasst Portr\u00e4ts, Akte, Themen rund um das Meer (M\u00f6wen, Rochen, Ruderer, Segel, Wellen) und Landtiere (H\u00e4hne, Tauben, Turteltauben, Schwalben).<\/p><\/div><\/div><div class='clear_column'><\/div><div class='content-column one_half'><div style=\"padding-right:6px;\"><p>Autor je petnaestak javnih skulptura i spomen-obilje\u017eja u Vara\u017edinu, Me\u0111imorju op\u0107enito te na otoku Hvaru, a njegova djela se tako\u0111er nalazi se u privatnim zbirkama u zemlji i inozemstvu.<\/p><\/div><\/div><div class='content-column one_half last_column'><div style=\"padding-right:0px;padding-left:6px;\"><p>Er schaffte f\u00fcnfzehn \u00f6ffentliche Skulpturen und Denkm\u00e4lern in Vara\u017edin, Me\u0111imorje und auf der Insel Hvar. Seine Werke befinden sich auch in Privatsammlungen im In- und Ausland.<\/p><\/div><\/div><div class='clear_column'><\/div><\/p>\n<p style=\"text-align: right;\"><span style=\"color: #3366ff;\"><a style=\"color: #3366ff;\" href=\"#seite_oben\">natrag na vrh \/ Seitenanfang<\/a><\/span><\/p>\n<p style=\"text-align: center;\"><em>(Izvor \/ Quelle: Faros News \u2013 Slobodna Dalmacija)<\/em><\/p>\n<div id=\"attachment_37504\" style=\"width: 650px\" class=\"wp-caption aligncenter\"><img loading=\"lazy\" decoding=\"async\" aria-describedby=\"caption-attachment-37504\" class=\"wp-image-37504 size-full\" src=\"https:\/\/www.topohvar.at\/wp-content\/uploads\/2020\/05\/je-mo-09-9.jpg\" alt=\"\" width=\"640\" height=\"320\" srcset=\"https:\/\/www.topohvar.at\/wp-content\/uploads\/2020\/05\/je-mo-09-9.jpg 640w, https:\/\/www.topohvar.at\/wp-content\/uploads\/2020\/05\/je-mo-09-9-300x150.jpg 300w\" sizes=\"auto, (max-width: 640px) 100vw, 640px\" \/><p id=\"caption-attachment-37504\" class=\"wp-caption-text\">(slika \/ Bild: varazdinski.rtl.hr)<\/p><\/div>\n<hr \/>\n<p><strong>Linkovi \/ Links<\/strong><\/p>\n<p><span style=\"color: #3366ff;\"><a style=\"color: #3366ff;\" href=\"https:\/\/www.topohvar.at\/topo\/orte\/je\/je-is-23-1\/\">Plo\u010da \u00bbJadranski je galeb \u2026\u00ab \/ Tafel \u00bbAdriatische M\u00f6ve &#8230;\u00ab<\/a><br \/>\n<a style=\"color: #3366ff;\" href=\"https:\/\/www.topohvar.at\/topo\/orte\/je\/je-pu-04-1\/\">Objekt \u00bbNovi gat\u00ab \/ Neue Mole<\/a><br \/>\n<\/span><\/p>\n","protected":false},"excerpt":{"rendered":"<p>Ime \/ Name Skulptura \u00bbGaleb\u00ab \/ Skulptur M\u00f6ve Code: JE-MO-09\u00a0 \u00a0 \u00a0 \u00a0 \u00a0 \u00a0 \u00a0 \u00a0 \u00a0 \u00a0 \u00a0 \u00a0 \u00a0 \u00a0 \u00a0\u00a0 Adresa \/ Adresse Jelsa,\u00a0Novi gat Lokacija \/ Position Latitude: N 43,16223\u00b0\u00a0 \u00a0Longitude: E 16,69547\u00b0 Visina \/ &hellip; <a href=\"https:\/\/www.topohvar.at\/topo\/orte\/je\/je-mo-09-1\/\">Weiterlesen <span class=\"meta-nav\">&rarr;<\/span><\/a><\/p>\n","protected":false},"author":1,"featured_media":0,"parent":85,"menu_order":0,"comment_status":"closed","ping_status":"closed","template":"","meta":{"footnotes":""},"class_list":["post-12992","page","type-page","status-publish","hentry"],"_links":{"self":[{"href":"https:\/\/www.topohvar.at\/topo\/wp-json\/wp\/v2\/pages\/12992","targetHints":{"allow":["GET"]}}],"collection":[{"href":"https:\/\/www.topohvar.at\/topo\/wp-json\/wp\/v2\/pages"}],"about":[{"href":"https:\/\/www.topohvar.at\/topo\/wp-json\/wp\/v2\/types\/page"}],"author":[{"embeddable":true,"href":"https:\/\/www.topohvar.at\/topo\/wp-json\/wp\/v2\/users\/1"}],"replies":[{"embeddable":true,"href":"https:\/\/www.topohvar.at\/topo\/wp-json\/wp\/v2\/comments?post=12992"}],"version-history":[{"count":17,"href":"https:\/\/www.topohvar.at\/topo\/wp-json\/wp\/v2\/pages\/12992\/revisions"}],"predecessor-version":[{"id":54046,"href":"https:\/\/www.topohvar.at\/topo\/wp-json\/wp\/v2\/pages\/12992\/revisions\/54046"}],"up":[{"embeddable":true,"href":"https:\/\/www.topohvar.at\/topo\/wp-json\/wp\/v2\/pages\/85"}],"wp:attachment":[{"href":"https:\/\/www.topohvar.at\/topo\/wp-json\/wp\/v2\/media?parent=12992"}],"curies":[{"name":"wp","href":"https:\/\/api.w.org\/{rel}","templated":true}]}}