{"id":12999,"date":"2018-10-19T19:39:39","date_gmt":"2018-10-19T17:39:39","guid":{"rendered":"https:\/\/www.topohvar.at\/?page_id=12999"},"modified":"2024-08-05T12:17:10","modified_gmt":"2024-08-05T10:17:10","slug":"je-is-23-1","status":"publish","type":"page","link":"https:\/\/www.topohvar.at\/topo\/orte\/je\/je-is-23-1\/","title":{"rendered":"JELSA &#8211; Plo\u010da \u00bbJadranski je galeb \u2026\u00ab"},"content":{"rendered":"<p><a name=\"seite_oben\"><\/a><strong><img loading=\"lazy\" decoding=\"async\" class=\"alignnone wp-image-13000 size-large\" src=\"https:\/\/www.topohvar.at\/wp-content\/uploads\/2018\/10\/je-is-23-1-1024x503.jpg\" alt=\"\" width=\"640\" height=\"314\" srcset=\"https:\/\/www.topohvar.at\/wp-content\/uploads\/2018\/10\/je-is-23-1-1024x503.jpg 1024w, https:\/\/www.topohvar.at\/wp-content\/uploads\/2018\/10\/je-is-23-1-300x147.jpg 300w, https:\/\/www.topohvar.at\/wp-content\/uploads\/2018\/10\/je-is-23-1-768x377.jpg 768w, https:\/\/www.topohvar.at\/wp-content\/uploads\/2018\/10\/je-is-23-1.jpg 1080w\" sizes=\"auto, (max-width: 640px) 100vw, 640px\" \/><\/strong><\/p>\n<p><strong>Ime \/ Name<br \/>\n<\/strong>Plo\u010da \u00bbJadranski je galeb \u2026\u00ab \/ Tafel \u00bbAdriatische M\u00f6ve &#8230;\u00ab<\/p>\n<p><strong>Code: <\/strong>JE-IS-23\u00a0 \u00a0 \u00a0 \u00a0 \u00a0 \u00a0 \u00a0 \u00a0 \u00a0 \u00a0 \u00a0 \u00a0 \u00a0 \u00a0 \u00a0 \u00a0 \u00a0 \u00a0 <a href=\"https:\/\/www.topohvar.at\/orte\/je\/je-ip-01-1\/\"><img loading=\"lazy\" decoding=\"async\" class=\"alignnone wp-image-12300 size-full\" src=\"https:\/\/www.topohvar.at\/wp-content\/uploads\/2018\/09\/push-vor-30.jpg\" alt=\"\" width=\"61\" height=\"30\" \/><\/a>\u00a0<strong><a href=\"https:\/\/www.topohvar.at\/orte\/je\/je-is-05-1\/\"><img loading=\"lazy\" decoding=\"async\" class=\"alignnone wp-image-533 size-full\" src=\"https:\/\/www.topohvar.at\/wp-content\/uploads\/2018\/07\/push-l-30.jpg\" alt=\"\" width=\"61\" height=\"30\" \/><\/a> <a href=\"https:\/\/www.topohvar.at\/orte\/je\/\"><img loading=\"lazy\" decoding=\"async\" class=\"alignnone wp-image-535 size-full\" src=\"https:\/\/www.topohvar.at\/wp-content\/uploads\/2018\/07\/push-o-30.jpg\" alt=\"\" width=\"61\" height=\"30\" \/><\/a> <a href=\"https:\/\/www.topohvar.at\/orte\/je\/je-is-27-1\/\"><img loading=\"lazy\" decoding=\"async\" class=\"alignnone wp-image-536 size-full\" src=\"https:\/\/www.topohvar.at\/wp-content\/uploads\/2018\/07\/push-r-30.jpg\" alt=\"\" width=\"61\" height=\"30\" \/><\/a><\/strong><\/p>\n<hr \/>\n<p><strong>Adresa \/ Adresse<br \/>\n<\/strong>Jelsa, Novi gat \/ an der neuen Mole<\/p>\n<p><strong>Lokacija \/ Position<a href=\"https:\/\/goo.gl\/maps\/Mea9TPEpKdr2bzQ2A\"><img loading=\"lazy\" decoding=\"async\" class=\"alignright wp-image-22611\" src=\"https:\/\/www.topohvar.at\/wp-content\/uploads\/2019\/05\/1813-1.jpg\" alt=\"\" width=\"134\" height=\"100\" \/><\/a><br \/>\n<\/strong><span style=\"color: #3366ff;\"><a style=\"color: #3366ff;\" href=\"https:\/\/goo.gl\/maps\/Mea9TPEpKdr2bzQ2A\">Latitude: N 43,16223\u00b0\u00a0 \u00a0Longitude: E 16,69547\u00b0<\/a> <\/span><strong><br \/>\n<\/strong>Visina \/ H\u00f6he: 1 m<\/p>\n<p><strong>Katastarska \u010destica <\/strong><strong>\/ Grundst\u00fccke<br \/>\n<\/strong>461<div class='content-column one_half'><div style=\"padding-right:6px;\"><p><strong>Datum snimanja \/ Erfassungsdatum<br \/>\n<\/strong>08.05.2014 17:34:39<\/p>\n<hr \/>\n<p><strong>Informacije<\/strong><\/p>\n<p>Na kraju lukobrana na ju\u017enoj strani luka Jelse koji je obnovljen i pro\u0161iren 2017. godine, postavljen je skulptura (galeb). Pored nje je plo\u010da sa sljede\u0107im natpisom:<\/p><\/div><\/div><div class='content-column one_half last_column'><div style=\"padding-right:0px;padding-left:6px;\"><p><strong>Stupanj za\u0161tite<\/strong><strong> \/ Schutzstellung<br \/>\n<\/strong>&#8211;<\/p>\n<hr \/>\n<p><strong>Info<\/strong><\/p>\n<p>An dem im Jahr 2017 renovierten und erweiterten Wellenbrecher an der S\u00fcdseite des Hafens Jelsa wurde an deren Ende eine Plastik (M\u00f6ve) aufgestellt. Daneben befindet sich eine Tafel mit folgender Inschrift:<\/p><\/div><\/div><div class='clear_column'><\/div><div class='content-column one_half'><div style=\"padding-right:6px;\"><p style=\"text-align: center;\">Jadranski je galeb kralj visina<br \/>\nIznad mora sinjeg i dolina,<br \/>\nsletio je u Jelsu kraj mora<br \/>\ni tu osta da ga ljubi zora \u2026<\/p>\n<p style=\"text-align: right;\">pjesnik Vinko BUJ.<\/p><\/div><\/div><div class='content-column one_half last_column'><div style=\"padding-right:0px;padding-left:6px;\"><p style=\"text-align: center;\">Die adriatische M\u00f6we ist der K\u00f6nig der H\u00f6hen.<br \/>\n\u00dcber dem blauen Meer und dem Tal,<br \/>\nsegelt er herab nach Jelsa an des Meeres Ende<br \/>\nund bleibt hier gerne bis zur Morgenr\u00f6te &#8230;.<\/p>\n<p style=\"text-align: right;\">Dichter Vinko Buj<\/p><\/div><\/div><div class='clear_column'><\/div><\/p>\n<hr \/>\n<div class='content-column one_half'><div style=\"padding-right:6px;\"><p><strong>Vinko Buj<\/strong><\/p>\n<p>hrvatski je akademik i pisac. Po zanimanju je psiholog i filozof.<\/p><\/div><\/div><div class='content-column one_half last_column'><div style=\"padding-right:0px;padding-left:6px;\"><p><strong>Vinko Buj<\/strong><\/p>\n<p>ist ein kroatischer Akademiker und Schriftsteller. Er ist von Beruf Psychologe und Philosoph.<\/p><\/div><\/div><div class='clear_column'><\/div><div class='content-column one_half'><div style=\"padding-right:6px;\"><p>Buj je ro\u0111en u Jelsi 1938. godine. Nakon srednje \u0161kole u Zagrebu, studirao je psihologiju i filozofiju u Zagrebu. Zaposlio se je na Vi\u0161oj \u0161koli za medicinske sestre, gdje je predavao klini\u010dku psihologiju.<\/p><\/div><\/div><div class='content-column one_half last_column'><div style=\"padding-right:0px;padding-left:6px;\"><p>Buj wurde im Jahr 1938 in Jelsa geboren. Nach dem Besuch des Gymnasiumsl in Zagreb studierte er Psychologie und Philosophie in Zagreb. Er nahm eine Stelle am College of Nursing an, wo er klinische Psychologie unterrichtete.<\/p><\/div><\/div><div class='clear_column'><\/div><div class='content-column one_half'><div style=\"padding-right:6px;\"><p>Potom je oti\u0161ao u \u0161kolu u Njema\u010dku, gdje se specijalizirao za medicinsku psihologiju i doktorirao psihologiju. U Njema\u010dkoj je vi\u0161e od desetlje\u0107a vodio savjetovali\u0161te za obrazovanje djece i mladih. Tako\u0111er je predavao klini\u010dku psihologiju u Njema\u010dkoj.<\/p><\/div><\/div><div class='content-column one_half last_column'><div style=\"padding-right:0px;padding-left:6px;\"><p>Anschlie\u00dfend ging er in Deutschland zur Schule, wo er sich auf medizinische Psychologie spezialisierte und in Psychologie promovierte. In Deutschland leitete er \u00fcber ein Jahrzehnt als Betreuer eine Beratungsstelle f\u00fcr Kinder- und Jugendbildung. Dar\u00fcber hinaus unterrichtete er klinische Psychologie in Deutschland.<\/p><\/div><\/div><div class='clear_column'><\/div><\/p>\n<p style=\"text-align: right;\"><span style=\"color: #3366ff;\"><a style=\"color: #3366ff;\" href=\"#seite_oben\">natrag na vrh \/ Seitenanfang<\/a><\/span><\/p>\n<hr \/>\n<p><strong>Linkovi \/ Links<\/strong><\/p>\n<p><span style=\"color: #3366ff;\"><a style=\"color: #3366ff;\" href=\"https:\/\/www.topohvar.at\/topo\/orte\/je\/je-mo-09-1\/\">Skulptura \u00bbGaleb\u00ab \/ Skulptur &#8211; M\u00f6ve<\/a><br \/>\n<a style=\"color: #3366ff;\" href=\"https:\/\/www.topohvar.at\/topo\/orte\/je\/je-pu-04-1\/\">Objekt \u00bbNovi gat\u00ab \/ Neue Mole<\/a><br \/>\n<\/span><\/p>\n","protected":false},"excerpt":{"rendered":"<p>Ime \/ Name Plo\u010da \u00bbJadranski je galeb \u2026\u00ab \/ Tafel \u00bbAdriatische M\u00f6ve &#8230;\u00ab Code: JE-IS-23\u00a0 \u00a0 \u00a0 \u00a0 \u00a0 \u00a0 \u00a0 \u00a0 \u00a0 \u00a0 \u00a0 \u00a0 \u00a0 \u00a0 \u00a0 \u00a0 \u00a0 \u00a0 \u00a0 Adresa \/ Adresse Jelsa, Novi gat \/ &hellip; <a href=\"https:\/\/www.topohvar.at\/topo\/orte\/je\/je-is-23-1\/\">Weiterlesen <span class=\"meta-nav\">&rarr;<\/span><\/a><\/p>\n","protected":false},"author":1,"featured_media":0,"parent":85,"menu_order":0,"comment_status":"closed","ping_status":"closed","template":"","meta":{"footnotes":""},"class_list":["post-12999","page","type-page","status-publish","hentry"],"_links":{"self":[{"href":"https:\/\/www.topohvar.at\/topo\/wp-json\/wp\/v2\/pages\/12999","targetHints":{"allow":["GET"]}}],"collection":[{"href":"https:\/\/www.topohvar.at\/topo\/wp-json\/wp\/v2\/pages"}],"about":[{"href":"https:\/\/www.topohvar.at\/topo\/wp-json\/wp\/v2\/types\/page"}],"author":[{"embeddable":true,"href":"https:\/\/www.topohvar.at\/topo\/wp-json\/wp\/v2\/users\/1"}],"replies":[{"embeddable":true,"href":"https:\/\/www.topohvar.at\/topo\/wp-json\/wp\/v2\/comments?post=12999"}],"version-history":[{"count":21,"href":"https:\/\/www.topohvar.at\/topo\/wp-json\/wp\/v2\/pages\/12999\/revisions"}],"predecessor-version":[{"id":69454,"href":"https:\/\/www.topohvar.at\/topo\/wp-json\/wp\/v2\/pages\/12999\/revisions\/69454"}],"up":[{"embeddable":true,"href":"https:\/\/www.topohvar.at\/topo\/wp-json\/wp\/v2\/pages\/85"}],"wp:attachment":[{"href":"https:\/\/www.topohvar.at\/topo\/wp-json\/wp\/v2\/media?parent=12999"}],"curies":[{"name":"wp","href":"https:\/\/api.w.org\/{rel}","templated":true}]}}