{"id":1309,"date":"2018-07-29T11:08:26","date_gmt":"2018-07-29T09:08:26","guid":{"rendered":"https:\/\/www.topohvar.at\/?page_id=1309"},"modified":"2022-03-14T10:08:57","modified_gmt":"2022-03-14T09:08:57","slug":"br-tr-02-2","status":"publish","type":"page","link":"https:\/\/www.topohvar.at\/topo\/orte\/br\/br-tr-02-2\/","title":{"rendered":"BRUSJE &#8211; Trim \u00bbBR-TR-02\u00ab"},"content":{"rendered":"<p><a name=\"seite_oben\"><\/a><br \/>\n<strong><img loading=\"lazy\" decoding=\"async\" class=\"aligncenter wp-image-23425 size-full\" src=\"https:\/\/www.topohvar.at\/wp-content\/uploads\/2019\/07\/br-tr-02-12.jpg\" alt=\"\" width=\"1080\" height=\"530\" srcset=\"https:\/\/www.topohvar.at\/wp-content\/uploads\/2019\/07\/br-tr-02-12.jpg 1080w, https:\/\/www.topohvar.at\/wp-content\/uploads\/2019\/07\/br-tr-02-12-300x147.jpg 300w, https:\/\/www.topohvar.at\/wp-content\/uploads\/2019\/07\/br-tr-02-12-768x377.jpg 768w, https:\/\/www.topohvar.at\/wp-content\/uploads\/2019\/07\/br-tr-02-12-1024x503.jpg 1024w\" sizes=\"auto, (max-width: 1080px) 100vw, 1080px\" \/><\/strong><\/p>\n<p><strong>Ime \/ Name<br \/>\n<\/strong>Trim \u00bbBR-TR-02\u00ab<\/p>\n<p><strong>Code: <\/strong>BR-TR-02\u00a0 \u00a0 \u00a0 \u00a0 \u00a0 \u00a0 \u00a0 \u00a0 \u00a0 \u00a0 \u00a0 \u00a0 \u00a0 \u00a0 \u00a0 \u00a0 \u00a0 \u00a0\u00a0<strong><a href=\"https:\/\/www.topohvar.at\/orte\/br\/br-tr-00-1\/\"><img loading=\"lazy\" decoding=\"async\" class=\"alignnone wp-image-12300 size-full\" src=\"https:\/\/www.topohvar.at\/wp-content\/uploads\/2018\/09\/push-vor-30.jpg\" alt=\"\" width=\"61\" height=\"30\" \/><\/a> <a href=\"https:\/\/www.topohvar.at\/orte\/br\/br-tr-17-1\/\"><img loading=\"lazy\" decoding=\"async\" class=\"alignnone wp-image-533 size-full\" src=\"https:\/\/www.topohvar.at\/wp-content\/uploads\/2018\/07\/push-l-30.jpg\" alt=\"\" width=\"61\" height=\"30\" \/><\/a> <a href=\"https:\/\/www.topohvar.at\/orte\/br\/\"><img loading=\"lazy\" decoding=\"async\" class=\"alignnone wp-image-535 size-full\" src=\"https:\/\/www.topohvar.at\/wp-content\/uploads\/2018\/07\/push-o-30.jpg\" alt=\"\" width=\"61\" height=\"30\" \/><\/a> <a href=\"https:\/\/www.topohvar.at\/orte\/br\/br-tr-03-2\/\"><img loading=\"lazy\" decoding=\"async\" class=\"alignnone wp-image-536 size-full\" src=\"https:\/\/www.topohvar.at\/wp-content\/uploads\/2018\/07\/push-r-30.jpg\" alt=\"\" width=\"61\" height=\"30\" \/><\/a><\/strong><\/p>\n<hr \/>\n<p><strong>Adresa \/ Adresse<br \/>\n<\/strong>Na putu prema uvali Stiniva \/ Am Weg zur Bucht Stiniva<\/p>\n<p><strong>Lokacija \/ Position<a href=\"https:\/\/goo.gl\/maps\/ByGqV5GASZ7hFULTA\"><img loading=\"lazy\" decoding=\"async\" class=\"alignright wp-image-822\" src=\"https:\/\/www.topohvar.at\/wp-content\/uploads\/2018\/07\/0055.jpg\" alt=\"\" width=\"133\" height=\"100\" \/><\/a><br \/>\n<\/strong><span style=\"color: #3366ff;\"><a style=\"color: #3366ff;\" href=\"https:\/\/goo.gl\/maps\/ByGqV5GASZ7hFULTA\">Latitude: N 43,19537\u00b0\u00a0 \u00a0Longitude: E 16,46984\u00b0<\/a> <\/span><strong><br \/>\n<\/strong>Visina \/ H\u00f6he: 157 m<\/p>\n<p><strong>Katastarska \u010destica \/ Grundst\u00fccke<br \/>\n<\/strong>105<div class='content-column one_half'><div style=\"padding-right:6px;\"><p><strong>Datum snimanja \/ Erfassungsdatum<br \/>\n<\/strong>20.05.2014 09:37:35<\/p>\n<hr \/>\n<p><strong>Informacije<\/strong><\/p>\n<p>Trim je na stazu prema uvale Stiniva. Lijeva strana stepenasta trima s dvije stepenice o\u0161te\u0107ena je. Pristup unutra\u0161njosti je blokiran grmljem. U interiju je ni\u0161a.<\/p><\/div><\/div><div class='content-column one_half last_column'><div style=\"padding-right:0px;padding-left:6px;\"><p><strong>Stupanj za\u0161tite \/ Schutzstellung<br \/>\n<\/strong>&#8211;<\/p>\n<hr \/>\n<p><strong>Info<\/strong><\/p>\n<p>Der Trim befindet sich am Weg zur Bucht Stiniva. Die linke Seite des zweistufigen Trims ist besch\u00e4digt. Der Zugang zum Inneren ist mit B\u00fcschen verwachsen. Im Innenraum befindet sich eine Wandnische.<\/p><\/div><\/div><div class='clear_column'><\/div><div class='content-column one_half'><div style=\"padding-right:6px;\"><div id=\"attachment_23424\" style=\"width: 310px\" class=\"wp-caption aligncenter\"><img loading=\"lazy\" decoding=\"async\" aria-describedby=\"caption-attachment-23424\" class=\"size-medium wp-image-23424\" src=\"https:\/\/www.topohvar.at\/wp-content\/uploads\/2019\/07\/br-tr-02-11-300x300.jpg\" alt=\"\" width=\"300\" height=\"300\" srcset=\"https:\/\/www.topohvar.at\/wp-content\/uploads\/2019\/07\/br-tr-02-11-300x300.jpg 300w, https:\/\/www.topohvar.at\/wp-content\/uploads\/2019\/07\/br-tr-02-11-150x150.jpg 150w, https:\/\/www.topohvar.at\/wp-content\/uploads\/2019\/07\/br-tr-02-11.jpg 450w\" sizes=\"auto, (max-width: 300px) 100vw, 300px\" \/><p id=\"caption-attachment-23424\" class=\"wp-caption-text\">Ulaz \/ Eingang<\/p><\/div>\n<p>Dana 14.05.2019 trim je posje\u0107en i ustanovljeno je sljede\u0107e:<\/p>\n<p>Lokacija: livada, pa\u0161njak<br \/>\nPodloga: padina<br \/>\nPovezan s: nije povezan, samostoje\u0107i, izoliran<br \/>\nUpotreba: ne koristi se<br \/>\nStanje: mali dijelovi su se sru\u0161ili<br \/>\nBroj stepenica trima: 2<br \/>\nDodatni kameni prsten: nema kamenog prstena<br \/>\nStepeni\u0161te: nema<br \/>\nOblik kamena: uglast<br \/>\nPodru\u010dje ispred ulaza: zaraslo<br \/>\nOrijentacija ulaza: Z (250\u00b0)<br \/>\nPromjer trima (cm): 390<br \/>\nVisina trima (cm): 290<br \/>\nVisina stepenica (cm): stepenica 1: 165, stepenica 2: 240<br \/>\nDebljina zida (cm): 80<br \/>\n\u0160irina vrata (cm): 60<br \/>\nVisina vrata (cm): 130<br \/>\n\u0160irina unutra (cm): 200 &#8211; 230<br \/>\nVisina unutra (cm): 250<br \/>\nVolumen iznutra (m3): 6,15<br \/>\nNi\u0161a 1 (P\/\u0160\/V\/D) (cm): 50 \/ 15 \/ 20 \/ 25<\/p><\/div><\/div><div class='content-column one_half last_column'><div style=\"padding-right:0px;padding-left:6px;\"><div id=\"attachment_23426\" style=\"width: 310px\" class=\"wp-caption aligncenter\"><img loading=\"lazy\" decoding=\"async\" aria-describedby=\"caption-attachment-23426\" class=\"size-medium wp-image-23426\" src=\"https:\/\/www.topohvar.at\/wp-content\/uploads\/2019\/07\/br-tr-02-13-300x300.jpg\" alt=\"\" width=\"300\" height=\"300\" srcset=\"https:\/\/www.topohvar.at\/wp-content\/uploads\/2019\/07\/br-tr-02-13-300x300.jpg 300w, https:\/\/www.topohvar.at\/wp-content\/uploads\/2019\/07\/br-tr-02-13-150x150.jpg 150w, https:\/\/www.topohvar.at\/wp-content\/uploads\/2019\/07\/br-tr-02-13.jpg 450w\" sizes=\"auto, (max-width: 300px) 100vw, 300px\" \/><p id=\"caption-attachment-23426\" class=\"wp-caption-text\">Ju\u017ena strana \/ S\u00fcdseite<\/p><\/div>\n<p>Am 14.05.2019 wurde der Trim besucht und n\u00e4her untersucht:<\/p>\n<p>Standort: Wiese, Weide<br \/>\nUntergrund: Hanglage<br \/>\nVerbunden mit: freistehend<br \/>\nNutzung: ungenutzt<br \/>\nZustand: kleine Teile abgest\u00fcrzt<br \/>\nAnzahl der Trimstufen: 2<br \/>\nZus\u00e4tzlicher Steinring: kein Steinring<br \/>\nStiege: keine<br \/>\nSteinform: kantig<br \/>\nEingangsbereich: verwachsen<br \/>\nEingangsseite: W (250\u00b0)<br \/>\nTrimdurchmesser (cm): 390<br \/>\nTrimh\u00f6he (cm): 290<br \/>\nH\u00f6he der Trimstufen (cm): Stufe 1: 165, Stufe 2: 240<br \/>\nWandst\u00e4rke (cm): 80<br \/>\nT\u00fcrbreite (cm): 60<br \/>\nT\u00fcrh\u00f6he (cm): 130<br \/>\nInnenraumbreite (cm): 200 &#8211; 230<br \/>\nInnenraumh\u00f6he (cm): 250<br \/>\nRaumvolumen (m3): 6,15<br \/>\nNische 1 (P\/B\/H\/T) (cm): 50 \/ 15 \/ 20 \/ 25<\/p><\/div><\/div><div class='clear_column'><\/div><\/p>\n<p><img loading=\"lazy\" decoding=\"async\" class=\"aligncenter size-full wp-image-23427\" src=\"https:\/\/www.topohvar.at\/wp-content\/uploads\/2019\/07\/br-tr-02-sca.jpg\" alt=\"\" width=\"640\" height=\"968\" srcset=\"https:\/\/www.topohvar.at\/wp-content\/uploads\/2019\/07\/br-tr-02-sca.jpg 640w, https:\/\/www.topohvar.at\/wp-content\/uploads\/2019\/07\/br-tr-02-sca-198x300.jpg 198w\" sizes=\"auto, (max-width: 640px) 100vw, 640px\" \/><\/p>\n<p style=\"text-align: right;\"><a href=\"#seite_oben\">natrag na vrh \/ Seitenanfang<\/a><\/p>\n<hr \/>\n<p><strong>Linkovi \/ Links<\/strong><\/p>\n<p>&#8211;<\/p>\n<p>&nbsp;<\/p>\n","protected":false},"excerpt":{"rendered":"<p>Ime \/ Name Trim \u00bbBR-TR-02\u00ab Code: BR-TR-02\u00a0 \u00a0 \u00a0 \u00a0 \u00a0 \u00a0 \u00a0 \u00a0 \u00a0 \u00a0 \u00a0 \u00a0 \u00a0 \u00a0 \u00a0 \u00a0 \u00a0 \u00a0\u00a0 Adresa \/ Adresse Na putu prema uvali Stiniva \/ Am Weg zur Bucht Stiniva Lokacija \/ &hellip; <a href=\"https:\/\/www.topohvar.at\/topo\/orte\/br\/br-tr-02-2\/\">Weiterlesen <span class=\"meta-nav\">&rarr;<\/span><\/a><\/p>\n","protected":false},"author":1,"featured_media":0,"parent":65,"menu_order":0,"comment_status":"closed","ping_status":"closed","template":"","meta":{"footnotes":""},"class_list":["post-1309","page","type-page","status-publish","hentry"],"_links":{"self":[{"href":"https:\/\/www.topohvar.at\/topo\/wp-json\/wp\/v2\/pages\/1309","targetHints":{"allow":["GET"]}}],"collection":[{"href":"https:\/\/www.topohvar.at\/topo\/wp-json\/wp\/v2\/pages"}],"about":[{"href":"https:\/\/www.topohvar.at\/topo\/wp-json\/wp\/v2\/types\/page"}],"author":[{"embeddable":true,"href":"https:\/\/www.topohvar.at\/topo\/wp-json\/wp\/v2\/users\/1"}],"replies":[{"embeddable":true,"href":"https:\/\/www.topohvar.at\/topo\/wp-json\/wp\/v2\/comments?post=1309"}],"version-history":[{"count":14,"href":"https:\/\/www.topohvar.at\/topo\/wp-json\/wp\/v2\/pages\/1309\/revisions"}],"predecessor-version":[{"id":58056,"href":"https:\/\/www.topohvar.at\/topo\/wp-json\/wp\/v2\/pages\/1309\/revisions\/58056"}],"up":[{"embeddable":true,"href":"https:\/\/www.topohvar.at\/topo\/wp-json\/wp\/v2\/pages\/65"}],"wp:attachment":[{"href":"https:\/\/www.topohvar.at\/topo\/wp-json\/wp\/v2\/media?parent=1309"}],"curies":[{"name":"wp","href":"https:\/\/api.w.org\/{rel}","templated":true}]}}