{"id":1338,"date":"2018-07-29T11:33:59","date_gmt":"2018-07-29T09:33:59","guid":{"rendered":"https:\/\/www.topohvar.at\/?page_id=1338"},"modified":"2021-04-12T17:23:26","modified_gmt":"2021-04-12T15:23:26","slug":"br-tr-08-2","status":"publish","type":"page","link":"https:\/\/www.topohvar.at\/topo\/orte\/br\/br-tr-08-2\/","title":{"rendered":"BRUSJE &#8211; Trim \u00bbBR-TR-08\u00ab"},"content":{"rendered":"<p><a name=\"seite_oben\"><\/a><br \/>\n<strong><img loading=\"lazy\" decoding=\"async\" class=\"alignnone wp-image-1302 size-large\" src=\"https:\/\/www.topohvar.at\/wp-content\/uploads\/2018\/07\/BR-TR-08-1-1024x503.jpg\" alt=\"\" width=\"640\" height=\"314\" srcset=\"https:\/\/www.topohvar.at\/wp-content\/uploads\/2018\/07\/BR-TR-08-1-1024x503.jpg 1024w, https:\/\/www.topohvar.at\/wp-content\/uploads\/2018\/07\/BR-TR-08-1-300x147.jpg 300w, https:\/\/www.topohvar.at\/wp-content\/uploads\/2018\/07\/BR-TR-08-1-768x377.jpg 768w\" sizes=\"auto, (max-width: 640px) 100vw, 640px\" \/><\/strong><\/p>\n<p><strong>Ime \/ Name<br \/>\n<\/strong>Trim \u00bbBR-TR-08\u00ab<\/p>\n<p><strong>Code: <\/strong>BR-TR-08\u00a0 \u00a0 \u00a0 \u00a0 \u00a0 \u00a0 \u00a0 \u00a0 \u00a0 \u00a0 \u00a0 \u00a0 \u00a0 \u00a0 \u00a0 \u00a0 \u00a0 \u00a0\u00a0<strong><a href=\"https:\/\/www.topohvar.at\/orte\/br\/br-tr-00-1\/\"><img loading=\"lazy\" decoding=\"async\" class=\"alignnone wp-image-12300 size-full\" src=\"https:\/\/www.topohvar.at\/wp-content\/uploads\/2018\/09\/push-vor-30.jpg\" alt=\"\" width=\"61\" height=\"30\" \/><\/a> <a href=\"https:\/\/www.topohvar.at\/orte\/br\/br-tr-16-1\/\"><img loading=\"lazy\" decoding=\"async\" class=\"alignnone wp-image-533 size-full\" src=\"https:\/\/www.topohvar.at\/wp-content\/uploads\/2018\/07\/push-l-30.jpg\" alt=\"\" width=\"61\" height=\"30\" \/><\/a> <a href=\"https:\/\/www.topohvar.at\/orte\/br\/\"><img loading=\"lazy\" decoding=\"async\" class=\"alignnone wp-image-535 size-full\" src=\"https:\/\/www.topohvar.at\/wp-content\/uploads\/2018\/07\/push-o-30.jpg\" alt=\"\" width=\"61\" height=\"30\" \/><\/a> <a href=\"https:\/\/www.topohvar.at\/orte\/br\/br-tr-04-2\/\"><img loading=\"lazy\" decoding=\"async\" class=\"alignnone wp-image-536 size-full\" src=\"https:\/\/www.topohvar.at\/wp-content\/uploads\/2018\/07\/push-r-30.jpg\" alt=\"\" width=\"61\" height=\"30\" \/><\/a><\/strong><\/p>\n<hr \/>\n<p><strong>Adresa \/ Adresse<br \/>\n<\/strong>Brusje, zapadno od mjesta \/ westlich des Ortes<\/p>\n<p><strong>Lokacija \/ Position<a href=\"https:\/\/goo.gl\/maps\/WbjkDErfypjPMoDz9\"><img loading=\"lazy\" decoding=\"async\" class=\"alignright wp-image-20569\" src=\"https:\/\/www.topohvar.at\/wp-content\/uploads\/2019\/03\/0061.jpg\" alt=\"\" width=\"134\" height=\"100\" \/><\/a><br \/>\n<\/strong><span style=\"color: #3366ff;\"><a style=\"color: #3366ff;\" href=\"https:\/\/goo.gl\/maps\/WbjkDErfypjPMoDz9\">Latitude: N 43,18914\u00b0\u00a0 \u00a0Longitude: E 16,46938\u00b0<\/a> <\/span><strong><br \/>\n<\/strong>Visina \/ H\u00f6he: 173 m<\/p>\n<p><strong>Katastarska \u010destica \/ Grundst\u00fccke<br \/>\n<\/strong>29<div class='content-column one_half'><div style=\"padding-right:6px;\"><p><strong>Datum snimanja \/ Erfassungsdatum<br \/>\n<\/strong>18.02.2015 10:16:07<\/p>\n<hr \/>\n<p><strong>Informacije<\/strong><\/p>\n<p>Prekrasni trim nalazi se ispod ceste od Hvara prema Brusja na nasipu. Stepenasti trim s dvije stepenice je i grani\u010di lijevom stranom na stijenama i kamenim zidovima. Trim je izra\u0111ena od neobra\u0111enih, kutnih kamenova u tradicionalnoj slojevitosti. Visok ulaz su\u017eava se u gornjoj \u010detvrtini. Ne sasvim okrugla unutra\u0161njost, odre\u0111ena je stjenovitim terenom. U blizini se nalazi trim BR-TR-04.<\/p><\/div><\/div><div class='content-column one_half last_column'><div style=\"padding-right:0px;padding-left:6px;\"><p><strong>Stupanj za\u0161tite \/ Schutzstellung<br \/>\n<\/strong>&#8211;<\/p>\n<hr \/>\n<p><strong>Info<\/strong><\/p>\n<p>Der sch\u00f6ne Trim steht unterhalb der Stra\u00dfe von Hvar nach Brusje an einer B\u00f6schung. Er ist zweistufig und grenzt mit seiner linken Seite an Felsen und Steinmauern. Der Bau ist aus unbearbeiteten, kantigen Steinen in traditioneller Schichtung errichtet. Der recht hohe Eingang verschm\u00e4lert sich im obersten Viertel. Der nicht ganz runde Innenraum ist durch das felsige Gel\u00e4nde bestimmt. In der N\u00e4he befindet sich der Trim BR-TR-04.<\/p><\/div><\/div><div class='clear_column'><\/div><div class='content-column one_half'><div style=\"padding-right:6px;\"><div id=\"attachment_21518\" style=\"width: 310px\" class=\"wp-caption aligncenter\"><img loading=\"lazy\" decoding=\"async\" aria-describedby=\"caption-attachment-21518\" class=\"wp-image-21518 size-full\" src=\"https:\/\/www.topohvar.at\/wp-content\/uploads\/2019\/04\/br-tr-08-10.jpg\" alt=\"\" width=\"300\" height=\"300\" srcset=\"https:\/\/www.topohvar.at\/wp-content\/uploads\/2019\/04\/br-tr-08-10.jpg 300w, https:\/\/www.topohvar.at\/wp-content\/uploads\/2019\/04\/br-tr-08-10-150x150.jpg 150w\" sizes=\"auto, (max-width: 300px) 100vw, 300px\" \/><p id=\"caption-attachment-21518\" class=\"wp-caption-text\">Ulaz \/ Eingang<\/p><\/div>\n<p>Dana 02.03.2019 trim je posje\u0107en i ustanovljeno je sljede\u0107e:<\/p>\n<p>Lokacija: maslinik<br \/>\nPodloga: nako\u0161ena<br \/>\nPovezan s: kamenim zidom<br \/>\nUpotreba: ne koristi se<br \/>\nStanje: vrlo dobro uzdr\u017eati<br \/>\nBroj stepenica trima: 2<br \/>\nDodatni kameni prsten: nema kamenog prstena<br \/>\nStepeni\u0161te: nema<br \/>\nOblik kamena: uglast<br \/>\nPodru\u010dje ispred ulaza: lako dostupno<br \/>\nOrijentacija ulaza: Z (250\u00b0)<br \/>\nPromjer trima (cm): 500<br \/>\nVisina trima (cm): 310<br \/>\nVisina stepenica (cm): stepenica 1: 225, stepenica 2: 275<br \/>\nDebljina zida (cm): 80<br \/>\n\u0160irina vrata (cm): 60<br \/>\nVisina vrata (cm): 130<br \/>\n\u0160irina unutra (cm): 330 &#8211; 340<br \/>\nVisina unutra (cm): 290<br \/>\nVolumen iznutra (m3): 16,14<br \/>\nNema ni\u0161e<\/p><\/div><\/div><div class='content-column one_half last_column'><div style=\"padding-right:0px;padding-left:6px;\"><div id=\"attachment_21519\" style=\"width: 310px\" class=\"wp-caption aligncenter\"><img loading=\"lazy\" decoding=\"async\" aria-describedby=\"caption-attachment-21519\" class=\"wp-image-21519 size-full\" src=\"https:\/\/www.topohvar.at\/wp-content\/uploads\/2019\/04\/br-tr-08-13.jpg\" alt=\"\" width=\"300\" height=\"300\" srcset=\"https:\/\/www.topohvar.at\/wp-content\/uploads\/2019\/04\/br-tr-08-13.jpg 300w, https:\/\/www.topohvar.at\/wp-content\/uploads\/2019\/04\/br-tr-08-13-150x150.jpg 150w\" sizes=\"auto, (max-width: 300px) 100vw, 300px\" \/><p id=\"caption-attachment-21519\" class=\"wp-caption-text\">Stra\u017enji dio trima \/Trimr\u00fcckseite<\/p><\/div>\n<p>Am 02.03.2019 wurde der Trim besucht und n\u00e4her untersucht:<\/p>\n<p>Standort: Olivenhain<br \/>\nUntergrund: geneigt<br \/>\nVerbunden mit: Steinmauer<br \/>\nNutzung: ungenutzt<br \/>\nZustand: sehr gut erhalten<br \/>\nAnzahl der Trimstufen: 2<br \/>\nZus\u00e4tzlicher Steinring: kein Steinring<br \/>\nStiege: keine<br \/>\nSteinform: kantig<br \/>\nEingangsbereich: frei<br \/>\nEingangsseite: W (250\u00b0)<br \/>\nTrimdurchmesser (cm): 500<br \/>\nTrimh\u00f6he (cm): 310<br \/>\nH\u00f6he der Trimstufen (cm): Stufe 1: 225, Stufe 2: 275<br \/>\nWandst\u00e4rke (cm): 80<br \/>\nT\u00fcrbreite (cm): 60<br \/>\nT\u00fcrh\u00f6he (cm): 130<br \/>\nInnenraumbreite (cm): 330 &#8211; 340<br \/>\nInnenraumh\u00f6he (cm): 290<br \/>\nRaumvolumen (m3): 16,14<br \/>\nKeine Nische<\/p><\/div><\/div><div class='clear_column'><\/div><\/p>\n<p><img loading=\"lazy\" decoding=\"async\" class=\"alignnone size-full wp-image-20788\" src=\"https:\/\/www.topohvar.at\/wp-content\/uploads\/2019\/03\/br-tr-08-sca.jpg\" alt=\"\" width=\"600\" height=\"897\" srcset=\"https:\/\/www.topohvar.at\/wp-content\/uploads\/2019\/03\/br-tr-08-sca.jpg 600w, https:\/\/www.topohvar.at\/wp-content\/uploads\/2019\/03\/br-tr-08-sca-201x300.jpg 201w\" sizes=\"auto, (max-width: 600px) 100vw, 600px\" \/><\/p>\n<p style=\"text-align: right;\"><a href=\"#seite_oben\">natrag na vrh \/ Seitenanfang<\/a><\/p>\n<hr \/>\n<p><strong>Linkovi \/ Links<\/strong><\/p>\n<p><span style=\"color: #3366ff;\"><a style=\"color: #3366ff;\" href=\"https:\/\/www.topohvar.at\/orte\/br\/br-tr-04-2\/\">Trim BR-TR-04<\/a><\/span><\/p>\n<p>&nbsp;<\/p>\n","protected":false},"excerpt":{"rendered":"<p>Ime \/ Name Trim \u00bbBR-TR-08\u00ab Code: BR-TR-08\u00a0 \u00a0 \u00a0 \u00a0 \u00a0 \u00a0 \u00a0 \u00a0 \u00a0 \u00a0 \u00a0 \u00a0 \u00a0 \u00a0 \u00a0 \u00a0 \u00a0 \u00a0\u00a0 Adresa \/ Adresse Brusje, zapadno od mjesta \/ westlich des Ortes Lokacija \/ Position Latitude: N &hellip; <a href=\"https:\/\/www.topohvar.at\/topo\/orte\/br\/br-tr-08-2\/\">Weiterlesen <span class=\"meta-nav\">&rarr;<\/span><\/a><\/p>\n","protected":false},"author":1,"featured_media":0,"parent":65,"menu_order":0,"comment_status":"closed","ping_status":"closed","template":"","meta":{"footnotes":""},"class_list":["post-1338","page","type-page","status-publish","hentry"],"_links":{"self":[{"href":"https:\/\/www.topohvar.at\/topo\/wp-json\/wp\/v2\/pages\/1338","targetHints":{"allow":["GET"]}}],"collection":[{"href":"https:\/\/www.topohvar.at\/topo\/wp-json\/wp\/v2\/pages"}],"about":[{"href":"https:\/\/www.topohvar.at\/topo\/wp-json\/wp\/v2\/types\/page"}],"author":[{"embeddable":true,"href":"https:\/\/www.topohvar.at\/topo\/wp-json\/wp\/v2\/users\/1"}],"replies":[{"embeddable":true,"href":"https:\/\/www.topohvar.at\/topo\/wp-json\/wp\/v2\/comments?post=1338"}],"version-history":[{"count":16,"href":"https:\/\/www.topohvar.at\/topo\/wp-json\/wp\/v2\/pages\/1338\/revisions"}],"predecessor-version":[{"id":47731,"href":"https:\/\/www.topohvar.at\/topo\/wp-json\/wp\/v2\/pages\/1338\/revisions\/47731"}],"up":[{"embeddable":true,"href":"https:\/\/www.topohvar.at\/topo\/wp-json\/wp\/v2\/pages\/65"}],"wp:attachment":[{"href":"https:\/\/www.topohvar.at\/topo\/wp-json\/wp\/v2\/media?parent=1338"}],"curies":[{"name":"wp","href":"https:\/\/api.w.org\/{rel}","templated":true}]}}