{"id":1343,"date":"2018-07-29T11:39:02","date_gmt":"2018-07-29T09:39:02","guid":{"rendered":"https:\/\/www.topohvar.at\/?page_id=1343"},"modified":"2025-10-30T18:17:58","modified_gmt":"2025-10-30T17:17:58","slug":"br-tr-09-2","status":"publish","type":"page","link":"https:\/\/www.topohvar.at\/topo\/orte\/br\/br-tr-09-2\/","title":{"rendered":"BRUSJE &#8211; Trim \u00bbBR-TR-09\u00ab"},"content":{"rendered":"<p><a name=\"seite_oben\"><\/a><br \/>\n<strong><img loading=\"lazy\" decoding=\"async\" class=\"alignnone wp-image-1303 size-large\" src=\"https:\/\/www.topohvar.at\/wp-content\/uploads\/2018\/07\/BR-TR-09-1-1024x503.jpg\" alt=\"\" width=\"640\" height=\"314\" srcset=\"https:\/\/www.topohvar.at\/wp-content\/uploads\/2018\/07\/BR-TR-09-1-1024x503.jpg 1024w, https:\/\/www.topohvar.at\/wp-content\/uploads\/2018\/07\/BR-TR-09-1-300x147.jpg 300w, https:\/\/www.topohvar.at\/wp-content\/uploads\/2018\/07\/BR-TR-09-1-768x377.jpg 768w\" sizes=\"auto, (max-width: 640px) 100vw, 640px\" \/><\/strong><\/p>\n<p><strong>Ime \/ Name<br \/>\n<\/strong>Trim \u00bbBR-TR-09\u00ab<\/p>\n<p><strong>Code: <\/strong>BR-TR-09\u00a0 \u00a0 \u00a0 \u00a0 \u00a0 \u00a0 \u00a0 \u00a0 \u00a0 \u00a0 \u00a0 \u00a0 \u00a0 \u00a0 \u00a0 \u00a0 \u00a0 \u00a0 <a href=\"https:\/\/www.topohvar.at\/orte\/br\/br-tr-00-1\/\"><img loading=\"lazy\" decoding=\"async\" class=\"alignnone wp-image-12300 size-full\" src=\"https:\/\/www.topohvar.at\/wp-content\/uploads\/2018\/09\/push-vor-30.jpg\" alt=\"\" width=\"61\" height=\"30\" \/><\/a> <strong><a href=\"https:\/\/www.topohvar.at\/orte\/br\/br-tr-18-1\/\"><img loading=\"lazy\" decoding=\"async\" class=\"alignnone wp-image-533 size-full\" src=\"https:\/\/www.topohvar.at\/wp-content\/uploads\/2018\/07\/push-l-30.jpg\" alt=\"\" width=\"61\" height=\"30\" \/><\/a> <a href=\"https:\/\/www.topohvar.at\/orte\/br\/\"><img loading=\"lazy\" decoding=\"async\" class=\"alignnone wp-image-535 size-full\" src=\"https:\/\/www.topohvar.at\/wp-content\/uploads\/2018\/07\/push-o-30.jpg\" alt=\"\" width=\"61\" height=\"30\" \/><\/a> <a href=\"https:\/\/www.topohvar.at\/orte\/br\/br-tr-06-2\/\"><img loading=\"lazy\" decoding=\"async\" class=\"alignnone wp-image-536 size-full\" src=\"https:\/\/www.topohvar.at\/wp-content\/uploads\/2018\/07\/push-r-30.jpg\" alt=\"\" width=\"61\" height=\"30\" \/><\/a><\/strong><\/p>\n<hr \/>\n<p><strong>Adresa \/ Adresse<br \/>\n<\/strong>Brusje, jugozapadno od mjesta \/ s\u00fcdwestlich des Ortes<\/p>\n<p><strong>Lokacija \/ Position<a href=\"https:\/\/goo.gl\/maps\/MkTViAeWjPrc5pQo7\"><img loading=\"lazy\" decoding=\"async\" class=\"alignright wp-image-829\" src=\"https:\/\/www.topohvar.at\/wp-content\/uploads\/2018\/07\/0062.jpg\" alt=\"\" width=\"133\" height=\"100\" \/><\/a><br \/>\n<\/strong><span style=\"color: #3366ff;\"><a style=\"color: #3366ff;\" href=\"https:\/\/goo.gl\/maps\/MkTViAeWjPrc5pQo7\">Latitude: N 43,18289\u00b0\u00a0 \u00a0Longitude: E 16,47339\u00b0<\/a> <\/span><strong><br \/>\n<\/strong>Visina \/ H\u00f6he: 239 m<\/p>\n<p><strong>Katastarska \u010destica \/ Grundst\u00fccke<br \/>\n<\/strong>4285\/5<div class='content-column one_half'><div style=\"padding-right:6px;\"><p><strong>Datum snimanja \/ Erfassungsdatum<br \/>\n<\/strong>18.02.2015 10:42:58<\/p>\n<hr \/>\n<p><strong>Informacije<\/strong><\/p>\n<p>Trim se nalazi neposredno uz put na zapadnoj padini Lokvene Glave. Jednostepeni trim izgra\u0111en je od neobra\u0111enog, kvrgavog i ravnog kamenja u tradicionalnom slojevitom stilu. Iz ravnog krova izdi\u017ee se relativno strmi kameni sto\u017eac. Desno od ulaza grani\u010di se s kamenim zidom. Unutra, visoko iznad tla, nalaze se jedna ve\u0107a i jedna vrlo mala ni\u0161a.<\/p><\/div><\/div><\/p>\n<div class='content-column one_half last_column'><div style=\"padding-right:0px;padding-left:6px;\"><p><strong>Stupanj za\u0161tite \/ Schutzstellung<br \/>\n<\/strong>&#8211;<\/p>\n<hr \/>\n<p><strong>Info<\/strong><\/p>\n<p>Der Trim befindet sich direkt am Fahrweg am Westabhang des Lokvena Glava. Der einstufige Trim wurde aus unbearbeiteten, kantigen und flachen Steinen in traditioneller Schichtung errichtet. Aus dem ebenen Dach ragt ein relativ steiler Steinkegel. Rechts neben dem Eingang grenzt eine Steinmauer an den Trim. Im Inneren befinden sich hoch \u00fcber dem Boden eine gr\u00f6\u00dfere und eine sehr kleine Nische.<\/p><\/div><\/div><div class='clear_column'><\/div><div class='content-column one_half'><div style=\"padding-right:6px;\"><p>U blizini se nalazi gustirna BR-OP-38.<\/p><\/div><\/div><div class='content-column one_half last_column'><div style=\"padding-right:0px;padding-left:6px;\"><p>In der N\u00e4he befindet sich die Zisterne BR-OP-38.<\/p><\/div><\/div><div class='clear_column'><\/div><div class='content-column one_half'><div style=\"padding-right:6px;\"><div id=\"attachment_21524\" style=\"width: 310px\" class=\"wp-caption aligncenter\"><img loading=\"lazy\" decoding=\"async\" aria-describedby=\"caption-attachment-21524\" class=\"wp-image-21524 size-full\" src=\"https:\/\/www.topohvar.at\/wp-content\/uploads\/2019\/04\/br-tr-09-10.jpg\" alt=\"\" width=\"300\" height=\"300\" srcset=\"https:\/\/www.topohvar.at\/wp-content\/uploads\/2019\/04\/br-tr-09-10.jpg 300w, https:\/\/www.topohvar.at\/wp-content\/uploads\/2019\/04\/br-tr-09-10-150x150.jpg 150w\" sizes=\"auto, (max-width: 300px) 100vw, 300px\" \/><p id=\"caption-attachment-21524\" class=\"wp-caption-text\">Ulaz \/ Eingang<\/p><\/div>\n<p>Dana 03.03.2019 trim je posje\u0107en i ustanovljeno je sljede\u0107e:<\/p>\n<p>Lokacija: maslinik<br \/>\nPodloga: padina<br \/>\nPovezan s: samostoje\u0107i, izoliran<br \/>\nUpotreba: koristi se<br \/>\nStanje: dobro sa\u010duvan<br \/>\nBroj stepenica trima: 1<br \/>\nDodatni kameni prsten: nema prstena<br \/>\nStepeni\u0161te: konzolne stepenice<br \/>\nOblik kamena: mje\u0161ovit<br \/>\nPodru\u010dje ispred ulaza: lako dostupno<br \/>\nOrijentacija ulaza: Z (260\u00b0)<br \/>\nPromjer trima (cm): 400<br \/>\nVisina trima (cm): 260<br \/>\nVisina stepenica (cm): stepenica 1: 190<br \/>\nDebljina zida (cm): 70<br \/>\n\u0160irina vrata (cm): 75<br \/>\nVisina vrata (cm): 110<br \/>\n\u0160irina unutra (cm): 240 &#8211; 250<br \/>\nVisina unutra (cm): 240<br \/>\nVolumen iznutra (m3): 7,26<br \/>\nNi\u0161a 1 (P\/\u0160\/V\/D) (cm): 110 \/ 20 \/ 15 \/ 40<br \/>\nni\u0161a 2 (P\/\u0160\/V\/D) (cm): 110 \/ 30 \/ 25 \/ 30<\/p><\/div><\/div><div class='content-column one_half last_column'><div style=\"padding-right:0px;padding-left:6px;\"><div id=\"attachment_21525\" style=\"width: 310px\" class=\"wp-caption aligncenter\"><img loading=\"lazy\" decoding=\"async\" aria-describedby=\"caption-attachment-21525\" class=\"wp-image-21525 size-full\" src=\"https:\/\/www.topohvar.at\/wp-content\/uploads\/2019\/04\/br-tr-09-13.jpg\" alt=\"\" width=\"300\" height=\"300\" srcset=\"https:\/\/www.topohvar.at\/wp-content\/uploads\/2019\/04\/br-tr-09-13.jpg 300w, https:\/\/www.topohvar.at\/wp-content\/uploads\/2019\/04\/br-tr-09-13-150x150.jpg 150w\" sizes=\"auto, (max-width: 300px) 100vw, 300px\" \/><p id=\"caption-attachment-21525\" class=\"wp-caption-text\">Stra\u017enji dio trima \/ Trimr\u00fcckseite<\/p><\/div>\n<p>Am 03.03.2019 wurde der Trim besucht und n\u00e4her untersucht:<\/p>\n<p>Standort: Olivenhain<br \/>\nUntergrund: Hanglage<br \/>\nVerbunden mit: freistehend<br \/>\nNutzung: genutzt<br \/>\nZustand: gut erhalten<br \/>\nAnzahl der Trimstufen: 1<br \/>\nZus\u00e4tzlicher Steinring: kein Steinring<br \/>\nStiege: Kragsteine<br \/>\nSteinform: gemischt<br \/>\nEingangsbereich: frei<br \/>\nEingangsseite: W (260\u00b0)<br \/>\nTrimdurchmesser (cm): 400<br \/>\nTrimh\u00f6he (cm): 260<br \/>\nH\u00f6he der Trimstufen (cm): Stufe 1: 190<br \/>\nWandst\u00e4rke (cm): 70<br \/>\nT\u00fcrbreite (cm): 75<br \/>\nT\u00fcrh\u00f6he (cm): 110<br \/>\nInnenraumbreite (cm): 240 &#8211; 250<br \/>\nInnenraumh\u00f6he (cm): 240<br \/>\nRaumvolumen (m3): 7,26<br \/>\nNische 1 (P\/B\/H\/T) (cm): 110 \/ 20 \/ 15 \/ 40<br \/>\nNische 2 (P\/B\/H\/T) (cm): 110 \/ 30 \/ 25 \/ 30<\/p><\/div><\/div><div class='clear_column'><\/div><\/p>\n<p><img loading=\"lazy\" decoding=\"async\" class=\"alignnone size-full wp-image-20789\" src=\"https:\/\/www.topohvar.at\/wp-content\/uploads\/2019\/03\/br-tr-09-sca.jpg\" alt=\"\" width=\"600\" height=\"895\" srcset=\"https:\/\/www.topohvar.at\/wp-content\/uploads\/2019\/03\/br-tr-09-sca.jpg 600w, https:\/\/www.topohvar.at\/wp-content\/uploads\/2019\/03\/br-tr-09-sca-201x300.jpg 201w\" sizes=\"auto, (max-width: 600px) 100vw, 600px\" \/><\/p>\n<p style=\"text-align: right;\"><a href=\"#seite_oben\">natrag na vrh \/ Seitenanfang<\/a><\/p>\n<hr \/>\n<p><strong>Linkovi \/ Links<\/strong><\/p>\n<p><span style=\"color: #3366ff;\"><a style=\"color: #3366ff;\" href=\"https:\/\/www.topohvar.at\/topo\/orte\/br\/br-op-00-0\/#op-38\">Gustirna \/ Zisterne BR-OP-38<\/a><\/span><\/p>\n<p>&nbsp;<\/p>\n","protected":false},"excerpt":{"rendered":"<p>Ime \/ Name Trim \u00bbBR-TR-09\u00ab Code: BR-TR-09\u00a0 \u00a0 \u00a0 \u00a0 \u00a0 \u00a0 \u00a0 \u00a0 \u00a0 \u00a0 \u00a0 \u00a0 \u00a0 \u00a0 \u00a0 \u00a0 \u00a0 \u00a0 Adresa \/ Adresse Brusje, jugozapadno od mjesta \/ s\u00fcdwestlich des Ortes Lokacija \/ Position Latitude: N &hellip; <a href=\"https:\/\/www.topohvar.at\/topo\/orte\/br\/br-tr-09-2\/\">Weiterlesen <span class=\"meta-nav\">&rarr;<\/span><\/a><\/p>\n","protected":false},"author":1,"featured_media":0,"parent":65,"menu_order":0,"comment_status":"closed","ping_status":"closed","template":"","meta":{"footnotes":""},"class_list":["post-1343","page","type-page","status-publish","hentry"],"_links":{"self":[{"href":"https:\/\/www.topohvar.at\/topo\/wp-json\/wp\/v2\/pages\/1343","targetHints":{"allow":["GET"]}}],"collection":[{"href":"https:\/\/www.topohvar.at\/topo\/wp-json\/wp\/v2\/pages"}],"about":[{"href":"https:\/\/www.topohvar.at\/topo\/wp-json\/wp\/v2\/types\/page"}],"author":[{"embeddable":true,"href":"https:\/\/www.topohvar.at\/topo\/wp-json\/wp\/v2\/users\/1"}],"replies":[{"embeddable":true,"href":"https:\/\/www.topohvar.at\/topo\/wp-json\/wp\/v2\/comments?post=1343"}],"version-history":[{"count":19,"href":"https:\/\/www.topohvar.at\/topo\/wp-json\/wp\/v2\/pages\/1343\/revisions"}],"predecessor-version":[{"id":73149,"href":"https:\/\/www.topohvar.at\/topo\/wp-json\/wp\/v2\/pages\/1343\/revisions\/73149"}],"up":[{"embeddable":true,"href":"https:\/\/www.topohvar.at\/topo\/wp-json\/wp\/v2\/pages\/65"}],"wp:attachment":[{"href":"https:\/\/www.topohvar.at\/topo\/wp-json\/wp\/v2\/media?parent=1343"}],"curies":[{"name":"wp","href":"https:\/\/api.w.org\/{rel}","templated":true}]}}