{"id":1399,"date":"2018-07-29T17:24:43","date_gmt":"2018-07-29T15:24:43","guid":{"rendered":"https:\/\/www.topohvar.at\/?page_id=1399"},"modified":"2021-04-15T11:47:10","modified_gmt":"2021-04-15T09:47:10","slug":"gd-tg-03-2","status":"publish","type":"page","link":"https:\/\/www.topohvar.at\/topo\/orte\/gd\/gd-tg-03-2\/","title":{"rendered":"GROMIN DOLAC &#8211; Ku\u0107a \u00bbLupi (Budi\u0107, danas Radoni\u0107)\u00ab"},"content":{"rendered":"<p><a name=\"seite_oben\"><\/a><br \/>\n<strong><img loading=\"lazy\" decoding=\"async\" class=\"alignnone wp-image-1403 size-large\" src=\"https:\/\/www.topohvar.at\/wp-content\/uploads\/2018\/07\/GD-TG-03-1-1024x503.jpg\" alt=\"\" width=\"640\" height=\"314\" srcset=\"https:\/\/www.topohvar.at\/wp-content\/uploads\/2018\/07\/GD-TG-03-1-1024x503.jpg 1024w, https:\/\/www.topohvar.at\/wp-content\/uploads\/2018\/07\/GD-TG-03-1-300x147.jpg 300w, https:\/\/www.topohvar.at\/wp-content\/uploads\/2018\/07\/GD-TG-03-1-768x377.jpg 768w\" sizes=\"auto, (max-width: 640px) 100vw, 640px\" \/><\/strong><\/p>\n<p><strong>Ime \/ Name<br \/>\n<\/strong>Ku\u0107a \u00bbLupi (Budi\u0107, danas Radoni\u0107)\u00ab \/ Haus \u00bbLupi (Budi\u0107, heute Radoni\u0107)\u00ab<\/p>\n<p><strong>Code: <\/strong>GD-TG-03\u00a0 \u00a0 \u00a0 \u00a0 \u00a0 \u00a0 \u00a0 \u00a0 \u00a0 \u00a0 \u00a0 \u00a0 \u00a0 \u00a0 \u00a0 \u00a0 \u00a0 \u00a0 \u00a0 \u00a0 \u00a0 \u00a0 \u00a0\u00a0<strong> <a href=\"https:\/\/www.topohvar.at\/orte\/gd\/\"><img loading=\"lazy\" decoding=\"async\" class=\"alignnone wp-image-535 size-full\" src=\"https:\/\/www.topohvar.at\/wp-content\/uploads\/2018\/07\/push-o-30.jpg\" alt=\"\" width=\"61\" height=\"30\" \/><\/a> <\/strong><\/p>\n<hr \/>\n<p><strong>Adresa \/ Adresse<br \/>\n<\/strong>Gromin Dolac, ku\u0107a Radoni\u0107<\/p>\n<p><strong>Lokacija \/ Position<a href=\"https:\/\/goo.gl\/maps\/MStsCJ2RPgfETVNE6\"><img loading=\"lazy\" decoding=\"async\" class=\"alignright wp-image-1404\" src=\"https:\/\/www.topohvar.at\/wp-content\/uploads\/2018\/07\/0109.jpg\" alt=\"\" width=\"134\" height=\"100\" \/><\/a><br \/>\n<\/strong><span style=\"color: #3366ff;\"><a style=\"color: #3366ff;\" href=\"https:\/\/goo.gl\/maps\/MStsCJ2RPgfETVNE6\">Latitude: N 43,12702\u00b0\u00a0 \u00a0Longitude: E 16,74396\u00b0<\/a> <\/span><strong><br \/>\n<\/strong>Visina \/ H\u00f6he: 3 m<\/p>\n<p><strong>Katastarska \u010destica \/ Grundst\u00fccke<br \/>\n<\/strong>*435\/1, *435\/2, 435\/6 (DKP Jelsa)<div class='content-column one_half'><div style=\"padding-right:6px;\"><p><strong>Datum snimanja \/ Erfassungsdatum<br \/>\n<\/strong>25.05.2015 10:32:48<\/p>\n<hr \/>\n<p><strong>Informacije<\/strong><\/p>\n<p>Ljetnikovac Lupi u Gromindolcu narod naziva i &#8222;Budica ku\u0107a&#8220;, vjerojatno prema nadimku obitelji Budi\u0107. Nadimak su stekli \u010destim ponavljanjem osobnog imena Bondumijer, Budimir, Budi\u0107, ve\u0107 od 16. stolje\u0107a. Tako se 1547. godine spominje Budimir Lupi kao plemi\u010dki poslanik u Veneciji zajedno s Hanibalom Lu\u010di\u0107em. Njihova goti\u010dko-renesansna ku\u0107a u Hvaru, pored Lu\u010di\u0107eve, ima grb s inicjalima B. L., te sa zanimljivim natpisom OSTIVM NON HOSTIVIM. Mo\u017eda se naziva prema Budimiru Budi\u0107u Lupiju kojem je I van Ivani\u0161evi\u0107 1642. godine posvetio svoju knjigu &#8222;Od privare, i zle naravi xenske &#8220; u kojoj ga naziva &#8222;BVDIMIRV BVDICHIV Inako LVPV Obiyega Zakona Naucitegliu Arcipopu, Kanoniku, i vlastelinu Huarskemu, Vridnom, i poglauito priategliu svomu\u201c.<\/p><\/div><\/div><div class='content-column one_half last_column'><div style=\"padding-right:0px;padding-left:6px;\"><p><strong>Stupanj za\u0161tite \/ Schutzstellung<br \/>\n<\/strong>&#8211;<\/p>\n<hr \/>\n<p><strong>Info<\/strong><\/p>\n<p>Das Sommerhaushaus Lupi in Gromin Dolac wird auch als &#8222;Haus Budi\u0107&#8220; bezeichnet, wahrscheinlich mit dem Spitznamen der Familie Budic. Sie erhielten den Spitznamen durch h\u00e4ufige Wiederholung des pers\u00f6nlichen Namens Bondumijer, Budimir, Budi\u0107 seit dem 16. Jahrhundert. So wird Budimir Lupi 1547 zusammen mit Hannibal Lu\u010di\u0107 als adeliger Stellvertreter in Venedig erw\u00e4hnt. Ihr gotisch-Renaissance-Haus in Hvar neben dem von Lu\u010di\u0107 besitzt ein Wappen mit den Initialen B.L. und der interessanten Inschrift OSTIVM NON HOSTIVIM. Er k\u00f6nnte nach Budimir Budic Lupi benannt sein, der bereits 1642 sein Buch &#8222;From Deception and the Evil Nature of Xenia&#8220;, in dem er es &#8222;BVDIMIRV BVDICHIV&#8220; ansonsten &#8222;Lupi&#8220; nannte, &#8230;&#8220;<\/p><\/div><\/div><div class='clear_column'><\/div><div class='content-column one_half'><div style=\"padding-right:6px;\"><p>Ponekad se u dokumentima prema obitelji Lupi cijeli isto\u010dni dio Pla\u017ee naziva &#8222;Spiaggia Lupi&#8220;. Ljetnikovac je gra\u0111en sredinom 16. stolje\u0107a, a sagra\u0111en je kao samostalan sklop, smje\u0161ten u samu morsku obalu. Okru\u017een je zidom s pu\u0161karnicama. Unutar zida je veliko poplo\u010dano dvori\u0161te s krunom zdenca. Nekoliko manjih zgrada, gospodarske namjene, smje\u0161teno je u sjevernom i isto\u010dnom dijelu sklopa. Glavna zgrada je jednokatnica, s gospodarskim prizemljem i stambenim katom. Ljetnikovac Lupi spada me\u0111u najzna\u010dajnije renesansne ladanjsko-gospodarske sklopove hvarske komune.<\/p><\/div><\/div><div class='content-column one_half last_column'><div style=\"padding-right:0px;padding-left:6px;\"><p>Nach Angaben der Familie Lupi wird die gesamte \u00f6stliche Meeresk\u00fcste manchmal als &#8222;Spiaggia Lupi&#8220; bezeichnet. Das Herrenhaus wurde Mitte des 16. Jahrhunderts erbaut und als eigenst\u00e4ndige Einheit direkt am Meer errichtet. Es ist von einer Mauer mit Schie\u00dfscharten umgeben. Innerhalb der Mauer befindet sich ein gro\u00dfer gepflasterter Innenhof mit einer Brunnenkrone. Im Norden und Osten des Komplexes befinden sich mehrere kleinereNebengeb\u00e4ude. Das Hauptgeb\u00e4ude ist einst\u00f6ckig und verf\u00fcgt \u00fcber ein wirtschaftliches Erdgeschoss und ein Wohngeschoss. Das Herrenhaus Lupi ist einer der bedeutendsten Renaissanceh\u00f6fe in den Hvarer Kommunen.<\/p><\/div><\/div><div class='clear_column'><\/div><\/p>\n<p style=\"text-align: center;\"><em>(LADANJSKA IZGRADNJA PROSTORA HVARSKE KOMUNE &#8211; Nik<\/em><em>\u0161a Petri<\/em><em>\u0107 &#8211; Ambroz Tudor)<\/em><\/p>\n<p style=\"text-align: right;\"><span style=\"color: #3366ff;\"><a style=\"color: #3366ff;\" href=\"#seite_oben\">natrag na vrh \/ Seitenanfang<\/a><\/span><\/p>\n<hr \/>\n<p><strong>Linkovi \/ Links<\/strong><\/p>\n<p><span style=\"color: #3366ff;\"><a style=\"color: #3366ff;\" href=\"https:\/\/www.topohvar.at\/topo\/orte\/hv\/hv-tg-64-1\/\">Kuca Lupi u Hvaru \/ Haus Lupi in Hvar<\/a><\/span><\/p>\n","protected":false},"excerpt":{"rendered":"<p>Ime \/ Name Ku\u0107a \u00bbLupi (Budi\u0107, danas Radoni\u0107)\u00ab \/ Haus \u00bbLupi (Budi\u0107, heute Radoni\u0107)\u00ab Code: GD-TG-03\u00a0 \u00a0 \u00a0 \u00a0 \u00a0 \u00a0 \u00a0 \u00a0 \u00a0 \u00a0 \u00a0 \u00a0 \u00a0 \u00a0 \u00a0 \u00a0 \u00a0 \u00a0 \u00a0 \u00a0 \u00a0 \u00a0 \u00a0\u00a0 Adresa \/ &hellip; <a href=\"https:\/\/www.topohvar.at\/topo\/orte\/gd\/gd-tg-03-2\/\">Weiterlesen <span class=\"meta-nav\">&rarr;<\/span><\/a><\/p>\n","protected":false},"author":1,"featured_media":0,"parent":70,"menu_order":0,"comment_status":"closed","ping_status":"closed","template":"","meta":{"footnotes":""},"class_list":["post-1399","page","type-page","status-publish","hentry"],"_links":{"self":[{"href":"https:\/\/www.topohvar.at\/topo\/wp-json\/wp\/v2\/pages\/1399","targetHints":{"allow":["GET"]}}],"collection":[{"href":"https:\/\/www.topohvar.at\/topo\/wp-json\/wp\/v2\/pages"}],"about":[{"href":"https:\/\/www.topohvar.at\/topo\/wp-json\/wp\/v2\/types\/page"}],"author":[{"embeddable":true,"href":"https:\/\/www.topohvar.at\/topo\/wp-json\/wp\/v2\/users\/1"}],"replies":[{"embeddable":true,"href":"https:\/\/www.topohvar.at\/topo\/wp-json\/wp\/v2\/comments?post=1399"}],"version-history":[{"count":17,"href":"https:\/\/www.topohvar.at\/topo\/wp-json\/wp\/v2\/pages\/1399\/revisions"}],"predecessor-version":[{"id":47895,"href":"https:\/\/www.topohvar.at\/topo\/wp-json\/wp\/v2\/pages\/1399\/revisions\/47895"}],"up":[{"embeddable":true,"href":"https:\/\/www.topohvar.at\/topo\/wp-json\/wp\/v2\/pages\/70"}],"wp:attachment":[{"href":"https:\/\/www.topohvar.at\/topo\/wp-json\/wp\/v2\/media?parent=1399"}],"curies":[{"name":"wp","href":"https:\/\/api.w.org\/{rel}","templated":true}]}}