{"id":14150,"date":"2018-12-29T07:18:47","date_gmt":"2018-12-29T06:18:47","guid":{"rendered":"https:\/\/www.topohvar.at\/?page_id=14150"},"modified":"2021-11-10T11:25:25","modified_gmt":"2021-11-10T10:25:25","slug":"hv-ca-02-1","status":"publish","type":"page","link":"https:\/\/www.topohvar.at\/topo\/orte\/hv\/hv-ca-02-1\/","title":{"rendered":"HVAR- Biv\u0161i Dominikanski samostan \u00bbSv. Marak\u00ab"},"content":{"rendered":"<p><a name=\"seite_oben\"><\/a><br \/>\n<img loading=\"lazy\" decoding=\"async\" class=\"alignnone wp-image-14144 size-large\" src=\"https:\/\/www.topohvar.at\/wp-content\/uploads\/2018\/12\/HV-CA-02-1-1024x503.jpg\" alt=\"\" width=\"640\" height=\"314\" srcset=\"https:\/\/www.topohvar.at\/wp-content\/uploads\/2018\/12\/HV-CA-02-1-1024x503.jpg 1024w, https:\/\/www.topohvar.at\/wp-content\/uploads\/2018\/12\/HV-CA-02-1-300x147.jpg 300w, https:\/\/www.topohvar.at\/wp-content\/uploads\/2018\/12\/HV-CA-02-1-768x377.jpg 768w, https:\/\/www.topohvar.at\/wp-content\/uploads\/2018\/12\/HV-CA-02-1.jpg 1080w\" sizes=\"auto, (max-width: 640px) 100vw, 640px\" \/><\/p>\n<p><strong>Ime \/ Name<br \/>\n<\/strong>Biv\u0161i Dominikanski samostan \u00bbSv. Marak\u00ab \/ ehemaliges Dominikanerkloster zum hl. Markus<\/p>\n<p><strong>Code: <\/strong>HV-CA-02\u00a0 \u00a0 \u00a0 \u00a0 \u00a0 \u00a0 \u00a0 \u00a0 \u00a0 \u00a0 \u00a0 \u00a0 \u00a0 \u00a0 \u00a0 \u00a0 \u00a0 \u00a0\u00a0<a href=\"https:\/\/www.topohvar.at\/orte\/hv\/hv-ck-01-1\/\"><img loading=\"lazy\" decoding=\"async\" class=\"alignnone wp-image-12300 size-full\" src=\"https:\/\/www.topohvar.at\/wp-content\/uploads\/2018\/09\/push-vor-30.jpg\" alt=\"\" width=\"61\" height=\"30\" \/><\/a>\u00a0<strong><a href=\"https:\/\/www.topohvar.at\/orte\/hv\/hv-ca-07-1\/\"><img loading=\"lazy\" decoding=\"async\" class=\"alignnone wp-image-533 size-full\" src=\"https:\/\/www.topohvar.at\/wp-content\/uploads\/2018\/07\/push-l-30.jpg\" alt=\"\" width=\"61\" height=\"30\" \/><\/a> <a href=\"https:\/\/www.topohvar.at\/orte\/hv\/\"><img loading=\"lazy\" decoding=\"async\" class=\"alignnone wp-image-535 size-full\" src=\"https:\/\/www.topohvar.at\/wp-content\/uploads\/2018\/07\/push-o-30.jpg\" alt=\"\" width=\"61\" height=\"30\" \/><\/a> <a href=\"https:\/\/www.topohvar.at\/orte\/hv\/hv-ca-03-1\/\"><img loading=\"lazy\" decoding=\"async\" class=\"alignnone wp-image-536 size-full\" src=\"https:\/\/www.topohvar.at\/wp-content\/uploads\/2018\/07\/push-r-30.jpg\" alt=\"\" width=\"61\" height=\"30\" \/><\/a>\u00a0<a href=\"https:\/\/www.topohvar.at\/orte\/hv\/hv-ci-01-1\/\"><img loading=\"lazy\" decoding=\"async\" class=\"alignnone wp-image-12299 size-full\" src=\"https:\/\/www.topohvar.at\/wp-content\/uploads\/2018\/09\/push-next-30.jpg\" alt=\"\" width=\"61\" height=\"30\" \/><\/a><\/strong><\/p>\n<hr \/>\n<p><strong>Adresa \/ Adresse<br \/>\n<\/strong>Grad Hvar,\u00a0Ulica Sv. Marak 16<\/p>\n<p><strong>Lokacija \/ Position<a href=\"https:\/\/goo.gl\/maps\/esXAHLYry9upjEv58\"><img loading=\"lazy\" decoding=\"async\" class=\"alignright wp-image-15598\" src=\"https:\/\/www.topohvar.at\/wp-content\/uploads\/2019\/01\/0224.jpg\" alt=\"\" width=\"134\" height=\"100\" \/><\/a><br \/>\n<\/strong><span style=\"color: #3366ff;\"><a style=\"color: #3366ff;\" href=\"https:\/\/goo.gl\/maps\/esXAHLYry9upjEv58\">Latitude: N 43,17290\u00b0\u00a0 \u00a0Longitude: E 16,43977\u00b0<\/a> <\/span><strong><br \/>\n<\/strong>Visina \/ H\u00f6he: 14 m<\/p>\n<p><strong>Katastarska \u010destica<\/strong><strong> \/ Grundst\u00fccke<br \/>\n<\/strong>*15, *16\/1, 173, 174\/1, 176, 178\/1, 178\/2, 178\/3, 178\/4<div class='content-column one_half'><div style=\"padding-right:6px;\"><p><strong>Datum snimanja \/ Erfassungsdatum<br \/>\n<\/strong>28.10.2014 11:13:47<\/p>\n<hr \/>\n<p><strong>Informacije<\/strong><\/p>\n<p>Samostan sagra\u0111en u 13.-14. stolje\u0107u, na zapadnom rubu grada. Dominikanski samostan i crkva sv. Marka spominju se prvi put 1312.g., a dana\u0161nji ostaci potje\u010du iz 16. i 17.st.<\/p><\/div><\/div><div class='content-column one_half last_column'><div style=\"padding-right:0px;padding-left:6px;\"><p><strong>Stupanj za\u0161tite<\/strong> <strong>\/ Schutzstellung<br \/>\n<\/strong>RST 218<\/p>\n<hr \/>\n<p><strong>Info<\/strong><\/p>\n<p>Das Dominikanerkloster wurde im 13. &#8211; 14. Jahrhundert am westlichen Rand der Stadt errichtet. Das Kloster und Kirche zum hl. Markus werden zum ersten Mal im Jahr 1312 erw\u00e4hnt. Die heutigen \u00dcberreste stammen aus dem 16. und 17. Jahrhundert.<\/p><\/div><\/div><div class='clear_column'><\/div><div class='content-column one_half'><div style=\"padding-right:6px;\"><p>14.-17. st. Dominikanski samostan i crkva sv. Marka bio je va\u017ean prostor kulturnog i dru\u0161tvenog \u017eivota grada i bila je stolje\u0107ima sjedi\u0161te plemi\u0107koga Velikog vije\u0107a.<\/p><\/div><\/div><div class='content-column one_half last_column'><div style=\"padding-right:0px;padding-left:6px;\"><p>Vom 14. bis zum 17. Jh. war das Dominikanerkloster mit seiner Kirche ein wichtiger Ort des kulturellen und gesellschaftlichen Lebens der Stadt und jahrhundertelang Sitz der Gro\u00dfen Kammer der Stadt Hvar.<\/p><\/div><\/div><div class='clear_column'><\/div><div class='content-column one_half'><div style=\"padding-right:6px;\"><p>Samostan i crkva su francuskom upravom 1807. godine, prestali slu\u017eiti svojoj svrsi. Ukinut od napoleonske uprave, a sru\u0161en dijelom u prvoj polovini 19. stolje\u0107a kada se na njegovom mjestu trebalo smjestiti gradsko groblje.<\/p><\/div><\/div><div class='content-column one_half last_column'><div style=\"padding-right:0px;padding-left:6px;\"><p>Kloster und Kirche erf\u00fcllen seit der franz\u00f6sischen Herrschaft im Jahre 1807 nicht mehr ihren Zweck, sie wurden von der napoleonischen Verwaltung abgeschafft und in der ersten H\u00e4lfte des 19. Jahrhunderts teilweise abgerissen, als an seiner Stelle ein Stadtfriedhof errichtet werden sollte.<\/p><\/div><\/div><div class='clear_column'><\/div><div class='content-column one_half'><div style=\"padding-right:6px;\"><p>Poslije zadarskog, najve\u0107i dominikanski samostan mleta\u010dke Dalmacije. Sa\u010duvan je donji dio renesansno-barokne crkve bez svodova i krova, dio klaustra i zgrada samostanske kuhinje sa stubi\u0161tem do mora.<\/p><\/div><\/div><div class='content-column one_half last_column'><div style=\"padding-right:0px;padding-left:6px;\"><p>Das Kloster war nach Zadar das gr\u00f6\u00dfte Dominikanerkloster im venezianischen Dalmatien. Der untere Teil der Renaissance-Barockkirche ohne B\u00f6gen und Dach, ein Teil des Kreuzgangs und die Geb\u00e4ude der Klosterk\u00fcche mit einer Treppe zum Meer sind erhalten geblieben.<\/p><\/div><\/div><div class='clear_column'><\/div><\/p>\n<p style=\"text-align: right;\"><span style=\"color: #3366ff;\"><a style=\"color: #3366ff;\" href=\"#seite_oben\">natrag na vrh \/ Seitenanfang<\/a><\/span><\/p>\n<hr \/>\n<p><strong>Linkovi \/ Links<\/strong><\/p>\n<p><span style=\"color: #3366ff;\"><a style=\"color: #3366ff;\" href=\"https:\/\/www.topohvar.at\/topo\/orte\/hv\/hv-ci-07-1\/\">Biv\u0161a crkva \u00bbSv. Marka\u00ab \/ ehemalige Markuskirche<\/a><\/span><br \/>\n<span style=\"color: #3366ff;\"><a style=\"color: #3366ff;\" href=\"https:\/\/www.topohvar.at\/topo\/orte\/hv\/hv-op-09-1\/\">Objekt \u00bbGustirna u sv. Marka\u00ab \/ Zisterne bei der Markuskirche<\/a><br \/>\n<\/span><span style=\"color: #3366ff;\"><a style=\"color: #3366ff;\" href=\"https:\/\/www.topohvar.at\/orte\/hv\/hv-ig-51-1\/\">Grb \u201eObitelj Bartu\u010devi\u0107a &#8211; loza Hortenzija Bartu\u010devi\u0107a\u201c \/ Wappen der Familie\u00a0Bartu\u010devi\u0107 &#8211; Geschlecht Hortenzija Bartu\u010devi\u0107a<\/a><br \/>\n<a style=\"color: #3366ff;\" href=\"https:\/\/www.topohvar.at\/orte\/hv\/hv-ir-16-1\/\">Reljef \u00bbLav na ju\u017enoj strani crkve sv. Marka\u00ab \/ Relief &#8211; L\u00f6we an der S\u00fcdseite der Markuskirche<\/a><br \/>\n<a style=\"color: #3366ff;\" href=\"https:\/\/www.topohvar.at\/orte\/hv\/hv-is-23-1\/\">Spomen plo\u010da \/ Gedenktafel \u00bbVicko Priboevi\u0107\u00ab<\/a><\/span><\/p>\n<p>&nbsp;<\/p>\n<p><span style=\"color: #3366ff;\">\u00a0<\/span><\/p>\n","protected":false},"excerpt":{"rendered":"<p>Ime \/ Name Biv\u0161i Dominikanski samostan \u00bbSv. Marak\u00ab \/ ehemaliges Dominikanerkloster zum hl. Markus Code: HV-CA-02\u00a0 \u00a0 \u00a0 \u00a0 \u00a0 \u00a0 \u00a0 \u00a0 \u00a0 \u00a0 \u00a0 \u00a0 \u00a0 \u00a0 \u00a0 \u00a0 \u00a0 \u00a0\u00a0\u00a0 \u00a0 Adresa \/ Adresse Grad Hvar,\u00a0Ulica Sv. &hellip; <a href=\"https:\/\/www.topohvar.at\/topo\/orte\/hv\/hv-ca-02-1\/\">Weiterlesen <span class=\"meta-nav\">&rarr;<\/span><\/a><\/p>\n","protected":false},"author":1,"featured_media":0,"parent":80,"menu_order":0,"comment_status":"closed","ping_status":"closed","template":"","meta":{"footnotes":""},"class_list":["post-14150","page","type-page","status-publish","hentry"],"_links":{"self":[{"href":"https:\/\/www.topohvar.at\/topo\/wp-json\/wp\/v2\/pages\/14150","targetHints":{"allow":["GET"]}}],"collection":[{"href":"https:\/\/www.topohvar.at\/topo\/wp-json\/wp\/v2\/pages"}],"about":[{"href":"https:\/\/www.topohvar.at\/topo\/wp-json\/wp\/v2\/types\/page"}],"author":[{"embeddable":true,"href":"https:\/\/www.topohvar.at\/topo\/wp-json\/wp\/v2\/users\/1"}],"replies":[{"embeddable":true,"href":"https:\/\/www.topohvar.at\/topo\/wp-json\/wp\/v2\/comments?post=14150"}],"version-history":[{"count":15,"href":"https:\/\/www.topohvar.at\/topo\/wp-json\/wp\/v2\/pages\/14150\/revisions"}],"predecessor-version":[{"id":53380,"href":"https:\/\/www.topohvar.at\/topo\/wp-json\/wp\/v2\/pages\/14150\/revisions\/53380"}],"up":[{"embeddable":true,"href":"https:\/\/www.topohvar.at\/topo\/wp-json\/wp\/v2\/pages\/80"}],"wp:attachment":[{"href":"https:\/\/www.topohvar.at\/topo\/wp-json\/wp\/v2\/media?parent=14150"}],"curies":[{"name":"wp","href":"https:\/\/api.w.org\/{rel}","templated":true}]}}