{"id":14165,"date":"2018-12-29T07:29:27","date_gmt":"2018-12-29T06:29:27","guid":{"rendered":"https:\/\/www.topohvar.at\/?page_id=14165"},"modified":"2024-10-06T10:44:56","modified_gmt":"2024-10-06T08:44:56","slug":"hv-ca-05-1","status":"publish","type":"page","link":"https:\/\/www.topohvar.at\/topo\/orte\/hv\/hv-ca-05-1\/","title":{"rendered":"HVAR &#8211; Biv\u0161i Augustinaca samostan \u00bbSv. Nikole\u00ab"},"content":{"rendered":"<p><a name=\"seite_oben\"><\/a><br \/>\n<img loading=\"lazy\" decoding=\"async\" class=\"alignnone wp-image-14147 size-large\" src=\"https:\/\/www.topohvar.at\/wp-content\/uploads\/2018\/12\/hv-ca-05-1-1024x503.jpg\" alt=\"\" width=\"640\" height=\"314\" srcset=\"https:\/\/www.topohvar.at\/wp-content\/uploads\/2018\/12\/hv-ca-05-1-1024x503.jpg 1024w, https:\/\/www.topohvar.at\/wp-content\/uploads\/2018\/12\/hv-ca-05-1-300x147.jpg 300w, https:\/\/www.topohvar.at\/wp-content\/uploads\/2018\/12\/hv-ca-05-1-768x377.jpg 768w, https:\/\/www.topohvar.at\/wp-content\/uploads\/2018\/12\/hv-ca-05-1.jpg 1080w\" sizes=\"auto, (max-width: 640px) 100vw, 640px\" \/><\/p>\n<p><strong>Ime \/ Name<br \/>\n<\/strong>Biv\u0161i Augustinaca samostan \u00bbSv. Nikole\u00ab \/ ehemaliges Augustinerkloster St. Nikolaus<\/p>\n<p><strong>Code: <\/strong>HV-CA-05\u00a0 \u00a0 \u00a0 \u00a0 \u00a0 \u00a0 \u00a0 \u00a0 \u00a0 \u00a0 \u00a0 \u00a0 \u00a0 \u00a0 \u00a0 \u00a0 \u00a0 \u00a0\u00a0<a href=\"https:\/\/www.topohvar.at\/orte\/hv\/hv-ck-01-1\/\"><img loading=\"lazy\" decoding=\"async\" class=\"alignnone wp-image-12300 size-full\" src=\"https:\/\/www.topohvar.at\/wp-content\/uploads\/2018\/09\/push-vor-30.jpg\" alt=\"\" width=\"61\" height=\"30\" \/><\/a>\u00a0<strong><a href=\"https:\/\/www.topohvar.at\/orte\/hv\/hv-ca-03-1\/\"><img loading=\"lazy\" decoding=\"async\" class=\"alignnone wp-image-533 size-full\" src=\"https:\/\/www.topohvar.at\/wp-content\/uploads\/2018\/07\/push-l-30.jpg\" alt=\"\" width=\"61\" height=\"30\" \/><\/a> <a href=\"https:\/\/www.topohvar.at\/orte\/hv\/\"><img loading=\"lazy\" decoding=\"async\" class=\"alignnone wp-image-535 size-full\" src=\"https:\/\/www.topohvar.at\/wp-content\/uploads\/2018\/07\/push-o-30.jpg\" alt=\"\" width=\"61\" height=\"30\" \/><\/a> <a href=\"https:\/\/www.topohvar.at\/orte\/hv\/hv-ca-06-1\/\"><img loading=\"lazy\" decoding=\"async\" class=\"alignnone wp-image-536 size-full\" src=\"https:\/\/www.topohvar.at\/wp-content\/uploads\/2018\/07\/push-r-30.jpg\" alt=\"\" width=\"61\" height=\"30\" \/><\/a>\u00a0<a href=\"https:\/\/www.topohvar.at\/orte\/hv\/hv-ci-01-1\/\"><img loading=\"lazy\" decoding=\"async\" class=\"alignnone wp-image-12299 size-full\" src=\"https:\/\/www.topohvar.at\/wp-content\/uploads\/2018\/09\/push-next-30.jpg\" alt=\"\" width=\"61\" height=\"30\" \/><\/a><\/strong><\/p>\n<hr \/>\n<p><strong>Adresa \/ Adresse<br \/>\n<\/strong>Grad Hvar,\u00a0Ulica \u0160ime Buzuli\u0107 Tome 19A, gradsko groblje \/ st\u00e4dtischer Friedhof<\/p>\n<p><strong>Lokacija \/ Position<a href=\"https:\/\/goo.gl\/maps\/mrdD94Rv9L3QiqQ66\"><img loading=\"lazy\" decoding=\"async\" class=\"alignright wp-image-15612\" src=\"https:\/\/www.topohvar.at\/wp-content\/uploads\/2019\/01\/0292.jpg\" alt=\"\" width=\"134\" height=\"100\" \/><\/a><br \/>\n<\/strong><span style=\"color: #3366ff;\"><a style=\"color: #3366ff;\" href=\"https:\/\/goo.gl\/maps\/mrdD94Rv9L3QiqQ66\">Latitude: N 43,17066\u00b0\u00a0 \u00a0Longitude: E 16,44397\u00b0<\/a> <\/span><strong><br \/>\n<\/strong>Visina \/ H\u00f6he: 46 m<\/p>\n<p><strong>Katastarska \u010destica<\/strong><strong> \/ Grundst\u00fccke<br \/>\n<\/strong>*487, *488, 3869<div class='content-column one_half'><div style=\"padding-right:6px;\"><p><strong>Datum snimanja \/ Erfassungsdatum<br \/>\n<\/strong>28.10.2014 12:05:52<\/p>\n<hr \/>\n<p><strong>Informacije<\/strong><\/p>\n<p>Dakle, Redu bra\u0107e pustinjaka sv. Augustina pripadao je i samostan sv. Nikole \u201esopra il Borgo&#8220; u Hvaru na mjestu dana\u0161njeg groblja. O vremenu nastanka samostana uz ve\u0107 postoje\u0107u crkvu sv. Nikole ne znamo gotovo ni\u0161ta jer je arhiv samostana izgubljen. No, iz izvora je znano da su u Hvaru augustinci-pustinjaci do\u0161li vjerojatno u 15. stolje\u0107u.<\/p><\/div><\/div><div class='content-column one_half last_column'><div style=\"padding-right:0px;padding-left:6px;\"><p><strong>Stupanj za\u0161tite<\/strong><strong> \/ Schutzstellung<br \/>\n<\/strong>&#8211;<\/p>\n<hr \/>\n<p><strong>Info<\/strong><\/p>\n<p>Zum Orden der Br\u00fcder der Einsiedler des hl. Augustinus geh\u00f6rte auch das Kloster zum hl. Nikolaus &#8222;sopra il Borgo&#8220; in der Stadt Hvar im Bereich des heutigen Friedhofs. Wir wissen aber fast nichts \u00fcber die Zeit des Klosters mit der bestehenden Kirche St. Nikolaus, weil die Archive des Klosters verloren gegangen sind. Aus anderen Quellen ist aber bekannt, dass der Orden in Hvar wahrscheinlich im 15. Jh. entstand.<\/p><\/div><\/div><div class='clear_column'><\/div><div class='content-column one_half'><div style=\"padding-right:6px;\"><p>Vizitacije papinih izaslanika Valiera 1579. i M. Priulija 1603. govore o stanju hvarskog samostana imaterijalnoj kulturi istoga. Inventar iz Povijesnog arhiva u Zadru prikazuje stanje crkve i samostana pred njihovo ukinu\u0107e. Inventar je zapisan 1779., a samostan je ukinut odlukom mleta\u010dkog Senata 8. VI. 1787. godine.<\/p><\/div><\/div><div class='content-column one_half last_column'><div style=\"padding-right:0px;padding-left:6px;\"><p>Die Besuche der p\u00e4pstlichen Delegierten von Valier im Jahre 1579 und von M. Priuli im Jahre 1603 erz\u00e4hlen vom Zustand des Klosters in Hvar in der immateriellen Kultur desselben. Das Inventar aus dem Historischen Archiv in Zadar zeigt den Zustand der Kirche und des Klosters vor seiner Aufhebung. Das Inventar wurde 1779 verfasst, nachdem das Kloster durch die Entscheidung des venezianischen Senats am 8. 6. 1787 aufgel\u00f6st wurde.<\/p><\/div><\/div><div class='clear_column'><\/div><div class='content-column one_half'><div style=\"padding-right:6px;\"><p>Samostanska ku\u0107a se sastojala od ostave, blagovaonice, kuhinje, drvarnice, osam spava\u0107ih soba za redovnike, novake i goste samostana, te sobe za knjige tj. knji\u017enice. U knji\u017enici se osim knjiga nalazio i arhiv samostana, \u010duvan u \u0161krinji, na \u017ealost danas izgubljen. Sve prostorije samostanske ku\u0107e dobro su opremljene svim potrebitim, sukladno onovremenom na\u010dinu \u017eivljenja.<\/p><\/div><\/div><div class='content-column one_half last_column'><div style=\"padding-right:0px;padding-left:6px;\"><p>Das Klostergeb\u00e4ude bestand aus Lagerraum, Esszimmer, K\u00fcche, Holzofen, acht Schlafzimmern f\u00fcr M\u00f6nche, Novizen und G\u00e4ste des Klosters und B\u00fccherregalen, dh. Bibliotheken. In der Bibliothek befand sich neben den B\u00fcchern ein Klosterarchiv, das in einer Truhe aufbewahrt wurde, die heute leider verloren gegangen ist. Alle R\u00e4ume des Klosters waren mit allem Notwendigen ausgestattet und entsprachen dem zeitgen\u00f6ssischen Lebensstil.<\/p><\/div><\/div><div class='clear_column'><\/div><div class='content-column one_half'><div style=\"padding-right:6px;\"><p>U crkvi se nalaze \u010detiri oltara: glavni oltar: s kipovima sv. Augustina i sv. Ivana Krstitelja, tabernakulom, svije\u0107njacima, kri\u017eem i svim ostalim predmetima koji se na oltaru moraju nalaziti, oltar sv. Nikole iz Barija, oltar sv. Nikole Tolentinskog i oltar sv. Augustina. U crkvi su jo\u0161 kor i sakristija. Iza glavnog oltara i u sakristiji su smje\u0161tene klupe i ormari s mnogobrojnim, do u detalje opisanim, predmetima za slu\u017ebu Bo\u017eju, ukra\u0161avanje oltara i crkve, te misna ruho. Prema navedenom o\u010dito je u samostanu ranije boravilo vi\u0161e redovnika i novaka.<\/p><\/div><\/div><div class='content-column one_half last_column'><div style=\"padding-right:0px;padding-left:6px;\"><p>In der Kirche gab es vier Alt\u00e4re: den Hauptaltar: mit den Statuen des hl. Petrus. Augustinus und dem hl. Johannes dem T\u00e4ufer, einen Tabernakel, Kronleuchter, das Kreuz und all die anderen Gegenst\u00e4nde die auf einem Altar sein m\u00fcsssen, den Altar des hl. Nikolaus von Bari, den Altar des hl. Nikolaus Tolentinski und den Altar des hl. Augustinus. In der Kirche gibt es noch eine Sakristei. Hinter dem Hauptaltar und in der Sakristei befanden sich B\u00e4nke und Schr\u00e4nke mit einer gro\u00dfen Anzahl von diversen Gottesdienstobjekten, Dekorationen f\u00fcr Altar und Kirche sowie Schnitzereien. Demnach waren zuvor mehrere M\u00f6nche und Novizen im Kloster.<\/p><\/div><\/div><div class='clear_column'><\/div><div class='content-column one_half'><div style=\"padding-right:6px;\"><p>Samostan je raspolagao velikim posjedima zemlje na cijelom otoku Hvaru, pa kako je krajem 18. stolje\u0107a u samostanu bilo malo redovnika, Venecija se pobojala da bi golemo bogatstvo moglo prije\u0107i u privatne ruke. Ukidanjem kongregacije posjed je dospio u vlasnost mleta\u010dke komore. Augustinska crkva ostala je u kultu od po\u010detka XIX. Stolje\u0107a.<\/p><\/div><\/div><div class='content-column one_half last_column'><div style=\"padding-right:0px;padding-left:6px;\"><p>Das Kloster hatte gro\u00dfen Landbesitz auf der Insel Hvar, obwohl Ende des 18. Jh. nur wenige M\u00f6nche im Kloster lebten. Venedig bef\u00fcrchtete, dass das gro\u00dfe Verm\u00f6gen in private H\u00e4nde \u00fcbergehen k\u00f6nnte. Mit der Abschaffung der Kongregation ging das Anwesen dann in das Eigentum der venezianischen Kammer \u00fcber. Die Kirche des Augustinerklosters bestand seit Beginn des 19. Jh. weiter.<\/p><\/div><\/div><div class='clear_column'><\/div><div class='content-column one_half'><div style=\"padding-right:6px;\"><p>S dolaskom Francuza 1806. do\u0161ao je kraj crkvi i samostanu, jer je kompleks pretvoren u kamenolom, ve\u0107im dijelom sru\u0161eni, a materijal je iskori\u0161ten za gradnju utvrde \u201eBaterija na Kri\u017enom ratu\u201c u 1811.g.<\/p><\/div><\/div><div class='content-column one_half last_column'><div style=\"padding-right:0px;padding-left:6px;\"><p>Mit der Ankunft der Franzosen im Jahre 1806 kam das Ende von Kirche und Kloster. Der Komplex wurde als Steinbruch genutzt, weitgehend abgerissen und das Material im Jahr 1811 f\u00fcr den Bau der Befestigungsanlage \u201eBaterija na Kri\u017enom ratu\u201c verwendet.<\/p><\/div><\/div><div class='clear_column'><\/div><div class='content-column one_half'><div style=\"padding-right:6px;\"><p>Godine 1849. donese\u0161na je odluka o izgradnji novog gradskog groblja nad ostatcima crkve i samostana.<\/p><\/div><\/div><div class='content-column one_half last_column'><div style=\"padding-right:0px;padding-left:6px;\"><p>Im Jahr 1849 wurde beschlossen, einen neuen Stadtfriedhof aus den \u00dcberresten von Kirche und Kloster zu bauen.<\/p><\/div><\/div><div class='clear_column'><\/div><\/p>\n<p style=\"text-align: right;\"><span style=\"color: #3366ff;\"><a style=\"color: #3366ff;\" href=\"#seite_oben\">natrag na vrh \/ Seitenanfang<\/a><\/span><\/p>\n<hr \/>\n<p><strong>Linkovi \/ Links<\/strong><\/p>\n<p><span style=\"color: #3366ff;\"><a style=\"color: #3366ff;\" href=\"https:\/\/www.topohvar.at\/topo\/orte\/hv\/hv-ck-03-1\/\">Crkvica \u00bbGospe \u017dalosne, (ranije sv. Nikole)\u00ab \/ Kapelle Unserer Lieben Frau der Schmerzen (fr\u00fcher des hl. Nikolaus)<\/a><br \/>\n<a style=\"color: #3366ff;\" href=\"https:\/\/www.topohvar.at\/topo\/orte\/hv\/hv-td-09-1\/\">Tvr\u0111ava \u00bbBaterija Andreas na Kri\u017enome ratu ((baterija s lijeva)\u00ab \/ Festung &#8211; Batterie Andreas am Kreuzkap ( die linke Batterie)<\/a><\/span><br \/>\n<span style=\"color: #3366ff;\"><a style=\"color: #3366ff;\" href=\"https:\/\/www.topohvar.at\/topo\/orte\/hv\/hv-og-01-1\/\">Objekt \u00bbGradsko groblje\u00ab \/ Stadtfriedhof<\/a><\/span><\/p>\n","protected":false},"excerpt":{"rendered":"<p>Ime \/ Name Biv\u0161i Augustinaca samostan \u00bbSv. Nikole\u00ab \/ ehemaliges Augustinerkloster St. Nikolaus Code: HV-CA-05\u00a0 \u00a0 \u00a0 \u00a0 \u00a0 \u00a0 \u00a0 \u00a0 \u00a0 \u00a0 \u00a0 \u00a0 \u00a0 \u00a0 \u00a0 \u00a0 \u00a0 \u00a0\u00a0\u00a0 \u00a0 Adresa \/ Adresse Grad Hvar,\u00a0Ulica \u0160ime Buzuli\u0107 &hellip; <a href=\"https:\/\/www.topohvar.at\/topo\/orte\/hv\/hv-ca-05-1\/\">Weiterlesen <span class=\"meta-nav\">&rarr;<\/span><\/a><\/p>\n","protected":false},"author":1,"featured_media":0,"parent":80,"menu_order":0,"comment_status":"closed","ping_status":"closed","template":"","meta":{"footnotes":""},"class_list":["post-14165","page","type-page","status-publish","hentry"],"_links":{"self":[{"href":"https:\/\/www.topohvar.at\/topo\/wp-json\/wp\/v2\/pages\/14165","targetHints":{"allow":["GET"]}}],"collection":[{"href":"https:\/\/www.topohvar.at\/topo\/wp-json\/wp\/v2\/pages"}],"about":[{"href":"https:\/\/www.topohvar.at\/topo\/wp-json\/wp\/v2\/types\/page"}],"author":[{"embeddable":true,"href":"https:\/\/www.topohvar.at\/topo\/wp-json\/wp\/v2\/users\/1"}],"replies":[{"embeddable":true,"href":"https:\/\/www.topohvar.at\/topo\/wp-json\/wp\/v2\/comments?post=14165"}],"version-history":[{"count":13,"href":"https:\/\/www.topohvar.at\/topo\/wp-json\/wp\/v2\/pages\/14165\/revisions"}],"predecessor-version":[{"id":53382,"href":"https:\/\/www.topohvar.at\/topo\/wp-json\/wp\/v2\/pages\/14165\/revisions\/53382"}],"up":[{"embeddable":true,"href":"https:\/\/www.topohvar.at\/topo\/wp-json\/wp\/v2\/pages\/80"}],"wp:attachment":[{"href":"https:\/\/www.topohvar.at\/topo\/wp-json\/wp\/v2\/media?parent=14165"}],"curies":[{"name":"wp","href":"https:\/\/api.w.org\/{rel}","templated":true}]}}