{"id":14184,"date":"2018-12-29T10:53:30","date_gmt":"2018-12-29T09:53:30","guid":{"rendered":"https:\/\/www.topohvar.at\/?page_id=14184"},"modified":"2021-11-10T11:31:12","modified_gmt":"2021-11-10T10:31:12","slug":"hv-ci-06-1","status":"publish","type":"page","link":"https:\/\/www.topohvar.at\/topo\/orte\/hv\/hv-ci-06-1\/","title":{"rendered":"HVAR &#8211; Crkva \u00bbSv. Marije (Gospa od Milosta)\u00ab"},"content":{"rendered":"<p><a name=\"seite_oben\"><\/a><br \/>\n<img loading=\"lazy\" decoding=\"async\" class=\"alignnone wp-image-14178 size-large\" src=\"https:\/\/www.topohvar.at\/wp-content\/uploads\/2018\/12\/HV-Ci-06-1-1024x503.jpg\" alt=\"\" width=\"640\" height=\"314\" srcset=\"https:\/\/www.topohvar.at\/wp-content\/uploads\/2018\/12\/HV-Ci-06-1-1024x503.jpg 1024w, https:\/\/www.topohvar.at\/wp-content\/uploads\/2018\/12\/HV-Ci-06-1-300x147.jpg 300w, https:\/\/www.topohvar.at\/wp-content\/uploads\/2018\/12\/HV-Ci-06-1-768x377.jpg 768w, https:\/\/www.topohvar.at\/wp-content\/uploads\/2018\/12\/HV-Ci-06-1.jpg 1080w\" sizes=\"auto, (max-width: 640px) 100vw, 640px\" \/><\/p>\n<p><strong>Ime \/ Name<br \/>\n<\/strong>Crkva \u00bbSv. Marije (Gospa od Milosta)\u00ab \/ Kirche zur hl. Maria (der Barmherzigkeit)<\/p>\n<p><strong>Code: <\/strong>HV-CI-06\u00a0 \u00a0 \u00a0 \u00a0 \u00a0 \u00a0 \u00a0 \u00a0 \u00a0 \u00a0 \u00a0 \u00a0 \u00a0 \u00a0 \u00a0 \u00a0 \u00a0 \u00a0\u00a0<a href=\"https:\/\/www.topohvar.at\/orte\/hv\/hv-ca-01-1\/\"><img loading=\"lazy\" decoding=\"async\" class=\"alignnone wp-image-12300 size-full\" src=\"https:\/\/www.topohvar.at\/wp-content\/uploads\/2018\/09\/push-vor-30.jpg\" alt=\"\" width=\"61\" height=\"30\" \/><\/a>\u00a0<strong><a href=\"https:\/\/www.topohvar.at\/orte\/hv\/hv-ci-01-1\/\"><img loading=\"lazy\" decoding=\"async\" class=\"alignnone wp-image-533 size-full\" src=\"https:\/\/www.topohvar.at\/wp-content\/uploads\/2018\/07\/push-l-30.jpg\" alt=\"\" width=\"61\" height=\"30\" \/><\/a> <a href=\"https:\/\/www.topohvar.at\/orte\/hv\/\"><img loading=\"lazy\" decoding=\"async\" class=\"alignnone wp-image-535 size-full\" src=\"https:\/\/www.topohvar.at\/wp-content\/uploads\/2018\/07\/push-o-30.jpg\" alt=\"\" width=\"61\" height=\"30\" \/><\/a> <a href=\"https:\/\/www.topohvar.at\/orte\/hv\/hv-ci-09-1\/\"><img loading=\"lazy\" decoding=\"async\" class=\"alignnone wp-image-536 size-full\" src=\"https:\/\/www.topohvar.at\/wp-content\/uploads\/2018\/07\/push-r-30.jpg\" alt=\"\" width=\"61\" height=\"30\" \/><\/a>\u00a0<a href=\"https:\/\/www.topohvar.at\/orte\/hv\/hv-ck-01-1\/\"><img loading=\"lazy\" decoding=\"async\" class=\"alignnone wp-image-12299 size-full\" src=\"https:\/\/www.topohvar.at\/wp-content\/uploads\/2018\/09\/push-next-30.jpg\" alt=\"\" width=\"61\" height=\"30\" \/><\/a><\/strong><\/p>\n<hr \/>\n<p><strong>Adresa \/ Adresse<br \/>\n<\/strong>Grad Hvar,\u00a0\u0160etali\u0161te put Kri\u017ea 15<\/p>\n<p><strong>Lokacija \/ Position<a href=\"https:\/\/goo.gl\/maps\/k2gU1uzzicetSAVE9\"><img loading=\"lazy\" decoding=\"async\" class=\"alignright wp-image-15646\" src=\"https:\/\/www.topohvar.at\/wp-content\/uploads\/2019\/01\/1007.jpg\" alt=\"\" width=\"134\" height=\"100\" \/><\/a><br \/>\n<\/strong><span style=\"color: #3366ff;\"><a style=\"color: #3366ff;\" href=\"https:\/\/goo.gl\/maps\/k2gU1uzzicetSAVE9\">Latitude: N 43,16835\u00b0\u00a0 \u00a0Longitude: E 16,44312\u00b0<\/a> <\/span><strong><br \/>\n<\/strong>Visina \/ H\u00f6he: 7 m<\/p>\n<p><strong>Katastarska \u010destica<\/strong><strong> \/ Grundst\u00fccke<br \/>\n<\/strong>*486<div class='content-column one_half'><div style=\"padding-right:6px;\"><p><strong>Datum snimanja \/ Erfassungsdatum<br \/>\n<\/strong>28.10.2014 09:15:41<\/p><\/div><\/div><div class='content-column one_half last_column'><div style=\"padding-right:0px;padding-left:6px;\"><p><strong>Stupanj za\u0161tite<\/strong><strong> \/ Schutzstellung<br \/>\n<\/strong>Z-5091, RST 205<\/p><\/div><\/div><div class='clear_column'><\/div><\/p>\n<hr \/>\n<div class='content-column one_half'><div style=\"padding-right:6px;\"><p><strong>Informacije<\/strong><\/p>\n<p>Izgradnja crkve franjeva\u010dkog samostana zapo\u010dela je kao jednobrodna gra\u0111evina 1465. godine na mjestu kapele sv. Kri\u017ea.\u00a0Crkva je sazidana novcom skupljenim me\u0111u zapovjednicima la\u0111a koje su se na\u0161le u hvarskoj luci, kada se spasio od brodoloma Petar Superancio, zapovjednik jadranske flote. Crkva je zapo\u010deta 1465. na mjestu kapele sv. Kri\u017ea donacijom oficira mleta\u010dkih galija u Dalmaciji iz zahvalnosti Gospi od Milosti i prilozima gra\u0111ana.<\/p><\/div><\/div><div class='content-column one_half last_column'><div style=\"padding-right:0px;padding-left:6px;\"><p><strong>Info<\/strong><\/p>\n<p>Der Bau der Kirche des Franziskanerklosters begann als einschiffiger Bau im Jahr 1465 an Stelle der Kapelle zum hl. Kreuz. Die Kirche wurde mit den Geldern errichtet, die gesammelt wurden, nachdem der Kommandant der adriatischen Flotte Petar Superancio nach Schiffbruch im Hafen von Hvar aus dem Schiffswrack gerettet wurde. Den Bau m\u00f6glich machten die Spenden von Offizieren venezianischer Galeeren in Dalmatien und Beitr\u00e4ge von B\u00fcrgern aus Dankbarkeit Unserer Lieben Frau der Barmherzigkeit.<\/p><\/div><\/div><div class='clear_column'><\/div><div class='content-column one_half'><div style=\"padding-right:6px;\"><div id=\"attachment_20467\" style=\"width: 290px\" class=\"wp-caption aligncenter\"><img loading=\"lazy\" decoding=\"async\" aria-describedby=\"caption-attachment-20467\" class=\"wp-image-20467 size-full\" src=\"https:\/\/www.topohvar.at\/wp-content\/uploads\/2019\/02\/hv-ci-06-11.jpg\" alt=\"\" width=\"280\" height=\"280\" srcset=\"https:\/\/www.topohvar.at\/wp-content\/uploads\/2019\/02\/hv-ci-06-11.jpg 280w, https:\/\/www.topohvar.at\/wp-content\/uploads\/2019\/02\/hv-ci-06-11-150x150.jpg 150w\" sizes=\"auto, (max-width: 280px) 100vw, 280px\" \/><p id=\"caption-attachment-20467\" class=\"wp-caption-text\">&#8211; 1 &#8211;<\/p><\/div>\n<p>Ve\u0107i dio samostana zavr\u0161en u 16., a stambeni dijelovi u 17. stolje\u0107u. Crkva je pro\u0161irivana prema sjeveru u prvoj polovini 16. st. Nadogradnja (liniju razdvajanja) jo\u0161 se uvijek jasno vidi na fasadi (slika 1). Na pro\u010delju je sa\u010duvana lavova glava (slika 2) na biv\u0161em rubu sjevernog zida.<\/p><\/div><\/div><div class='content-column one_half last_column'><div style=\"padding-right:0px;padding-left:6px;\"><div id=\"attachment_20466\" style=\"width: 290px\" class=\"wp-caption aligncenter\"><img loading=\"lazy\" decoding=\"async\" aria-describedby=\"caption-attachment-20466\" class=\"wp-image-20466 size-full\" src=\"https:\/\/www.topohvar.at\/wp-content\/uploads\/2019\/02\/hv-ci-06-12.jpg\" alt=\"\" width=\"280\" height=\"280\" srcset=\"https:\/\/www.topohvar.at\/wp-content\/uploads\/2019\/02\/hv-ci-06-12.jpg 280w, https:\/\/www.topohvar.at\/wp-content\/uploads\/2019\/02\/hv-ci-06-12-150x150.jpg 150w\" sizes=\"auto, (max-width: 280px) 100vw, 280px\" \/><p id=\"caption-attachment-20466\" class=\"wp-caption-text\">&#8211; 2 &#8211;<\/p><\/div>\n<p>Der gr\u00f6\u00dfte Teil des Klosters wurde im 16. Jahrhundert und die Wohngebiete im 17. Jahrhundert fertiggestellt. Die Kirche wurde in der ersten H\u00e4lfte des 16. Jahrhunderts nach Norden erweitert. Die Anbau (Trennfuge) ist in der Fassade noch deutlich zu erkennen (Bild 1). An der Fassade ist an der ehemaligen Kante zur Nordwand ein L\u00f6wenkopf (Bild 2) erhalten.<\/p><\/div><\/div><div class='clear_column'><\/div><div class='content-column one_half'><div style=\"padding-right:6px;\"><p>Asimetri\u010dne je gradnje sa goti\u010dkim prozorima i renesansnim lukovima. Ograda sveti\u0161ta je vjerojatno iz kapele sv. Kri\u017ea. U izvornom su obliku: svod, prozor lijevo od velikog oltara, rozeta i ulaz u crkvu koje je sjajna renesansa. U luneti glavnog portala postavljen je 1465.-1471. godine Gospin kip sdjetetom, rad Nikole Firentinca. Godine 1471. sazidan je velik oltar i dva mala pod orguljama, a same orgulje 1599. godine. Godine 1536. izgra\u0111en je sjeverni kapelom Sv. Kri\u017ea.<\/p><\/div><\/div><div class='content-column one_half last_column'><div style=\"padding-right:0px;padding-left:6px;\"><p>Der Bau ist asymmetrisch mit gotischen Fenstern und Renaissance-B\u00f6gen. Die Altarschranke stammt wahrscheinlich aus der Kapelle zum hl. Kreuz. In ihrer urspr\u00fcnglichen Form sind erhalten: Gew\u00f6lbe, die Fenster links vom Hochaltar, die Rosette und der Eingang zur Kirche. Dieser ist eine pr\u00e4chtige Renaissancearbeit. In der L\u00fcnette des Hauptportals befindet sich eine Statue der sitzenden Madonna aus den Jahren 1465 \u2013 1471, eine Arbeit des Nicholas von Florenz. Im Jahr 1471 wurde der gro\u00dfe Altar und zwei kleine Alt\u00e4re unterhalb der Orgel errichtet. Die Orgel selbst stammt aus dem Jahr 1599. Im Jahre 1536 wurde die Nordkapelle zum hl. Kreuz angebaut.<\/p><\/div><\/div><div class='clear_column'><\/div><div class='content-column one_half'><div style=\"padding-right:6px;\"><p>Klesar Frane Zivkovi\u0107, koji je 1576. g. isklesao bo\u010dna vrata crkve, je 1593.g. darovao dvije mise u crkvi Gospe od Navje\u0161tenja (spomen plo\u010da).<\/p><\/div><\/div><div class='content-column one_half last_column'><div style=\"padding-right:0px;padding-left:6px;\"><p>Der Bildhauer Frane Zivkovi\u0107 der im Jahr 1576 die Seitent\u00fcre der Kirche schuf, stiftete im Jahr 1593 in der Kirche Unserer Lieben Frau von der Verk\u00fcndigung zwei Messen (Gedenktafel).<\/p><\/div><\/div><div class='clear_column'><\/div><div class='content-column one_half'><div style=\"padding-right:6px;\"><p>Humanist, dominikanac fra Vinko Pribojevi\u0107 je u govoru o Slavenima 1525. rekao da se u franjeva\u010dkom samostanu \u201cposebno \u0161tuje \u010dudotvorna slika Majke Bo\u017eje\u201d i da je \u201clijep, prostran i na glasu brojnim i uzornim redovnicima\u201d. O crkvi kao sveti\u0161tu pomoraca veli: \u201c\u010cesto vidjeh onu luku u zoru bez la\u0111e, a uve\u010der istoga dana nabrojih u njoj 20-30 velikih brodova.\u201d Al\u017eirski su gusari (oko 80 la\u0111a) 17. kolovoza 1571. orobili i zapalili grad i samostan (spomen plo\u010da).<\/p><\/div><\/div><div class='content-column one_half last_column'><div style=\"padding-right:0px;padding-left:6px;\"><p>Der Humanist und Dominikaner Vinko Pribojevi\u0107 sagt in einer Rede \u00fcber die Slawen im Jahr 1525, dass im Franziskanerkloster \u201ebesonders das Gnadenbild der Madonna verehrt wird\u201c, und das Kloster \u201esch\u00f6n, ger\u00e4umig, und der Ruf der M\u00f6nche beispielhaft\u201c sei. In der Kirche die als Seefahrerzuflucht galt sagte er: \u201eIch sah oft, dass der Hafen in der Morgend\u00e4mmerung noch ohne Schiffe war, jedoch am Abend desselben Tages habe ich dann 20-30 gro\u00dfe Schiffe gez\u00e4hlt.\u201c\u00a0Algerischen Piraten (etwa 80 Schiffe) raubten und pl\u00fcnderten am 17. August 1571 und z\u00fcndeten Stadt und Kloster an (Gedenktafel).<\/p><\/div><\/div><div class='clear_column'><\/div><div class='content-column one_half'><div style=\"padding-right:6px;\"><p>Crkva ima sedam oltara. Poliptih velikoga oltara, naslikao 1583.g. Francisco de Santa Croce (1516. do 1584. godine) ima dvanaest slika: po \u0161est velikih na platnu i malih na drvu. Sredi\u0161nja prikazuje sv. Franju na brdu savr\u0161enstva izme\u0111u sv. Antuna Padovanskoga i sv. Bernardina Sijenskoga. U gornjem dijelu su an\u0111eli koji pridr\u017eavaju pozla\u0107eni okvir sa dvije slike u drvu (Marija s Djetetom Isusom i raspeti Spasitelj). Ovaj okvir zatvara slika pokrovitelja crkve (na drvu, autor nepoznat). Kasnije je oblo\u017eena zavjetnim darovima. Sa strane dolje su jo\u0161 dvije: sv. Stjepan za\u0161titnik otoka i sv. Petar (lijevo) te sv. Andrija za\u0161titnik ribara i sv. Jeronim za\u0161titnik Dalmacije i Provincije (desno). Gore lijevo su sv. Jelena Kri\u017earica, po tradiciji rodom s Bra\u010da i sv. Lucija, a desno sv. Klara i sv. Katarina. Na dnu poliptiha je svetohrani\u0161te izme\u0111u dvaju an\u0111ela.<\/p><\/div><\/div><div class='content-column one_half last_column'><div style=\"padding-right:0px;padding-left:6px;\"><p>Die Kirche besitzt sieben Alt\u00e4re. Das Polyptychon des gro\u00dfen Altars wurde 1583 von Francisco de Santa Croce (1516 bis 1584): gemalt. Es hat zw\u00f6lf Gem\u00e4lde: sechs gro\u00dfe auf Leinwand und sechs kleine auf Holz gemalt. Im Zentrum ist das Bild des hl. Franziskus am Berg der Vollkommenheit zwischen dem hl. Antonius von Padua und dem hl. Bernhard Sijenskog. Im oberen Teil sind Engel die einen vergoldeten Rahmen mit den Gem\u00e4lden der hl. Maria mit dem Jesuskind und dem Kreuz des Erl\u00f6sers halten. Der Rahmen wird mit dem Bild des Kirchenpatrons geschlossen (auf Holz gemalt, der K\u00fcnstler ist unbekannt). Es wurde sp\u00e4ter mit Votivgaben \u00fcberzogen. Die Bilder auf der unteren Seite: Der hl. Stefan, der Schutzpatron der Insel und der hl. Petrus (links) sowie der hl. Andreas der Schutzpatron der Fischer und der hl. Jerolim, der Besch\u00fctzer von Dalmatien (rechts). Oben links sind die hl. Jelena Kri\u017earica, traditionell aus Bra\u010d und die hl. Luzia und rechts die Heiligen Klara und Katharina. Am Fu\u00df des Polyptychons befindet sich der Tabernakel zwischen zwei Engeln.<\/p><\/div><\/div><div class='clear_column'><\/div><div class='content-column one_half'><div style=\"padding-right:6px;\"><div id=\"attachment_24061\" style=\"width: 310px\" class=\"wp-caption aligncenter\"><img loading=\"lazy\" decoding=\"async\" aria-describedby=\"caption-attachment-24061\" class=\"size-full wp-image-24061\" src=\"https:\/\/www.topohvar.at\/wp-content\/uploads\/2019\/08\/hv-ci-06-21.jpg\" alt=\"\" width=\"300\" height=\"300\" srcset=\"https:\/\/www.topohvar.at\/wp-content\/uploads\/2019\/08\/hv-ci-06-21.jpg 300w, https:\/\/www.topohvar.at\/wp-content\/uploads\/2019\/08\/hv-ci-06-21-150x150.jpg 150w\" sizes=\"auto, (max-width: 300px) 100vw, 300px\" \/><p id=\"caption-attachment-24061\" class=\"wp-caption-text\">Bo\u010dni la\u0111a \/ Seitenschiff<\/p><\/div>\n<p>Lijevo od ulaza je oltar s triptihom (Francesco de Santa Croce): Majka Bo\u017eja s Djetetom (Gospa od Poro\u0111enja) te sv. Ivan Krstitelj i sv. Jeronim. Tu je i oltar od pozla\u0107enog drveta sa slikom sv. Didaka u razgovoru sa sv. Franjom (bez oznake autora). Iza ovog je oltar (iz novijeg doba) sa kipom sv. Antuna.<\/p><\/div><\/div><div class='content-column one_half last_column'><div style=\"padding-right:0px;padding-left:6px;\"><div id=\"attachment_24060\" style=\"width: 310px\" class=\"wp-caption aligncenter\"><img loading=\"lazy\" decoding=\"async\" aria-describedby=\"caption-attachment-24060\" class=\"size-full wp-image-24060\" src=\"https:\/\/www.topohvar.at\/wp-content\/uploads\/2019\/08\/hv-ci-06-20.jpg\" alt=\"\" width=\"300\" height=\"300\" srcset=\"https:\/\/www.topohvar.at\/wp-content\/uploads\/2019\/08\/hv-ci-06-20.jpg 300w, https:\/\/www.topohvar.at\/wp-content\/uploads\/2019\/08\/hv-ci-06-20-150x150.jpg 150w\" sizes=\"auto, (max-width: 300px) 100vw, 300px\" \/><p id=\"caption-attachment-24060\" class=\"wp-caption-text\">Glavni oltar \/ Hauptaltar<\/p><\/div>\n<p>Links des Eingangs ist der Altar mit einem Triptychon (Francesco de Santa Croce): Mutter Gottes mit Kind (Unsere Liebe Frau der Niederkunft) sowie die Heiligen Johannes der T\u00e4ufer und Hieronymus. Weiters ein vergoldeter Holzaltar mit einem Bild des hl. Didak im Gespr\u00e4ch mit dem hl. Franziskus (ohne Signatur). Dahinter steht der Altar (aus der Neuzeit) mit der Statue des hl. Antonius.<\/p><\/div><\/div><div class='clear_column'><\/div><div class='content-column one_half'><div style=\"padding-right:6px;\"><p>Desno od ulaza je oltar od pozla\u0107enog drveta sa slikom stigmatizacije sv. Franje i simboli iz Sv. pisma koji se odnose na Imakulatu (na polusvodu oltara) a ispred slike Imakulate je slika bizantske Bogorodice s gr\u010dkim natpisom: HE ELPIS TON APEISMENOON (= Nada beznadnih), sa zavjetnim darovima. Uz oltar je bila povezana bratov\u0161tina. Pala nema oznake autora (pripisuje se F. de Santa Croce). Zatim je oltar Bezgrje\u0161noga Za\u010de\u0107a s poliptihom od osam slika na drvu Jakov Palma mla\u0111i iz 1617. Ovaj posljednji dobar slikar sjajnoga doba mleta\u010dkoga slikarstva (1554. do 1632.) ukrasio je du\u017edovu pala\u010du u Veneciji mnogim remek djelima. Na slici u sredini je Imakulata, na manjima su dva proroka i sv. Franjo, te ostali starozavjetni proroci koji su govorili o Bogorodici.<\/p><\/div><\/div><div class='content-column one_half last_column'><div style=\"padding-right:0px;padding-left:6px;\"><p>Rechts vom Eingang befindet sich ein vergoldeter Holzaltar mit einem Bild der Stigmatisierung des hl. Franziskus und Symbole des Heiligen. Ein Schreiben der sich auf die unbefleckte Empf\u00e4ngnis bezieht (in der unteren H\u00e4lfte des Altars). Vor dem Bild der Immaculata ist das Bild der byzantinischen Madonna mit der griechischen Inschrift: HE ELPIS TON APEISMENOON (= Hoffnung auf Zufriedenheit), mit Votivgaben. Mit diesem Altar bestand eine Bruderschaft. Das Werk hat keine Signturen (zur\u00fcckzuf\u00fchren wahrscheinlich auf F. de Santa Croce). Dann der Altar der Unbefleckten Empf\u00e4ngnis mit Polyptychon mit acht Gem\u00e4lden auf Holz des Jakob Palma des J\u00fcngeren aus dem Jahr 1617. Dieser letzte gute Maler der gro\u00dfen Epoche der venezianischen Malerei (1554 bis 1632) hat den herzoglichen Palast in Venedig mit vielen Meisterwerken geschm\u00fcckt. Auf dem Bild in der Mitte ist die Immaculata, auf den kleineren sind zwei Propheten und der hl. Franziskus und andere Propheten des Alten Testaments, die \u00fcber die Jungfrau Maria sprachen.<\/p><\/div><\/div><div class='clear_column'><\/div><div class='content-column one_half'><div style=\"padding-right:6px;\"><p>Najvrjedniji je oltar u kapeli sv. Kri\u017ea. Slika prikazuje Spasitelja na kri\u017eu uz koji stoje: Majka Bo\u017eja, sv. Ivan evan\u0111elist, sv. Jelena kri\u017earica, sv. Antun i rimski vojnik. Autor slike je Jakov de Ponte, zvanoga Bassane (I510. do 1592. godine).<\/p><\/div><\/div><div class='content-column one_half last_column'><div style=\"padding-right:0px;padding-left:6px;\"><p>Der wertvollste Altar in der in der Heiligen-Kreuz-Kapelle. Sein Bild zeigt den Erl\u00f6ser am Kreuz bei dem stehen: Die Mutter Gottes, Johannes der Evangelist, die hl. Helena Kri\u017earica, der hl. Antonius und r\u00f6mische Soldaten. Der Maler des Bildes ist Jakob de Ponte, genannt Bassano (I510 bis 1592).<\/p><\/div><\/div><div class='clear_column'><\/div><div class='content-column one_half'><div style=\"padding-right:6px;\"><p>Cijelu zapadnu stranu pjevali\u0161ta pokrivaju slike Muke Isusove od Martina de Benedictis (Hvaran Martin Benetevi\u0107, pisac &#8222;Hvarkinje&#8220;, orgulja\u0161 katedrale u Hvaru), iz 1599. godine. Prvotni drveni kor u prezbiteriju izgorio je 1571., a 1583. izra\u0111en je sada\u0161nji (majstori Franjo Gocci\u0107 iz Kor\u010dule i Antun \u0160pije iz Zadra) tro\u0161kom patricijskih obitelji iz Hvara.<\/p><\/div><\/div><div class='content-column one_half last_column'><div style=\"padding-right:0px;padding-left:6px;\"><p>Auf der gesamten Westseite des Chores finden sich Bilder der Passion Jesu von Martina de Benedictis (Martin Benetevi\u0107 aus Hvar, Schriftsteller von &#8222;Hvarkinja&#8220; und Organist in der Kathedrale von Hvar) aus dem Jahr 1599. Das erste Holzchor im Presbyterium brannte im Jahr 1571 ab, und wurde im Jahr 1583 auf Kosten der Patrizierfamilien aus Hvar wieder errichtet (Meister Franjo Gocci\u0107 aus Korcula und Antun \u0160pija aus Zadar).<\/p><\/div><\/div><div class='clear_column'><\/div><div class='content-column one_half'><div style=\"padding-right:6px;\"><p>U crkvi su grobovi obitelji i bratov\u0161tina. U onoj obitelji Lu\u010di\u0107 (u sredini ispod glavnoga oltara) je ukopan i pjesnik Hanibal (oko 1485-1553), te obitelji Ka\u010di\u0107 (1637.), od kojih je jedan (pred Turcima do\u0161ao ovamo 1606.) bio zapovjednik mleta\u010dkih \u010deta na Hvaru. Ostalo su grobnice starih gra\u0111anskih hvarskih obitelji: Lezinovi\u0107 (sa Bra\u010da), Koludrovi\u0107, Stefani i Valdinario. U kapeli sv. Kri\u017ea su grobnice obitelji Grifiko iz 1471.i bratov\u0161tine sv. Kri\u017ea.<\/p><\/div><\/div><div class='content-column one_half last_column'><div style=\"padding-right:0px;padding-left:6px;\"><p>In der Kirche sind die Gr\u00e4ber der Familien der Bruderschaften. Im Grab der Familie Lu\u010di\u0107 (in der Kirchenmitte unter dem Hauptaltar) ist der Dichter Hanibal (um 1485-1553) begraben weiters die Familie Ka\u010di\u0107 (1637), von denen einer im Jahr 1606 der Befehlshaber des venezianischen Einheiten auf Hvar gegen die T\u00fcrken war. Weiters finden sich die \u00dcberreste der Grabst\u00fctten von alten Hvarer B\u00fcrgerfamilien: Lezinovic (von Brac), Koludrovi\u0107, Stefani und Valdinario. In der Heiligen-Kreuz-Kapelle sind die Gr\u00e4ber der Familien Grifiko aus dem Jahr 1471 und der Bruderschaft vom hl. Kreuz.<\/p><\/div><\/div><div class='clear_column'><\/div><div class='content-column one_half'><div style=\"padding-right:6px;\"><p>U crkvi su i dvije spomen plo\u010de: u \u010dast Ursule, \u017eene Franje Kontarinija, hvarskoga kneza (na zidu do propovjedaonice, podigla op\u0107ina) i kneza Petra Semitekolija koji je uspostavio mir izme\u0111u plemi\u0107a i pu\u010dana (na ulazu u kapelu sv. Kri\u017ea, iz 1612).<\/p><\/div><\/div><div class='content-column one_half last_column'><div style=\"padding-right:0px;padding-left:6px;\"><p>In der Kirche gibt zwei Gedenktafeln. Eine zu Ehren der Ursula, der Frau von Franjo Kontarini, des F\u00fcrsten von Hvar (errichtet an der Wand zur Kanzel durch die Gemeinde) und die Zweite des F\u00fcrsten Petar Semitekoli, der im Jahr 1612 Frieden schaffte zwischen Adel und B\u00fcrger (am Eingang zur Heiligen-Kreuz-Kapelle).<\/p><\/div><\/div><div class='clear_column'><\/div><\/p>\n<p style=\"text-align: right;\"><span style=\"color: #3366ff;\"><a style=\"color: #3366ff;\" href=\"#seite_oben\">natrag na vrh \/ Seitenanfang<\/a><\/span><\/p>\n<hr \/>\n<div class='content-column one_half'><div style=\"padding-right:6px;\"><p><strong>Zvonik crkve Sv. Marije od Milosti<\/strong><\/p>\n<p><strong>\u00a0<\/strong>Zvonik crkve Sv. Marije od Milosti &#8211; sa zvonikom basilike Sv. Stjepana, zvonikom crkve sv. Marka i zvonikom biv\u0161e crkve sv. Venerande (na\u017ealost, vi\u0161e ne postoje\u0107i) &#8211; spada u najljep\u0161e spomenike renesanse XVI.st. u Dalmaciji.<\/p><\/div><\/div><div class='content-column one_half last_column'><div style=\"padding-right:0px;padding-left:6px;\"><p><strong>Turm der Kirche der heiligen Maria der Barmherzigkeit<\/strong><\/p>\n<p>Der Glockenturm der Kirche der heiligen Maria der Barmherzigkeit z\u00e4hlt mit dem Turm der Basilika zum hl. Stefan, dem Turm der Kirche Sv. Marka und dem (leider nicht mehr vorhandenem) Turm der ehemaligen Kirche sv. Venerande, zu den sch\u00f6nsten Denkm\u00e4lern der Renaissance des 16. Jahrhunderts in Dalmatien.<\/p><\/div><\/div><div class='clear_column'><\/div><div class='content-column one_half'><div style=\"padding-right:6px;\"><p>Izgradnja zvonika crkve franjeva\u010dkog samostana po\u010dela je 1489. godine. Glavni graditelj bio je Kor\u010dulani Mark\u010d Andrijic. Zvonik je 1507. godine zavr\u0161io njegov brat Bla\u017e, Nikola i Franjo \u0160pani\u0107 i radionica.<\/p><\/div><\/div><div class='content-column one_half last_column'><div style=\"padding-right:0px;padding-left:6px;\"><p>Der Bau des Glockenturms wurde im Jahr 1489 begonnen. Der Baumeister war der Korculaner Marko Andriji\u0107. Fertiggestellt wurde der Turm im Jahre 1507 durch seinen Bruder Bla\u017e und dessen Werkst\u00e4tte.<\/p><\/div><\/div><div class='clear_column'><\/div><img loading=\"lazy\" decoding=\"async\" class=\"alignnone size-large wp-image-15657\" src=\"https:\/\/www.topohvar.at\/wp-content\/uploads\/2019\/01\/hv-oz-03-1-1024x503.jpg\" alt=\"\" width=\"640\" height=\"314\" srcset=\"https:\/\/www.topohvar.at\/wp-content\/uploads\/2019\/01\/hv-oz-03-1-1024x503.jpg 1024w, https:\/\/www.topohvar.at\/wp-content\/uploads\/2019\/01\/hv-oz-03-1-300x147.jpg 300w, https:\/\/www.topohvar.at\/wp-content\/uploads\/2019\/01\/hv-oz-03-1-768x377.jpg 768w, https:\/\/www.topohvar.at\/wp-content\/uploads\/2019\/01\/hv-oz-03-1.jpg 1080w\" sizes=\"auto, (max-width: 640px) 100vw, 640px\" \/><\/p>\n<hr \/>\n<p><strong>Linkovi \/ Links<\/strong><\/p>\n<p><span style=\"color: #3366ff;\"><a style=\"color: #3366ff;\" href=\"https:\/\/www.topohvar.at\/topo\/orte\/hv\/hv-ca-01-1\/\">Franjeva\u010dkog samostana \/ Franziskanerklosters<\/a><\/span><br \/>\n<span style=\"color: #3366ff;\"><a style=\"color: #3366ff;\" href=\"https:\/\/www.topohvar.at\/orte\/hv\/hv-is-35-1\/\">Spomen plo\u010da \u00bbPlo\u010da nad vratima zvonika\u00ab \/ Gedenktafel \u00fcber der Kirchturmt\u00fcre<\/a><br \/>\n<a style=\"color: #3366ff;\" href=\"https:\/\/www.topohvar.at\/topo\/orte\/hv\/hv-in-14-1\/\">Natpis \u00bbiznad vratima zvonika\u00ab \/ Inschrift \u00fcber der T\u00fcre zum Glockenturm<\/a><\/span><br \/>\n<span style=\"color: #3366ff;\"><a style=\"color: #3366ff;\" href=\"https:\/\/www.topohvar.at\/orte\/hv\/hv-ir-08-1\/\">Reljef\u00a0u luneti portala crkve sv. Marije (Gospa od Milosta) \/ Relief in der L\u00fcnette der Kirche zur hl. Maria (Mutter der Barmherzigkeit)<\/a><br \/>\n<\/span><\/p>\n","protected":false},"excerpt":{"rendered":"<p>Ime \/ Name Crkva \u00bbSv. Marije (Gospa od Milosta)\u00ab \/ Kirche zur hl. Maria (der Barmherzigkeit) Code: HV-CI-06\u00a0 \u00a0 \u00a0 \u00a0 \u00a0 \u00a0 \u00a0 \u00a0 \u00a0 \u00a0 \u00a0 \u00a0 \u00a0 \u00a0 \u00a0 \u00a0 \u00a0 \u00a0\u00a0\u00a0 \u00a0 Adresa \/ Adresse Grad &hellip; <a href=\"https:\/\/www.topohvar.at\/topo\/orte\/hv\/hv-ci-06-1\/\">Weiterlesen <span class=\"meta-nav\">&rarr;<\/span><\/a><\/p>\n","protected":false},"author":1,"featured_media":0,"parent":80,"menu_order":0,"comment_status":"closed","ping_status":"closed","template":"","meta":{"footnotes":""},"class_list":["post-14184","page","type-page","status-publish","hentry"],"_links":{"self":[{"href":"https:\/\/www.topohvar.at\/topo\/wp-json\/wp\/v2\/pages\/14184","targetHints":{"allow":["GET"]}}],"collection":[{"href":"https:\/\/www.topohvar.at\/topo\/wp-json\/wp\/v2\/pages"}],"about":[{"href":"https:\/\/www.topohvar.at\/topo\/wp-json\/wp\/v2\/types\/page"}],"author":[{"embeddable":true,"href":"https:\/\/www.topohvar.at\/topo\/wp-json\/wp\/v2\/users\/1"}],"replies":[{"embeddable":true,"href":"https:\/\/www.topohvar.at\/topo\/wp-json\/wp\/v2\/comments?post=14184"}],"version-history":[{"count":35,"href":"https:\/\/www.topohvar.at\/topo\/wp-json\/wp\/v2\/pages\/14184\/revisions"}],"predecessor-version":[{"id":53387,"href":"https:\/\/www.topohvar.at\/topo\/wp-json\/wp\/v2\/pages\/14184\/revisions\/53387"}],"up":[{"embeddable":true,"href":"https:\/\/www.topohvar.at\/topo\/wp-json\/wp\/v2\/pages\/80"}],"wp:attachment":[{"href":"https:\/\/www.topohvar.at\/topo\/wp-json\/wp\/v2\/media?parent=14184"}],"curies":[{"name":"wp","href":"https:\/\/api.w.org\/{rel}","templated":true}]}}