{"id":14191,"date":"2018-12-29T11:00:39","date_gmt":"2018-12-29T10:00:39","guid":{"rendered":"https:\/\/www.topohvar.at\/?page_id=14191"},"modified":"2021-11-10T11:34:56","modified_gmt":"2021-11-10T10:34:56","slug":"hv-ci-04-1","status":"publish","type":"page","link":"https:\/\/www.topohvar.at\/topo\/orte\/hv\/hv-ci-04-1\/","title":{"rendered":"HVAR &#8211; Crkva \u00bbsv. Duha\u00ab"},"content":{"rendered":"<p><a name=\"seite_oben\"><\/a><br \/>\n<img loading=\"lazy\" decoding=\"async\" class=\"alignnone wp-image-14176 size-large\" src=\"https:\/\/www.topohvar.at\/wp-content\/uploads\/2018\/12\/hv-ci-04-1-1024x503.jpg\" alt=\"\" width=\"640\" height=\"314\" srcset=\"https:\/\/www.topohvar.at\/wp-content\/uploads\/2018\/12\/hv-ci-04-1-1024x503.jpg 1024w, https:\/\/www.topohvar.at\/wp-content\/uploads\/2018\/12\/hv-ci-04-1-300x147.jpg 300w, https:\/\/www.topohvar.at\/wp-content\/uploads\/2018\/12\/hv-ci-04-1-768x377.jpg 768w, https:\/\/www.topohvar.at\/wp-content\/uploads\/2018\/12\/hv-ci-04-1.jpg 1080w\" sizes=\"auto, (max-width: 640px) 100vw, 640px\" \/><\/p>\n<p><strong>Ime \/ Name<br \/>\n<\/strong>Crkva \u00bbsv. Duha\u00ab \/ Kirche zum hl. Geist<\/p>\n<p><strong>Code: <\/strong>HV-CI-04\u00a0 \u00a0 \u00a0 \u00a0 \u00a0 \u00a0 \u00a0 \u00a0 \u00a0 \u00a0 \u00a0 \u00a0 \u00a0 \u00a0 \u00a0 \u00a0 \u00a0 \u00a0\u00a0<a href=\"https:\/\/www.topohvar.at\/orte\/hv\/hv-ca-01-1\/\"><img loading=\"lazy\" decoding=\"async\" class=\"alignnone wp-image-12300 size-full\" src=\"https:\/\/www.topohvar.at\/wp-content\/uploads\/2018\/09\/push-vor-30.jpg\" alt=\"\" width=\"61\" height=\"30\" \/><\/a>\u00a0<strong><a href=\"https:\/\/www.topohvar.at\/orte\/hv\/hv-ci-03-1\/\"><img loading=\"lazy\" decoding=\"async\" class=\"alignnone wp-image-533 size-full\" src=\"https:\/\/www.topohvar.at\/wp-content\/uploads\/2018\/07\/push-l-30.jpg\" alt=\"\" width=\"61\" height=\"30\" \/><\/a> <a href=\"https:\/\/www.topohvar.at\/orte\/hv\/\"><img loading=\"lazy\" decoding=\"async\" class=\"alignnone wp-image-535 size-full\" src=\"https:\/\/www.topohvar.at\/wp-content\/uploads\/2018\/07\/push-o-30.jpg\" alt=\"\" width=\"61\" height=\"30\" \/><\/a> <a href=\"https:\/\/www.topohvar.at\/orte\/hv\/hv-ci-02-1\/\"><img loading=\"lazy\" decoding=\"async\" class=\"alignnone wp-image-536 size-full\" src=\"https:\/\/www.topohvar.at\/wp-content\/uploads\/2018\/07\/push-r-30.jpg\" alt=\"\" width=\"61\" height=\"30\" \/><\/a>\u00a0<a href=\"https:\/\/www.topohvar.at\/orte\/hv\/hv-ck-01-1\/\"><img loading=\"lazy\" decoding=\"async\" class=\"alignnone wp-image-12299 size-full\" src=\"https:\/\/www.topohvar.at\/wp-content\/uploads\/2018\/09\/push-next-30.jpg\" alt=\"\" width=\"61\" height=\"30\" \/><\/a><\/strong><\/p>\n<hr \/>\n<p><strong>Adresa \/ Adresse<br \/>\n<\/strong>Grad Hvar,\u00a0Ulica Duha Svetega 8<\/p>\n<p><strong>Lokacija \/ Position<a href=\"https:\/\/goo.gl\/maps\/NqDReCbGdvDY4BoZA\"><img loading=\"lazy\" decoding=\"async\" class=\"alignright wp-image-15680\" src=\"https:\/\/www.topohvar.at\/wp-content\/uploads\/2019\/01\/0230.jpg\" alt=\"\" width=\"134\" height=\"100\" \/><\/a><br \/>\n<\/strong><span style=\"color: #3366ff;\"><a style=\"color: #3366ff;\" href=\"https:\/\/goo.gl\/maps\/NqDReCbGdvDY4BoZA\">Latitude: N 43,17310\u00b0\u00a0 \u00a0Longitude: E 16,44310\u00b0<\/a> <\/span><strong><br \/>\n<\/strong>Visina \/ H\u00f6he: 16 m<\/p>\n<p><strong>Katastarska \u010destica<\/strong><strong> \/ Grundst\u00fccke<br \/>\n<\/strong>*135, *136\/2<div class='content-column one_half'><div style=\"padding-right:6px;\"><p><strong>Datum snimanja \/ Erfassungsdatum<br \/>\n<\/strong>28.10.2014 11:40:37<\/p>\n<hr \/>\n<p><strong>Informacije<\/strong><\/p>\n<p>Crkva Sv. Duha se u izvorima prvi put spominje 1370. Kasnogoti\u010dku crkvu Sv. Duha sagradila je bratov\u0161tina Sv. Duha krajem 15. st. na mjestu starije i manje crkce iz 14. st. 1494. je obnovljena i posve\u0107ena od Hvarana duvanjskog biskupa Vida de Ru\u0161is i posve\u0107ena je 1494. g.<\/p><\/div><\/div><div class='content-column one_half last_column'><div style=\"padding-right:0px;padding-left:6px;\"><p><strong>Stupanj za\u0161tite<\/strong><strong> \/ Schutzstellung<br \/>\n<\/strong>Z-5037, RST 208<\/p>\n<hr \/>\n<p><strong>Info<\/strong><\/p>\n<p>Die Kirche zum hl. Geist wird in den Quellen erstmals im Jahr 1370 genannt. Die sp\u00e4tgotische Kirche zum hl. Geist wurde von der Bruderschaft vom Heiligen Geist Ende des 15. Jh. an Stelle der \u00e4lteren und kleineren Kirche aus dem 14. Jh. gebaut. 1494 veranlasste der engagierte Hvarer Bischof Vid de Ru\u0161is ihre Restaurierung. Sie wurde im Jahr 1494 eingeweiht.<\/p><\/div><\/div><div class='clear_column'><\/div><div class='content-column one_half'><div style=\"padding-right:6px;\"><p>Crkva nalazi se unutar zidina grada Hvara. Tlocrt crkve je pravokutan s polukru\u017enom apsidom. Krov crkve je dvostre\u0161an danas prekriven kupom, iako je izvorno bio pokriven kamenim plo\u010dama. Ovo je lijep primjer goti\u010dke arhitekture koja i u svojoj unutra\u0161njosti \u010duva izvorne goti\u010dke elemente ( ogradica sveti\u0161ta, umivaonik u sakristiji itd.). Ima zanimljiv portal i reljef iznad njega iz. 14. st. Na zvoniku crkve sa\u010duvano je najstarije zvonu u hvaru, koje potje\u010de iz 1487. g. Je rozeta izvan osi zgrade.<\/p><\/div><\/div><div class='content-column one_half last_column'><div style=\"padding-right:0px;padding-left:6px;\"><p>Die Kirche befindet sich innerhalb der Stadtmauern von Hvar. Der Grundriss der Kirche ist rechteckig mit einer halbkreisf\u00f6rmigen Apsis. Das Satteldach ist heute mit einem Haufen (?) gedeckt, obwohl es urspr\u00fcnglich mit Steinplatten bedeckt war. Die Kirche ist ein sch\u00f6nes Beispiel f\u00fcr gotische Architektur, die in ihrem Inneren urspr\u00fcnglich gotische Objekte bewahrt wie z.B. die Schranken zum Allerheiligsten und Waschbecken in der Sakristei. Sie besitzt ein interessantes Portal mit dar\u00fcberliegendem Relief aus dem 14. Jh. Im Glockenturm befindet sich die \u00e4lteste erhaltene Glocke in Hvar aus dem Jahr 1487. Die Rosette liegt au\u00dferhalb der Geb\u00e4udeachse.<\/p><\/div><\/div><div class='clear_column'><\/div><div class='content-column one_half'><div style=\"padding-right:6px;\"><p>Na glavnomu oltaru sliku &#8222;Bogorodice sa Sv. Nikolom&#8220; od Alessandra Varotari Padovanina (1580. do 1650. godine), koja pripada me\u0111u prva djela venecijanskoga slikarstva, sliku &#8222;Silazak Sv. Duha na apostole&#8220; iz 1522. godine, jedinu u nas o\u010duvanu sliku \u0161panjolskoga slikara Juana Boschetta, koji je krajom 15. stolje\u0107a do\u0161ao u Dalmaciju.<\/p><\/div><\/div><div class='content-column one_half last_column'><div style=\"padding-right:0px;padding-left:6px;\"><p>Am Hauptaltar befindet sich das Bild &#8222;Madonna mit hl. Nikolaus&#8220; von Alessandra Varotari Padovani (1580 &#8211; 1650), das zu den ersten Werken venezianischer Malerei z\u00e4hlt. Das Bild &#8222;Herabkunft des Heiligen Geistes auf die Apostel\u201c aus im Jahre 1522, des spanischen Malers Juan Boschetti, der im sp\u00e4ten 15. Jahrhundert nach Dalmatien kam, ist uns nur in diesem Bild erhalten.<\/p><\/div><\/div><div class='clear_column'><\/div><div class='content-column one_half'><div style=\"padding-right:6px;\"><p>Za vrijeme francuske vlasti (1806.-1813.) bratov\u0161tina Sv. Duhe je ukinuta. Bratov\u0161tinu Sv. Duha naslijedila je bratov\u0161tina Sv. Nikole, osnovana 1861. g.<\/p><\/div><\/div><div class='content-column one_half last_column'><div style=\"padding-right:0px;padding-left:6px;\"><p>W\u00e4hrend der franz\u00f6sischen Herrschaft (1806 -1813) wurde die Bruderschaft zum Heiligen Geist aufgehoben. Die Bruderschaft zum Heiligen Geist erbte die im Jahr 1861 gegr\u00fcndete Bruderschaft zum Heiligen Nikolaus.<\/p><\/div><\/div><div class='clear_column'><\/div><div class='content-column one_half'><div style=\"padding-right:6px;\"><p>Sada\u0161nji je bo\u010dni oltar izradio Zefferino Grassi 1898. g., a postoji predaja da je Gospin lik prona\u0111en u podrumu obli\u017enje ku\u0107e Stani\u0107.<\/p><\/div><\/div><div class='content-column one_half last_column'><div style=\"padding-right:0px;padding-left:6px;\"><p>Der heutige Seitenaltar wurde 1898 von Zefferino Grassi angefertigt. Vermutlich wurde das Marienbild im Keller des nahe gelegenen Hauses Stani\u0107 gefunden.<\/p><\/div><\/div><div class='clear_column'><\/div><div class='content-column one_half'><div style=\"padding-right:6px;\"><p>Pro\u0161irenjem za\u0161tite na k. \u010d. zgr. 136\/2 (zk. ul. 2597), k. o. Hvar u za\u0161titu je uklju\u010dena i goti\u010dka ku\u0107a sagra\u0111ena jugoisto\u010dno od crkve, u kojoj se smje\u0161ta sakristija i pohranjuje crkveni inventar, a slu\u017ei i kao prostor u kojemu djeluje bratov\u0161tina.<\/p><\/div><\/div><div class='content-column one_half last_column'><div style=\"padding-right:0px;padding-left:6px;\"><p>Der Denkmalschutz wurde auf das s\u00fcd\u00f6stliche Nachbargrundst\u00fcck Nr. *136\/2 (EZ. 2597, Hvar), ausgedehnt, wo sich ein gotisches Haus befindet, in dem die Sakristei untergebracht ist und das Kircheninventar aufbewahrt wird. Au\u00dferdem dient es als Raum f\u00fcr die Bruderschaft.<\/p><\/div><\/div><div class='clear_column'><\/div><div class='content-column one_third'><div style=\"padding-right:6px;\"><p>Registar kulturnih dobara Republike Hrvatske br. 01\/2016.<br \/>\nDatum tiskanog izdanja: 4.4.2016.<br \/>\nBroj registra Z-5037<\/p><\/div><\/div><div class='content-column one_third'><div style=\"padding-right:6px;\"><p><img loading=\"lazy\" decoding=\"async\" class=\"aligncenter wp-image-34207\" src=\"https:\/\/www.topohvar.at\/wp-content\/uploads\/2020\/03\/HV-CI-04-3-300x280.jpg\" alt=\"\" width=\"200\" height=\"187\" srcset=\"https:\/\/www.topohvar.at\/wp-content\/uploads\/2020\/03\/HV-CI-04-3-300x280.jpg 300w, https:\/\/www.topohvar.at\/wp-content\/uploads\/2020\/03\/HV-CI-04-3.jpg 600w\" sizes=\"auto, (max-width: 200px) 100vw, 200px\" \/><\/p><\/div><\/div><div class='content-column one_third last_column'><div style=\"padding-right:0px;padding-left:6px;\"><p>Register der Kulturg\u00fcter der Republik Kroatien Nr. 01\/2016.<br \/>\nVer\u00f6ffentlichungsdatum: 4.4.2016.<br \/>\nRegistriernummer Z-5037<\/p><\/div><\/div><div class='clear_column'><\/div><\/p>\n<hr \/>\n<div class='content-column one_half'><div style=\"padding-right:6px;\"><p><strong>Zbirka liturgijskog ruha u crkvi sv. Duha<\/strong><\/p><\/div><\/div><div class='content-column one_half last_column'><div style=\"padding-right:0px;padding-left:6px;\"><p><strong>Sammlung liturgischer Gew\u00e4nder in der Kirche zum hl. Geist<\/strong><\/p><\/div><\/div><div class='clear_column'><\/div><\/p>\n<p style=\"text-align: right;\"><span style=\"color: #3366ff;\"><a style=\"color: #3366ff;\" href=\"#seite_oben\">natrag na vrh \/ Seitenanfang<\/a><\/span><\/p>\n<hr \/>\n<p><strong>Linkovi \/ Links<\/strong><\/p>\n<p><span style=\"color: #3366ff;\"><a style=\"color: #3366ff;\" href=\"https:\/\/www.topohvar.at\/orte\/hv\/hv-ir-01-1\/\">Reljef \u00bbReljefni lik Stvoritelja u luneti\u00ab \/ Relief des Sch\u00f6pfers in der L\u00fcnette<\/a><\/span><\/p>\n","protected":false},"excerpt":{"rendered":"<p>Ime \/ Name Crkva \u00bbsv. Duha\u00ab \/ Kirche zum hl. Geist Code: HV-CI-04\u00a0 \u00a0 \u00a0 \u00a0 \u00a0 \u00a0 \u00a0 \u00a0 \u00a0 \u00a0 \u00a0 \u00a0 \u00a0 \u00a0 \u00a0 \u00a0 \u00a0 \u00a0\u00a0\u00a0 \u00a0 Adresa \/ Adresse Grad Hvar,\u00a0Ulica Duha Svetega 8 Lokacija &hellip; <a href=\"https:\/\/www.topohvar.at\/topo\/orte\/hv\/hv-ci-04-1\/\">Weiterlesen <span class=\"meta-nav\">&rarr;<\/span><\/a><\/p>\n","protected":false},"author":1,"featured_media":0,"parent":80,"menu_order":0,"comment_status":"closed","ping_status":"closed","template":"","meta":{"footnotes":""},"class_list":["post-14191","page","type-page","status-publish","hentry"],"_links":{"self":[{"href":"https:\/\/www.topohvar.at\/topo\/wp-json\/wp\/v2\/pages\/14191","targetHints":{"allow":["GET"]}}],"collection":[{"href":"https:\/\/www.topohvar.at\/topo\/wp-json\/wp\/v2\/pages"}],"about":[{"href":"https:\/\/www.topohvar.at\/topo\/wp-json\/wp\/v2\/types\/page"}],"author":[{"embeddable":true,"href":"https:\/\/www.topohvar.at\/topo\/wp-json\/wp\/v2\/users\/1"}],"replies":[{"embeddable":true,"href":"https:\/\/www.topohvar.at\/topo\/wp-json\/wp\/v2\/comments?post=14191"}],"version-history":[{"count":24,"href":"https:\/\/www.topohvar.at\/topo\/wp-json\/wp\/v2\/pages\/14191\/revisions"}],"predecessor-version":[{"id":53391,"href":"https:\/\/www.topohvar.at\/topo\/wp-json\/wp\/v2\/pages\/14191\/revisions\/53391"}],"up":[{"embeddable":true,"href":"https:\/\/www.topohvar.at\/topo\/wp-json\/wp\/v2\/pages\/80"}],"wp:attachment":[{"href":"https:\/\/www.topohvar.at\/topo\/wp-json\/wp\/v2\/media?parent=14191"}],"curies":[{"name":"wp","href":"https:\/\/api.w.org\/{rel}","templated":true}]}}