{"id":14193,"date":"2018-12-29T11:02:31","date_gmt":"2018-12-29T10:02:31","guid":{"rendered":"https:\/\/www.topohvar.at\/?page_id=14193"},"modified":"2022-11-16T08:26:30","modified_gmt":"2022-11-16T07:26:30","slug":"hv-ci-02-1","status":"publish","type":"page","link":"https:\/\/www.topohvar.at\/topo\/orte\/hv\/hv-ci-02-1\/","title":{"rendered":"HVAR &#8211; Crkva \u00bbZvijezda Mora (Gospa na Fabrici, sv. Josipa na Fabrici)\u00ab"},"content":{"rendered":"<p><a name=\"seite_oben\"><\/a><br \/>\n<img loading=\"lazy\" decoding=\"async\" class=\"aligncenter wp-image-61853 size-full\" src=\"https:\/\/www.topohvar.at\/wp-content\/uploads\/2022\/11\/hv-ci-02-21.jpg\" alt=\"\" width=\"768\" height=\"377\" srcset=\"https:\/\/www.topohvar.at\/wp-content\/uploads\/2022\/11\/hv-ci-02-21.jpg 768w, https:\/\/www.topohvar.at\/wp-content\/uploads\/2022\/11\/hv-ci-02-21-300x147.jpg 300w\" sizes=\"auto, (max-width: 768px) 100vw, 768px\" \/><\/p>\n<p><strong>Ime \/ Name<br \/>\n<\/strong>Crkva \u00bbZvijezda Mora (Gospa na Fabrici, sv. Josipa na Fabrici)\u00ab \/ Kirche &#8222;Meerstern&#8220; (Muttergottes von Fabrika, hl. Josef von Fabrika)<\/p>\n<p><strong>Code: <\/strong>HV-CI-02\u00a0 \u00a0 \u00a0 \u00a0 \u00a0 \u00a0 \u00a0 \u00a0 \u00a0 \u00a0 \u00a0 \u00a0 \u00a0 \u00a0 \u00a0 \u00a0 \u00a0 \u00a0\u00a0<a href=\"https:\/\/www.topohvar.at\/orte\/hv\/hv-ca-01-1\/\"><img loading=\"lazy\" decoding=\"async\" class=\"alignnone wp-image-12300 size-full\" src=\"https:\/\/www.topohvar.at\/wp-content\/uploads\/2018\/09\/push-vor-30.jpg\" alt=\"\" width=\"61\" height=\"30\" \/><\/a>\u00a0<strong><a href=\"https:\/\/www.topohvar.at\/orte\/hv\/hv-ci-04-1\/\"><img loading=\"lazy\" decoding=\"async\" class=\"alignnone wp-image-533 size-full\" src=\"https:\/\/www.topohvar.at\/wp-content\/uploads\/2018\/07\/push-l-30.jpg\" alt=\"\" width=\"61\" height=\"30\" \/><\/a> <a href=\"https:\/\/www.topohvar.at\/orte\/hv\/\"><img loading=\"lazy\" decoding=\"async\" class=\"alignnone wp-image-535 size-full\" src=\"https:\/\/www.topohvar.at\/wp-content\/uploads\/2018\/07\/push-o-30.jpg\" alt=\"\" width=\"61\" height=\"30\" \/><\/a> <a href=\"https:\/\/www.topohvar.at\/orte\/hv\/hv-ci-05-1\/\"><img loading=\"lazy\" decoding=\"async\" class=\"alignnone wp-image-536 size-full\" src=\"https:\/\/www.topohvar.at\/wp-content\/uploads\/2018\/07\/push-r-30.jpg\" alt=\"\" width=\"61\" height=\"30\" \/><\/a>\u00a0<a href=\"https:\/\/www.topohvar.at\/orte\/hv\/hv-ck-01-1\/\"><img loading=\"lazy\" decoding=\"async\" class=\"alignnone wp-image-12299 size-full\" src=\"https:\/\/www.topohvar.at\/wp-content\/uploads\/2018\/09\/push-next-30.jpg\" alt=\"\" width=\"61\" height=\"30\" \/><\/a><\/strong><\/p>\n<hr \/>\n<p><strong>Adresa \/ Adresse<br \/>\n<\/strong>Grad Hvar,\u00a0Obala Fabrika 37<\/p>\n<p><strong>Lokacija \/ Position<a href=\"https:\/\/goo.gl\/maps\/w3Unth7vqJaPFnSAA\"><img loading=\"lazy\" decoding=\"async\" class=\"alignright wp-image-15677\" src=\"https:\/\/www.topohvar.at\/wp-content\/uploads\/2019\/01\/0228.jpg\" alt=\"\" width=\"134\" height=\"100\" \/><\/a><br \/>\n<\/strong><span style=\"color: #3366ff;\"><a style=\"color: #3366ff;\" href=\"https:\/\/goo.gl\/maps\/w3Unth7vqJaPFnSAA\">Latitude: N 43,17117\u00b0\u00a0 \u00a0Longitude: E 16,43851\u00b0<\/a> <\/span><strong><br \/>\n<\/strong>Visina \/ H\u00f6he: 3 m<\/p>\n<p><strong>Katastarska \u010destica<\/strong><strong> \/ Grundst\u00fccke<br \/>\n<\/strong>*8<div class='content-column one_half'><div style=\"padding-right:6px;\"><p><strong>Datum snimanja \/ Erfassungsdatum<br \/>\n<\/strong>27.05.2013 17:30:18<\/p>\n<hr \/>\n<p><strong>Informacije<\/strong><\/p>\n<p>Prvotnu crkvu, naslovljenu sv. Josipu, sagradi\u0161e Bogli\u0107i (stara hvarska obitelj, isprva pu\u010dka, a od kraja 18. st. plemi\u0107ka; posljednji mu\u0161ki potomak danas u Trstu) koncem 17. st., najve\u0107ma zato, da posade, koje su na svojim brodovima uz Fabriku bile u karanteni, mogu pribivati bogoslu\u017eju. Oko 1734. zapo\u010deli su ovi pravovlasnici pro\u0161irenje crkve, koje potraja veoma dugo.<\/p><\/div><\/div><div class='content-column one_half last_column'><div style=\"padding-right:0px;padding-left:6px;\"><p><strong>Stupanj za\u0161tite<\/strong><strong> \/ Schutzstellung<br \/>\n<\/strong>Z-5868, RST 283-1964<strong><br \/>\n<\/strong><\/p>\n<hr \/>\n<p><strong>Info<\/strong><\/p>\n<p>Die erste Kirche die dem hl. Josef geweiht war, baute die Familie Bogli\u0107 (eine alte Hvarer B\u00fcrgerfamilie, seit dem Ende des 18. Jahrhunderts adelig) am Ende des 17. Jahrhunderts deshalb, dass die Mannschaft, die auf ihren Schiffen in der Gegend \u201eFabrik\u201c unter Quarant\u00e4ne gestellt waren, einen Gottesdienst erhalten konnten. Um 1734 begannen diese orthodoxen Priester die Kirche zu erweitern, was lange dauerte.<\/p><\/div><\/div><div class='clear_column'><\/div><div class='content-column one_half'><div style=\"padding-right:6px;\"><p>Jednobrodna gra\u0111evina s pravokutnom apsidom i polukru\u017eno oblikovanim pro\u010deljem, sagra\u0111ena u prvoj polovini 18. stolje\u0107a. Zanimljiva je zbog svojeg polukru\u017enog zaklju\u010dka pro\u010delja i jedna je od rijetkih takvih primjera.<\/p><\/div><\/div><div class='content-column one_half last_column'><div style=\"padding-right:0px;padding-left:6px;\"><p>Das einschiffige Bauwerk mit rechteckiger Apsis und Fassade mit einem halbkreisf\u00f6rmigen Giebel stammt aus der ersten H\u00e4lfte des 18. Jahrhunderts. Es ist interessant f\u00fcr seinen halbkreisf\u00f6rmigen Abschluss der Fassade und eines der wenigen derartigen Beispiele.<\/p><\/div><\/div><div class='clear_column'><\/div><div class='content-column one_half'><div style=\"padding-right:6px;\"><p>Tvrdnja da su ovu crkvu sagradili doma\u0107i graditelji, nije, na\u017ealost, dokumentirana, iako je to mogu\u0107e, dapa\u010de i vjerojatno &#8211; zbog preplitanja slogova od gotike do baroka. Polukru\u017eni zabat, koji str\u0161i iznad krova, po uzoru je na onaj Sv. Roka na splitskom Peristilu iz 1516. g.; na njemu je rozeta, kojoj je po sredini mogranj \/ \u0161ipak, znamen jedinstva u mno\u0161tvu, simbol Marije. Na donjem se dijelu crkvenoga pro\u010delja isti\u010du tri barokna prozora, postavljena unutar istostrani\u010dna trokuta &#8211; znamena kr\u0161\u0107anskoga Trojstva.<\/p><\/div><\/div><div class='content-column one_half last_column'><div style=\"padding-right:0px;padding-left:6px;\"><p>Die Behauptung, dass die Kirche von lokalen Baumeistern gebaut wurde, ist leider nicht dokumentiert, aber wahrscheinlich aufgrund der Verflechtung diverser Stilrichtungen von der Gotik bis zum Barock. Der halbkreisf\u00f6rmige Giebel, \u00fcber dem das Dach verl\u00e4uft, ist dem von sv.. Roko des Spliter Peristyl aus dem Jahr 1516 nachempfunden. Auf der Fassade ist eine Rosette und in der Mitte ein Granatapfel, das Zeichen der Einheit in der Menge, ein Symbol Marias. Im unteren Teil der Kirchenfassade sind drei barocke Fenster in einem gleichseitigen Dreieck angeordnet \u2013 die bekannte christliche Dreifaltigkeit.<\/p><\/div><\/div><div class='clear_column'><\/div><div class='content-column one_half'><div style=\"padding-right:6px;\"><p>God. 1795. prepusti\u0161e Bogli\u0107i nedovr\u0161enu crkvu hvarskoj bratov\u0161tini Gospe od Pojasa (Cinture), zvane jo\u0161 i \u201eod Utjehe (\u201eUti\u0161enja\u201c)\u201c ili \u201eUznesene\u201c, koja je dotle djelovala u crkvi sv. Nikole fratara augustinaca (gdje je od 1849. hvarsko groblje) &#8211; tu crkvu i samostan, kao i tu cijelu redovni\u010dku zajednicu, ukinu mleta\u010dka vlada 1787., pa su bratimi ostali bez sjedi\u0161ta.<\/p><\/div><\/div><div class='content-column one_half last_column'><div style=\"padding-right:0px;padding-left:6px;\"><p>Im Jahr 1795 \u00fcberlie\u00dfen die Bogli\u0107 die unvollendete Kirche der Hvarer Bruderschaft Unserer Lieben Frau vom G\u00fcrtel, auch \u201evom Utjehe (\u201eUti\u0161enja&#8220;)&#8220; oder \u201eaufgenommen\u201c genannt, die bisher in der Kirche des hl. Nikolaus (wo seit 1849 der Hvarer Friedhof ist) als Franziskanerm\u00f6nche wirkten. Kirche und Kloster, sowie die gesamte Klostergemeinschaft wurde von der venezianischen Regierung im Jahr 1787 abgeschafft und die Bruderschaft verlor ihren Sitz.<\/p><\/div><\/div><div class='clear_column'><\/div><div class='content-column one_half'><div style=\"padding-right:6px;\"><p>Oni dovr\u0161i\u0161e crkvu 1804. g., prenije\u0161e u nju svoj oltar, te Gospin kip u sve\u010danom ophodu 12. kolovoza te godine.<\/p><\/div><\/div><div class='content-column one_half last_column'><div style=\"padding-right:0px;padding-left:6px;\"><p>Sie vollendeten die Kirche im Jahr 1804 und holten ihren eigenen Altar und die Statue Unserer Lieben Frau in einer feierlichen Prozession am 12. August dieses Jahres in die Kirche.<\/p><\/div><\/div><div class='clear_column'><\/div><div class='content-column one_half'><div style=\"padding-right:6px;\"><p>Ali, ve\u0107 za nekoliko godina ukinu francuska vlast tu bratov\u0161tinu, a crkvu podr\u017eavi i pretvori u skladi\u0161te. Hvarani to nisu mogli prihvatiti pa su pla\u0107ali najamninu da se ovdje i dalje vr\u0161i bogo\u0161tovlje. Crkva je napokon bila vra\u0107ena mjesnoj \u017eupi 1852. godine.<\/p><\/div><\/div><div class='content-column one_half last_column'><div style=\"padding-right:0px;padding-left:6px;\"><p>Aber nach ein paar Jahren schafften die franz\u00f6sischen Beh\u00f6rden die Bruderschaft ab, die Kirche wurde nicht mehr unterst\u00fctzt und in ein Lagerhaus umgewandelt. Die Hvarer wollten das nicht akzeptieren und bezahlten die Miete, um hier weiter zu beten. Die Kirche wurde schlie\u00dflich im Jahr 1852 der \u00f6rtlichen Pfarre zur\u00fcckgegeben.<\/p><\/div><\/div><div class='clear_column'><\/div><div class='content-column one_half'><div style=\"padding-right:6px;\"><p>Od 1804. do danas crkvi je naslovni blagdan Uznesenje Marijino iliti Velika Gospa; u 19. i po\u010d. 20. st. nazivahu je \u201eGospom od Porta\u201c, tj. gradske luke, a iza 1. svj. rata stavi na nju mjesni \u017eupnik \u0111on Stipe Mili\u010di\u0107 natpis \u201eZvijezda mora\u201c (po drevnom himnu Gospi: Zdravo morska zvijezdo &#8230; ), i to ime ostade.<\/p><\/div><\/div><div class='content-column one_half last_column'><div style=\"padding-right:0px;padding-left:6px;\"><p>Von 1804 bis heute ist der Titel des Festtages der Kirche \u201eMaria Himmelfahrt\u201c, im 19. und Anfang des 20. Jh. auch \u201eUnsere Liebe Frau vom Hafen&#8220;, dh. Stadthafen. Nach dem 1. Weltkrieg setzte der \u00f6rtliche Pfarrer Stipe Mili\u010di\u0107 die Aufschrift \u201eSeestern&#8220; (die alte Hymne an die Gottesmutter: Seestern ich dich gr\u00fc\u00dfe &#8230;), und dieser Name blieb.<\/p><\/div><\/div><div class='clear_column'><\/div><div class='content-column one_half'><div style=\"padding-right:6px;\"><p>Jer je po zatvaranju Sv. Venerande ovamo bila pohranjena pala s njenog rimokatoli\u010dkog oltara, sve do 1970ih, kad bi obnovljena i stavljena u izlo\u017eeni dio Stolne riznice u Biskupskom dvoru. Danas u crkvi se \u010duva glavni oltar iz ukinute augustinske crkve posve\u0107en Gospi od Pasca.<\/p><\/div><\/div><div class='content-column one_half last_column'><div style=\"padding-right:0px;padding-left:6px;\"><p>Nach dem Ende von sv. Venerande wurde deren r\u00f6misch-katholischer Altar bis in die 1970er Jahre hier verwahrt, bis er restauriert und in die Schatzkammer des Bischofspalastes gebracht wurde. Heute befindet sich in der Kirche der Hauptaltar der abgeschafften Augustinerkirche, der Unserer Lieben Frau von Pasco gewidmet ist.<\/p><\/div><\/div><div class='clear_column'><\/div><div class='content-column one_half'><div style=\"padding-right:6px;\"><p>Zvonik izgra\u0111en u obliku preslice na sjevernoj strani.<\/p><\/div><\/div><div class='content-column one_half last_column'><div style=\"padding-right:0px;padding-left:6px;\"><p>Der Glockenturm mit Rundbogen wurde an der Nordseite errichtet.<\/p><\/div><\/div><div class='clear_column'><\/div><div class='content-column one_third'><div style=\"padding-right:3px;\"><p style=\"text-align: center;\">Natpis iznad ulaznih vrata:<\/p>\n<p style=\"text-align: center;\">ZIVIJEZDA MORA<\/p><\/div><\/div><div class='content-column one_third'><div style=\"padding-right:3px;padding-left:3px;\"><p><img loading=\"lazy\" decoding=\"async\" class=\"alignnone size-full wp-image-20597 aligncenter\" src=\"https:\/\/www.topohvar.at\/wp-content\/uploads\/2019\/03\/hv-ci-02-10.jpg\" alt=\"\" width=\"199\" height=\"203\" \/><\/p><\/div><\/div><div class='content-column one_third last_column'><div style=\"padding-right:0px;padding-left:3px;\"><p style=\"text-align: center;\">Inschrift ober der Eingangst\u00fcr:<\/p>\n<p style=\"text-align: center;\">Meeresstern<\/p><\/div><\/div><div class='clear_column'><\/div><div class='content-column one_third'><div style=\"padding-right:3px;\"><p>Danas se crkva koristi kao izlo\u017ebeni prostor.<\/p><\/div><\/div><div class='content-column one_third'><div style=\"padding-right:3px;padding-left:3px;\"><p><img loading=\"lazy\" decoding=\"async\" class=\"size-full wp-image-61855\" src=\"https:\/\/www.topohvar.at\/wp-content\/uploads\/2022\/11\/hv-ci-02-10.jpg\" alt=\"\" width=\"450\" height=\"450\" srcset=\"https:\/\/www.topohvar.at\/wp-content\/uploads\/2022\/11\/hv-ci-02-10.jpg 450w, https:\/\/www.topohvar.at\/wp-content\/uploads\/2022\/11\/hv-ci-02-10-300x300.jpg 300w, https:\/\/www.topohvar.at\/wp-content\/uploads\/2022\/11\/hv-ci-02-10-150x150.jpg 150w\" sizes=\"auto, (max-width: 450px) 100vw, 450px\" \/><\/p><\/div><\/div><div class='content-column one_third last_column'><div style=\"padding-right:0px;padding-left:3px;\"><p>Heute wird die Kirche als Ausstellungsraum verwendet.<\/p><\/div><\/div><div class='clear_column'><\/div><div class='content-column one_half'><div style=\"padding-right:6px;\"><p>Registar kulturnih dobara Republike Hrvatske br. 05\/2012. Datum tiskanog izdanja: 21.12.2012. Broj registra Z-5868<\/p><\/div><\/div><div class='content-column one_half last_column'><div style=\"padding-right:0px;padding-left:6px;\"><p>Register der Kulturg\u00fcter der Republik Kroatien Nr. 05\/2012, Ver\u00f6ffentlichungsdatum: 21.12.2012. Registriernummer Z-5868<\/p><\/div><\/div><div class='clear_column'><\/div><\/p>\n<p style=\"text-align: right;\"><span style=\"color: #3366ff;\"><a style=\"color: #3366ff;\" href=\"#seite_oben\">natrag na vrh \/ Seitenanfang<\/a><\/span><\/p>\n<hr \/>\n<p><strong>Linkovi \/ Links<\/strong><\/p>\n<p><span style=\"color: #3366ff;\">&#8211;<\/span><\/p>\n","protected":false},"excerpt":{"rendered":"<p>Ime \/ Name Crkva \u00bbZvijezda Mora (Gospa na Fabrici, sv. Josipa na Fabrici)\u00ab \/ Kirche &#8222;Meerstern&#8220; (Muttergottes von Fabrika, hl. Josef von Fabrika) Code: HV-CI-02\u00a0 \u00a0 \u00a0 \u00a0 \u00a0 \u00a0 \u00a0 \u00a0 \u00a0 \u00a0 \u00a0 \u00a0 \u00a0 \u00a0 \u00a0 \u00a0 &hellip; <a href=\"https:\/\/www.topohvar.at\/topo\/orte\/hv\/hv-ci-02-1\/\">Weiterlesen <span class=\"meta-nav\">&rarr;<\/span><\/a><\/p>\n","protected":false},"author":1,"featured_media":0,"parent":80,"menu_order":0,"comment_status":"closed","ping_status":"closed","template":"","meta":{"footnotes":""},"class_list":["post-14193","page","type-page","status-publish","hentry"],"_links":{"self":[{"href":"https:\/\/www.topohvar.at\/topo\/wp-json\/wp\/v2\/pages\/14193","targetHints":{"allow":["GET"]}}],"collection":[{"href":"https:\/\/www.topohvar.at\/topo\/wp-json\/wp\/v2\/pages"}],"about":[{"href":"https:\/\/www.topohvar.at\/topo\/wp-json\/wp\/v2\/types\/page"}],"author":[{"embeddable":true,"href":"https:\/\/www.topohvar.at\/topo\/wp-json\/wp\/v2\/users\/1"}],"replies":[{"embeddable":true,"href":"https:\/\/www.topohvar.at\/topo\/wp-json\/wp\/v2\/comments?post=14193"}],"version-history":[{"count":23,"href":"https:\/\/www.topohvar.at\/topo\/wp-json\/wp\/v2\/pages\/14193\/revisions"}],"predecessor-version":[{"id":61856,"href":"https:\/\/www.topohvar.at\/topo\/wp-json\/wp\/v2\/pages\/14193\/revisions\/61856"}],"up":[{"embeddable":true,"href":"https:\/\/www.topohvar.at\/topo\/wp-json\/wp\/v2\/pages\/80"}],"wp:attachment":[{"href":"https:\/\/www.topohvar.at\/topo\/wp-json\/wp\/v2\/media?parent=14193"}],"curies":[{"name":"wp","href":"https:\/\/api.w.org\/{rel}","templated":true}]}}