{"id":14209,"date":"2018-12-29T11:26:49","date_gmt":"2018-12-29T10:26:49","guid":{"rendered":"https:\/\/www.topohvar.at\/?page_id=14209"},"modified":"2021-11-10T11:39:37","modified_gmt":"2021-11-10T10:39:37","slug":"hv-ci-08-1","status":"publish","type":"page","link":"https:\/\/www.topohvar.at\/topo\/orte\/hv\/hv-ci-08-1\/","title":{"rendered":"HVAR &#8211; Biv\u0161a crkva \u00bbSv. Venerande\u00ab"},"content":{"rendered":"<p><a name=\"seite_oben\"><\/a><br \/>\n<img loading=\"lazy\" decoding=\"async\" class=\"alignnone wp-image-14180 size-large\" src=\"https:\/\/www.topohvar.at\/wp-content\/uploads\/2018\/12\/HV-CI-08-1-1024x503.jpg\" alt=\"\" width=\"640\" height=\"314\" srcset=\"https:\/\/www.topohvar.at\/wp-content\/uploads\/2018\/12\/HV-CI-08-1-1024x503.jpg 1024w, https:\/\/www.topohvar.at\/wp-content\/uploads\/2018\/12\/HV-CI-08-1-300x147.jpg 300w, https:\/\/www.topohvar.at\/wp-content\/uploads\/2018\/12\/HV-CI-08-1-768x377.jpg 768w, https:\/\/www.topohvar.at\/wp-content\/uploads\/2018\/12\/HV-CI-08-1.jpg 1080w\" sizes=\"auto, (max-width: 640px) 100vw, 640px\" \/><\/p>\n<p><strong>Ime \/ Name<br \/>\n<\/strong>Biv\u0161a crkva \u00bbSv. Venerande\u00ab \/ ehemalige Kirche der hl. Veneranda<\/p>\n<p><strong>Code: <\/strong>HV-CI-08\u00a0 \u00a0 \u00a0 \u00a0 \u00a0 \u00a0 \u00a0 \u00a0 \u00a0 \u00a0 \u00a0 \u00a0 \u00a0 \u00a0 \u00a0 \u00a0 \u00a0 \u00a0\u00a0<a href=\"https:\/\/www.topohvar.at\/orte\/hv\/hv-ca-01-1\/\"><img loading=\"lazy\" decoding=\"async\" class=\"alignnone wp-image-12300 size-full\" src=\"https:\/\/www.topohvar.at\/wp-content\/uploads\/2018\/09\/push-vor-30.jpg\" alt=\"\" width=\"61\" height=\"30\" \/><\/a>\u00a0<strong><a href=\"https:\/\/www.topohvar.at\/orte\/hv\/hv-ci-07-1\/\"><img loading=\"lazy\" decoding=\"async\" class=\"alignnone wp-image-533 size-full\" src=\"https:\/\/www.topohvar.at\/wp-content\/uploads\/2018\/07\/push-l-30.jpg\" alt=\"\" width=\"61\" height=\"30\" \/><\/a> <a href=\"https:\/\/www.topohvar.at\/orte\/hv\/\"><img loading=\"lazy\" decoding=\"async\" class=\"alignnone wp-image-535 size-full\" src=\"https:\/\/www.topohvar.at\/wp-content\/uploads\/2018\/07\/push-o-30.jpg\" alt=\"\" width=\"61\" height=\"30\" \/><\/a> <a href=\"https:\/\/www.topohvar.at\/orte\/hv\/hv-ci-11-1\/\"><img loading=\"lazy\" decoding=\"async\" class=\"alignnone wp-image-536 size-full\" src=\"https:\/\/www.topohvar.at\/wp-content\/uploads\/2018\/07\/push-r-30.jpg\" alt=\"\" width=\"61\" height=\"30\" \/><\/a>\u00a0<a href=\"https:\/\/www.topohvar.at\/orte\/hv\/hv-ck-01-1\/\"><img loading=\"lazy\" decoding=\"async\" class=\"alignnone wp-image-12299 size-full\" src=\"https:\/\/www.topohvar.at\/wp-content\/uploads\/2018\/09\/push-next-30.jpg\" alt=\"\" width=\"61\" height=\"30\" \/><\/a><\/strong><\/p>\n<hr \/>\n<p><strong>Adresa \/ Adresse<br \/>\n<\/strong>Grad Hvar,\u00a0Ulica Dinka Kova\u010devi\u0107a, Veneranda<\/p>\n<p><strong>Lokacija \/ Position<a href=\"https:\/\/goo.gl\/maps\/g66QWGfVKwh5MTKH6\"><img loading=\"lazy\" decoding=\"async\" class=\"alignright wp-image-15715\" src=\"https:\/\/www.topohvar.at\/wp-content\/uploads\/2019\/01\/1457.jpg\" alt=\"\" width=\"134\" height=\"100\" \/><\/a><br \/>\n<\/strong><span style=\"color: #3366ff;\"><a style=\"color: #3366ff;\" href=\"https:\/\/goo.gl\/maps\/g66QWGfVKwh5MTKH6\">Latitude: N 43,17074\u00b0\u00a0 \u00a0Longitude: E 16,43729\u00b0<\/a> <\/span><strong><br \/>\n<\/strong>Visina \/ H\u00f6he: 20 m<\/p>\n<p><strong>Katastarska \u010destica<\/strong><strong> \/ Grundst\u00fccke<br \/>\n<\/strong>*553<div class='content-column one_half'><div style=\"padding-right:6px;\"><p><strong>Datum snimanja \/ Erfassungsdatum<br \/>\n<\/strong>28.10.2014 10:53:10<\/p>\n<hr \/>\n<p><strong>Informacije<\/strong><\/p>\n<p>Mleta\u010dke vlasti sagradile su 1561. godine samostan\/hospic i crkvu Sv. Venerande za potrebe mornara grkokatoli\u010dke vjeroispovjesti u slu\u017ebi Mleta\u010dke republike. Krajem 16. stolje\u0107a sagra\u0111en je zvonik koji je po\u010detkom 17. stolje\u0107a primio zvona.\u00a0Crkva i hospicij bili su ponavi\u0161e namijenjeni potrebama gr\u010dkog osoblja mleta\u010dke flote. Tako se iz dokumenta od 12. lipnja 1644. godine saznaje da opslu\u017eitelja crkve moraju potvrditi kapetani i admirali mornarice.\u00a0Vizitac ija zadarskog nad biskupa Garzadora iz prve polovice 17. stolje\u0107a govori o velikom broju zavjetnih darova pomoraca u crkvi i izri\u010dito nagla\u0161ava njezino veliko \u0161tovanje od pomoraca.<\/p><\/div><\/div><div class='content-column one_half last_column'><div style=\"padding-right:0px;padding-left:6px;\"><p><strong>Stupanj za\u0161tite<\/strong><strong> \/ Schutzstellung<br \/>\n<\/strong>Z-6013, RST 220-1964<strong><br \/>\n<\/strong><\/p>\n<hr \/>\n<p><strong>Info<\/strong><\/p>\n<p>Die venezianischen Beh\u00f6rden haben im Jahre 1561 das Kloster\/Hospiz und die Kirche der hl. Veneranda f\u00fcr die Bed\u00fcrfnisse nach griechisch-katholischer Religion f\u00fcr die Seeleute die im Dienst der Republik Venedig standen gebaut. Am Ende des 16. Jahrhunderts wurde der Glockenturm errichtet, der Anfang des 17. Jahrhunderts Glocken erhielt.\u00a0Kirche und Hospiz waren seit jeher auf die Bed\u00fcrfnisse der griechischen Mannschaft der venezianischen Flotte ausgerichtet. So geht aus einem Dokument vom 12. Juni 1644 hervor, dass die Priester der Kirche von den Kapit\u00e4nen und Admiralen best\u00e4tigt werden m\u00fcssen.\u00a0Im Zuge der Visitation des Bischof Garzadora aus Zadar in der der ersten H\u00e4lfte des 17. Jahrhunderts wird \u00fcber die gro\u00dfe Anzahl von Votivgaben der Seeleute in der Kirche und deren gro\u00dfe Hingabe ausdr\u00fccklich betont.<\/p><\/div><\/div><div class='clear_column'><\/div><div class='content-column one_half'><div style=\"padding-right:6px;\"><p>Prema opisu iz 1668. godine crkva ima pravokutni tlocrt, usmjerena u pravcu istok-zapad i pokrivena dvovodnim krovi\u0161tem. Na crkvi nema apside. Uz jugoisto\u010dni ugao crkve di\u017eu se prizemlje i prvi kat zapo\u010detog zvonika.\u00a0Na inicijativu hrvatskog biskupa Girolama Priulije 1685. podignut je katoli\u010dki oltar uz pravoslavni oltar. Katoli\u010dki oltar posve\u0107en sv. Franku je osobito brinuo rimokatoli\u010dki sve\u0107enik.\u00a0Godine 1798. potvr\u0111en je Neofit Cromidi za opslu \u017eitelja crkve u prvom redu zbog dobrog poznavanja gr\u010dkog jezika. Isti dokument izri\u010dito govori da se u crkvi koristi gr\u010dki jezik i da su je naj\u010de\u0161\u0107e posje\u0107ivali Grci s Levanta.<\/p><\/div><\/div><div class='content-column one_half last_column'><div style=\"padding-right:0px;padding-left:6px;\"><p>Nach einer Beschreibung aus dem Jahr 1668 hat die Kirche einen rechteckigen Grundriss, ist Ost-West ausgerichtet und mit einem Satteldach versehen. Die Kirche hat keine Apsis. Neben der s\u00fcd\u00f6stlichen Ecke der Kirche befinden sich das Erdgeschoss und der erste Stock des Glockenturms.\u00a0Auf Initiative des kroatischen Bischofs Girolamo Priulija wurde 1685 neben dem orthodoxen Altar ein katholischer Altar errichtet. Der katholische Altar, der dem hl. Farziskus gewidmet war, wurde speziell von einem r\u00f6misch-katholischen Priester gepflegt.\u00a0Im Jahr 1798 wurde Neofit Cromidi vor allem wegen der guten Kenntnis der griechischen Sprache f\u00fcr die Kirchenbesucher best\u00e4tigt. Dasselbe Dokument stellt ausdr\u00fccklich fest, dass die griechische Sprache in der Kirche verwendet wird und dass die Kirche von Griechen aus der Levante am h\u00e4ufigsten besucht wird.<\/p><\/div><\/div><div class='clear_column'><\/div><div class='content-column one_half'><div style=\"padding-right:6px;\"><p>Prilikom invazije ruske vojske 1807. godine, samostan i crkva su bili jako o\u0161te\u0107eni i napu\u0161teni. Posljednji opslu\u017eitelj crkve Neofit Cromidi Moraiti oti\u0161ao je u Spiit jer u o\u0161te\u0107enom hospiciju nije mogao stanovati. Kao napu\u0161teno crkveno dobro hospicij je podr\u017eavljen 5. lipnja 1807. godine, \u010dime prestaje postojati. Francuzi su tada obnovili Venerandu u tvr\u0111avu.<\/p><\/div><\/div><div class='content-column one_half last_column'><div style=\"padding-right:0px;padding-left:6px;\"><p>W\u00e4hrend der Invasion der russischen Armee im Jahre 1807 wurden Kloster und Kirche schwer besch\u00e4digt und aufgegeben. Der letzte Kirchendiener Neofit Cromidi Moraiti ging nach Spiit, weil er in dem besch\u00e4digten Hospiz nicht mehr wohnen konnte. Wie die verlassene Kirche wurde auch das Hospiz nicht mehr betrieben und h\u00f6rte am 5. Juni 1807 auf zu existieren. Die Franzosen bauten danach Veneranda in eine Festung um.<\/p><\/div><\/div><div class='clear_column'><\/div><div class='content-column one_half'><div style=\"padding-right:6px;\"><p>Registar kulturnih dobara Republike Hrvatske br. 03\/2013. Datum tiskanog izdanja: 12.6.2013. Broj registra Z-6013<\/p><\/div><\/div><div class='content-column one_half last_column'><div style=\"padding-right:0px;padding-left:6px;\"><p>Register der Kulturg\u00fcter der Republik Kroatien Nr. 03\/2013, Ver\u00f6ffentlichungsdatum: 12.6.2013. Registriernummer Z-6013<\/p><\/div><\/div><div class='clear_column'><\/div><\/p>\n<hr \/>\n<div class='content-column one_half'><div style=\"padding-right:6px;\"><p><strong>Biv\u0161i zvonik Sv. Venerande<\/strong><\/p>\n<p>Biv\u0161i zvonik crkve Sv. Venerande \u2013 sa zvonikom basilike Sv. Stjepana, zvonikom crkve sv. Marije (franjeva\u010dkog samostana) i zvonikom biv\u0161e crkve sv. Marka \u2013 spada u najljep\u0161e spomenike renesanse XVI.st. u Dalmaciji.<\/p><\/div><\/div><div class='content-column one_half last_column'><div style=\"padding-right:0px;padding-left:6px;\"><p><strong>Ehemaliger Kirchturm von Venerande<\/strong><\/p>\n<p>Der Glockenturm der Kirche z\u00e4hlt mit den T\u00fcrmen der Basilika zum hl. Stefan, dem Turm der Kirche der hl. Maria (Franziskanerkloster) und Turm der ehemaligen Kirche des hl. Markus, zu den sch\u00f6nsten Denkm\u00e4lern der Renaissance des 16. Jahrhunderts in Dalmatien.<\/p><\/div><\/div><div class='clear_column'><\/div><div class='content-column one_half'><div style=\"padding-right:6px;\"><p>Krajem 16. stolje\u0107a sagra\u0111en je zvonik koji je po\u010detkom 17. stolje\u0107a primio zvona.\u00a0Dovr\u0161en je izmedu 1708. i 1807. godine, kada je dovr\u0161eni zvonik bio o\u0161te\u0107en. 1811 g. je sru\u0161en zvonik crkve do visine prvog kata, zbog mogu\u010dnosti da bude oboren od strane neprijateljskog topni\u0161tva, sto bi u unutra\u0161njosti tvr\u0111ave napravilo velike \u0161tete.<\/p><\/div><\/div><div class='content-column one_half last_column'><div style=\"padding-right:0px;padding-left:6px;\"><p>Am Ende des 16. Jahrhunderts wurde der Glockenturm errichtet, der Anfang des 17. Jahrhunderts Glocken erhielt. Er wurde zwischen 1708 und 1807 fertiggestellt, als der fertige Glockenturm besch\u00e4digt wurde.\u00a01811 wurde der Glockenturm der Kirche bis auf die H\u00f6he des ersten Stocks abgetragen, aus Angst, von feindlicher Artillerie getroffen zu werden, was im Inneren der Festung gro\u00dfen Schaden bereiten w\u00fcrde.<\/p><\/div><\/div><div class='clear_column'><\/div><\/p>\n<p style=\"text-align: right;\"><span style=\"color: #3366ff;\"><a style=\"color: #3366ff;\" href=\"#seite_oben\">natrag na vrh \/ Seitenanfang<\/a><\/span><\/p>\n<p><img loading=\"lazy\" decoding=\"async\" class=\"alignnone size-large wp-image-15724\" src=\"https:\/\/www.topohvar.at\/wp-content\/uploads\/2019\/01\/hv-oz-04-1-1024x503.jpg\" alt=\"\" width=\"640\" height=\"314\" srcset=\"https:\/\/www.topohvar.at\/wp-content\/uploads\/2019\/01\/hv-oz-04-1-1024x503.jpg 1024w, https:\/\/www.topohvar.at\/wp-content\/uploads\/2019\/01\/hv-oz-04-1-300x147.jpg 300w, https:\/\/www.topohvar.at\/wp-content\/uploads\/2019\/01\/hv-oz-04-1-768x377.jpg 768w, https:\/\/www.topohvar.at\/wp-content\/uploads\/2019\/01\/hv-oz-04-1.jpg 1080w\" sizes=\"auto, (max-width: 640px) 100vw, 640px\" \/><\/p>\n<hr \/>\n<p><strong>Linkovi \/ Links<\/strong><\/p>\n<p><span style=\"color: #3366ff;\"><a style=\"color: #3366ff;\" href=\"https:\/\/www.topohvar.at\/topo\/orte\/hv\/hv-ca-03-1\/\">Biv\u0161i gr\u010dko-pravoslavni samostan i hospic \u00bbSv. Venerande\u00ab \/ ehemaliges griechisch-orthodoxes Kloster und Hospiz<\/a><\/span><br \/>\n<span style=\"color: #3366ff;\"><a style=\"color: #3366ff;\" href=\"https:\/\/www.topohvar.at\/topo\/orte\/hv\/hv-td-14-1\/\">Biv\u0161a tvr\u0111ava \u00bbVenerande\u00ab \/ ehemalige Festung Venerande<\/a><\/span><\/p>\n","protected":false},"excerpt":{"rendered":"<p>Ime \/ Name Biv\u0161a crkva \u00bbSv. Venerande\u00ab \/ ehemalige Kirche der hl. Veneranda Code: HV-CI-08\u00a0 \u00a0 \u00a0 \u00a0 \u00a0 \u00a0 \u00a0 \u00a0 \u00a0 \u00a0 \u00a0 \u00a0 \u00a0 \u00a0 \u00a0 \u00a0 \u00a0 \u00a0\u00a0\u00a0 \u00a0 Adresa \/ Adresse Grad Hvar,\u00a0Ulica Dinka Kova\u010devi\u0107a, &hellip; <a href=\"https:\/\/www.topohvar.at\/topo\/orte\/hv\/hv-ci-08-1\/\">Weiterlesen <span class=\"meta-nav\">&rarr;<\/span><\/a><\/p>\n","protected":false},"author":1,"featured_media":0,"parent":80,"menu_order":0,"comment_status":"closed","ping_status":"closed","template":"","meta":{"footnotes":""},"class_list":["post-14209","page","type-page","status-publish","hentry"],"_links":{"self":[{"href":"https:\/\/www.topohvar.at\/topo\/wp-json\/wp\/v2\/pages\/14209","targetHints":{"allow":["GET"]}}],"collection":[{"href":"https:\/\/www.topohvar.at\/topo\/wp-json\/wp\/v2\/pages"}],"about":[{"href":"https:\/\/www.topohvar.at\/topo\/wp-json\/wp\/v2\/types\/page"}],"author":[{"embeddable":true,"href":"https:\/\/www.topohvar.at\/topo\/wp-json\/wp\/v2\/users\/1"}],"replies":[{"embeddable":true,"href":"https:\/\/www.topohvar.at\/topo\/wp-json\/wp\/v2\/comments?post=14209"}],"version-history":[{"count":25,"href":"https:\/\/www.topohvar.at\/topo\/wp-json\/wp\/v2\/pages\/14209\/revisions"}],"predecessor-version":[{"id":53396,"href":"https:\/\/www.topohvar.at\/topo\/wp-json\/wp\/v2\/pages\/14209\/revisions\/53396"}],"up":[{"embeddable":true,"href":"https:\/\/www.topohvar.at\/topo\/wp-json\/wp\/v2\/pages\/80"}],"wp:attachment":[{"href":"https:\/\/www.topohvar.at\/topo\/wp-json\/wp\/v2\/media?parent=14209"}],"curies":[{"name":"wp","href":"https:\/\/api.w.org\/{rel}","templated":true}]}}