{"id":14250,"date":"2018-12-29T12:42:12","date_gmt":"2018-12-29T11:42:12","guid":{"rendered":"https:\/\/www.topohvar.at\/?page_id=14250"},"modified":"2021-11-10T11:45:31","modified_gmt":"2021-11-10T10:45:31","slug":"hv-ck-04-1","status":"publish","type":"page","link":"https:\/\/www.topohvar.at\/topo\/orte\/hv\/hv-ck-04-1\/","title":{"rendered":"HVAR &#8211; Crkvica \u00bbGospa Kruvenica\u00ab"},"content":{"rendered":"<p><a name=\"seite_oben\"><\/a><br \/>\n<img loading=\"lazy\" decoding=\"async\" class=\"alignnone wp-image-14246 size-large\" src=\"https:\/\/www.topohvar.at\/wp-content\/uploads\/2018\/12\/hv-ck-04-1-1024x503.jpg\" alt=\"\" width=\"640\" height=\"314\" srcset=\"https:\/\/www.topohvar.at\/wp-content\/uploads\/2018\/12\/hv-ck-04-1-1024x503.jpg 1024w, https:\/\/www.topohvar.at\/wp-content\/uploads\/2018\/12\/hv-ck-04-1-300x147.jpg 300w, https:\/\/www.topohvar.at\/wp-content\/uploads\/2018\/12\/hv-ck-04-1-768x377.jpg 768w, https:\/\/www.topohvar.at\/wp-content\/uploads\/2018\/12\/hv-ck-04-1.jpg 1080w\" sizes=\"auto, (max-width: 640px) 100vw, 640px\" \/><\/p>\n<p><strong>Ime \/ Name<br \/>\n<\/strong>Crkvica \u00bbGospa Kruvenica\u00ab \/\u00a0Kirche Unserer Lieben Frau von Kruvenica<\/p>\n<p><strong>Code: <\/strong>HV-CK-04\u00a0 \u00a0 \u00a0 \u00a0 \u00a0 \u00a0 \u00a0 \u00a0 \u00a0 \u00a0 \u00a0 \u00a0 \u00a0 \u00a0 \u00a0 \u00a0 \u00a0 \u00a0\u00a0<a href=\"https:\/\/www.topohvar.at\/hv-ci-01-1\/\"><img loading=\"lazy\" decoding=\"async\" class=\"alignnone wp-image-12300 size-full\" src=\"https:\/\/www.topohvar.at\/wp-content\/uploads\/2018\/09\/push-vor-30.jpg\" alt=\"\" width=\"61\" height=\"30\" \/><\/a>\u00a0<strong><a href=\"https:\/\/www.topohvar.at\/orte\/hv\/hv-ck-01-1\/\"><img loading=\"lazy\" decoding=\"async\" class=\"alignnone wp-image-533 size-full\" src=\"https:\/\/www.topohvar.at\/wp-content\/uploads\/2018\/07\/push-l-30.jpg\" alt=\"\" width=\"61\" height=\"30\" \/><\/a> <a href=\"https:\/\/www.topohvar.at\/orte\/hv\/\"><img loading=\"lazy\" decoding=\"async\" class=\"alignnone wp-image-535 size-full\" src=\"https:\/\/www.topohvar.at\/wp-content\/uploads\/2018\/07\/push-o-30.jpg\" alt=\"\" width=\"61\" height=\"30\" \/><\/a> <a href=\"https:\/\/www.topohvar.at\/orte\/hv\/hv-ck-03-1\/\"><img loading=\"lazy\" decoding=\"async\" class=\"alignnone wp-image-536 size-full\" src=\"https:\/\/www.topohvar.at\/wp-content\/uploads\/2018\/07\/push-r-30.jpg\" alt=\"\" width=\"61\" height=\"30\" \/><\/a>\u00a0<a href=\"https:\/\/www.topohvar.at\/hv-ca-01-1\/\"><img loading=\"lazy\" decoding=\"async\" class=\"alignnone wp-image-12299 size-full\" src=\"https:\/\/www.topohvar.at\/wp-content\/uploads\/2018\/09\/push-next-30.jpg\" alt=\"\" width=\"61\" height=\"30\" \/><\/a><\/strong><\/p>\n<hr \/>\n<p><strong>Adresa \/ Adresse<br \/>\n<\/strong>Grad Hvar, Kruvenica<\/p>\n<p><strong>Lokacija \/ Position<a href=\"https:\/\/goo.gl\/maps\/mzPm1rj6RzeWy1ZWA\"><img loading=\"lazy\" decoding=\"async\" class=\"alignright wp-image-15745\" src=\"https:\/\/www.topohvar.at\/wp-content\/uploads\/2019\/01\/0234.jpg\" alt=\"\" width=\"134\" height=\"100\" \/><\/a><br \/>\n<\/strong><span style=\"color: #3366ff;\"><a style=\"color: #3366ff;\" href=\"https:\/\/goo.gl\/maps\/mzPm1rj6RzeWy1ZWA\">Latitude: N 43,17515\u00b0\u00a0 \u00a0Longitude: E 16,43940\u00b0<\/a> <\/span><strong><br \/>\n<\/strong>Visina \/ H\u00f6he: 80 m<\/p>\n<p><strong>Katastarska \u010destica<\/strong><strong> \/ Grundst\u00fccke<br \/>\n<\/strong>*5<div class='content-column one_half'><div style=\"padding-right:6px;\"><p><strong>Datum snimanja \/ Erfassungsdatum<br \/>\n<\/strong>30.10.2014 10:34:56<\/p>\n<hr \/>\n<p><strong>Informacije<\/strong><\/p>\n<p>Na prekrasnom mjestu iznad grada, u divnom ambijentu borova stoji ta mala crkva zvana Kruvenica. Naziv \u201eHorungvenica\u201c \u0161to ce re\u0107i \u201ezastavica\u201c \/horugva\/ upravo odgovara jer ona dominira nad gradom. Na pro\u010delju se nalaze dva mjesta za barjak gdje su se nekad mi je cile zastave.<\/p><\/div><\/div><div class='content-column one_half last_column'><div style=\"padding-right:0px;padding-left:6px;\"><p><strong>Stupanj za\u0161tite<\/strong><strong> \/ Schutzstellung<br \/>\n<\/strong>&#8211;<\/p>\n<hr \/>\n<p><strong>Info<\/strong><\/p>\n<p>An einem sch\u00f6nen Platz oberhalb der Stadt, in sch\u00f6ner Kiefer-Umgebung, steht eine kleine Kirche namens Kruvenica. Der Name &#8222;Horungvenica&#8220;, der &#8222;Flagge&#8220; \/ horugva \/ bedeutet, passt einfach, weil er die Stadt dominiert. An der Fassade gibt es zwei L\u00f6cher, in denen manchmal die Fahnen stecken.<\/p><\/div><\/div><div class='clear_column'><\/div><div class='content-column one_half'><div style=\"padding-right:6px;\"><p>Crkva se spominje 1542. godine i nalazi se na drevnom putu koji je u pro\u0161losti imao veliku va\u017enost. On vodi na sjevernu stranu otoka, u uvale Viru, Jagodnu, Parju itd. Stari na\u0161i ribari podsjetili su tim putem odlaze\u0107i na ribarenje u spomenute uvale. Upravo im je sastajani\u0161te bilo na Kruvenici i odatle\u00a0 su polzili pomoliv\u0161i se Gospi.<\/p><\/div><\/div><div class='content-column one_half last_column'><div style=\"padding-right:0px;padding-left:6px;\"><p>Die Kirche wird 1542 erw\u00e4hnt und liegt auf einem alten Weg der in der Vergangenheit gro\u00dfe Bedeutung hatte. Er f\u00fchrt auf die Nordseite der Insel, in die Buchten Vir, Jagodna, Parju usw. Unsere alten Fischer erinnern noch an diese Arbeit, in den erw\u00e4hnten Buchten zu fischen. Sie trafen sich in Kruvenica, von wo sie zur Arbeit gingen und die Muttergottes verehrten.<\/p><\/div><\/div><div class='clear_column'><\/div><div class='content-column one_half'><div style=\"padding-right:6px;\"><p>Put od grada do Kruvenice je strm i mo\u017eda zbog toga Kruvenica im je bia odmor. Klju\u010deve crkve po tradiciji uvijek dr\u017ei obitelj koja se nalazi u podno\u017eju bre\u017euljka. Dana je to obitelj Bo\u017eidara Rosso.<\/p><\/div><\/div><div class='content-column one_half last_column'><div style=\"padding-right:0px;padding-left:6px;\"><p>Der Weg von der Stadt nach Kruvenica ist steil und vielleicht deswegen herrscht bei Kruvenica Ruhe. Die Schl\u00fcssel zur Kirche wurden seit jeher von der Familie am Fu\u00dfe des H\u00fcgels verwahrt. Derzeit bei der Familie von Bo\u017eidara Rosso.<\/p><\/div><\/div><div class='clear_column'><\/div><div class='content-column one_half'><div style=\"padding-right:6px;\"><p>U unutra\u0161njosti crkve nalazi se samo jedan kameni oltar. Na oltaru je predivna ikona za koju neznamo koje je godine naslikana. To je uglavnom sve \u0161to se nalazi u unutra\u0161njosti crkve. Zvonik se \u010duva u crkvi, jer mali zvonik je tro\u0161an. Ugradjeno je 1663 godine. Na njemu su tipi\u010dni motovi apostola, majke Bo\u017eje i Muke. Crkva je ogradjena poluvisokim zidom, a na ju\u017enoj strani nalazi se plo\u010da po kojoj se vidi da se radi o izgradnji zida od N. Han\u010devica iz 1903 godine.<\/p><\/div><\/div><div class='content-column one_half last_column'><div style=\"padding-right:0px;padding-left:6px;\"><p>Im Inneren der Kirche gibt es nur einen Steinaltar. Auf dem Altar befindet sich eine sch\u00f6ne Ikone deren Entstehungsjahr unbekannt ist. Das ist im Wesentlichen alles, was im Inneren der Kirche ist. Die Glocke wird innen aufbewahrt, weil der kleine Glockenturm unbenutzbar ist. Sie wurde 1663 hergestellt. Auf ihr gibt es typische Motive der Apostel, der Mutter Gottes und des Messias. Die Kirche ist von einer halbmondf\u00f6rmigen Mauer umgeben, und auf der S\u00fcdseite befindet sich eine Tafel, die zeigt, dass der Bau im Jahr 1903 von N. Han\u010devica renoviert wurde.<\/p><\/div><\/div><div class='clear_column'><\/div><\/p>\n<p style=\"text-align: right;\"><span style=\"color: #3366ff;\"><a style=\"color: #3366ff;\" href=\"#seite_oben\">natrag na vrh \/ Seitenanfang<\/a><\/span><\/p>\n<p style=\"text-align: center;\"><em>(Priredio Niko Bibi\u0107, Kruvenica br. 2, 1976)<\/em><\/p>\n<hr \/>\n<p><strong>Linkovi \/ Links<\/strong><\/p>\n<p><span style=\"color: #3366ff;\"><a style=\"color: #3366ff;\" href=\"https:\/\/www.topohvar.at\/orte\/hv\/hv-in-13-1\/\">Natpis \u00bbZDRAVIO MARIJOU!\u00ab \/ Inschrift &#8211; Es lebe Maria!<\/a><br \/>\n<a style=\"color: #3366ff;\" href=\"https:\/\/www.topohvar.at\/orte\/hv\/hv-in-07-1\/\">Natpis \u00bbSANCTE MARIA SINE MACVLA \u2026\u00ab \/ Inschrift &#8211; Hl. Maria ohne Makel &#8230;<\/a><br \/>\n<\/span><span style=\"color: #3366ff;\"><a style=\"color: #3366ff;\" href=\"https:\/\/www.topohvar.at\/orte\/hv\/hv-in-09-1\/\">Natpis \u00bbRESTAURATO ANNO 1903 &#8230;\u00ab \/ Inschrift &#8211; Restauriert 1903<\/a><br \/>\n<a style=\"color: #3366ff;\" href=\"https:\/\/www.topohvar.at\/orte\/hv\/hv-ob-02-1\/\">Objekt \u00bbRenesansni stupac ispred crkve Kruvenice\u00ab \/ Renaissances\u00e4ule vor der Kirche Kruvenica<\/a><br \/>\n<a style=\"color: #3366ff;\" href=\"https:\/\/www.topohvar.at\/topo\/orte\/hv\/hv-og-02-1\/\">Objekt \u00bbPlanirano novo groblje Kruvenice\u00ab \/ Geplanter neuer Fiedhof Krunevice<\/a><\/span><\/p>\n<p>&nbsp;<\/p>\n","protected":false},"excerpt":{"rendered":"<p>Ime \/ Name Crkvica \u00bbGospa Kruvenica\u00ab \/\u00a0Kirche Unserer Lieben Frau von Kruvenica Code: HV-CK-04\u00a0 \u00a0 \u00a0 \u00a0 \u00a0 \u00a0 \u00a0 \u00a0 \u00a0 \u00a0 \u00a0 \u00a0 \u00a0 \u00a0 \u00a0 \u00a0 \u00a0 \u00a0\u00a0\u00a0 \u00a0 Adresa \/ Adresse Grad Hvar, Kruvenica Lokacija \/ &hellip; <a href=\"https:\/\/www.topohvar.at\/topo\/orte\/hv\/hv-ck-04-1\/\">Weiterlesen <span class=\"meta-nav\">&rarr;<\/span><\/a><\/p>\n","protected":false},"author":1,"featured_media":0,"parent":80,"menu_order":0,"comment_status":"closed","ping_status":"closed","template":"","meta":{"footnotes":""},"class_list":["post-14250","page","type-page","status-publish","hentry"],"_links":{"self":[{"href":"https:\/\/www.topohvar.at\/topo\/wp-json\/wp\/v2\/pages\/14250","targetHints":{"allow":["GET"]}}],"collection":[{"href":"https:\/\/www.topohvar.at\/topo\/wp-json\/wp\/v2\/pages"}],"about":[{"href":"https:\/\/www.topohvar.at\/topo\/wp-json\/wp\/v2\/types\/page"}],"author":[{"embeddable":true,"href":"https:\/\/www.topohvar.at\/topo\/wp-json\/wp\/v2\/users\/1"}],"replies":[{"embeddable":true,"href":"https:\/\/www.topohvar.at\/topo\/wp-json\/wp\/v2\/comments?post=14250"}],"version-history":[{"count":19,"href":"https:\/\/www.topohvar.at\/topo\/wp-json\/wp\/v2\/pages\/14250\/revisions"}],"predecessor-version":[{"id":53401,"href":"https:\/\/www.topohvar.at\/topo\/wp-json\/wp\/v2\/pages\/14250\/revisions\/53401"}],"up":[{"embeddable":true,"href":"https:\/\/www.topohvar.at\/topo\/wp-json\/wp\/v2\/pages\/80"}],"wp:attachment":[{"href":"https:\/\/www.topohvar.at\/topo\/wp-json\/wp\/v2\/media?parent=14250"}],"curies":[{"name":"wp","href":"https:\/\/api.w.org\/{rel}","templated":true}]}}