{"id":14252,"date":"2018-12-29T12:44:22","date_gmt":"2018-12-29T11:44:22","guid":{"rendered":"https:\/\/www.topohvar.at\/?page_id=14252"},"modified":"2021-11-10T11:46:31","modified_gmt":"2021-11-10T10:46:31","slug":"hv-ck-03-1","status":"publish","type":"page","link":"https:\/\/www.topohvar.at\/topo\/orte\/hv\/hv-ck-03-1\/","title":{"rendered":"HVAR &#8211; Crkvica \u00bbGospe \u017dalosne, (ranije sv. Nikole)\u00ab"},"content":{"rendered":"<p><a name=\"seite_oben\"><\/a><br \/>\n<img loading=\"lazy\" decoding=\"async\" class=\"alignnone wp-image-14245 size-large\" src=\"https:\/\/www.topohvar.at\/wp-content\/uploads\/2018\/12\/hv-ck-03-1-1024x503.jpg\" alt=\"\" width=\"640\" height=\"314\" srcset=\"https:\/\/www.topohvar.at\/wp-content\/uploads\/2018\/12\/hv-ck-03-1-1024x503.jpg 1024w, https:\/\/www.topohvar.at\/wp-content\/uploads\/2018\/12\/hv-ck-03-1-300x147.jpg 300w, https:\/\/www.topohvar.at\/wp-content\/uploads\/2018\/12\/hv-ck-03-1-768x377.jpg 768w, https:\/\/www.topohvar.at\/wp-content\/uploads\/2018\/12\/hv-ck-03-1.jpg 1080w\" sizes=\"auto, (max-width: 640px) 100vw, 640px\" \/><\/p>\n<p><strong>Ime \/ Name<br \/>\n<\/strong>Crkvica \u00bbGospe \u017dalosne, (ranije sv. Nikole)\u00ab \/ Kapelle Unserer Lieben Frau der Schmerzen (fr\u00fcher des hl. Nikolaus)<\/p>\n<p><strong>Code: <\/strong>HV-CK-03\u00a0 \u00a0 \u00a0 \u00a0 \u00a0 \u00a0 \u00a0 \u00a0 \u00a0 \u00a0 \u00a0 \u00a0 \u00a0 \u00a0 \u00a0 \u00a0 \u00a0 \u00a0\u00a0<a href=\"https:\/\/www.topohvar.at\/hv-ci-01-1\/\"><img loading=\"lazy\" decoding=\"async\" class=\"alignnone wp-image-12300 size-full\" src=\"https:\/\/www.topohvar.at\/wp-content\/uploads\/2018\/09\/push-vor-30.jpg\" alt=\"\" width=\"61\" height=\"30\" \/><\/a>\u00a0<strong><a href=\"https:\/\/www.topohvar.at\/orte\/hv\/hv-ck-04-1\/\"><img loading=\"lazy\" decoding=\"async\" class=\"alignnone wp-image-533 size-full\" src=\"https:\/\/www.topohvar.at\/wp-content\/uploads\/2018\/07\/push-l-30.jpg\" alt=\"\" width=\"61\" height=\"30\" \/><\/a> <a href=\"https:\/\/www.topohvar.at\/orte\/hv\/\"><img loading=\"lazy\" decoding=\"async\" class=\"alignnone wp-image-535 size-full\" src=\"https:\/\/www.topohvar.at\/wp-content\/uploads\/2018\/07\/push-o-30.jpg\" alt=\"\" width=\"61\" height=\"30\" \/><\/a> <a href=\"https:\/\/www.topohvar.at\/orte\/hv\/hv-ck-02-1\/\"><img loading=\"lazy\" decoding=\"async\" class=\"alignnone wp-image-536 size-full\" src=\"https:\/\/www.topohvar.at\/wp-content\/uploads\/2018\/07\/push-r-30.jpg\" alt=\"\" width=\"61\" height=\"30\" \/><\/a>\u00a0<a href=\"https:\/\/www.topohvar.at\/hv-ca-01-1\/\"><img loading=\"lazy\" decoding=\"async\" class=\"alignnone wp-image-12299 size-full\" src=\"https:\/\/www.topohvar.at\/wp-content\/uploads\/2018\/09\/push-next-30.jpg\" alt=\"\" width=\"61\" height=\"30\" \/><\/a><\/strong><\/p>\n<hr \/>\n<p><strong>Adresa \/ Adresse<br \/>\n<\/strong>Grad Hvar,\u00a0Ulica \u0160ime Buzuli\u0107 Tome 19A, gradsko groblje<\/p>\n<p><strong>Lokacija \/ Position<a href=\"https:\/\/goo.gl\/maps\/nNsjQ3CvAjJS86oD7\"><img loading=\"lazy\" decoding=\"async\" class=\"alignright wp-image-15612\" src=\"https:\/\/www.topohvar.at\/wp-content\/uploads\/2019\/01\/0292.jpg\" alt=\"\" width=\"134\" height=\"100\" \/><\/a><br \/>\n<\/strong><span style=\"color: #3366ff;\"><a style=\"color: #3366ff;\" href=\"https:\/\/goo.gl\/maps\/nNsjQ3CvAjJS86oD7\">Latitude: N 43,17066\u00b0\u00a0 \u00a0Longitude: E 16,44397\u00b0<\/a> <\/span><strong><br \/>\n<\/strong>Visina \/ H\u00f6he: 46 m<\/p>\n<p><strong>Katastarska \u010destica<\/strong><strong> \/ Grundst\u00fccke<br \/>\n<\/strong>*487, *488, 3869<div class='content-column one_half'><div style=\"padding-right:6px;\"><p><strong>Datum snimanja \/ Erfassungsdatum<br \/>\n<\/strong>28.10.2014 12:05:52<\/p>\n<hr \/>\n<p><strong>Informacije<\/strong><\/p>\n<p>Crkva Sv.Nikole sagra\u0111ena je krajem 14. ili po\u010detkom 15. st. u goti\u010dkom stilu, na mjestu ranijeg augustinskog samostana s crkvom. Augustinski red ukinut je 1787. godine.<\/p><\/div><\/div><div class='content-column one_half last_column'><div style=\"padding-right:0px;padding-left:6px;\"><p><strong>Stupanj za\u0161tite<\/strong><strong> \/ Schutzstellung<br \/>\n<\/strong>Z-5810, P-876\u00a0<strong><br \/>\n<\/strong><\/p>\n<hr \/>\n<p><strong>Info<\/strong><\/p>\n<p>Die Kirche des hl. Nikolaus wurde im gotischen Stil im sp\u00e4ten 14. oder fr\u00fchen 15. Jahrhundert auf dem Gel\u00e4nde des ehemaligen Augustinerklosters errichtet. Das Augustiner-Kloster wurde im Jahr 1787 aufgehoben.<\/p><\/div><\/div><div class='clear_column'><\/div><div class='content-column one_half'><div style=\"padding-right:6px;\"><p>Crkva i samostan su za vrijeme francuske vladavine (1806.-1813.) ve\u0107im dijelom sru\u0161eni, a materijal je iskori\u0161ten za gradnju utvrde \u201eBaterija na Kri\u017enom ratu\u201c. Sa\u010duvano je sveti\u0161te crkve sv. Nikole s lukom renesansne profilacije, danas kapela Gospe \u017dalosne.<\/p><\/div><\/div><div class='content-column one_half last_column'><div style=\"padding-right:0px;padding-left:6px;\"><p>Kirche und Kloster wurden w\u00e4hrend der franz\u00f6sischen Herrschaft (1806 -1813) weitgehend abgerissen und das Material f\u00fcr den Bau der Befestigungsanlage \u201eBaterija na Kri\u017enom ratu\u201c verwendet. Der Altarraum der Kirche des hl. Nikolaus mit dem profilierten Renaissance-Bogen blieb erhalten und ist heute die Kapelle Unserer Lieben Frau der Schmerzen.<\/p><\/div><\/div><div class='clear_column'><\/div><div class='content-column one_half'><div style=\"padding-right:6px;\"><p>Godine 1849. donesena je odluka o izgradnji novog gradskog groblja nad ostatcima crkve i samostana,\u00a0poslije ukidanja mogu\u0107nosti ukopa u crkvama ili uz crkve.<\/p><\/div><\/div><div class='content-column one_half last_column'><div style=\"padding-right:0px;padding-left:6px;\"><p>Im Jahr 1849 wurde beschlossen, einen neuen Stadtfriedhof aus den \u00dcberresten von Kirche und Kloster zu bauen, nachdem die M\u00f6glichkeit der Bestattung in Kirchen oder in der N\u00e4he von Kirchen abgeschafft wurde.<\/p><\/div><\/div><div class='clear_column'><\/div><div class='content-column one_half'><div style=\"padding-right:6px;\"><p>Registra kilzutnih dobara Republike Hrvartske br. 03\/2012, lista za\u0161ti\u0107enih kulturnih dobara:\u00a0Broj registra: Z-5810,\u00a0Rje\u0161enje: 2.10.2012<\/p><\/div><\/div><div class='content-column one_half last_column'><div style=\"padding-right:0px;padding-left:6px;\"><p>Register der Kulturg\u00fcter der Republik Kroatien Nr. 02\/2016, Liste der gesch\u00fctzen Kulturg\u00fcter: Registrierungsnummer: Z-5810,\u00a0Entscheidung vom: 2.10.2012<\/p><\/div><\/div><div class='clear_column'><\/div><\/p>\n<p style=\"text-align: right;\"><span style=\"color: #3366ff;\"><a style=\"color: #3366ff;\" href=\"#seite_oben\">natrag na vrh \/ Seitenanfang<\/a><\/span><\/p>\n<hr \/>\n<p><strong>Linkovi \/ Links<\/strong><\/p>\n<p><span style=\"color: #3366ff;\"><a style=\"color: #3366ff;\" href=\"https:\/\/www.topohvar.at\/topo\/orte\/hv\/hv-ca-05-1\/\">Biv\u0161i Augustinaca samostan \u00bbSv. Nikole\u00ab \/ ehemaliges Augustinerkloster St. Nikolaus<\/a><\/span><br \/>\n<span style=\"color: #3366ff;\"><a style=\"color: #3366ff;\" href=\"https:\/\/www.topohvar.at\/orte\/hv\/hv-og-01-1\/\">Gradsko groblje \/ Stadtfriedhof<\/a>\u00a0<\/span><br \/>\n<span style=\"color: #3366ff;\"><a style=\"color: #3366ff;\" href=\"https:\/\/www.topohvar.at\/orte\/hv\/hv-is-16-1\/\">Spomen plo\u010da \u00bbVama ubijenima 1943.\u00ab \/ Gedenktafel &#8211; Ihr, die 1943 get\u00f6tet wurden\u00a0<\/a><br \/>\n<a style=\"color: #3366ff;\" href=\"https:\/\/www.topohvar.at\/orte\/hv\/hv-tg-09-1\/\">Tvr\u0111ava \u00bbBaterija Andreas na Kri\u017enome ratu\u00ab \/ Batterie Andreas am Kap Kreuz<\/a><br \/>\n<\/span><\/p>\n","protected":false},"excerpt":{"rendered":"<p>Ime \/ Name Crkvica \u00bbGospe \u017dalosne, (ranije sv. Nikole)\u00ab \/ Kapelle Unserer Lieben Frau der Schmerzen (fr\u00fcher des hl. Nikolaus) Code: HV-CK-03\u00a0 \u00a0 \u00a0 \u00a0 \u00a0 \u00a0 \u00a0 \u00a0 \u00a0 \u00a0 \u00a0 \u00a0 \u00a0 \u00a0 \u00a0 \u00a0 \u00a0 \u00a0\u00a0\u00a0 \u00a0 &hellip; <a href=\"https:\/\/www.topohvar.at\/topo\/orte\/hv\/hv-ck-03-1\/\">Weiterlesen <span class=\"meta-nav\">&rarr;<\/span><\/a><\/p>\n","protected":false},"author":1,"featured_media":0,"parent":80,"menu_order":0,"comment_status":"closed","ping_status":"closed","template":"","meta":{"footnotes":""},"class_list":["post-14252","page","type-page","status-publish","hentry"],"_links":{"self":[{"href":"https:\/\/www.topohvar.at\/topo\/wp-json\/wp\/v2\/pages\/14252","targetHints":{"allow":["GET"]}}],"collection":[{"href":"https:\/\/www.topohvar.at\/topo\/wp-json\/wp\/v2\/pages"}],"about":[{"href":"https:\/\/www.topohvar.at\/topo\/wp-json\/wp\/v2\/types\/page"}],"author":[{"embeddable":true,"href":"https:\/\/www.topohvar.at\/topo\/wp-json\/wp\/v2\/users\/1"}],"replies":[{"embeddable":true,"href":"https:\/\/www.topohvar.at\/topo\/wp-json\/wp\/v2\/comments?post=14252"}],"version-history":[{"count":14,"href":"https:\/\/www.topohvar.at\/topo\/wp-json\/wp\/v2\/pages\/14252\/revisions"}],"predecessor-version":[{"id":53402,"href":"https:\/\/www.topohvar.at\/topo\/wp-json\/wp\/v2\/pages\/14252\/revisions\/53402"}],"up":[{"embeddable":true,"href":"https:\/\/www.topohvar.at\/topo\/wp-json\/wp\/v2\/pages\/80"}],"wp:attachment":[{"href":"https:\/\/www.topohvar.at\/topo\/wp-json\/wp\/v2\/media?parent=14252"}],"curies":[{"name":"wp","href":"https:\/\/api.w.org\/{rel}","templated":true}]}}