{"id":14260,"date":"2018-12-29T12:50:08","date_gmt":"2018-12-29T11:50:08","guid":{"rendered":"https:\/\/www.topohvar.at\/?page_id=14260"},"modified":"2021-11-10T11:50:38","modified_gmt":"2021-11-10T10:50:38","slug":"hv-ck-06-1","status":"publish","type":"page","link":"https:\/\/www.topohvar.at\/topo\/orte\/hv\/hv-ck-06-1\/","title":{"rendered":"HVAR &#8211; Ostaci crkvice \u00bbGospa od Ru\u017earija\u00ab"},"content":{"rendered":"<p><a name=\"seite_oben\"><\/a><br \/>\n<img loading=\"lazy\" decoding=\"async\" class=\"alignnone wp-image-14248 size-large\" src=\"https:\/\/www.topohvar.at\/wp-content\/uploads\/2018\/12\/HV-CK-06-11-1024x503.jpg\" alt=\"\" width=\"640\" height=\"314\" srcset=\"https:\/\/www.topohvar.at\/wp-content\/uploads\/2018\/12\/HV-CK-06-11-1024x503.jpg 1024w, https:\/\/www.topohvar.at\/wp-content\/uploads\/2018\/12\/HV-CK-06-11-300x147.jpg 300w, https:\/\/www.topohvar.at\/wp-content\/uploads\/2018\/12\/HV-CK-06-11-768x377.jpg 768w, https:\/\/www.topohvar.at\/wp-content\/uploads\/2018\/12\/HV-CK-06-11.jpg 1080w\" sizes=\"auto, (max-width: 640px) 100vw, 640px\" \/><\/p>\n<p><strong>Ime \/ Name<br \/>\n<\/strong>Ostaci crkvice \u00bbGospa od Ru\u017earija\u00ab \/ Reste der Kirche der hl.Maria vom Rosenkranz<\/p>\n<p><strong>Code: <\/strong>HV-CK-06\u00a0 \u00a0 \u00a0 \u00a0 \u00a0 \u00a0 \u00a0 \u00a0 \u00a0 \u00a0 \u00a0 \u00a0 \u00a0 \u00a0 \u00a0 \u00a0 \u00a0 \u00a0\u00a0<a href=\"https:\/\/www.topohvar.at\/hv-ci-01-1\/\"><img loading=\"lazy\" decoding=\"async\" class=\"alignnone wp-image-12300 size-full\" src=\"https:\/\/www.topohvar.at\/wp-content\/uploads\/2018\/09\/push-vor-30.jpg\" alt=\"\" width=\"61\" height=\"30\" \/><\/a>\u00a0<strong><a href=\"https:\/\/www.topohvar.at\/orte\/hv\/hv-ck-05-1\/\"><img loading=\"lazy\" decoding=\"async\" class=\"alignnone wp-image-533 size-full\" src=\"https:\/\/www.topohvar.at\/wp-content\/uploads\/2018\/07\/push-l-30.jpg\" alt=\"\" width=\"61\" height=\"30\" \/><\/a> <a href=\"https:\/\/www.topohvar.at\/orte\/hv\/\"><img loading=\"lazy\" decoding=\"async\" class=\"alignnone wp-image-535 size-full\" src=\"https:\/\/www.topohvar.at\/wp-content\/uploads\/2018\/07\/push-o-30.jpg\" alt=\"\" width=\"61\" height=\"30\" \/><\/a> <a href=\"https:\/\/www.topohvar.at\/orte\/hv\/hv-ck-07-1\/\"><img loading=\"lazy\" decoding=\"async\" class=\"alignnone wp-image-536 size-full\" src=\"https:\/\/www.topohvar.at\/wp-content\/uploads\/2018\/07\/push-r-30.jpg\" alt=\"\" width=\"61\" height=\"30\" \/><\/a>\u00a0<a href=\"https:\/\/www.topohvar.at\/hv-ca-01-1\/\"><img loading=\"lazy\" decoding=\"async\" class=\"alignnone wp-image-12299 size-full\" src=\"https:\/\/www.topohvar.at\/wp-content\/uploads\/2018\/09\/push-next-30.jpg\" alt=\"\" width=\"61\" height=\"30\" \/><\/a><\/strong><\/p>\n<hr \/>\n<p><strong>Adresa \/ Adresse<br \/>\n<\/strong>Hvar,\u00a0Vela Vira<\/p>\n<p><strong>Lokacija \/ Position<a href=\"https:\/\/goo.gl\/maps\/JakNJm5QVbazFque7\"><img loading=\"lazy\" decoding=\"async\" class=\"alignright wp-image-15770\" src=\"https:\/\/www.topohvar.at\/wp-content\/uploads\/2019\/01\/0236.jpg\" alt=\"\" width=\"134\" height=\"100\" \/><\/a><br \/>\n<\/strong><span style=\"color: #3366ff;\"><a style=\"color: #3366ff;\" href=\"https:\/\/goo.gl\/maps\/JakNJm5QVbazFque7\">Latitude: N 43,19033\u00b0\u00a0 \u00a0Longitude: E 16,42834\u00b0<\/a> <\/span><strong><br \/>\n<\/strong>Visina \/ H\u00f6he: 2 m<\/p>\n<p><strong>Katastarska \u010destica<\/strong><strong> \/ Grundst\u00fccke<br \/>\n<\/strong>8\/1<div class='content-column one_half'><div style=\"padding-right:6px;\"><p><strong>Datum snimanja \/ Erfassungsdatum<br \/>\n<\/strong>12.02.2015 12:52:22<\/p>\n<hr \/>\n<p><strong>Informacije<\/strong><\/p>\n<p>U tzv. kodeksu Botteri u Dominikanskom arhivu u Starom Gradu nalazi se prijepis molbe-nadarbine (beneficij). Donosimo podatke iz spisa:<\/p><\/div><\/div><div class='content-column one_half last_column'><div style=\"padding-right:0px;padding-left:6px;\"><p><strong>Stupanj za\u0161tite<\/strong><strong> \/ Schutzstellung<br \/>\n<\/strong>&#8211;<\/p>\n<hr \/>\n<p><strong>Info<\/strong><\/p>\n<p>Der sogenannte Kodex Botteri im Archiv der Dominikaner in Stari Grad besitzt eine Kopie eines Antragsschreibens (Beneficij). Wir entnehmen dem Schreiben:<\/p><\/div><\/div><div class='clear_column'><\/div><div class='content-column one_half'><div style=\"padding-right:6px;\"><p>Dne 24. V 1596. biskup hvarski Petar odobrava gradnju crkvice Bla\u017eene djevice Marije od Ru\u017earija u uvali Lo\u017ei\u0161\u0107a, po pu\u010dki zvane Sokolica, na tra\u017eenje paron Petra Dujmovi\u0107a. Dujmovi\u0107 \u017eeli sagraditi crkvicu koja bi bila duga\u010dka 5 venecijanskih pa\u0161a i \u0161iroka 4. Obvezuje se da \u0107e crkvu opskrbiti zvonom s konopom. Za opskrbu crkve dajem svoj vinograd u Starom Gradu u polju Sv. Stjepana (Starogradsko polje o. p.) sa 17 stabala smokava. To zemlji\u0161te grani\u010di sa zemlji\u0161tem njegova brata Luke. Dujmovi\u0107 \u017eeli sagraditi crkvicu u prvom redu radi onih koji su \u010desto u uvali i koji bi tako imali svake nedjelje i sveta\u010dkog dana svetu misu.<\/p><\/div><\/div><div class='content-column one_half last_column'><div style=\"padding-right:0px;padding-left:6px;\"><p>Am 24. 5. 1596 genehmigte Bischof Peter von Hvar, auf Ersuchen des Peter Dujmovi\u0107 den Bau der Kirche der Jungfrau Maria vom Rosenkranz in der Bucht von Lo\u017ei\u0161\u0107a, bekannt unter dem Namen Sokolica. Dujmovi\u0107 m\u00f6chte eine Kirche bauen, die 5 Venezianische Fu\u00df lang und 4 breite w\u00e4re. Die Kirche muss mit Glocke und Seil ausgestattet sein. Zur Versorgung der Kirche gibt er seinen Weinberg in Stari Grad im Feld von St. Stefan (Stari-Grader Feld) mit 17 Feigenb\u00e4umen. Dieses Grundst\u00fcck grenzt an das Land seines Bruders Lukas. Dujmovic will in erster Linie eine Kirche f\u00fcr diejenigen bauen, die oft in der Bucht sind und daher jeden Sonntag eine heilige Messe haben sollen.<\/p><\/div><\/div><div class='clear_column'><\/div><div class='content-column one_half'><div style=\"padding-right:6px;\"><p>Ovdje je rije\u010d o uvali koju danas nazivaju Vira,\u00a0 zapravo Vela Vira, a koju su sve do 19. stolje\u0107a nazivali Sokolica, a u najstarije doba i Lo\u017ei\u0161\u0107a. Spomenuta uvala je od davnine slu\u017eila kao isto\u010dna, pomo\u0107na luka grada Hvara, odnosno i ribarska luka.<\/p><\/div><\/div><div class='content-column one_half last_column'><div style=\"padding-right:0px;padding-left:6px;\"><p>Die Bucht hei\u00dft heute Vira, eigentlich Vela Vira. Im 19. Jahrhundert hie\u00df sie Sokolica und noch fr\u00fcher Lo\u017ei\u0161\u0107a. Die Bucht wurde seit der Antike als westlicher Nebenhafen der Stadt Hvar oder als Fischerhafen genutzt.<\/p><\/div><\/div><div class='clear_column'><\/div><div class='content-column one_half'><div style=\"padding-right:6px;\"><p>Danas uz samo \u017ealo, sa sjeverne strane u istoj uvali postoje ostaci crkvice Rosarija, koju je sagradio Dujmovi\u0107. Do danas je sa\u010duvan samo isto\u010dni dio crkvice s dijelom krova i plo\u010dnik \u010ditave crkvice. Crkvica je duga 7, \u0161iroka 5,5 i visoka 5 m \u2014 mjere\u0107i s vanjske strane (zid je debeo 0,85 m), \u0161to odgovara mjerama koje navodi Dajmovi\u0107. S isto\u010dne strane je visoka samo 2,8 m jer je ta strana prislonjena uz obronak.<\/p><\/div><\/div><div class='content-column one_half last_column'><div style=\"padding-right:0px;padding-left:6px;\"><p>Heute, an der Nordseite in derselben Bucht, befinden sich die \u00dcberreste der Rosenkranzkirche, die von Dujmovi\u0107 erbaut wurde. Bis heute ist nur der \u00f6stliche Teil der Kirche mit einem Teil des Daches und dem Pflaster der gesamten Kirche erhalten geblieben. Die Kirche ist 7 m lang, 5,5 m breit und 5 m hoch &#8211; von au\u00dfen gemessen (die Wand ist 0,85 m dick), was den von Dajmovic genannten Ma\u00dfnahmen entspricht. Auf der Ostseite ist sie nur 2,8 m hoch, da diese Seite am Hang entlang geneigt ist.<\/p><\/div><\/div><div class='clear_column'><\/div><div class='content-column one_half'><div style=\"padding-right:6px;\"><p>Plo\u010dnik je od kamenih kvadera, zid od kamena izva\u0111enog u okolini tzv. ba\u0161etine, svod od tufa pokriven kamenim plo\u010dama. Crkvica je pravokutna oblika i nema istaknute apside. Ulaz je bio okrenut prema moru uvale. U zadnje doba je slu\u017eila za skloni\u0161te ribara, koji bi se sklonili od ki\u0161e pod ostatkom svoda i tu lo\u017eili vatru.<\/p><\/div><\/div><div class='content-column one_half last_column'><div style=\"padding-right:0px;padding-left:6px;\"><p>Das Pflaster besteht aus Steinplatten, die Mauer aus Steinen, die in der N\u00e4he im sogenannten Steinbruch gewonnen wurde, das Gew\u00f6lbe aus Tuffstein, bedeckt mit Steinplatten. Die Kirche ist rechteckig und hat keine Apsis. Der Eingang war zur Bucht gerichtet. Vor kurzem diente sie als Zufluchtsort f\u00fcr Fischer, die in den Gew\u00f6lberesten Zuflucht vor dem Regen fanden und dort Feuer machten.<\/p><\/div><\/div><div class='clear_column'><\/div><\/p>\n<p style=\"text-align: right;\"><span style=\"color: #3366ff;\"><a style=\"color: #3366ff;\" href=\"#seite_oben\">natrag na vrh \/ Seitenanfang<\/a><\/span><\/p>\n<p style=\"text-align: center;\"><em>(Visko Dul<\/em><em>\u010di<\/em><em>\u0107, Prilozi povijesti Brusja u 16. Stoljecu)<\/em><\/p>\n<hr \/>\n<p><strong>Linkovi \/ Links<\/strong><\/p>\n<p><span style=\"color: #3366ff;\"><a style=\"color: #3366ff;\" href=\"https:\/\/www.topohvar.at\/topo\/orte\/hv\/hv-tg-a6-1\/\">Ljetnikovac \u00bbObitelji Dujmovi\u0107\u00ab \/ Sommerhaus der Familie Dujmovi\u0107<\/a><br \/>\n<a style=\"color: #3366ff;\" href=\"https:\/\/www.topohvar.at\/orte\/hv\/hv-tg-82-1\/\">Ljetnikovac \u00bbOstatke biskupskog ljetnikovca\u00ab \/ Reste der bisch\u00f6flichen Sommerresidenz<\/a><\/span><\/p>\n","protected":false},"excerpt":{"rendered":"<p>Ime \/ Name Ostaci crkvice \u00bbGospa od Ru\u017earija\u00ab \/ Reste der Kirche der hl.Maria vom Rosenkranz Code: HV-CK-06\u00a0 \u00a0 \u00a0 \u00a0 \u00a0 \u00a0 \u00a0 \u00a0 \u00a0 \u00a0 \u00a0 \u00a0 \u00a0 \u00a0 \u00a0 \u00a0 \u00a0 \u00a0\u00a0\u00a0 \u00a0 Adresa \/ Adresse Hvar,\u00a0Vela &hellip; <a href=\"https:\/\/www.topohvar.at\/topo\/orte\/hv\/hv-ck-06-1\/\">Weiterlesen <span class=\"meta-nav\">&rarr;<\/span><\/a><\/p>\n","protected":false},"author":1,"featured_media":0,"parent":80,"menu_order":0,"comment_status":"closed","ping_status":"closed","template":"","meta":{"footnotes":""},"class_list":["post-14260","page","type-page","status-publish","hentry"],"_links":{"self":[{"href":"https:\/\/www.topohvar.at\/topo\/wp-json\/wp\/v2\/pages\/14260","targetHints":{"allow":["GET"]}}],"collection":[{"href":"https:\/\/www.topohvar.at\/topo\/wp-json\/wp\/v2\/pages"}],"about":[{"href":"https:\/\/www.topohvar.at\/topo\/wp-json\/wp\/v2\/types\/page"}],"author":[{"embeddable":true,"href":"https:\/\/www.topohvar.at\/topo\/wp-json\/wp\/v2\/users\/1"}],"replies":[{"embeddable":true,"href":"https:\/\/www.topohvar.at\/topo\/wp-json\/wp\/v2\/comments?post=14260"}],"version-history":[{"count":17,"href":"https:\/\/www.topohvar.at\/topo\/wp-json\/wp\/v2\/pages\/14260\/revisions"}],"predecessor-version":[{"id":53406,"href":"https:\/\/www.topohvar.at\/topo\/wp-json\/wp\/v2\/pages\/14260\/revisions\/53406"}],"up":[{"embeddable":true,"href":"https:\/\/www.topohvar.at\/topo\/wp-json\/wp\/v2\/pages\/80"}],"wp:attachment":[{"href":"https:\/\/www.topohvar.at\/topo\/wp-json\/wp\/v2\/media?parent=14260"}],"curies":[{"name":"wp","href":"https:\/\/api.w.org\/{rel}","templated":true}]}}