{"id":1428,"date":"2018-07-30T06:17:58","date_gmt":"2018-07-30T04:17:58","guid":{"rendered":"https:\/\/www.topohvar.at\/?page_id=1428"},"modified":"2021-08-24T17:45:40","modified_gmt":"2021-08-24T15:45:40","slug":"do-aa-00-2","status":"publish","type":"page","link":"https:\/\/www.topohvar.at\/topo\/orte\/do\/do-aa-00-2\/","title":{"rendered":"DOL &#8211; Selo \u00bbDol\u00ab"},"content":{"rendered":"<p><a name=\"seite_oben\"><\/a><br \/>\n<strong><img loading=\"lazy\" decoding=\"async\" class=\"alignnone wp-image-1432 size-large\" src=\"https:\/\/www.topohvar.at\/wp-content\/uploads\/2018\/07\/DO-AA-01-1-1024x503.jpg\" alt=\"\" width=\"640\" height=\"314\" srcset=\"https:\/\/www.topohvar.at\/wp-content\/uploads\/2018\/07\/DO-AA-01-1-1024x503.jpg 1024w, https:\/\/www.topohvar.at\/wp-content\/uploads\/2018\/07\/DO-AA-01-1-300x147.jpg 300w, https:\/\/www.topohvar.at\/wp-content\/uploads\/2018\/07\/DO-AA-01-1-768x377.jpg 768w\" sizes=\"auto, (max-width: 640px) 100vw, 640px\" \/><\/strong><\/p>\n<p><strong>Ime \/ Name<br \/>\n<\/strong>Selo \u00bbDol\u00ab \/ Ortschaft \u00bbDol\u00ab<\/p>\n<p><strong>Code: <\/strong>DO-AA-00\u00a0 \u00a0 \u00a0 \u00a0 \u00a0 \u00a0 <a href=\"https:\/\/www.topohvar.at\/orte\/do\/do-ai-01-1\/\"><img loading=\"lazy\" decoding=\"async\" class=\"alignnone size-full wp-image-12300\" src=\"https:\/\/www.topohvar.at\/wp-content\/uploads\/2018\/09\/push-vor-30.jpg\" alt=\"\" width=\"61\" height=\"30\" \/><\/a> <strong> <a href=\"https:\/\/www.topohvar.at\/orte\/do\/do-ai-01-1\/\"><img loading=\"lazy\" decoding=\"async\" class=\"alignnone wp-image-533 size-full\" src=\"https:\/\/www.topohvar.at\/wp-content\/uploads\/2018\/07\/push-l-30.jpg\" alt=\"\" width=\"61\" height=\"30\" \/><\/a> <a href=\"https:\/\/www.topohvar.at\/orte\/do\/\"><img loading=\"lazy\" decoding=\"async\" class=\"alignnone wp-image-535 size-full\" src=\"https:\/\/www.topohvar.at\/wp-content\/uploads\/2018\/07\/push-o-30.jpg\" alt=\"\" width=\"61\" height=\"30\" \/><\/a> <a href=\"https:\/\/www.topohvar.at\/orte\/do\/do-aa-01-2\/\"><img loading=\"lazy\" decoding=\"async\" class=\"alignnone wp-image-536 size-full\" src=\"https:\/\/www.topohvar.at\/wp-content\/uploads\/2018\/07\/push-r-30.jpg\" alt=\"\" width=\"61\" height=\"30\" \/><\/a> <a href=\"https:\/\/www.topohvar.at\/orte\/do\/do-ai-01-1\/\"><img loading=\"lazy\" decoding=\"async\" class=\"alignnone size-full wp-image-12299\" src=\"https:\/\/www.topohvar.at\/wp-content\/uploads\/2018\/09\/push-next-30.jpg\" alt=\"\" width=\"61\" height=\"30\" \/><\/a><\/strong><\/p>\n<hr \/>\n<p><strong>Adresa \/ Adresse<br \/>\n<\/strong>Dol<\/p>\n<p><strong>Lokacija<\/strong><strong> \/ Position<a href=\"https:\/\/goo.gl\/maps\/GTMnTjyWBCwm2gxh6\"><img loading=\"lazy\" decoding=\"async\" class=\"alignright wp-image-1433\" src=\"https:\/\/www.topohvar.at\/wp-content\/uploads\/2018\/07\/1605.jpg\" alt=\"\" width=\"134\" height=\"100\" \/><\/a><br \/>\n<\/strong><span style=\"color: #3366ff;\"><a style=\"color: #3366ff;\" href=\"https:\/\/goo.gl\/maps\/GTMnTjyWBCwm2gxh6\">Latitude: N 43,16890\u00b0\u00a0 \u00a0Longitude: E 16,61820\u00b0<\/a> <\/span><strong><br \/>\n<\/strong>Visina \/ H\u00f6he: &#8211; m<\/p>\n<p><strong>Katastarska \u010destica<\/strong><strong> \/ Grundst\u00fccke<br \/>\n<\/strong>&#8211; <div class='content-column one_half'><div style=\"padding-right:6px;\"><p><strong>Datum snimanja \/ Erfassungsdatum<br \/>\n<\/strong>13.05.2013 11:00:00<\/p>\n<hr \/>\n<p><strong>Informacije<\/strong><\/p>\n<p>Svega 6 km udaljeno od Starog Grada smjestilo se selo Dol. Zanimljivo je po tome \u0161to se sastoji od dva dijela, zapadni dio Dol Sv. Marije i isto\u010dni dio Dol Sv. Ane.<\/p><\/div><\/div><div class='content-column one_half last_column'><div style=\"padding-right:0px;padding-left:6px;\"><p><strong>Stupanj za\u0161tite<\/strong><strong> \/ Schutzstellung<br \/>\n<\/strong>&#8211;<\/p>\n<hr \/>\n<p><strong>Info<\/strong><\/p>\n<p>Das Dorf Dol ist 6 km von Stari Grad entfernt. Es besteht aus zwei Teilen, dem westlichen Teil &#8211; Dol Sv. Maria und dem \u00f6stlichen Teil &#8211; Dol Sv. Ana.<\/p><\/div><\/div><div class='clear_column'><\/div><div class='content-column one_half'><div style=\"padding-right:6px;\"><p>Propa\u0161\u0107u Rimskog Carstva i ulaskom u srednji vijek nastaje povijesni i arheolo\u0161ki muk sve do XIII. st. Za to vrijeme na prostor dana\u0161njeg sela Dola doseljeno je novo slavensko stanovni\u0161tvo koje selu i daje ime Dol zbog smje\u0161taja u udolini.<\/p><\/div><\/div><div class='content-column one_half last_column'><div style=\"padding-right:0px;padding-left:6px;\"><p>Seit dem Untergang des R\u00f6mischen Reiches und dem Beginn des Mittelalters herrscht geschichtliches und arch\u00e4ologisches Schweigen bis ins 13. Jahrhundert. Zu dieser Zeit siedelte sich eine neue slawische Bev\u00f6lkerung im Gebiet des heutigen Dorfes Dol an, das dem Dorf wegen seiner Lage im Graben den Namen Dol gab.<\/p><\/div><\/div><div class='clear_column'><\/div><div class='content-column one_half'><div style=\"padding-right:6px;\"><p>Prvi spomen Dola u izvorima potje\u010de iz 1226. gdje se izrijekom navodi da biskup, knez, \u017eupani i sudac ispred crkve Sv. Barbare poklanjaju u ime op\u0107ine neku lokvu bi\u0161evskim benediktincima. Mjesto gdje se crkva nalazi ne navodi se, ali u to vrijeme jedina crkva s tim titularom mogla je biti dana\u0161nja crkva Sv. Ane (ili Barbare) u Dolu. Prvi pisani spomen toponima Dol je u hvarskom Statutu iz 1331. gdje se spominje Dol sa dva svoja dijela- Dolus Magnus (Veli Dol) s crkvom Sv. Petra i Cichal Dol (\u010cihalj Dol) s spomenutom crkvom Sv. Barbare.<\/p><\/div><\/div><div class='content-column one_half last_column'><div style=\"padding-right:0px;padding-left:6px;\"><p>Die erste schriftliche Erw\u00e4hnung von Dol stammt aus dem Jahr 1226, wo ausdr\u00fccklich erw\u00e4hnt wird, dass der Bischof, F\u00fcrst, Pfarrer und Richter vor der Kirche St. Barbara im Namen der Gemeinde einen T\u00fcmpel an die Bi\u0161evo-Benediktiner schenkt. Der Ort, an dem sich die Kirche befindet, wird nicht erw\u00e4hnt, aber zu dieser Zeit k\u00f6nnte die einzige Kirche mit diesem Titel die heutige Kirche der hl. Anna (fr\u00fcher St. Barbara) in Dol sein. Die erste schriftliche Erw\u00e4hnung des Ortsnamens von Dol findet sich im Statut von Hvar aus dem Jahr 1331, wo Dol mit seinen beiden Teilen Dolus Magnus (Veli Dol) und der Kirche Sv. Petra und Cichal Dol (\u010cihalj Dol) mit der Kirche der hl. Barbara erw\u00e4hnt wird.<\/p><\/div><\/div><div class='clear_column'><\/div><div class='content-column one_half'><div style=\"padding-right:6px;\"><p>Zna\u010dajan datum za Dol i njegov razvoj jest 4. XI. odvajanjem od Starog Grada sa sjedi\u0161tem u crkvi Sv. Mihovila.<\/p><\/div><\/div><div class='content-column one_half last_column'><div style=\"padding-right:0px;padding-left:6px;\"><p>Bedeutendes Datum f\u00fcr Dol und seine Entwicklung ist der 4.11.1589, als Dol seine eigene Pfarre von Stari Grad mit Sitz in der Kirche des hl. Michael erhielt.<\/p><\/div><\/div><div class='clear_column'><\/div><div class='content-column one_half'><div style=\"padding-right:6px;\"><p>U vrijeme prvog popisa stanovni\u0161tva 1673. u Dolu je bilo 247 stanovnika.\u00a0Po popisu stanovni\u0161tva iz 1900. u Dolu je bilo 942 stanovnika.<\/p><\/div><\/div><div class='content-column one_half last_column'><div style=\"padding-right:0px;padding-left:6px;\"><p>Zur Zeit der ersten Volksz\u00e4hlung im Jahre 1673 gab es in Dol 247 Einwohner.\u00a0Nach der Volksz\u00e4hlung von 1900 gab es 942 Einwohner in Dol.<\/p><\/div><\/div><div class='clear_column'><\/div><div class='content-column one_half'><div style=\"padding-right:6px;\"><p>U Dolu je ona osnovana 1878., iako se o \u0161kolovanju djece jo\u0161 od 1834. brinuo dolski \u017eupnik. Prvi svjetovni u\u010ditelj u dolskoj \u0161koli te 1878. godine bio je Nikola Ru\u017eevi\u0107. Prva \u0161kola bila je na mjestu dana\u0161nje vjeronau\u010dne dvorane, ali zbog pove\u0107anja broja djece za vrijeme \u017eupnika don Jurja Cari\u0107a sagra\u0111ena je nova \u0161kola koja tu funkciju obavlja i danas.<\/p><\/div><\/div><div class='content-column one_half last_column'><div style=\"padding-right:0px;padding-left:6px;\"><p>Die erste Schule wurde in Dol 1878 gegr\u00fcndet, obwohl der Pfarrer von Dol seit 1834 f\u00fcr die Erziehung von Kindern zust\u00e4ndig war. Die erste Schule befand sich auf dem Gel\u00e4nde des heutigen Pfarrsaals, aber wegen der Zunahme der Kinderzahl wurde w\u00e4hrend der Amtszeit des Pfarrers Don Jurja Cari\u0107 eine neue Schule gebaut, die heute noch in Betrieb ist.<\/p><\/div><\/div><div class='clear_column'><\/div><div class='content-column one_half'><div style=\"padding-right:6px;\"><p>U tom zlatnom dobu, krajem XIX.st. i po\u010detkom XX. st. grade se u Kru\u0161vici pumpurele kojima je svrha bila obuzdavanje naglog vala oborinskih voda i time spre\u010davanje uni\u0161tavanja plodnog dolca u strani Sv. Ane.<\/p><\/div><\/div><div class='content-column one_half last_column'><div style=\"padding-right:0px;padding-left:6px;\"><p>Im goldenen Zeitalter, am Ende des 19. Jh. und zu Beginn des 20. Jh. wurden die Wehren in Kru\u0161vica entworfen, um pl\u00f6tzliche Regenwasserwellen zur\u00fcckzuhalten und dadurch die Zerst\u00f6rung des fruchtbaren Bodens im Ortsteil St. Anna hintanzuhalten.<\/p><\/div><\/div><div class='clear_column'><\/div><div class='content-column one_half'><div style=\"padding-right:6px;\"><p>Tako\u0111er zbog pove\u0107anja broja stanovni\u0161tva grade se javne gustirne (\u010datrnje) u oba dijela sela. U Dolu Sv. Marije problem napajanja vodom rije\u0161en je tako da je gustirna napajana kanalom iz potoka Vir, a u strani Sv. Ane gustirna je napajana iz za to posebno napravljenog pjovera.<\/p><\/div><\/div><div class='content-column one_half last_column'><div style=\"padding-right:0px;padding-left:6px;\"><p>Auch in Folge der Bev\u00f6lkerungszunahme werden in beiden Teilen des Dorfes \u00f6ffentliche Zisternen gebaut. In Dol Sv. Marije wird das Wasserversorgungsproblem so gel\u00f6st, dass die Zisterne mit einem Kanal verbunden ist, der vom Bach Vir gespeist wird. Im Ortsteil St. Anna wird die Zisterne von einem speziell angefertigten Regenwasser-Auffangbecken (pjover) gespeist.<\/p><\/div><\/div><div class='clear_column'><\/div><div class='content-column one_half'><div style=\"padding-right:6px;\"><p>Najve\u0107i graditeljski pothvat ovog razdoblja je gradnja \u017eupne crkve Sv. Mihovila Arhan\u0111ela.<\/p><\/div><\/div><div class='content-column one_half last_column'><div style=\"padding-right:0px;padding-left:6px;\"><p>Das gr\u00f6\u00dfte architektonische Projekt dieser Zeit ist der Bau der Pfarrkirche Sv. Mihovila Arhan\u0111ela.<\/p><\/div><\/div><div class='clear_column'><\/div><div class='content-column one_half'><div style=\"padding-right:6px;\"><p>Ovi veliki gra\u0111evinski zahvati zavr\u0161avaju s izgradnjom zadrugarske zgrade i seoske \u010ditaonice. Izgradnja ove zgrade u blizini crkve po\u010dinje 1914. te je do kraja te godine izgra\u0111ena zgrada zadru\u017enog doma s velikom gustirnom ispred nje.<\/p><\/div><\/div><div class='content-column one_half last_column'><div style=\"padding-right:0px;padding-left:6px;\"><p>Diese gro\u00dfen Bauvorhaben enden mit dem Bau eines Genossenschaftshauses mit Leseraum. Der Bau dieses Geb\u00e4udes in der N\u00e4he der Kirche begann 1914 und Ende des Jahres wurde noch eine gro\u00dfe Zisterne vor dem Geb\u00e4ude gebaut.<\/p><\/div><\/div><div class='clear_column'><\/div><\/p>\n<p style=\"text-align: right;\"><a href=\"#seite_oben\">natrag na vrh \/ Seitenanfang<\/a><\/p>\n<hr \/>\n<div class='content-column one_third'><div style=\"padding-right:6px;\"><p>Simbol, gotovo maskota sela, je puh. Svake godine u kolovozu se odr\u017eava festival pod nazivom <strong>\u201ePuhijada\u201c<\/strong>, gdje se zapravo mo\u017ee ku\u0161ati pe\u010dena puha, jer je Dol jedno od tri mjesta u Hrvatskoj u kojoj se puh jo\u0161 uvijek lovi i jede.<\/p><\/div><\/div><div class='content-column one_third'><div style=\"padding-right:6px;\"><p><img loading=\"lazy\" decoding=\"async\" class=\"aligncenter size-full wp-image-37527\" src=\"https:\/\/www.topohvar.at\/wp-content\/uploads\/2020\/05\/do-aa-00-7.jpg\" alt=\"\" width=\"210\" height=\"162\" \/><\/p><\/div><\/div><div class='content-column one_third last_column'><div style=\"padding-right:0px;padding-left:6px;\"><p>Ein Symbol, fast ein Maskottchen des Dorfes, ist der Siebenschl\u00e4fer (Puh auf Kroatisch). J\u00e4hrliches findet im August das Festival namens <strong>\u201ePuhijada\u201c<\/strong>\u00a0statt. Dort k\u00f6nnen Sie tats\u00e4chlich ger\u00f6stete Siebenschl\u00e4fer kosten, da Dol einer von drei Orten in Kroatien ist, in denen Siebenschl\u00e4fer immer noch gejagt und verzehrt werden.<\/p><\/div><\/div><div class='clear_column'><\/div><\/p>\n<hr \/>\n<p><strong>Linkovi \/ Links<\/strong><\/p>\n<p><span style=\"color: #3366ff;\"><a style=\"color: #3366ff;\" href=\"http:\/\/www.tartajun.hr\/tartajun-14-broj\/\">Ivica Mo\u0161katelo, prof.: Kratak pregled povijesti Dol (Tartajun br. 14)<\/a><\/span><\/p>\n","protected":false},"excerpt":{"rendered":"<p>Ime \/ Name Selo \u00bbDol\u00ab \/ Ortschaft \u00bbDol\u00ab Code: DO-AA-00\u00a0 \u00a0 \u00a0 \u00a0 \u00a0 \u00a0 Adresa \/ Adresse Dol Lokacija \/ Position Latitude: N 43,16890\u00b0\u00a0 \u00a0Longitude: E 16,61820\u00b0 Visina \/ H\u00f6he: &#8211; m Katastarska \u010destica \/ Grundst\u00fccke &#8211; natrag na &hellip; <a href=\"https:\/\/www.topohvar.at\/topo\/orte\/do\/do-aa-00-2\/\">Weiterlesen <span class=\"meta-nav\">&rarr;<\/span><\/a><\/p>\n","protected":false},"author":1,"featured_media":0,"parent":68,"menu_order":0,"comment_status":"closed","ping_status":"closed","template":"","meta":{"footnotes":""},"class_list":["post-1428","page","type-page","status-publish","hentry"],"_links":{"self":[{"href":"https:\/\/www.topohvar.at\/topo\/wp-json\/wp\/v2\/pages\/1428","targetHints":{"allow":["GET"]}}],"collection":[{"href":"https:\/\/www.topohvar.at\/topo\/wp-json\/wp\/v2\/pages"}],"about":[{"href":"https:\/\/www.topohvar.at\/topo\/wp-json\/wp\/v2\/types\/page"}],"author":[{"embeddable":true,"href":"https:\/\/www.topohvar.at\/topo\/wp-json\/wp\/v2\/users\/1"}],"replies":[{"embeddable":true,"href":"https:\/\/www.topohvar.at\/topo\/wp-json\/wp\/v2\/comments?post=1428"}],"version-history":[{"count":25,"href":"https:\/\/www.topohvar.at\/topo\/wp-json\/wp\/v2\/pages\/1428\/revisions"}],"predecessor-version":[{"id":51490,"href":"https:\/\/www.topohvar.at\/topo\/wp-json\/wp\/v2\/pages\/1428\/revisions\/51490"}],"up":[{"embeddable":true,"href":"https:\/\/www.topohvar.at\/topo\/wp-json\/wp\/v2\/pages\/68"}],"wp:attachment":[{"href":"https:\/\/www.topohvar.at\/topo\/wp-json\/wp\/v2\/media?parent=1428"}],"curies":[{"name":"wp","href":"https:\/\/api.w.org\/{rel}","templated":true}]}}